{"id":11303,"date":"2023-12-21T22:18:56","date_gmt":"2023-12-21T19:18:56","guid":{"rendered":"https:\/\/top10seosoftware.com\/?page_id=11303"},"modified":"2024-01-10T04:23:46","modified_gmt":"2024-01-10T01:23:46","slug":"sistrix-preise","status":"publish","type":"page","link":"https:\/\/top10seosoftware.com\/de\/sistrix-preise\/","title":{"rendered":"Sistrix-Preise f\u00fcr 2024"},"content":{"rendered":"\n<p>Sistrix ist das SEO- und SEM-Tool f\u00fcr alle, die ihre Online-Pr\u00e4senz verbessern wollen. Es bietet eine robuste Toolbox mit wichtigen Daten zu Domains, Keywords und Backlinks. Wenn du mit dem Gedanken spielst, dieses Tool zu kaufen, aber nicht sicher bist, welcher Sistrix-Preisplan f\u00fcr 2024 am besten zu deinen Bed\u00fcrfnissen passt, bist du hier genau richtig.<\/p>\n\n\n\n<p>In diesem kurzen Vergleichsartikel werden wir vier Sistrix Preise und -Pl\u00e4ne untersuchen: Start, Plus, Professional und Premium. Lies weiter, um ein klares Verst\u00e4ndnis der einzelnen Pakete und Preise zu erhalten und herauszufinden, welcher Sistrix-Preisplan zu deinen SEO-Anforderungen passt.<\/p>\n\n\n\n<h2 class=\"wp-block-heading\">Sistrix Start Preisplan<\/h2>\n\n\n\n<p>Der Sistrix Start Preisplan bietet Freiberuflern, Anf\u00e4ngern und Startups, die ihre Online-Pr\u00e4senz verbessern wollen, einen einfachen Einstieg in die SEO-Welt. Die monatlichen Sisitrix Preise von Sistrix beginnen bei 99 \u20ac und bieten die Flexibilit\u00e4t einer einfachen K\u00fcndigung ohne langfristige Verpflichtungen.<\/p>\n\n\n\n<p>Es gibt kein j\u00e4hrliches Preismodell von Sistrix, daher bietet das Tool keine Rabatte, was es von anderen SEO-Tools unterscheidet.<\/p>\n\n\n\n<p>Obwohl Sistrix spezielle Pakete und Preise f\u00fcr Google, Amazon und Social anbietet, konzentriert sich dieser Artikel ausschlie\u00dflich auf die Funktionen, die f\u00fcr Google SEO relevant sind.<\/p>\n\n\n\n<h3 class=\"wp-block-heading\">Was beinhaltet der Sistrix Start Preisplan?<\/h3>\n\n\n\n<ul class=\"wp-block-list\">\n<li><strong>Konto: <\/strong>Dieser Preisplan beinhaltet ein Einzel Benutzerkonto.<\/li>\n\n\n\n<li><strong>Domain- und Wettbewerbsanalyse:<\/strong> Abonnenten erhalten Zugang zum SISTRIX Sichtbarkeitsindex f\u00fcr \u00fcber 100 Millionen Domains in mehr als 30 L\u00e4ndern sowie umfassende Keyword-Recherche-Tools und Domain-Analysefunktionen. Das Abo bietet au\u00dferdem einen robusten Backlink-Index, der aus einer Vielzahl von Datenquellen zusammengestellt wurde. F\u00fcr eine detaillierte Untersuchung k\u00f6nnen Nutzer\/innen bis zu 10.000 Ergebnisse pro Analyse anzeigen und exportieren und einen Datenverlauf der letzten drei Monate einsehen. Dies erm\u00f6glicht eine solide Untersuchung von Trends und der Domain Leistung.<\/li>\n\n\n\n<li><strong>Projekte: <\/strong>Der Plan erm\u00f6glicht es Nutzern, bis zu 3 Projekte effizient zu verwalten, was f\u00fcr die Durchf\u00fchrung einer gr\u00fcndlichen On-Page-Analyse, die Verfolgung von Keyword-Rankings und die \u00dcberwachung von Leistungskennzahlen unerl\u00e4sslich ist. Mit der F\u00e4higkeit, bis zu 30.000 URLs pro Monat zu crawlen, darunter sowohl Standard- als auch JavaScript-intensive Seiten, spiegelt die Crawling-Technologie die F\u00e4higkeiten des offiziellen Googlebot wider. Dar\u00fcber hinaus bietet der Plan SERP Updates, mit denen die Nutzer\/innen einzelne Keywords \u00fcberwachen k\u00f6nnen, die nicht im typischen Keyword-Pool enthalten sind.<\/li>\n\n\n\n<li><strong>Workflow:<\/strong> Der Sistrix Start Preisplan beinhaltet drei Reports, Dashboards und Listen, die helfen, SEO-Daten effizient zu organisieren und zu pr\u00e4sentieren. Au\u00dferdem erhalten sie w\u00f6chentlich 1.000 Credits f\u00fcr den Datenexport. Die Integration mit Google Search Console und Analytics bietet einen umfassenden Einblick in die SEO-Leistung. Au\u00dferdem verf\u00fcgt der Tarif \u00fcber ein Benachrichtigungssystem, das bis zu 5 Benachrichtigungen per E-Mail oder Slack verschicken kann und so sicherstellt, dass die Nutzer\/innen sofort \u00fcber wichtige \u00c4nderungen in jeder Domain informiert werden.<\/li>\n\n\n\n<li><strong>Support &amp; Schulung: <\/strong>Der Start-Tarif bietet Standard-Support, vor allem \u00fcber einen Chat-Service, der sicherstellt, dass Anfragen, die w\u00e4hrend der Gesch\u00e4ftszeiten eingehen, innerhalb von 10 Minuten beantwortet werden. Nutzer\/innen, die ihre Kenntnisse der Software und der SEO-Praktiken verbessern m\u00f6chten, erhalten mit dem Plan Zugang zu Online-Seminaren. Jedes Jahr k\u00f6nnen Abonnenten an einem solchen Seminar teilnehmen, das einen umfassenden Einblick in die M\u00f6glichkeiten von SISTRIX und die neuesten SEO-Strategien bietet.<\/li>\n<\/ul>\n\n\n\n<p>Der Sistrix Start-Tarif ist die g\u00fcnstigste Option der Sistrix-Suite und bietet einen umfassenden Funktionsumfang. In diesem Sistrix-Preistest ist es jedoch wichtig, darauf hinzuweisen, dass verschiedene Konkurrenten Einsteigertarife zu fast der H\u00e4lfte dieses Preises anbieten.<\/p>\n\n\n\n<h2 class=\"wp-block-heading\">Sistrix Plus Preise und Pakete<\/h2>\n\n\n\n<p>Der Sistrix Plus Plan ist die bevorzugte Wahl f\u00fcr kleine Unternehmen, die expandieren wollen. Mit 199 \u20ac pro Monat bietet er einen Mittelweg f\u00fcr diejenigen, die \u00fcber den Start-Tarif hinauswachsen, aber noch nicht den Umfang des Professional- oder Premium-Tarifs ben\u00f6tigen. Seine Beliebtheit beruht auf einer soliden Palette von Funktionen, die darauf zugeschnitten sind, Wachstums Ambitionen zu unterst\u00fctzen und gleichzeitig den Preis erschwinglich zu halten.<\/p>\n\n\n\n<h3 class=\"wp-block-heading\">Was beinhaltet der Sistrix Plus Preisplan?<\/h3>\n\n\n\n<p>Der Sistrix Plus-Tarif erweitert den Funktionsumfang des Start-Tarifs und bietet diese Erweiterungen:<\/p>\n\n\n\n<ul class=\"wp-block-list\">\n<li><strong>Konto: <\/strong>Der Sistrix Plus Preisplan umfasst 3 individuelle Benutzerkonten, die individuell anpassbar und verwaltbar sind, um die Teamarbeit innerhalb eines Unternehmens zu unterst\u00fctzen. Der Plan ist skalierbar und bietet die M\u00f6glichkeit, weitere Benutzerkonten gegen einen Aufpreis von 24,90 \u20ac pro Benutzer hinzuzuf\u00fcgen.<\/li>\n\n\n\n<li><strong>Domain- und Wettbewerbsanalyse: <\/strong>Der Sistrix Plus Plan beh\u00e4lt die umfassenden Analysefunktionen des Startpakets bei und erweitert die Recherchem\u00f6glichkeiten. Es erh\u00f6ht das Ergebnis Limit pro Analyse auf 50.000 Eintr\u00e4ge und erweitert die Datenhistorie auf f\u00fcnf Jahre, was eine tiefere und breitere historische Perspektive f\u00fcr die Domain- und Wettbewerbsanalyse erm\u00f6glicht.<\/li>\n\n\n\n<li><strong>Projekte: <\/strong>Der Sistrix Plus Plan erweitert die M\u00f6glichkeiten des Projektmanagements erheblich, indem er den Nutzern erlaubt, bis zu 15 verschiedene Projekte zu \u00fcberwachen. Diese Funktion bietet eine betr\u00e4chtliche Crawling-Kapazit\u00e4t und erm\u00f6glicht die Analyse von bis zu 500.000 URLs pro Monat. Der Plan umfasst au\u00dferdem 15.000 SERP Updates, mit deren Hilfe ein breites Spektrum an individuellen Keywords \u00fcberwacht werden kann, die im Standard-Keyword-Set nicht enthalten sind. F\u00fcr Nutzer mit h\u00f6heren Anforderungen gibt es die M\u00f6glichkeit, zus\u00e4tzliche Projekte f\u00fcr je 9,90 \u20ac, zus\u00e4tzliche Seiten-Crawls f\u00fcr 0,21 \u20ac pro 1.000 Seiten oder weitere SERP-Updates f\u00fcr je 0,04 \u20ac zu erwerben und damit ihr SEO-Toolkit erheblich zu erweitern.<\/li>\n\n\n\n<li><strong>Content Marketing:<\/strong> Ab dem Sistrix Plus-Tarif haben Sistrix-Nutzer\/innen Zugriff auf Content-Marketing-Funktionen, die f\u00fcr die Entwicklung und Umsetzung effektiver Content-Strategien erforderlich sind. Wenn du dich f\u00fcr diesen Sistrix-Tarif entscheidest, kannst du jeden Monat bis zu 10 Content-Marketing-Projekte initiieren. Wenn du mehr brauchst, kannst du zus\u00e4tzliche Projekte f\u00fcr je 7,99 \u20ac kaufen. Um die Originalit\u00e4t der Inhalte zu bewahren, bietet der Tarif 20 Plagiatspr\u00fcfungen, die das Internet nach identischen oder \u00e4hnlichen Inhalten durchsuchen und so das Risiko von Abstrafungen f\u00fcr doppelte Inhalte mindern. Die Funktion Content Discovery bietet eine umfangreiche Datenbank mit \u00fcber einer Milliarde Inhalt Beispielen, die Inspiration und Vorlagen f\u00fcr die Erstellung von Inhalten bieten. Dar\u00fcber hinaus enth\u00e4lt dieses Paket die Funktion Sistrix Content Planner, die 50 monatliche Analysen zur Erstellung von Themen Clustern erm\u00f6glicht &#8211; eine strategische Methode, um durch systematische, datengest\u00fctzte Planung Top-Platzierungen f\u00fcr konkurrierende Suchbegriffe zu erzielen.<\/li>\n\n\n\n<li><strong>Workflow:<\/strong> Der Sistrix Plus-Plan verbessert die Effizienz der Arbeitsabl\u00e4ufe erheblich, indem er 25 Reports, Dashboards und Listen bereitstellt, mit denen die Nutzer\/innen SEO-Daten umfassend organisieren und analysieren k\u00f6nnen. Wer zus\u00e4tzliche Ressourcen ben\u00f6tigt, kann diese erweitern: Zus\u00e4tzliche Berichte, Dashboards und Listen k\u00f6nnen f\u00fcr jeweils 3,90 \u20ac erworben werden. Obwohl der API-Zugang in dieser Stufe auf den Sichtbarkeitsindex beschr\u00e4nkt ist, bietet der Plan ein gro\u00dfz\u00fcgiges Kontingent an Export- und API-Credits, von denen 10.000 w\u00f6chentlich zur Verf\u00fcgung stehen, um eine umfassende Datenverwaltung zu erm\u00f6glichen. Bei weiterem Bedarf k\u00f6nnen zus\u00e4tzliche Credits erworben werden, wobei 10.000 St\u00fcck 75,00 \u20ac kosten. Au\u00dferdem beinhaltet dieser Plan ein Benachrichtigungssystem, das bis zu 10 Benachrichtigungen verschicken kann.<\/li>\n\n\n\n<li><strong>Unterst\u00fctzung &amp; Schulung:<\/strong> Aufbauend auf der Grundlage des Start-Pakets bietet der Plus-Tarif den Nutzern die Wahl zwischen Online-Seminaren und Direkt Anrufen f\u00fcr ihre Lernerfahrungen. Au\u00dferdem wird die Anzahl der Seminarteilnahmen auf zwei pro Jahr erh\u00f6ht, sodass die Nutzer\/innen doppelt so viele M\u00f6glichkeiten haben, ihr Wissen \u00fcber SEO-Workflows und die umfangreichen Funktionen der Software zu erweitern.&nbsp;<\/li>\n<\/ul>\n\n\n\n<p>Der Sistrix Plus-Tarif unterscheidet sich vom Start-Paket vor allem durch den Zugang zu Content-Marketing-Tools, die f\u00fcr Unternehmen, die ihre Content-Strategie ausbauen wollen, entscheidend sind. Dar\u00fcber hinaus bietet der Plus-Tarif erweiterte Limits f\u00fcr verschiedene Funktionen, um den wachsenden Anforderungen von kleinen Unternehmen mit Wachstums-Ambitionen gerecht zu werden. Trotz dieser Verbesserungen bleibt der API-Zugang auf den Visibility Index beschr\u00e4nkt, und das Paket enth\u00e4lt keine Funktionen, die man in dieser Preisklasse normalerweise erwartet, wie z. B. White Label Reporting, was f\u00fcr Agenturen, die eine ma\u00dfgeschneiderte und kundenorientierte Reporting-L\u00f6sung suchen, ein Nachteil sein kann.<\/p>\n\n\n\n<h2 class=\"wp-block-heading\">Sistrix Professional Preisplan<\/h2>\n\n\n\n<p>Der Sistrix Professional Preisplan mit 349\u20ac pro Monat ist auf die Anforderungen von Agenturen und expandierenden Unternehmen zugeschnitten.&nbsp;<\/p>\n\n\n\n<h3 class=\"wp-block-heading\">Was beinhaltet der Sistrix Professional Preisplan?<\/h3>\n\n\n\n<ul class=\"wp-block-list\">\n<li><strong>Konto:<\/strong> Der Sistrix Professional Plan bietet 6 Benutzerkonten mit der Option, weitere Konten f\u00fcr je 24,90 \u20ac hinzuzuf\u00fcgen, um den Bed\u00fcrfnissen gr\u00f6\u00dferer Teams und Agenturen gerecht zu werden.<\/li>\n\n\n\n<li><strong>Domain- und Wettbewerbsanalyse:<\/strong> Der Professional-Tarif bietet eine umfassende Domain- und Wettbewerbsanalyse mit einer Kapazit\u00e4t von bis zu 100.000 Ergebnissen pro Analyse und einem vollst\u00e4ndigen Zugriff auf die Datenhistorie der letzten 13 Jahre.<\/li>\n\n\n\n<li><strong>Projekte: <\/strong>Der Professional-Tarif hebt das Projektmanagement auf ein gr\u00f6\u00dferes Niveau und erm\u00f6glicht es den Nutzern, bis zu 40 Projekte gleichzeitig zu bearbeiten. Er bietet eine gro\u00dfz\u00fcgige Crawling-Quote, die die Analyse von bis zu 2 Millionen URLs erm\u00f6glicht. Der Plan bietet 40.000 SERP-Updates f\u00fcr ma\u00dfgeschneidertes Keyword-Tracking, wobei zus\u00e4tzliche Updates f\u00fcr 0,03 \u20ac pro St\u00fcck erworben werden k\u00f6nnen. Wenn du mehr brauchst, kannst du zus\u00e4tzliche Projekte f\u00fcr je 8,49 \u20ac erwerben, und zus\u00e4tzliche Seiten-Crawls sind f\u00fcr 0,16 \u20ac pro 1000 Seiten erh\u00e4ltlich, um skalierbare L\u00f6sungen f\u00fcr wachsende SEO-Anforderungen zu bieten.<\/li>\n\n\n\n<li><strong>Content Marketing: <\/strong>Mit dem Professional-Tarif unterst\u00fctzt Sistrix das Content Marketing noch intensiver. Nutzer\/innen k\u00f6nnen bis zu 25 Content-Projekte pro Monat starten, mit der Option, weitere f\u00fcr jeweils 4,99 \u20ac zu erwerben. Um die Einzigartigkeit der Inhalte zu gew\u00e4hrleisten, bietet der Plan 100 Plagiatspr\u00fcfungen.&nbsp; Au\u00dferdem k\u00f6nnen Nutzer\/innen den Content Planner bis zu 125 Mal pro Monat nutzen.<\/li>\n\n\n\n<li><strong>Workflow: <\/strong>Der Professional-Tarif von Sistrix bietet mit 100 Berichten, Dashboards und Listen einen gro\u00dfen Sprung im Workflow-Management. Neu in dieser Stufe ist der White Label Reports Service, der es erm\u00f6glicht, PDF-Berichte mit dem Branding des Unternehmens zu versehen und so die professionelle Pr\u00e4sentation und das Kundenreporting zu verbessern. Wenn du \u00fcber das Standardangebot hinaus gehen m\u00f6chtest, kannst du weitere Reports, Dashboards und Listen zu einem reduzierten Preis von 2,90 \u20ac pro St\u00fcck hinzuf\u00fcgen. Dieser Tarif gew\u00e4hrt au\u00dferdem vollen API-Zugang, so dass die Systeme der Nutzer\/innen direkt mit dem umfassenden Datenpool von Sistrix verbunden werden k\u00f6nnen, der weit \u00fcber die Daten des Visibility Index hinausgeht, die in der unteren Stufe verf\u00fcgbar sind. Um den umfangreichen Anforderungen an die Datenverarbeitung und -weitergabe gerecht zu werden, beinhaltet der Plan gro\u00dfz\u00fcgige 30.000 Export- und API-Credits pro Woche. Au\u00dferdem verdoppelt der Plan die Anzahl der Alarmbenachrichtigungen auf 20.<\/li>\n\n\n\n<li><strong>Support &amp; Schulung: <\/strong>In diesem Preisplan erhalten die Nutzer\/innen Premium-Kundensupport, d.h. ihre Anfragen werden vor denen mit der Standardpriorit\u00e4t bearbeitet. Sie k\u00f6nnen den Support per Telefon kontaktieren und erhalten Pl\u00e4tze f\u00fcr 4 Seminarteilnehmer.<\/li>\n<\/ul>\n\n\n\n<p>Der Sistrix Professional-Tarif ist die erste Stufe, die speziell auf die Bed\u00fcrfnisse von Agenturen und gr\u00f6\u00dferen Unternehmen zugeschnitten ist und zentrale Funktionen wie White Labeling und vollen API-Zugang bietet. Es handelt sich um einen soliden Plan, der die grundlegenden Angebote der vorherigen Stufen deutlich erweitert und somit eine attraktive Option f\u00fcr alle ist, die fortgeschrittene SEO-Tools und -Funktionen ben\u00f6tigen.<\/p>\n\n\n\n<h2 class=\"wp-block-heading\">Sistrix Premium Preisplan<\/h2>\n\n\n\n<p>Der Sistrix Premium-Preisplan ist f\u00fcr gro\u00dfe Unternehmen, Power-User und SEO-Experten zugeschnitten und kostet 599 \u20ac. Dieses Top-Tier-Angebot ist auf die Bed\u00fcrfnisse von High-End-Nutzern zugeschnitten, die die fortschrittlichsten Funktionen und die h\u00f6chsten Limits f\u00fcr ihre umfangreichen SEO-Initiativen ben\u00f6tigen.<\/p>\n\n\n\n<h2 class=\"wp-block-heading\">Was beinhaltet der Sistrix Premium Preisplan?<\/h2>\n\n\n\n<p>Der Sistrix Premium-Plan umfasst alle Funktionen des Professional-Pakets und erweitert sein Angebot um zus\u00e4tzliche Optionen und erweiterte Grenzen f\u00fcr ein umfassendes SEO-Management.<\/p>\n\n\n\n<ul class=\"wp-block-list\">\n<li><strong>Konto:<\/strong> Der Sistrix Premium-Plan umfasst 12 Benutzerkonten und bietet damit ausreichend Zugang f\u00fcr gr\u00f6\u00dfere Teams. Mit diesem Tarif wird auch die Rollen- und Rechteverwaltung eingef\u00fchrt, die individuelle Zugriffsrechte f\u00fcr die Nutzer erm\u00f6glicht. Au\u00dferdem gibt es ein Audit Log, das detaillierte Aufzeichnungen \u00fcber die Aktionen der Nutzer\/innen in SISTRIX liefert und so f\u00fcr mehr Transparenz und \u00dcbersicht bei der Nutzung durch das Team sorgt.<\/li>\n\n\n\n<li><strong>Domain- und Wettbewerbsanalyse:<\/strong> Der Premium-Plan von Sistrix bringt die Domain- und Wettbewerbsanalyse auf die n\u00e4chste Stufe, indem er unbegrenzte Ergebnisse pro Analyse bietet.&nbsp;<\/li>\n\n\n\n<li><strong>Projekte: <\/strong>Die Nutzer k\u00f6nnen 100 Projekte verwalten, die eine umfassende On-Page-Analyse und Keyword-Tracking f\u00fcr zahlreiche Kampagnen und Kunden erm\u00f6glichen. Mit einem gro\u00dfz\u00fcgigen Kontingent f\u00fcr das Crawlen von bis zu 4.000.000 URLs richtet sich der Plan an gro\u00dfe Unternehmen und Experten, die umfangreiche Daten f\u00fcr gr\u00fcndliche Website-Audits und Leistungsbewertungen ben\u00f6tigen. Au\u00dferdem werden 100.000 SERP-Updates bereitgestellt, um Ranking Ver\u00e4nderungen zu verfolgen und Strategien entsprechend anzupassen. F\u00fcr diejenigen, die noch mehr Kapazit\u00e4t ben\u00f6tigen, sind zus\u00e4tzliche Projekte f\u00fcr je 5,90 \u20ac erh\u00e4ltlich, zus\u00e4tzliche Seiten-Crawls kosten nur 0,14 \u20ac und andere SERP-Updates kosten je 0,02 \u20ac.<\/li>\n\n\n\n<li><strong>Content Marketing: <\/strong>Der Premium-Plan erlaubt bis zu 100 monatliche Content-Projekte, wobei Extras f\u00fcr jeweils 3,99 \u20ac erh\u00e4ltlich sind. Es enth\u00e4lt 500 Plagiatspr\u00fcfungen und die gleiche Anzahl an Content Planner-Anwendungen, die bei der Erstellung einzigartiger, datengest\u00fctzter Content-Strategien helfen.<\/li>\n\n\n\n<li><strong>Workflow: <\/strong>Der Premium-Plan erweitert den Workflow um 500 Reports, Dashboards und Listen, die eine umfassende Datenorganisation und -analyse erm\u00f6glichen. Zus\u00e4tzliche Sets k\u00f6nnen f\u00fcr jeweils 2,49 \u20ac erworben werden. Mit einer gro\u00dfz\u00fcgigen Zuteilung von 100.000 w\u00f6chentlichen Export- und API-Credits und 50 Warnmeldungen k\u00f6nnen Nutzer\/innen umfangreiche Vorg\u00e4nge effizient verwalten.<\/li>\n\n\n\n<li><strong>Unterst\u00fctzung &amp; Schulung:<\/strong> Der Premium-Plan beh\u00e4lt den Premium-Support und die Schulungen des Professional-Plans bei, mit bis zu 12 Seminarteilnehmern pro Jahr.<\/li>\n<\/ul>\n\n\n\n<p>Der Premium-Tarif bietet bemerkenswerte Verbesserungen, darunter ein umfassendes Rollen- und Rechtemanagement und ein detailliertes Audit-Protokoll, das eine sorgf\u00e4ltige Zugriffskontrolle und Transparenz der Benutzeraktionen gew\u00e4hrleistet. Angesichts des erheblichen Preisunterschiede im Vergleich zu anderen Sistrix-Abonnements musst du jedoch sicherstellen, dass diese Investition deinen spezifischen Bed\u00fcrfnissen entspricht.<\/p>\n\n\n\n<h2 class=\"wp-block-heading\">Kostenloses Probeabo<\/h2>\n\n\n\n<p>SISTRIX bietet eine 7-t\u00e4gige kostenlose Testphase f\u00fcr jedes Preismodell an, mit der du alle Funktionen ohne Einschr\u00e4nkungen nutzen kannst. Das ist eine hervorragende Gelegenheit, um alle verf\u00fcgbaren Tools und Services zu testen und herauszufinden, wie sie deine SEO-Strategie unterst\u00fctzen k\u00f6nnen.<\/p>\n\n\n\n<h2 class=\"wp-block-heading\">Welcher Preisplan von Sistrix ist der beste?<\/h2>\n\n\n\n<p>Die Wahl der Sistrix-Tarife und Sistrix Preise h\u00e4ngt von den spezifischen Bed\u00fcrfnissen deines Unternehmens ab. Der Plus-Tarif ist oft am attraktivsten f\u00fcr diejenigen, die das beste Preis-Leistungs-Verh\u00e4ltnis suchen. Er bietet eine solide Auswahl an Funktionen zur Domain- und Konkurrenzanalyse und erm\u00f6glicht den Zugang zu wichtigen Content Marketing Tools. Er erm\u00f6glicht die Erweiterung der Funktionen, ohne dass die Kosten sprunghaft ansteigen. Auf der anderen Seite ist der Premium-Plan zwar umfassend, aber nicht f\u00fcr alle Unternehmen das beste Preis-Leistungs-Verh\u00e4ltnis. Er bietet im Vergleich zum Professional-Tarif einige neue Funktionen, kostet aber fast das Doppelte und ist daher f\u00fcr Unternehmen, die die zus\u00e4tzlichen Kontoverwaltung Funktionen nicht ben\u00f6tigen, weniger g\u00fcnstig.<\/p>\n\n\n\n<h2 class=\"wp-block-heading\">Fazit<\/h2>\n\n\n\n<p>Bevor du dich entscheidest, solltest du deine Optionen zwischen verschiedenen SEO-Plattformen abw\u00e4gen. Sistrix gilt zwar als leistungsstarkes SEO-Tool, ist aber auch relativ teuer, vor allem wenn man bedenkt, wie viele Funktionen es im Vergleich zu umfassenderen L\u00f6sungen bietet. Nimm zum Beispiel SE Ranking: Mit Tarifen ab 39,20 \u20ac pro Monat bekommst du ein breiteres Spektrum an SEO-Tools f\u00fcr einen Bruchteil der Kosten. Wenn du dich mit den Details besch\u00e4ftigst und die Funktionen der einzelnen Plattformen bewertest, wirst du vielleicht feststellen, dass andere L\u00f6sungen das bieten, was du brauchst.<\/p>\n","protected":false},"excerpt":{"rendered":"<p>Sistrix ist das SEO- und SEM-Tool f\u00fcr alle, die ihre Online-Pr\u00e4senz verbessern wollen. Es bietet eine robuste Toolbox mit wichtigen Daten zu Domains, Keywords und Backlinks. Wenn du mit dem Gedanken spielst, dieses Tool zu kaufen, aber nicht sicher bist, welcher Sistrix-Preisplan f\u00fcr 2024 am besten zu deinen Bed\u00fcrfnissen passt, bist du hier genau richtig. [&hellip;]<\/p>\n","protected":false},"author":20,"featured_media":0,"parent":0,"menu_order":0,"comment_status":"open","ping_status":"closed","template":"page-templates\/review-page.php","meta":{"_acf_changed":false,"_sitemap_exclude":false,"_sitemap_priority":"","_sitemap_frequency":"","footnotes":""},"class_list":["post-11303","page","type-page","status-publish","hentry"],"acf":[],"yoast_head":"<!-- This site is optimized with the Yoast SEO plugin v26.6 - https:\/\/yoast.com\/wordpress\/plugins\/seo\/ -->\n<title>Sistrix Preispl\u00e4ne 2024 \u1409 Vergleich<\/title>\n<meta name=\"description\" content=\"Entdecke den besten Sistrix-Preisplan f\u00fcr deine SEO-Ziele. Erforsche und vergleiche die Optionen Start, Plus, Professional und Premium, die zu deinen Bed\u00fcrfnissen und deinem Budget passen\" \/>\n<meta name=\"robots\" content=\"index, follow, max-snippet:-1, max-image-preview:large, max-video-preview:-1\" \/>\n<link rel=\"canonical\" href=\"https:\/\/top10seosoftware.com\/de\/sistrix-preise\/\" \/>\n<meta property=\"og:locale\" content=\"de_DE\" \/>\n<meta property=\"og:type\" content=\"article\" \/>\n<meta property=\"og:title\" content=\"Sistrix Preispl\u00e4ne 2024 \u1409 Vergleich\" \/>\n<meta property=\"og:description\" content=\"Entdecke den besten Sistrix-Preisplan f\u00fcr deine SEO-Ziele. Erforsche und vergleiche die Optionen Start, Plus, Professional und Premium, die zu deinen Bed\u00fcrfnissen und deinem Budget passen\" \/>\n<meta property=\"og:url\" content=\"https:\/\/top10seosoftware.com\/de\/sistrix-preise\/\" \/>\n<meta property=\"og:site_name\" content=\"Top 10 SEO Software\" \/>\n<meta property=\"article:modified_time\" content=\"2024-01-10T01:23:46+00:00\" \/>\n<meta name=\"twitter:card\" content=\"summary_large_image\" \/>\n<meta name=\"twitter:label1\" content=\"Gesch\u00e4tzte Lesezeit\" \/>\n\t<meta name=\"twitter:data1\" content=\"11\u00a0Minuten\" \/>\n<!-- \/ Yoast SEO plugin. -->","yoast_head_json":{"title":"Sistrix Preispl\u00e4ne 2024 \u1409 Vergleich","description":"Entdecke den besten Sistrix-Preisplan f\u00fcr deine SEO-Ziele. Erforsche und vergleiche die Optionen Start, Plus, Professional und Premium, die zu deinen Bed\u00fcrfnissen und deinem Budget passen","robots":{"index":"index","follow":"follow","max-snippet":"max-snippet:-1","max-image-preview":"max-image-preview:large","max-video-preview":"max-video-preview:-1"},"canonical":"https:\/\/top10seosoftware.com\/de\/sistrix-preise\/","og_locale":"de_DE","og_type":"article","og_title":"Sistrix Preispl\u00e4ne 2024 \u1409 Vergleich","og_description":"Entdecke den besten Sistrix-Preisplan f\u00fcr deine SEO-Ziele. Erforsche und vergleiche die Optionen Start, Plus, Professional und Premium, die zu deinen Bed\u00fcrfnissen und deinem Budget passen","og_url":"https:\/\/top10seosoftware.com\/de\/sistrix-preise\/","og_site_name":"Top 10 SEO Software","article_modified_time":"2024-01-10T01:23:46+00:00","twitter_card":"summary_large_image","twitter_misc":{"Gesch\u00e4tzte Lesezeit":"11\u00a0Minuten"},"schema":{"@context":"https:\/\/schema.org","@graph":[{"@type":"WebPage","@id":"https:\/\/top10seosoftware.com\/de\/sistrix-preise\/","url":"https:\/\/top10seosoftware.com\/de\/sistrix-preise\/","name":"Sistrix Preispl\u00e4ne 2024 \u1409 Vergleich","isPartOf":{"@id":"https:\/\/top10seosoftware.com\/#website"},"datePublished":"2023-12-21T19:18:56+00:00","dateModified":"2024-01-10T01:23:46+00:00","description":"Entdecke den besten Sistrix-Preisplan f\u00fcr deine SEO-Ziele. Erforsche und vergleiche die Optionen Start, Plus, Professional und Premium, die zu deinen Bed\u00fcrfnissen und deinem Budget passen","breadcrumb":{"@id":"https:\/\/top10seosoftware.com\/de\/sistrix-preise\/#breadcrumb"},"inLanguage":"de","potentialAction":[{"@type":"ReadAction","target":["https:\/\/top10seosoftware.com\/de\/sistrix-preise\/"]}]},{"@type":"BreadcrumbList","@id":"https:\/\/top10seosoftware.com\/de\/sistrix-preise\/#breadcrumb","itemListElement":[{"@type":"ListItem","position":1,"name":"Home","item":"https:\/\/top10seosoftware.com\/de\/"},{"@type":"ListItem","position":2,"name":"Sistrix-Preise f\u00fcr 2024"}]},{"@type":"WebSite","@id":"https:\/\/top10seosoftware.com\/#website","url":"https:\/\/top10seosoftware.com\/","name":"Top 10 SEO Software","description":"Top 10 SEO Software","publisher":{"@id":"https:\/\/top10seosoftware.com\/#organization"},"potentialAction":[{"@type":"SearchAction","target":{"@type":"EntryPoint","urlTemplate":"https:\/\/top10seosoftware.com\/?s={search_term_string}"},"query-input":{"@type":"PropertyValueSpecification","valueRequired":true,"valueName":"search_term_string"}}],"inLanguage":"de"},{"@type":"Organization","@id":"https:\/\/top10seosoftware.com\/#organization","name":"Top 10 SEO Software","url":"https:\/\/top10seosoftware.com\/","logo":{"@type":"ImageObject","inLanguage":"de","@id":"https:\/\/top10seosoftware.com\/#\/schema\/logo\/image\/","url":"https:\/\/top10seosoftware.com\/wp-content\/uploads\/2021\/10\/logo.svg","contentUrl":"https:\/\/top10seosoftware.com\/wp-content\/uploads\/2021\/10\/logo.svg","width":1,"height":1,"caption":"Top 10 SEO Software"},"image":{"@id":"https:\/\/top10seosoftware.com\/#\/schema\/logo\/image\/"}}]}},"_links":{"self":[{"href":"https:\/\/top10seosoftware.com\/de\/wp-json\/wp\/v2\/pages\/11303","targetHints":{"allow":["GET"]}}],"collection":[{"href":"https:\/\/top10seosoftware.com\/de\/wp-json\/wp\/v2\/pages"}],"about":[{"href":"https:\/\/top10seosoftware.com\/de\/wp-json\/wp\/v2\/types\/page"}],"author":[{"embeddable":true,"href":"https:\/\/top10seosoftware.com\/de\/wp-json\/wp\/v2\/users\/20"}],"replies":[{"embeddable":true,"href":"https:\/\/top10seosoftware.com\/de\/wp-json\/wp\/v2\/comments?post=11303"}],"version-history":[{"count":0,"href":"https:\/\/top10seosoftware.com\/de\/wp-json\/wp\/v2\/pages\/11303\/revisions"}],"wp:attachment":[{"href":"https:\/\/top10seosoftware.com\/de\/wp-json\/wp\/v2\/media?parent=11303"}],"curies":[{"name":"wp","href":"https:\/\/api.w.org\/{rel}","templated":true}]}}