{"id":22615,"date":"2024-10-11T16:20:32","date_gmt":"2024-10-11T13:20:32","guid":{"rendered":"https:\/\/top10seosoftware.com\/?page_id=22615"},"modified":"2024-10-11T16:20:34","modified_gmt":"2024-10-11T13:20:34","slug":"ahrefs-preise","status":"publish","type":"page","link":"https:\/\/top10seosoftware.com\/de\/ahrefs-preise\/","title":{"rendered":"Ahrefs-Tarife 2024"},"content":{"rendered":"\n<p>Ahrefs hat sich einen Ruf als eines der f\u00fchrenden SEO-Tools in der Branche erarbeitet und ist bekannt f\u00fcr seine riesige Datenbank mit \u00fcber 11 Milliarden Keywords und \u00fcber 400 Milliarden indexierten Seiten.<\/p>\n\n\n\n<p>Falls Sie sich fragen, welcher Ahrefs-Tarif 2024 am besten zu Ihren Bed\u00fcrfnissen passt, richtet sich dieser Artikel an Sie. Darin untersuchen wir die vier wichtigsten Ahrefs-Preise: Ahrefs Lite, Ahrefs Standard, Ahrefs Advanced und Ahrefs Enterprise. Unser Ziel ist es, Ihre wichtigsten Fragen zu beantworten: Welcher Ahrefs-Tarif ist im Jahr 2024 f\u00fcr Ihre spezifischen Anforderungen am besten geeignet?<\/p>\n\n\n\n<p>Lesen Sie weiter und treffen Sie die bestm\u00f6gliche Entscheidung.<\/p>\n\n\n\n<h2 class=\"wp-block-heading\">Ahrefs-Lite-Tarif<\/h2>\n\n\n\n<p>Ahrefs Lite ist mit monatlich 119 \u20ac der grundlegendste Preisplan. In der Liste der Ahrefs-Pakete und -Preise ist dies die budgetfreundlichste Option, die sich ideal f\u00fcr kleine Unternehmen und Hobbyprojekte eignet. Was die j\u00e4hrlichen Ahrefs-Preise betrifft, profitieren Sie bei einer Jahreszahlung von zwei kostenlosen Monaten.<\/p>\n\n\n\n<h3 class=\"wp-block-heading\">Was beinhaltet der Ahrefs-Lite-Tarif?<\/h3>\n\n\n\n<ul class=\"wp-block-list\">\n<li><strong>Nutzer: <\/strong>Dieser Tarif ist wie die anderen nicht individualisierbaren Tarife f\u00fcr einen einzelnen Nutzer ausgelegt.<\/li>\n\n\n\n<li><strong>Credits pro Monat:<\/strong> Mit 500 monatlichen Credits k\u00f6nnen Nutzer verschiedene Aktionen ausf\u00fchren, wie etwa Berichte \u00f6ffnen oder Filter anwenden. Beachten Sie, dass diese Credits nicht f\u00fcr die Funktionen \u201eRank Tracker\u201c und \u201eSite Audit\u201c gelten.<\/li>\n\n\n\n<li><strong>Verifizierter\/nicht verifizierter Besitz:<\/strong> Wenn Sie sich f\u00fcr dieses Abonnement entscheiden, k\u00f6nnen Sie unbegrenzt viele verifizierte Projekte und f\u00fcnf nicht verifizierte Projekte bespielen.<\/li>\n\n\n\n<li><strong>Historische Daten:<\/strong> Benutzer k\u00f6nnen auf Performance-Trends f\u00fcr ausgew\u00e4hlte URLs zugreifen sowie siebent\u00e4tige Point-in-Time-Vergleiche und detaillierte Analysen durchf\u00fchren.<\/li>\n\n\n\n<li><strong>Daten:<\/strong> Mit diesem Tarif k\u00f6nnen Sie bis zu 2.500 Zeilen pro Bericht analysieren und bis zu 500.000 Zeilen pro Monat exportieren.<\/li>\n\n\n\n<li><strong>Rank Tracker: <\/strong>Mit diesem Tarif k\u00f6nnen Sie unbegrenzt viele Berichte mit bis zu 750 getrackten Keywords und w\u00f6chentlichen Ranking-Updates erstellen.<\/li>\n\n\n\n<li><strong>Site Audit:<\/strong> Ahrefs Lite bietet unbegrenzte Berichte, 100.000 monatliche Crawling-Credits und maximal 25.000 Seiten pro Projekt.<\/li>\n\n\n\n<li><strong>Keyword-Listen:<\/strong> Mit diesem Tarif k\u00f6nnen Sie bis zu f\u00fcnf Keyword-Listen zur Organisation im praktischen Keyword-Explorer-Tool erstellen.<\/li>\n\n\n\n<li><strong>SEO-Dashboard:<\/strong> Das Tool bietet eine integrierte Ansicht zur \u00dcberwachung aller SEO-Metriken und des Fortschritts Ihrer Projekte.<\/li>\n\n\n\n<li><strong>Site Explorer:<\/strong> Mit dieser Funktion k\u00f6nnen Sie die Backlink-Profile und Keyword-Rankings Ihrer Mitbewerber untersuchen.<\/li>\n\n\n\n<li><strong>SERP-Vergleich:<\/strong> Sie k\u00f6nnen Keyword-Rankings an verschiedenen Tagen oder f\u00fcr unterschiedliche Keywords vergleichen.<\/li>\n\n\n\n<li><strong>Benachrichtigungen:<\/strong> Sie k\u00f6nnen sich per E-Mail benachrichtigen lassen, wenn sich die Keywordpositionen \u00e4ndern oder wenn Backlink-Profile hinzugef\u00fcgt oder entfernt werden.<\/li>\n<\/ul>\n\n\n\n<h3 class=\"wp-block-heading\">Fazit<\/h3>\n\n\n\n<p>Wenn Sie nicht mehr als eine t\u00e4gliche, detaillierte Analyse Ihrer Website ben\u00f6tigen, k\u00f6nnte der Lite-Tarif hervorragend zu Ihnen passen. Er bietet eine Reihe wertvoller Funktionen (darunter das Website-Audit), die Ihren Anforderungen gen\u00fcgen sollten, insbesondere wenn Ihre Website nicht \u00fcberm\u00e4\u00dfig komplex ist. Jedoch k\u00f6nnen die verf\u00fcgbaren Credits schnell aufgebraucht sein und ein Upgrade auf die n\u00e4chste Preisstufe verdoppelt Ihre Kosten.<\/p>\n\n\n\n<h2 class=\"wp-block-heading\">Ahrefs-Standard-Tarif<\/h2>\n\n\n\n<p>Der Ahrefs-Standard-Tarif beginnt bei 229 \u20ac pro Monat und verbessert Ihre SEO-F\u00e4higkeiten. Dieses AhrefsPaket ist ideal f\u00fcr freiberufliche SEO-Fachleute und Marketingberater, die ein umfassenderes Toolkit ben\u00f6tigen. Wenn Sie sich die monatlichen Ahrefs-Preise anschauen, werden Sie feststellen, dass eine j\u00e4hrliche Zahlung erhebliches Sparpotenzial birgt: Sie erhalten zwei Monate kostenlos. Durch diesen Rabatt sinken die effektiven monatlichen Kosten auf 191 \u20ac, wobei der j\u00e4hrliche Gesamtbetrag des Tarifs 2.990 \u20ac betr\u00e4gt.<\/p>\n\n\n\n<h3 class=\"wp-block-heading\">Was beinhaltet der Ahrefs-Standard-Tarif?<\/h3>\n\n\n\n<p>Der Standard-Tarif umfasst nicht nur<strong> alle Funktionen des Lite-Tarifs<\/strong>, sondern bietet auch deutlich erweiterte Nutzungslimits und f\u00fchrt verschiedene neue, fortschrittliche Tools ein, mit denen Sie Ihre SEO-Strategie weiter verfeinern k\u00f6nnen.<\/p>\n\n\n\n<h4 class=\"wp-block-heading\">Funktionen mit erweiterten Limits:<\/h4>\n\n\n\n<ul class=\"wp-block-list\">\n<li><strong>Nutzer<\/strong>: Der Ahrefs-Standard-Tarif beinhaltet einen Platz f\u00fcr einen einzelnen Benutzer, genau wie die Lite- und Advanced-Tarife.<\/li>\n\n\n\n<li><strong>Credits pro Monat:<\/strong> Dieser Plan bietet 600 monatliche Credits, die f\u00fcr verschiedene Aufgaben wie das \u00d6ffnen von Berichten oder das Anwenden von Filtern verwendet werden k\u00f6nnen. Wie beim Lite-Tarif gelten diese Gutschriften nicht f\u00fcr die Funktionen \u201cRank Tracker\u201d oder \u201cWebsite-Audit\u201d.<\/li>\n\n\n\n<li><strong>Verifizierter\/nicht verifizierter Besitz: <\/strong>Dieses Abonnement bietet eine unbegrenzte Anzahl verifizierter Projekte und erh\u00f6ht das Limit f\u00fcr nicht verifizierte Projekte auf 20, was eine gr\u00f6\u00dfere Flexibilit\u00e4t beim Verwalten verschiedener Websites erm\u00f6glicht.<\/li>\n\n\n\n<li><strong>Historische Daten:<\/strong> Der Standard-Tarif verbessert Ihre Datenanalysefunktionen, indem er Point-in-Time-Vergleiche und detaillierte Analysen f\u00fcr bis zu 6 Monate bietet.<\/li>\n\n\n\n<li><strong>Daten: <\/strong>Diese Stufe verbessert Ihre Datenkapazit\u00e4t erheblich und erm\u00f6glicht die Analyse von bis zu 30.000 Zeilen pro Bericht und den Export von bis zu 1,5 Millionen Zeilen pro Monat.<\/li>\n\n\n\n<li><strong>Rank Tracker: <\/strong>Die Tracking-Funktionen werden in diesem Tarif erweitert und bieten Platz f\u00fcr bis zu 2.000 Keywords mit w\u00f6chentlichen Updates und unbegrenzten Berichten.<\/li>\n\n\n\n<li><strong>Site Audit: <\/strong>Der Ahrefs Standard-Plan verbessert Ihre M\u00f6glichkeiten f\u00fcr Website-Audits erheblich, indem er die monatlichen Crawling-Credits auf 500.000 erh\u00f6ht. Dar\u00fcber hinaus erlaubt dieser Plan maximal 50.000 Seiten pro Projekt, was einen umfassenderen \u00dcberblick \u00fcber den SEO-Zustand Ihrer Website bietet als der g\u00fcnstigere Tarif.<\/li>\n\n\n\n<li><strong>Keyword-Listen: <\/strong>Mit diesem Plan k\u00f6nnen Sie bis zu 50 Keyword-Listen im Keyword-Explorer-Tool erstellen.<\/li>\n<\/ul>\n\n\n\n<h4 class=\"wp-block-heading\">Zus\u00e4tzliche Funktionen:<\/h4>\n\n\n\n<ul class=\"wp-block-list\">\n<li><strong>Portfolios:<\/strong> In diesem Paket k\u00f6nnen Benutzer die SEO-Performance von 100 Zielen, wie Domains und URLs, \u00fcberwachen.<\/li>\n\n\n\n<li><strong>Positionsverlaufsdiagramm:<\/strong> Mit dieser Funktion k\u00f6nnen Benutzer ein interaktives Diagramm anzeigen, das den Ranking-Verlauf von Seiten f\u00fcr bestimmte Keywords anzeigt.<\/li>\n\n\n\n<li><strong>SERP-Updates:<\/strong> Der Plan bietet SERP-Informationen in Echtzeit, wodurch die Abh\u00e4ngigkeit von veralteten, zwischengespeicherten Daten entf\u00e4llt.<\/li>\n\n\n\n<li><strong>Site Explorer: <\/strong>Dieser Tarif enth\u00e4lt einzigartige Zusatzfunktionen wie Content Gap, Broken Backlinks, Outgoing Links, Link Intersect, Domain- &amp; L\u00e4ndervergleich und Kalenderansicht.<\/li>\n\n\n\n<li><strong>Content Explorer:<\/strong> Mit diesem Tool k\u00f6nnen Benutzer Ideen f\u00fcr Inhalte recherchieren und gleichzeitig wertvolle M\u00f6glichkeiten zum Linkaufbau identifizieren.<\/li>\n\n\n\n<li><strong>Competitive Analysis:<\/strong> Es erm\u00f6glicht Benutzern, Ideen f\u00fcr Inhalte zu recherchieren und gleichzeitig wertvolle M\u00f6glichkeiten zum Linkaufbau zu identifizieren.<\/li>\n\n\n\n<li><strong>Erw\u00e4hnungen:<\/strong> Eine zus\u00e4tzliche Funktion in diesem Tarif erm\u00f6glicht es Nutzern, Benachrichtigungen bzgl. Erw\u00e4hnungen im Internet einzurichten. So bleiben Sie immer auf dem Laufenden, was online \u00fcber Ihre Marke oder Ihre Mitbewerber gesagt wird.<\/li>\n\n\n\n<li><strong>Batch-Analyse:<\/strong> Benutzer k\u00f6nnen SEO-Metriken f\u00fcr bis zu 200 URLs auf einmal abrufen, was die Durchf\u00fchrung umfassender Analysen erleichtert.<\/li>\n\n\n\n<li><strong>Berichtsfreigabe [DEMN\u00c4CHST]<\/strong>: Diese demn\u00e4chst erscheinende Funktion erm\u00f6glicht die Freigabe generierter Berichte und verbessert so die Zusammenarbeit im Team.<\/li>\n<\/ul>\n\n\n\n<h3 class=\"wp-block-heading\">Fazit<\/h3>\n\n\n\n<p>Das Standardpaket bietet im Gesamtvergleich der Ahrefs-Preise ein \u00fcberzeugendes Preis-Leistungs-Verh\u00e4ltnis, da es viel h\u00f6here Nutzungsgrenzen als der Lite-Tarif bietet, zusammen mit einer F\u00fclle zus\u00e4tzlicher Tools, die im g\u00fcnstigeren Paket nicht verf\u00fcgbar sind. So k\u00f6nnen Sie beispielsweise bis zu 30.000 Zeilen pro Bericht analysieren, im Gegensatz zu nur 2.500 im Lite-Plan, und 1,5 Millionen Zeilen pro Monat exportieren, was eine deutliche Steigerung gegen\u00fcber den 500.000 im Lite-Tarif darstellt. Dar\u00fcber hinaus erhalten Sie Zugriff auf historische Daten der letzten 6 Monate, im Gegensatz zu nur sieben Tagen beim Lite-Tarif.<\/p>\n\n\n\n<p>Obwohl die Kosten doppelt so hoch sind wie beim Lite-Tarif, bietet das Standard-Paket einen vielfach h\u00f6heren Wert, sodass es eine \u00dcberlegung wert ist.<\/p>\n\n\n\n<h2 class=\"wp-block-heading\">Ahrefs-Advanced-Tarif<\/h2>\n\n\n\n<p>Der Ahrefs-Advanced-Tarif, der bei 419 \u20ac pro Monat beginnt, hebt Ihre SEO-Strategie auf ein neues Level. Er ist f\u00fcr schlanke interne Marketingteams konzipiert und bietet eine noch umfangreichere Auswahl an Tools und Daten zur Feinabstimmung Ihrer Kampagnen. Wie bei anderen Ahrefs-Tarifen erhalten Sie bei j\u00e4hrlicher Zahlung zwei Monate kostenlos. Dadurch reduziert sich die monatliche Rate von 419 \u20ac auf 349 \u20ac, wobei die j\u00e4hrlichen Gesamtkosten 4.190 \u20ac betragen.<\/p>\n\n\n\n<h3 class=\"wp-block-heading\">Was beinhaltet der Ahrefs-Advanced-Tarif?<\/h3>\n\n\n\n<h4 class=\"wp-block-heading\">Funktionen mit erweiterten Limits:<\/h4>\n\n\n\n<ul class=\"wp-block-list\">\n<li><strong>Credits pro Monat:<\/strong> Der Advanced-Tarif umfasst 750 monatliche Credits, die Sie f\u00fcr verschiedene Aufgaben wie das \u00d6ffnen von Berichten oder das Anwenden von Filtern verwenden k\u00f6nnen.<\/li>\n\n\n\n<li><strong>Verifizierter\/nicht verifizierter Besitz:<\/strong> Wenn Sie sich f\u00fcr dieses Abonnement-Level entscheiden, erhalten Sie eine unbegrenzte Anzahl verifizierter Projekte. Das Limit f\u00fcr nicht verifizierte Projekte wird auf 50 erh\u00f6ht, was umfangreiche Website-Verwaltungsfunktionen erm\u00f6glicht.<\/li>\n\n\n\n<li><strong>Portfolios:<\/strong> Mit dieser Stufe k\u00f6nnen Sie bis zu 250 Portfolios verwalten.<\/li>\n\n\n\n<li><strong>Historische Daten:<\/strong> Der Advanced-Tarif erweitert Ihre Datenreichweite erheblich und erm\u00f6glicht Zeitvergleiche und detaillierte Analysen f\u00fcr bis zu zwei Jahre.<\/li>\n\n\n\n<li><strong>Daten:<\/strong> Dieser Plan erm\u00f6glicht das Erstellen von 75.000 Zeilen pro Bericht und den Export von bis zu 4 Millionen Zeilen pro Monat.<\/li>\n\n\n\n<li><strong>Rank Tracker: <\/strong>Dieser Ahrefs-Tarif erweitert Ihre M\u00f6glichkeiten zum Keyword-Tracking und erm\u00f6glicht das Erfassen von bis zu 5.000 Keywords mit w\u00f6chentlichen Updates und unbegrenzten Berichten.<\/li>\n\n\n\n<li><strong>Site Audit:<\/strong> Diese Stufe bietet gro\u00dfz\u00fcgige monatliche Crawling-Credits im Umfang von 1,5 Millionen und maximal 250.000 Seiten pro Projekt, was gr\u00fcndlichere Website-Bewertungen erm\u00f6glicht.<\/li>\n\n\n\n<li><strong>Keyword-Listen:<\/strong> Mit diesem Plan k\u00f6nnen Sie bis zu 100 Keyword-Listen f\u00fcr die Organisation innerhalb des praktischen Keyword-Explorer-Tools erstellen.<\/li>\n<\/ul>\n\n\n\n<h4 class=\"wp-block-heading\">Zus\u00e4tzliche Funktionen:<\/h4>\n\n\n\n<ul class=\"wp-block-list\">\n<li><strong>Site-Struktur:<\/strong> Der Advanced-Plan enth\u00e4lt zus\u00e4tzliche Funktionen wie Seitenstruktur und HTML-Quelle, die eine zus\u00e4tzliche Analyseebene bieten.<\/li>\n\n\n\n<li><strong>Website-Audit:<\/strong> In diesem Paket enth\u00e4lt die Website-Audit-Funktion eine Zusatzoption der HTTP-Authentifizierung. Sie erm\u00f6glicht das Crawlen von Staging- und eingeschr\u00e4nkten Websites, welche durch eine einfache oder Digest-HTTP-Authentifizierung gesch\u00fctzt sind.<\/li>\n\n\n\n<li><strong>Looker Studio:<\/strong> Dies ist der kosteng\u00fcnstigste Tarif, der dank der Integration von Looker Studio von Google zus\u00e4tzliche Datenanalysefunktionen bietet.<\/li>\n\n\n\n<li><strong>Dashboard-Ordner:<\/strong> Mit dem Advanced-Plan k\u00f6nnen Benutzer ihre Projekte in Ordnern organisieren, was die Projektverwaltung vereinfacht und den gemeinsamen Zugriff optimiert.<\/li>\n\n\n\n<li><strong>Web Explorer:<\/strong> Mit dieser Funktion k\u00f6nnen Benutzer \u00fcber Yep erweiterte Suchvorg\u00e4nge auf allen indizierten Seiten, Domains und Links durchf\u00fchren.<\/li>\n<\/ul>\n\n\n\n<h3 class=\"wp-block-heading\">Fazit<\/h3>\n\n\n\n<p>Der Advanced-Tarif ist ein solides Angebot mit zahlreichen umfangreichen Funktionen. Ahrefs vermarktet ihnals ideal f\u00fcr interne Marketingteams, aber auch kleine SEO-Agenturen k\u00f6nnten ihn n\u00fctzlich finden, insbesondere wenn er durch Add-ons wie zus\u00e4tzliche Nutzerpl\u00e4tze erweitert wird. F\u00fcr Unternehmen, die nicht auf SEO spezialisiert sind oder keine gro\u00dfe Website haben, k\u00f6nnte sich dieses Paket jedoch als teure Wahl erweisen.<\/p>\n\n\n\n<p>Der Tarif wird seinem \u201eAdvanced\u201c-Label gerecht: Er enth\u00e4lt Funktionen, die sich mit den eher technischen Aspekten der Suchmaschinenoptimierung befassen und m\u00f6glicherweise mehr bieten, als manche Unternehmen ben\u00f6tigen. Insbesondere ist dies die Stufe, auf der die Integration von Looker Studio verf\u00fcgbar wird \u2013 das sollten Sie in Betracht ziehen, wenn diese Funktion Ihren Anforderungen entspricht.<\/p>\n\n\n\n<h2 class=\"wp-block-heading\">Ahrefs-Enterprise-Tarif<\/h2>\n\n\n\n<p>Der Ahrefs-Enterprise-Tarif ist mit einem Gesamtpreis von 13.940 \u20ac pro Jahr der H\u00f6hepunkt von Ahrefs\u2019 Paketen und Preisen. Er ist speziell auf Agenturen und gro\u00dfe Unternehmen zugeschnitten und bietet die umfassendste verf\u00fcgbare Palette an Tools und Daten. Dieser Plan ist die ultimative Wahl f\u00fcr diejenigen, die hohe Ahrefs-Preise nicht scheuen und h\u00f6chste Funktionalit\u00e4t und analytische Tiefe suchen.<\/p>\n\n\n\n<h3 class=\"wp-block-heading\">Was beinhaltet der Ahrefs-Enterprise-Tarif?<\/h3>\n\n\n\n<ul class=\"wp-block-list\">\n<li><strong>Nutzer und Credits: <\/strong>Dieser Plan ist auf die individuellen Anforderungen Ihres Teams zugeschnitten und \u00fcbertrifft die Einschr\u00e4nkungen fester Credits und Benutzer, indem er eine ma\u00dfgeschneiderte L\u00f6sung bietet.<\/li>\n\n\n\n<li><strong>Verifizierter\/nicht verifizierter Besitz:<\/strong> Der Enterprise-Plan umfasst eine unbegrenzte Anzahl verifizierter Besitzprojekte und erlaubt bis zu 100 nicht verifizierte Projekte.<\/li>\n\n\n\n<li><strong>Portfolios:<\/strong> Mit diesem Tarif k\u00f6nnen Benutzer bis zu 1000 Portfolios verwalten.<\/li>\n\n\n\n<li><strong>Historische Daten:<\/strong> Benutzer k\u00f6nnen auf unbegrenzte historische Daten zugreifen und ohne Einschr\u00e4nkungen Point-in-TIme-Vergleiche und detaillierte Analysen durchf\u00fchren.<\/li>\n\n\n\n<li><strong>Daten:<\/strong> Dieser Ahrefs-Tarif erm\u00f6glicht eine detaillierte Analyse mit bis zu 150.000 Zeilen pro Bericht und einem beeindruckenden monatlichen Exportlimit von 10 Millionen Zeilen.<\/li>\n\n\n\n<li><strong>Rank Tracker:<\/strong> Mit diesem Ahrefs-Preis k\u00f6nnen Sie bis zu 10.000 Keywords tracken, w\u00f6chentliche Updates erhalten und eine unbegrenzte Anzahl von Berichten erstellen.<\/li>\n\n\n\n<li><strong>Site Audit:<\/strong> Mit 5 Millionen Crawl-Credits pro Monat und der M\u00f6glichkeit, bis zu 5 Millionen Seiten pro Projekt zu analysieren, bietet dieser Plan eine umfassende Audit-L\u00f6sung.<\/li>\n\n\n\n<li><strong>Keyword-Listen:<\/strong> Benutzer k\u00f6nnen bis zu 250 Keyword-Listen im praktischen Keyword-Explorer-Tool erstellen, was eine robuste Keyword-Verwaltung unterst\u00fctzt.<\/li>\n<\/ul>\n\n\n\n<h3 class=\"wp-block-heading\">Fazit<\/h3>\n\n\n\n<ul class=\"wp-block-list\">\n<li><strong>Zugriffsverwaltung:<\/strong> Der Enterprise-Tarif erm\u00f6glicht eine detaillierte Kontrolle dar\u00fcber, wer innerhalb Ihrer Organisation worauf zugreifen kann.<\/li>\n\n\n\n<li><strong>Zahlung auf Rechnung:<\/strong> Dieses Paket bietet die M\u00f6glichkeit der manuellen Zahlung per Rechnung und ist auf die finanziellen Abl\u00e4ufe gr\u00f6\u00dferer Organisationen zugeschnitten.<\/li>\n\n\n\n<li><strong>Verzeichnislistung:<\/strong> Exklusiv f\u00fcr den Enterprise-Tarif kann Ihre SEO-Agentur durch die Aufnahme in das Ahrefs-Verzeichnis an Sichtbarkeit gewinnen.<\/li>\n\n\n\n<li><strong>Audit-Protokoll:<\/strong> Mit dieser zus\u00e4tzlichen Funktion k\u00f6nnen Sie die Benutzeraktivit\u00e4ten in Ihrem Arbeitsbereich verfolgen und so Zuverl\u00e4ssigkeit und Sicherheit gew\u00e4hrleisten.<\/li>\n\n\n\n<li><strong>API-Zugriff:<\/strong> Wenn Sie sich f\u00fcr diesen Tarif entscheiden, k\u00f6nnen Sie die grenzenlosen M\u00f6glichkeiten der Datenmanipulation und -integration mit der Ahrefs-API nutzen.<\/li>\n\n\n\n<li><strong>SSO:<\/strong> Diese Funktion optimiert die Login-Erfahrung Ihres Teams durch das Erm\u00f6glichen von Single Sign-On (SSO).<\/li>\n<\/ul>\n\n\n\n<h2 class=\"wp-block-heading\">Add-ons mit Ahrefs-Tarifen<\/h2>\n\n\n\n<p>Ahrefs bietet flexible Add-ons, um den sich \u00e4ndernden Anforderungen Ihres Teams und Ihrer Projekte gerecht zu werden. Zus\u00e4tzliche Benutzer k\u00f6nnen \u00fcber ein Pay-as-you-go-System untergebracht werden, und bei Bedarf k\u00f6nnen auch zus\u00e4tzliche Daten aktiviert werden. F\u00fcr Nutzer eines Jahresabos sind Vorauszahlungsoptionen zu erm\u00e4\u00dfigten Preisen verf\u00fcgbar.<\/p>\n\n\n\n<ul class=\"wp-block-list\">\n<li><strong>Nutzer:<\/strong>\n<ul class=\"wp-block-list\">\n<li><strong>Inaktive Nutzer:<\/strong> Es f\u00e4llt eine Geb\u00fchr von 5 Credits pro Monat an.<\/li>\n\n\n\n<li><strong>Gelegenheitsnutzer:<\/strong> Es wird ein Guthaben von 100 monatlichen Credits gew\u00e4hrt. Die Kosten betragen 20 $ pro Benutzer.<\/li>\n\n\n\n<li><strong>Power-User:<\/strong> Das Guthaben h\u00e4ngt von Ihrem Hauptabonnement ab \u2013 Lite-Benutzer erhalten 500 Credits, Standard-Benutzer erhalten 600 und Advanced-Benutzer erhalten 750. Die Kosten betragen 50 $ pro Monat und Benutzer.<\/li>\n<\/ul>\n<\/li>\n\n\n\n<li><strong>Daten: <\/strong>Sobald Benutzer das Limit von 500 Credits \u00fcberschreiten, k\u00f6nnen sie auf einen gemeinsamen Pool zus\u00e4tzlicher Credits zugreifen, die in Bl\u00f6cken von 500 Credits zu je 46,70 \u20ac pro Monat berechnet werden. Sie haben eine zus\u00e4tzliche Berechtigung f\u00fcr 1 Million Zeilen von 46,70 \u20ac pro Monat f\u00fcr Exportzeilen.<\/li>\n\n\n\n<li><strong>Rank Tracker Tool: <\/strong>Wenn Sie mehr Keywords tracken wollen, als Ihr Tarif zul\u00e4sst, k\u00f6nnen zus\u00e4tzliche Bl\u00f6cke von 500 getrackten Keywords f\u00fcr 467 \u20ac pro Jahr hinzugef\u00fcgt werden.<\/li>\n\n\n\n<li><strong>API:<\/strong> Der Enterprise-Plan bietet API-Einheiten zu 467 \u20ac f\u00fcr 1 Million j\u00e4hrliche Einheiten. Die Kosten f\u00fcr jede API-Anfrage werden auf Basis der betroffenen Zeilen und Felder berechnet, wobei eine Mindestgeb\u00fchr von 50 Einheiten pro Anfrage anf\u00e4llt.<\/li>\n<\/ul>\n","protected":false},"excerpt":{"rendered":"<p>Ahrefs hat sich einen Ruf als eines der f\u00fchrenden SEO-Tools in der Branche erarbeitet und ist bekannt f\u00fcr seine riesige Datenbank mit \u00fcber 11 Milliarden Keywords und \u00fcber 400 Milliarden indexierten Seiten. Falls Sie sich fragen, welcher Ahrefs-Tarif 2024 am besten zu Ihren Bed\u00fcrfnissen passt, richtet sich dieser Artikel an Sie. Darin untersuchen wir die [&hellip;]<\/p>\n","protected":false},"author":20,"featured_media":0,"parent":0,"menu_order":0,"comment_status":"open","ping_status":"closed","template":"page-templates\/review-page.php","meta":{"_acf_changed":false,"_sitemap_exclude":false,"_sitemap_priority":"","_sitemap_frequency":"","footnotes":""},"class_list":["post-22615","page","type-page","status-publish","hentry"],"acf":[],"yoast_head":"<!-- This site is optimized with the Yoast SEO plugin v26.6 - https:\/\/yoast.com\/wordpress\/plugins\/seo\/ -->\n<title>Ahrefs-Tarife 2024 \u1409 Vergleich<\/title>\n<meta name=\"description\" content=\"Interesse an Ahrefs-Preisen im Jahr 2024? Unser Artikel vergleicht die Tarife Ahrefs Lite, Standard, Advanced und Enterprise \u2013 so treffen Sie die richtige Wahl f\u00fcr Ihre SEO-Ziele.\" \/>\n<meta name=\"robots\" content=\"index, follow, max-snippet:-1, max-image-preview:large, max-video-preview:-1\" \/>\n<link rel=\"canonical\" href=\"https:\/\/top10seosoftware.com\/de\/ahrefs-preise\/\" \/>\n<meta property=\"og:locale\" content=\"de_DE\" \/>\n<meta property=\"og:type\" content=\"article\" \/>\n<meta property=\"og:title\" content=\"Ahrefs-Tarife 2024 \u1409 Vergleich\" \/>\n<meta property=\"og:description\" content=\"Interesse an Ahrefs-Preisen im Jahr 2024? Unser Artikel vergleicht die Tarife Ahrefs Lite, Standard, Advanced und Enterprise \u2013 so treffen Sie die richtige Wahl f\u00fcr Ihre SEO-Ziele.\" \/>\n<meta property=\"og:url\" content=\"https:\/\/top10seosoftware.com\/de\/ahrefs-preise\/\" \/>\n<meta property=\"og:site_name\" content=\"Top 10 SEO Software\" \/>\n<meta property=\"article:modified_time\" content=\"2024-10-11T13:20:34+00:00\" \/>\n<meta name=\"twitter:card\" content=\"summary_large_image\" \/>\n<meta name=\"twitter:label1\" content=\"Gesch\u00e4tzte Lesezeit\" \/>\n\t<meta name=\"twitter:data1\" content=\"10\u00a0Minuten\" \/>\n<!-- \/ Yoast SEO plugin. -->","yoast_head_json":{"title":"Ahrefs-Tarife 2024 \u1409 Vergleich","description":"Interesse an Ahrefs-Preisen im Jahr 2024? Unser Artikel vergleicht die Tarife Ahrefs Lite, Standard, Advanced und Enterprise \u2013 so treffen Sie die richtige Wahl f\u00fcr Ihre SEO-Ziele.","robots":{"index":"index","follow":"follow","max-snippet":"max-snippet:-1","max-image-preview":"max-image-preview:large","max-video-preview":"max-video-preview:-1"},"canonical":"https:\/\/top10seosoftware.com\/de\/ahrefs-preise\/","og_locale":"de_DE","og_type":"article","og_title":"Ahrefs-Tarife 2024 \u1409 Vergleich","og_description":"Interesse an Ahrefs-Preisen im Jahr 2024? Unser Artikel vergleicht die Tarife Ahrefs Lite, Standard, Advanced und Enterprise \u2013 so treffen Sie die richtige Wahl f\u00fcr Ihre SEO-Ziele.","og_url":"https:\/\/top10seosoftware.com\/de\/ahrefs-preise\/","og_site_name":"Top 10 SEO Software","article_modified_time":"2024-10-11T13:20:34+00:00","twitter_card":"summary_large_image","twitter_misc":{"Gesch\u00e4tzte Lesezeit":"10\u00a0Minuten"},"schema":{"@context":"https:\/\/schema.org","@graph":[{"@type":"WebPage","@id":"https:\/\/top10seosoftware.com\/de\/ahrefs-preise\/","url":"https:\/\/top10seosoftware.com\/de\/ahrefs-preise\/","name":"Ahrefs-Tarife 2024 \u1409 Vergleich","isPartOf":{"@id":"https:\/\/top10seosoftware.com\/#website"},"datePublished":"2024-10-11T13:20:32+00:00","dateModified":"2024-10-11T13:20:34+00:00","description":"Interesse an Ahrefs-Preisen im Jahr 2024? Unser Artikel vergleicht die Tarife Ahrefs Lite, Standard, Advanced und Enterprise \u2013 so treffen Sie die richtige Wahl f\u00fcr Ihre SEO-Ziele.","breadcrumb":{"@id":"https:\/\/top10seosoftware.com\/de\/ahrefs-preise\/#breadcrumb"},"inLanguage":"de","potentialAction":[{"@type":"ReadAction","target":["https:\/\/top10seosoftware.com\/de\/ahrefs-preise\/"]}]},{"@type":"BreadcrumbList","@id":"https:\/\/top10seosoftware.com\/de\/ahrefs-preise\/#breadcrumb","itemListElement":[{"@type":"ListItem","position":1,"name":"Home","item":"https:\/\/top10seosoftware.com\/de\/"},{"@type":"ListItem","position":2,"name":"Ahrefs-Tarife 2024"}]},{"@type":"WebSite","@id":"https:\/\/top10seosoftware.com\/#website","url":"https:\/\/top10seosoftware.com\/","name":"Top 10 SEO Software","description":"Top 10 SEO Software","publisher":{"@id":"https:\/\/top10seosoftware.com\/#organization"},"potentialAction":[{"@type":"SearchAction","target":{"@type":"EntryPoint","urlTemplate":"https:\/\/top10seosoftware.com\/?s={search_term_string}"},"query-input":{"@type":"PropertyValueSpecification","valueRequired":true,"valueName":"search_term_string"}}],"inLanguage":"de"},{"@type":"Organization","@id":"https:\/\/top10seosoftware.com\/#organization","name":"Top 10 SEO Software","url":"https:\/\/top10seosoftware.com\/","logo":{"@type":"ImageObject","inLanguage":"de","@id":"https:\/\/top10seosoftware.com\/#\/schema\/logo\/image\/","url":"https:\/\/top10seosoftware.com\/wp-content\/uploads\/2021\/10\/logo.svg","contentUrl":"https:\/\/top10seosoftware.com\/wp-content\/uploads\/2021\/10\/logo.svg","width":1,"height":1,"caption":"Top 10 SEO Software"},"image":{"@id":"https:\/\/top10seosoftware.com\/#\/schema\/logo\/image\/"}}]}},"_links":{"self":[{"href":"https:\/\/top10seosoftware.com\/de\/wp-json\/wp\/v2\/pages\/22615","targetHints":{"allow":["GET"]}}],"collection":[{"href":"https:\/\/top10seosoftware.com\/de\/wp-json\/wp\/v2\/pages"}],"about":[{"href":"https:\/\/top10seosoftware.com\/de\/wp-json\/wp\/v2\/types\/page"}],"author":[{"embeddable":true,"href":"https:\/\/top10seosoftware.com\/de\/wp-json\/wp\/v2\/users\/20"}],"replies":[{"embeddable":true,"href":"https:\/\/top10seosoftware.com\/de\/wp-json\/wp\/v2\/comments?post=22615"}],"version-history":[{"count":0,"href":"https:\/\/top10seosoftware.com\/de\/wp-json\/wp\/v2\/pages\/22615\/revisions"}],"wp:attachment":[{"href":"https:\/\/top10seosoftware.com\/de\/wp-json\/wp\/v2\/media?parent=22615"}],"curies":[{"name":"wp","href":"https:\/\/api.w.org\/{rel}","templated":true}]}}