{"id":22668,"date":"2024-10-11T16:27:24","date_gmt":"2024-10-11T13:27:24","guid":{"rendered":"https:\/\/top10seosoftware.com\/?page_id=22668"},"modified":"2024-10-11T16:27:26","modified_gmt":"2024-10-11T13:27:26","slug":"ubersuggest-preise","status":"publish","type":"page","link":"https:\/\/top10seosoftware.com\/de\/ubersuggest-preise\/","title":{"rendered":"Ubersuggest-Tarife 2024"},"content":{"rendered":"\n<p>Ubersuggest ist ein beliebtes SEO-Tool bei kleinen Unternehmen, Solopreneuren und allen, die sich einen Vorteil in den Bereichen SEO und Content-Marketing verschaffen m\u00f6chten.<\/p>\n\n\n\n<p>Wenn Sie erw\u00e4gen, dieses Tool zu abonnieren, aber nicht sicher sind, welches Abonnement am besten zu Ihren Bed\u00fcrfnissen passt, hilft Ihnen unsere \u00dcbersicht der Ubersuggest-Preise weiter. Dieser Artikel beleuchtet die drei wichtigsten Ubersuggest-Pakete und -Preise: Business, Individual und Enterprise.<\/p>\n\n\n\n<p>Lesen Sie weiter, um herauszufinden, welche Ubersuggest-Preise im Jahr 2024 am besten zu Ihren Bed\u00fcrfnissen passen.<\/p>\n\n\n\n<h2 class=\"wp-block-heading\">Ubersuggest-Individual-Tarif<\/h2>\n\n\n\n<p>Der Individual-Tarif von Ubersuggest ist ideal f\u00fcr alle, die ein knappes Budget haben und nach einem robusten SEO-Tool suchen. Mit einem Preis von nur 29 \u20ac pro Monat richtet er sich an diejenigen, die eine einzige Website verwalten und ihre Kosten niedrig halten m\u00f6chten. Doch jetzt kommt der Clou: Ubersuggest bietet ein lebenslanges Abo f\u00fcr nur 290 \u20ac an. Ja, Sie haben richtig gelesen \u2013 wenn Sie einmal zahlen, lassen Sie die monatlichen Ubersuggest-Preise f\u00fcr immer hinter sich.<\/p>\n\n\n\n<h3 class=\"wp-block-heading\">Was beinhaltet der Ubersuggest-Individual-Tarif?<\/h3>\n\n\n\n<ul class=\"wp-block-list\">\n<li><strong>SEO-Schulung und -Support:<\/strong> Alle Abonnenten haben Zugang zu einem Schritt-f\u00fcr-Schritt-SEO-Schulungskurs, praktischen Vorlagen, Arbeitsbl\u00e4ttern, zweiw\u00f6chentlichen Coaching-Calls und einem dedizierten E-Mail-Support rund um die Uhr.<\/li>\n\n\n\n<li><strong>Berichte und Projekte:<\/strong> Mit diesem Tarif k\u00f6nnen Sie bis zu 150 W\u00f6rter pro Tag generieren und erhalten detaillierte Einblicke in Ihre SEO-Performance. Diese Ubersuggest-Preisoption ist ideal f\u00fcr Solopreneure oder einzelne Website-Besitzer, da Sie nur ein Projekt erstellen k\u00f6nnen.<\/li>\n\n\n\n<li><strong>Chrome-Erweiterung:<\/strong> Mit dem Individual-Tarif erhalten Sie 150 Such-Limits f\u00fcr die Chrome-Erweiterung von Ubersuggest und k\u00f6nnen beim Surfen Keyword-Daten wie Suchvolumen und CPC in Echtzeit abrufen.<\/li>\n\n\n\n<li><strong>Rank Tracking:<\/strong> Benutzer k\u00f6nnen bis zu 125 Keywords mit t\u00e4glichen Updates an 20 Standorten tracken.<\/li>\n\n\n\n<li><strong>Site Audit:<\/strong> Dieser Ubersuggest-Tarif bietet eine w\u00f6chentliche Website-Pr\u00fcfung, die bis zu 1.000 Seiten pro Bericht durchsucht.<\/li>\n\n\n\n<li><strong>Keyword-Recherche:<\/strong> Wenn Sie an einer umfassenden Keyword-Recherche interessiert sind, erhalten Sie Zugriff auf historische Daten, bis zu 20.000 Keyword-Vorschl\u00e4ge und 2.000 Content-Ideen. Sie k\u00f6nnen 2.000 Datenzeilen pro Bericht exportieren und Filter anwenden, um die Informationen zu sortieren.<\/li>\n\n\n\n<li><strong>Wettbewerbsanalyse:<\/strong> Neben Ihrer eigenen Website k\u00f6nnen Sie bis zu 5 Mitbewerber \u00fcberwachen und wertvolle Einblicke in deren leistungsst\u00e4rkste Seiten und Keywords gewinnen. So k\u00f6nnen Sie Ihre eigenen Fortschritte bewerten und die der Mitbewerber langfristig im Auge behalten. Dar\u00fcber hinaus k\u00f6nnen Sie bis zu 20.000 der wichtigsten trafficsteigernden Keywords Ihrer Mitbewerber untersuchen und haben die M\u00f6glichkeit, Daten in 2.000-Zeilen-Segmenten f\u00fcr jeden Wettbewerbsanalysebericht zu exportieren und zu filtern.<\/li>\n\n\n\n<li><strong>Backlinks:<\/strong> Dieser Tarif bietet einen umfassenden \u00dcberblick \u00fcber Ihre Linkbuilding-Strategie mit einer Linkhistorie von drei Jahren. Sie k\u00f6nnen bis zu 2.000 Zeilen mit Backlink-Daten anzeigen und so eine tiefgehende Analyse Ihres Profils durchf\u00fchren. Er enth\u00e4lt au\u00dferdem eine 30-t\u00e4gige Momentaufnahme neuer und verlorener Links, mit der Sie Ihre Bem\u00fchungen zum Linkaufbau genau \u00fcberwachen k\u00f6nnen. Mit Filteroptionen k\u00f6nnen Sie Ihre Analyse leicht verfeinern.<\/li>\n<\/ul>\n\n\n\n<h3 class=\"wp-block-heading\">Fazit<\/h3>\n\n\n\n<p>Der Ubersuggest-Individual-Tarif ist eine der erschwinglichsten SEO-Optionen auf dem Markt und eignet sich daher hervorragend f\u00fcr Anf\u00e4nger. Besonders hervorzuheben sind die Wettbewerbsanalyse-Tools mit wertvollen Funktionen. Es ist ein idealer Tarif f\u00fcr diejenigen, die eine einzelne Website verwalten und nach wertvollen Erkenntnissen suchen, ohne umfassende Daten zu ben\u00f6tigen.<\/p>\n\n\n\n<h2 class=\"wp-block-heading\">Ubersuggest-Business-Tarif<\/h2>\n\n\n\n<p>Der Ubersuggest-Business-Tarif ist die mittlere Stufe unter den Ubersuggest-Preisen. Er eignet sich f\u00fcr kleine und mittlere Unternehmen mit zwei bis sieben Websites. Dieser Tarif kostet 49 \u20ac pro Monat und bietet Ihnen erweiterte Limits f\u00fcr bestimmte Funktionen. Auch hier gibt es keine j\u00e4hrliche Zahlungsoption. Stattdessen ist der Business-Tarif, \u00e4hnlich wie der Individual-Tarif auch, f\u00fcr 490 \u20ac im lebenslangen Abonnement erh\u00e4ltlich.<\/p>\n\n\n\n<h3 class=\"wp-block-heading\">Was beinhaltet der Ubersuggest-Business-Tarif?<\/h3>\n\n\n\n<ul class=\"wp-block-list\">\n<li><strong>SEO-Schulung und -Support: <\/strong>Unabh\u00e4ngig vom gew\u00e4hlten Tarif haben alle Abonnenten Zugang zu umfangreichen Schulungen und Support.<\/li>\n\n\n\n<li><strong>Berichte und Projekte:<\/strong> Wenn Sie sich f\u00fcr den Business-Tarif entscheiden, erhalten Sie Zugang zu 300 Berichten pro Tag, was f\u00fcr diejenigen, die h\u00e4ufigere Einblicke ben\u00f6tigen, eine erhebliche Verbesserung darstellt. Dieser Tarif eignet sich besonders f\u00fcr mittelgro\u00dfe Betriebe, da er die Verwaltung von bis zu sieben Projekten erm\u00f6glicht.<\/li>\n\n\n\n<li><strong>Chrome Extension:<\/strong> Mit einem Suchlimit von 300 in der Chrome-Erweiterung von Ubersuggest bietet dieser Tarif ein ausgewogenes Verh\u00e4ltnis zwischen Nutzen und Volumen und liefert zahlreiche Keyword-Daten in Echtzeit.<\/li>\n\n\n\n<li><strong>Rank Tracking:<\/strong> Diese Stufe innerhalb der Ubersuggest-Tarife erm\u00f6glicht das Tracking von 150 Keywords pro Projekt, einschlie\u00dflich t\u00e4glicher Updates und unbegrenzter geografischer Standorte \u2013 perfekt f\u00fcr Unternehmen, die eine vielf\u00e4ltige Kundenbasis ansprechen m\u00f6chten.<\/li>\n\n\n\n<li><strong>Site Audit:<\/strong> Mit der M\u00f6glichkeit, bis zu 5.000 Seiten pro Wochenbericht zu durchsuchen, bietet der Business-Tarif umfassendere Website-Audits als seine budgetfreundlichen Pendants.<\/li>\n\n\n\n<li><strong>Keyword-Recherche:<\/strong> Abonnenten erhalten Zugriff auf historische Daten und k\u00f6nnen bis zu 50.000 Keyword-Vorschl\u00e4ge und 5.000 Content-Ideen einsehen. Benutzer k\u00f6nnen 5.000 Datenzeilen pro Bericht exportieren und Filter anwenden, um ihre Recherche zu optimieren.<\/li>\n\n\n\n<li><strong>Wettbewerbsanalyse:<\/strong> Mit diesem Tarif k\u00f6nnen Sie bis zu 20 \u00e4hnliche Websites und 10 direkte Konkurrenten \u00fcberwachen. Er gibt Ihnen Einblicke in die 5.000 besten Seiten und 50.000 Keywords der Konkurrenz. Durch die M\u00f6glichkeit, 5.000 Zeilen pro Bericht zu exportieren und zu filtern, eignet sich dieser Tarif gut f\u00fcr Unternehmen, die eine Wettbewerbs\u00fcberwachung w\u00fcnschen, ohne zu sehr ins Detail zu gehen.<\/li>\n\n\n\n<li><strong>Backlinks:<\/strong> Dieser Tarif bietet einen umfassenden \u00dcberblick \u00fcber Ihre Linkbuilding-Strategie, indem er eine Linkhistorie von drei Jahren bereitstellt. Sie k\u00f6nnen bis zu 5.000 Zeilen mit Backlink-Daten anzeigen und erhalten eine 30-t\u00e4gige Momentaufnahme neu erworbener und verlorener Links, sodass Sie Ihre Strategie verfeinern k\u00f6nnen.<\/li>\n<\/ul>\n\n\n\n<h3 class=\"wp-block-heading\">Fazit<\/h3>\n\n\n\n<p>Der Business-Tarif ist eine L\u00f6sung, die abgesehen von h\u00f6heren Limits keine neuen Funktionen bietet, die nicht auch im Individual-Paket oder anderen Ubersuggest-Preisen verf\u00fcgbar sind.<\/p>\n\n\n\n<p>Wenn Sie diesen Tarif&nbsp; in Betracht ziehen, aber auf Ihr Budget achten, denken Sie daran, dass Sie Ihr Paket mit erschwinglichen Add-ons erweitern k\u00f6nnen. Angenommen, Sie m\u00fcssen mehr als eine Website analysieren, aber die verbleibenden Limits aus dem Individual-Tarif reichen Ihnen aus. In diesem Fall k\u00f6nnen Sie einen Business-Tarif in Betracht ziehen oder ein Add-on mit drei zus\u00e4tzlichen Projekten, 125 Keywords und drei Wettbewerbern f\u00fcr 5 $\/Monat erwerben.<\/p>\n\n\n\n<h2 class=\"wp-block-heading\">Ubersuggest-Enterprise-Tarif<\/h2>\n\n\n\n<p>Die h\u00f6chste Stufe der Ubersuggest-Pakete und -Preise ist der Enterprise-Tarif. Er ist auf gro\u00dfe Unternehmen und Agenturen zugeschnitten, die acht bis 15 Websites verwalten. Mit einem monatlichen Preis von 99 \u20ac bietet dieser Tarif die umfangreichsten Limits, um anspruchsvolleren SEO-Anforderungen gerecht zu werden. Wenn Sie eine einmalige Investition bevorzugen, bietet Ubersuggest den Enterprise-Tarif auch f\u00fcr 990 \u20ac als lebenslange Option an.<\/p>\n\n\n\n<h3 class=\"wp-block-heading\">Was beinhaltet der Ubersuggest-Enterprise-Tarif?<\/h3>\n\n\n\n<ul class=\"wp-block-list\">\n<li><strong>SEO-Schulung und -Support:<\/strong> Wie bei allen anderen Tarifen erhalten auch Enterprise-Abonnenten Zugang zu Schritt-f\u00fcr-Schritt-SEO-Schulungskursen, praktischen Vorlagen, Arbeitsbl\u00e4ttern, zweiw\u00f6chentlichen Coaching-Anrufen und dediziertem E-Mail-Support.<\/li>\n\n\n\n<li><strong>Berichte und Projekte:<\/strong> Der Tarif wurde f\u00fcr gr\u00f6\u00dfere Organisationen entwickelt und erm\u00f6glicht es Ihnen, bis zu 15 Projekte zu verwalten und t\u00e4glich bis zu 900 Berichte zu erstellen.<\/li>\n\n\n\n<li><strong>Chrome-Erweiterung:<\/strong> Abonnenten erhalten ein gro\u00dfz\u00fcgiges Suchlimit von 900 f\u00fcr die Ubersuggest-Chrome-Erweiterung, die eine F\u00fclle von Keyword-Daten in Echtzeit bereitstellt.<\/li>\n\n\n\n<li><strong>Rank Tracking:<\/strong> Mit diesem Tarif k\u00f6nnen Sie bis zu 300 Keywords pro Projekt tracken und erhalten t\u00e4gliche Updates f\u00fcr unbegrenzt viele geografische Standorte.<\/li>\n\n\n\n<li><strong>Website-Audit:<\/strong> Der Enterprise-Tarif bietet ein umfangreiches Crawling-Limit von 10.000 Seiten pro w\u00f6chentlichem Bericht und ist somit ideal f\u00fcr gr\u00f6\u00dfere, umfangreichere Websites.<\/li>\n\n\n\n<li><strong>Keyword-Recherche:<\/strong> Mit Zugriff auf historische Daten, 100.000 Keyword-Vorschl\u00e4ge und 10.000 Content-Ideen k\u00f6nnen Sie eine professionelle Keyword-Strategie entwickeln. Dieser Tarif erm\u00f6glicht den Export von 10.000 Datenzeilen pro Bericht und bietet umfangreiche Analysen f\u00fcr Ihre Recherchen.<\/li>\n\n\n\n<li><strong>Wettbewerbsanalyse:<\/strong> Wenn Sie Ihre Konkurrenz genau im Auge behalten m\u00f6chten, k\u00f6nnen Sie mit diesem Tarif bis zu 20 \u00e4hnliche Websites und 15 direkte Konkurrenten \u00fcberwachen. Er bietet einen detaillierten Einblick in deren Top-10.000-Seiten und 100.000 Keywords und ist somit eine ausgezeichnete Wahl f\u00fcr Unternehmen, die umfassende Wettbewerbseinblicke ben\u00f6tigen.<\/li>\n\n\n\n<li><strong>Backlinks:<\/strong> Diese Option bietet wie die anderen Tarife einen Linkverlauf von drei Jahren und 10.000 Zeilen Backlink-Daten. Sie erhalten au\u00dferdem eine 30-t\u00e4gige Momentaufnahme Ihrer neuen und verlorenen Links, sodass Sie Ihre Bem\u00fchungen zum Linkaufbau genau verfolgen k\u00f6nnen.<\/li>\n<\/ul>\n\n\n\n<h3 class=\"wp-block-heading\">Fazit<\/h3>\n\n\n\n<p>Obwohl der Enterprise-Tarif das umfassendste Angebot unter den Ubersuggest-Preisen ist, bleibt er eine der erschwinglicheren L\u00f6sungen auf dem Markt. Zwar bietet er die h\u00f6chsten Limits und unterst\u00fctzt bis zu 15 Domains, f\u00fchrt aber keine neuen Funktionen ein, die nicht auch in den anderen Ubersuggest-Tarifen verf\u00fcgbar sind. Obwohl er auf gro\u00dfe Unternehmen zugeschnitten ist, sei an dieser Stelle erw\u00e4hnt, dass es Tools mit mehr Funktionen zu \u00e4hnlichen Preisen gibt. <a href=\"https:\/\/seranking.com\/subscription.html?ga=818080\"><strong>SE Ranking<\/strong><\/a> beispielsweise bietet eine breitere Palette an Funktionen und kostet 59,00 \u20ac pro Monat (oder weniger im Jahresabo).<\/p>\n\n\n\n<h2 class=\"wp-block-heading\">Add-ons beim Ubersuggest-Tarif<\/h2>\n\n\n\n<p>F\u00fcr einen Aufpreis von 5 $\/Monat k\u00f6nnen Sie Ihre Ubersuggest-Erfahrung in jedem Tarif mit verschiedenen Add-ons erweitern. Dazu geh\u00f6ren:<\/p>\n\n\n\n<ul class=\"wp-block-list\">\n<li>500 zus\u00e4tzliche t\u00e4gliche Suchanfragen<\/li>\n\n\n\n<li>Zus\u00e4tzliche Domains (bestehend aus 125 Keywords, 3 Wettbewerbern)<\/li>\n\n\n\n<li>250 zus\u00e4tzliche getrackte Keywords<\/li>\n\n\n\n<li>Zus\u00e4tzliche Mitbewerber-Domains<\/li>\n\n\n\n<li>Zus\u00e4tzliche Benutzer<\/li>\n<\/ul>\n\n\n\n<h2 class=\"wp-block-heading\">Kostenloses Probeabonnement<\/h2>\n\n\n\n<p>Jeder der in unserem Ubersuggest-Preisvergleich beschriebenen monatlichen Ubersuggest-Preise beinhaltet die Option einer kostenlosen 7-t\u00e4gigen Testversion, die Sie jederzeit k\u00fcndigen k\u00f6nnen. Wenn Sie den Kauf eines lebenslangen Pakets in Erw\u00e4gung ziehen, haben Sie anstelle einer Testversion die zus\u00e4tzliche Sicherheit einer 30-t\u00e4gigen Geld-zur\u00fcck-Garantie.<\/p>\n\n\n\n<figure class=\"wp-block-image\"><img loading=\"lazy\" decoding=\"async\" width=\"1024\" height=\"677\" src=\"https:\/\/top10seosoftware.com\/wp-content\/uploads\/2024\/10\/image-20.png\" alt=\"Ubersuggest Pricing Plan 1\" class=\"wp-image-22677\" srcset=\"https:\/\/top10seosoftware.com\/wp-content\/uploads\/2024\/10\/image-20.png 1024w, https:\/\/top10seosoftware.com\/wp-content\/uploads\/2024\/10\/image-20-300x198.png 300w, https:\/\/top10seosoftware.com\/wp-content\/uploads\/2024\/10\/image-20-768x508.png 768w\" sizes=\"auto, (max-width: 1024px) 100vw, 1024px\" \/><\/figure>\n\n\n\n<figure class=\"wp-block-image\"><img loading=\"lazy\" decoding=\"async\" width=\"1024\" height=\"828\" src=\"https:\/\/top10seosoftware.com\/wp-content\/uploads\/2024\/10\/image-19.png\" alt=\"Ubersuggest Pricing Plan 2\" class=\"wp-image-22669\" srcset=\"https:\/\/top10seosoftware.com\/wp-content\/uploads\/2024\/10\/image-19.png 1024w, https:\/\/top10seosoftware.com\/wp-content\/uploads\/2024\/10\/image-19-300x243.png 300w, https:\/\/top10seosoftware.com\/wp-content\/uploads\/2024\/10\/image-19-768x621.png 768w\" sizes=\"auto, (max-width: 1024px) 100vw, 1024px\" \/><\/figure>\n\n\n\n<h2 class=\"wp-block-heading\">Welcher Ubersuggest-Tarif ist der beste?<\/h2>\n\n\n\n<p>Nach unserem detaillierten Vergleich der Ubersuggest-Preise f\u00fcr das Jahr 2024 ist der Individual-Tarif die beste Wahl f\u00fcr alle, die gerade erst in die Suchmaschinenoptimierung einsteigen. F\u00fcr bescheidene 29 \u20ac pro Monat (mit der Option eines lebenslangen Abonnements f\u00fcr nur 290 \u20ac) bietet er eine Reihe von Tools zur Wettbewerbsanalyse und andere Funktionen, die f\u00fcr Solopreneure oder Einzelpersonen mit einer einzigen Website ausreichen sollten. Es handelt sich um eine erschwingliche und dennoch robuste Option, insbesondere f\u00fcr diejenigen, die keine umfassende Datenanalyse ben\u00f6tigen oder nur eine begrenzte Anzahl von Websites verwalten.<\/p>\n\n\n\n<p>Bei der Bewertung der anderen Ubersuggest-Preise \u2013 Business und Enterprise \u2013 ist zu beachten, dass diese h\u00f6herwertigen Tarife im Gegensatz zu anderen SEO-Plattformen keine neuen Tools oder Funktionen einf\u00fchren. Stattdessen bieten sie erweiterte Limits f\u00fcr bestehende Funktionen, wie etwa die Anzahl der Berichte, Projekte und der getrackten Keywords. Wenn das im Individual-Tarif enthaltene Toolset Ihren Anforderungen entspricht, aber eine gr\u00f6\u00dfere Datenkapazit\u00e4t erfordert, k\u00f6nnten die Business- oder Enterprise-Tarife eine gute L\u00f6sung f\u00fcr Sie sein.<\/p>\n\n\n\n<p>Auch die M\u00f6glichkeit, Ihre Ubersuggest-Erfahrung mit verschiedenen Add-ons zu einem Festpreis unabh\u00e4ngig von Ihrem gew\u00e4hlten Tarif zu verbessern, sollte hervorgehoben werden. Diese Flexibilit\u00e4t macht den Individual-Tarif zu einem noch attraktiveren Ausgangspunkt: Sie k\u00f6nnen jederzeit weitere Funktionen hinzuf\u00fcgen, wenn sich Ihre Anforderungen \u00e4ndern, ohne auf einen teureren Tarif umsteigen zu m\u00fcssen.<\/p>\n\n\n\n<h2 class=\"wp-block-heading\">Fazit<\/h2>\n\n\n\n<p>Ubersuggest ist ein benutzerfreundliches und kosteng\u00fcnstiges SEO-Tool, das sich hervorragend f\u00fcr Einsteiger eignet. Alle Ubersuggest-Preise sind im Vergleich zu den Mitbewerbern relativ g\u00fcnstig, aber diese Erschwinglichkeit geht mit einem Kompromiss in Bezug auf die Raffinesse und die F\u00e4higkeiten des Tools einher.<\/p>\n\n\n\n<p>W\u00e4hrend Ubersuggests Funktionen f\u00fcr Einzelpersonen und kleine Unternehmen ausreichen k\u00f6nnen, ist das Angebot f\u00fcr gr\u00f6\u00dfere Unternehmen und SEO-Agenturen m\u00f6glicherweise zu begrenzt.<\/p>\n\n\n\n<p>Sind Sie auf der Suche nach fortgeschritteneren Funktionen, sollten Sie eine andere SEO-Plattform wie SE Ranking in Betracht ziehen. M\u00f6glicherweise bietet diese mit einer breiteren Palette an Funktionen zu einem wettbewerbsf\u00e4higen Preis ein besseres Preis-Leistungs-Verh\u00e4ltnis.<\/p>\n\n\n<div class=\"wp-block-comments-wpdiscuz is-layout-flow wp-block-comments-wpdiscuz-is-layout-flow\"><div><\/div><\/div>","protected":false},"excerpt":{"rendered":"<p>Ubersuggest ist ein beliebtes SEO-Tool bei kleinen Unternehmen, Solopreneuren und allen, die sich einen Vorteil in den Bereichen SEO und Content-Marketing verschaffen m\u00f6chten. Wenn Sie erw\u00e4gen, dieses Tool zu abonnieren, aber nicht sicher sind, welches Abonnement am besten zu Ihren Bed\u00fcrfnissen passt, hilft Ihnen unsere \u00dcbersicht der Ubersuggest-Preise weiter. Dieser Artikel beleuchtet die drei wichtigsten [&hellip;]<\/p>\n","protected":false},"author":20,"featured_media":0,"parent":0,"menu_order":0,"comment_status":"open","ping_status":"closed","template":"page-templates\/review-page.php","meta":{"_acf_changed":false,"_sitemap_exclude":false,"_sitemap_priority":"","_sitemap_frequency":"","footnotes":""},"class_list":["post-22668","page","type-page","status-publish","hentry"],"acf":[],"yoast_head":"<!-- This site is optimized with the Yoast SEO plugin v26.6 - https:\/\/yoast.com\/wordpress\/plugins\/seo\/ -->\n<title>Ubersuggest-Tarife 2024 \u1409 Vergleich<\/title>\n<meta name=\"description\" content=\"Sie suchen den besten Ubersuggest-Tarif im Jahr 2024? Klicken Sie hier, um die drei Tarifoptionen zu vergleichen und das beste Abonemment f\u00fcr Ihre Bed\u00fcrfnisse zu finden.\" \/>\n<meta name=\"robots\" content=\"index, follow, max-snippet:-1, max-image-preview:large, max-video-preview:-1\" \/>\n<link rel=\"canonical\" href=\"https:\/\/top10seosoftware.com\/de\/ubersuggest-preise\/\" \/>\n<meta property=\"og:locale\" content=\"de_DE\" \/>\n<meta property=\"og:type\" content=\"article\" \/>\n<meta property=\"og:title\" content=\"Ubersuggest-Tarife 2024 \u1409 Vergleich\" \/>\n<meta property=\"og:description\" content=\"Sie suchen den besten Ubersuggest-Tarif im Jahr 2024? Klicken Sie hier, um die drei Tarifoptionen zu vergleichen und das beste Abonemment f\u00fcr Ihre Bed\u00fcrfnisse zu finden.\" \/>\n<meta property=\"og:url\" content=\"https:\/\/top10seosoftware.com\/de\/ubersuggest-preise\/\" \/>\n<meta property=\"og:site_name\" content=\"Top 10 SEO Software\" \/>\n<meta property=\"article:modified_time\" content=\"2024-10-11T13:27:26+00:00\" \/>\n<meta name=\"twitter:card\" content=\"summary_large_image\" \/>\n<meta name=\"twitter:label1\" content=\"Gesch\u00e4tzte Lesezeit\" \/>\n\t<meta name=\"twitter:data1\" content=\"8\u00a0Minuten\" \/>\n<!-- \/ Yoast SEO plugin. -->","yoast_head_json":{"title":"Ubersuggest-Tarife 2024 \u1409 Vergleich","description":"Sie suchen den besten Ubersuggest-Tarif im Jahr 2024? Klicken Sie hier, um die drei Tarifoptionen zu vergleichen und das beste Abonemment f\u00fcr Ihre Bed\u00fcrfnisse zu finden.","robots":{"index":"index","follow":"follow","max-snippet":"max-snippet:-1","max-image-preview":"max-image-preview:large","max-video-preview":"max-video-preview:-1"},"canonical":"https:\/\/top10seosoftware.com\/de\/ubersuggest-preise\/","og_locale":"de_DE","og_type":"article","og_title":"Ubersuggest-Tarife 2024 \u1409 Vergleich","og_description":"Sie suchen den besten Ubersuggest-Tarif im Jahr 2024? Klicken Sie hier, um die drei Tarifoptionen zu vergleichen und das beste Abonemment f\u00fcr Ihre Bed\u00fcrfnisse zu finden.","og_url":"https:\/\/top10seosoftware.com\/de\/ubersuggest-preise\/","og_site_name":"Top 10 SEO Software","article_modified_time":"2024-10-11T13:27:26+00:00","twitter_card":"summary_large_image","twitter_misc":{"Gesch\u00e4tzte Lesezeit":"8\u00a0Minuten"},"schema":{"@context":"https:\/\/schema.org","@graph":[{"@type":"WebPage","@id":"https:\/\/top10seosoftware.com\/de\/ubersuggest-preise\/","url":"https:\/\/top10seosoftware.com\/de\/ubersuggest-preise\/","name":"Ubersuggest-Tarife 2024 \u1409 Vergleich","isPartOf":{"@id":"https:\/\/top10seosoftware.com\/#website"},"primaryImageOfPage":{"@id":"https:\/\/top10seosoftware.com\/de\/ubersuggest-preise\/#primaryimage"},"image":{"@id":"https:\/\/top10seosoftware.com\/de\/ubersuggest-preise\/#primaryimage"},"thumbnailUrl":"https:\/\/top10seosoftware.com\/wp-content\/uploads\/2024\/10\/image-20.png","datePublished":"2024-10-11T13:27:24+00:00","dateModified":"2024-10-11T13:27:26+00:00","description":"Sie suchen den besten Ubersuggest-Tarif im Jahr 2024? Klicken Sie hier, um die drei Tarifoptionen zu vergleichen und das beste Abonemment f\u00fcr Ihre Bed\u00fcrfnisse zu finden.","breadcrumb":{"@id":"https:\/\/top10seosoftware.com\/de\/ubersuggest-preise\/#breadcrumb"},"inLanguage":"de","potentialAction":[{"@type":"ReadAction","target":["https:\/\/top10seosoftware.com\/de\/ubersuggest-preise\/"]}]},{"@type":"ImageObject","inLanguage":"de","@id":"https:\/\/top10seosoftware.com\/de\/ubersuggest-preise\/#primaryimage","url":"https:\/\/top10seosoftware.com\/wp-content\/uploads\/2024\/10\/image-20.png","contentUrl":"https:\/\/top10seosoftware.com\/wp-content\/uploads\/2024\/10\/image-20.png"},{"@type":"BreadcrumbList","@id":"https:\/\/top10seosoftware.com\/de\/ubersuggest-preise\/#breadcrumb","itemListElement":[{"@type":"ListItem","position":1,"name":"Home","item":"https:\/\/top10seosoftware.com\/de\/"},{"@type":"ListItem","position":2,"name":"Ubersuggest-Tarife 2024"}]},{"@type":"WebSite","@id":"https:\/\/top10seosoftware.com\/#website","url":"https:\/\/top10seosoftware.com\/","name":"Top 10 SEO Software","description":"Top 10 SEO Software","publisher":{"@id":"https:\/\/top10seosoftware.com\/#organization"},"potentialAction":[{"@type":"SearchAction","target":{"@type":"EntryPoint","urlTemplate":"https:\/\/top10seosoftware.com\/?s={search_term_string}"},"query-input":{"@type":"PropertyValueSpecification","valueRequired":true,"valueName":"search_term_string"}}],"inLanguage":"de"},{"@type":"Organization","@id":"https:\/\/top10seosoftware.com\/#organization","name":"Top 10 SEO Software","url":"https:\/\/top10seosoftware.com\/","logo":{"@type":"ImageObject","inLanguage":"de","@id":"https:\/\/top10seosoftware.com\/#\/schema\/logo\/image\/","url":"https:\/\/top10seosoftware.com\/wp-content\/uploads\/2021\/10\/logo.svg","contentUrl":"https:\/\/top10seosoftware.com\/wp-content\/uploads\/2021\/10\/logo.svg","width":1,"height":1,"caption":"Top 10 SEO Software"},"image":{"@id":"https:\/\/top10seosoftware.com\/#\/schema\/logo\/image\/"}}]}},"_links":{"self":[{"href":"https:\/\/top10seosoftware.com\/de\/wp-json\/wp\/v2\/pages\/22668","targetHints":{"allow":["GET"]}}],"collection":[{"href":"https:\/\/top10seosoftware.com\/de\/wp-json\/wp\/v2\/pages"}],"about":[{"href":"https:\/\/top10seosoftware.com\/de\/wp-json\/wp\/v2\/types\/page"}],"author":[{"embeddable":true,"href":"https:\/\/top10seosoftware.com\/de\/wp-json\/wp\/v2\/users\/20"}],"replies":[{"embeddable":true,"href":"https:\/\/top10seosoftware.com\/de\/wp-json\/wp\/v2\/comments?post=22668"}],"version-history":[{"count":0,"href":"https:\/\/top10seosoftware.com\/de\/wp-json\/wp\/v2\/pages\/22668\/revisions"}],"wp:attachment":[{"href":"https:\/\/top10seosoftware.com\/de\/wp-json\/wp\/v2\/media?parent=22668"}],"curies":[{"name":"wp","href":"https:\/\/api.w.org\/{rel}","templated":true}]}}