{"id":6072,"date":"2022-06-20T16:27:18","date_gmt":"2022-06-20T13:27:18","guid":{"rendered":"https:\/\/top10seosoftware.com\/?page_id=6072"},"modified":"2024-01-10T03:45:51","modified_gmt":"2024-01-10T00:45:51","slug":"top-10-seo-software","status":"publish","type":"page","link":"https:\/\/top10seosoftware.com\/de\/","title":{"rendered":"TOP 10 SEO SOFTWARE"},"content":{"rendered":"\n<h2 class=\"wp-block-heading\">Alles, was du wissen musst, bevor du eine Entscheidung triffst<\/h2>\n\n\n\n<h3 class=\"wp-block-heading\">Haftungsausschluss<\/h3>\n\n\n\n<p>Das Team von Top10 SEO Software w\u00e4hlt SEO-Softwarel\u00f6sungen f\u00fcr die \u00dcberpr\u00fcfung unabh\u00e4ngig aus. Wir k\u00f6nnen durch den Kauf von Links Partnerprovisionen erhalten, die zur Unterst\u00fctzung unserer Tests beitragen.<\/p>\n\n\n\n<h2 class=\"wp-block-heading\">Was ist Suchmaschinenoptimierung (SEO)?<\/h2>\n\n\n\n<p>Suchmaschinenoptimierung (SEO) ist der Prozess der Maximierung des Traffics, der auf einer bestimmten Website ankommt, indem alle notwendigen OnPage- und OffPage-Schritte unternommen werden, um sicherzustellen, dass die Website weit oben auf den Suchmaschinenergebnisseiten (SERPs) erscheint.<\/p>\n\n\n\n<p>Da Google regelm\u00e4\u00dfig \u00c4nderungen an seinem Algorithmus vornimmt, muss jeder, der mit SEO zu tun hat, auf der Hut sein, um auf dem Laufenden zu bleiben. Die gute Nachricht ist, dass sich ein Teil von SEO noch nicht ge\u00e4ndert hat. Ich beziehe mich dabei auf die Tatsache, dass dieser Prozess sowohl OnPage- als auch OffPage-Optimierungsaktivit\u00e4ten umfasst.<\/p>\n\n\n\n<h2 class=\"wp-block-heading\">Was ist OnPage- und OffPage-SEO?<\/h2>\n\n\n\n<p>Der Prozess der Suchmaschinenoptimierung umfasst zwei wesentliche Teile &#8211; OnPage-Optimierung und OffPage-Optimierung.<\/p>\n\n\n\n<p>OnPage-SEO ist, laienhaft ausgedr\u00fcckt, die Praxis der Optimierung von Webseiteninhalten, sowohl f\u00fcr Suchmaschinen als auch f\u00fcr Besucher. Als Faustregel gilt, dass bestimmte Keywords im Hauptteil des Seiteninhalts sowie im Titel-Tag, in der Meta-Beschreibung, in den Headings, in den Alt-Texten usw. verwendet werden m\u00fcssen. Hinzu kommen die Optimierung der Ladegeschwindigkeit der Seite, die Verwendung von Social Sharing-Buttons, eine klare Seitenstruktur, die URL-Formatierung und vieles mehr.<\/p>\n\n\n\n<p>Bei der OffPage-SEO geht es hingegen darum, ein hochwertiges Backlink-Profil aufzubauen, indem man namhafte, angesehene Websites einbindet und sie bittet, ebenfalls auf dich zu verlinken. Dar\u00fcber hinaus spielen hier auch Social Sharing Signals eine gro\u00dfe Rolle. Betrachte OffPage-SEO als Networking mit anderen Websites im realen Leben mit dem Ziel, starke Beziehungen aufzubauen, die wiederum dazu f\u00fchren, dass die Suchmaschinen deinem Unternehmen mehr Vertrauen entgegenbringen.<\/p>\n\n\n\n<h2 class=\"wp-block-heading\">Welche SEO-Software-Funktionen sind wichtig?<\/h2>\n\n\n\n<p>Nachdem wir nun wissen, was SEO ist und aus welchen wesentlichen Bestanteilen es besteht, werfen wir einen Blick auf einige SEO-Tools, die in jeder erstklassigen Software enthalten sein m\u00fcssen. Wenn du diese kennst und verstehst, kannst du die Bed\u00fcrfnisse deines Unternehmens besser einsch\u00e4tzen und so die f\u00fcr dich perfekte SEO-L\u00f6sung finden.<\/p>\n\n\n\n<h2 class=\"wp-block-heading\">Detaillierte Website-Audits<\/h2>\n\n\n\n<p>Bei einem umfassenden SEO-Audit wird jede einzelne Seite einer Website gescannt und danach bewertet, wie optimiert ihre OnPage- und OffPage-Elemente sowohl f\u00fcr Suchmaschinen als auch f\u00fcr Besucher sind. Kurz gesagt, das Audit folgt beim \u00dcberpr\u00fcfen der Seiten einer Checkliste mit dem Ziel, technische Probleme zu finden, die die Performance der Website in den Suchmaschinen behindern und daher behoben werden m\u00fcssen.<\/p>\n\n\n\n<p>Mit einem vollst\u00e4ndigen, detaillierten Audit kannst du deine Website mit der deiner Hauptkonkurrenten vergleichen, um deine Strategie zu \u00e4ndern und sie auszustechen, um herauszufinden, was wie verbessert werden muss, und um ein Gesamtverst\u00e4ndnis davon zu erhalten, wie SEO-effizient deine Website in den Augen der Suchmaschinen ist.<\/p>\n\n\n\n<h2 class=\"wp-block-heading\">Analyse des Backlink-Profils<\/h2>\n\n\n\n<p>Eine Analyse deines Backlink-Profils zeigt dir eine Liste aller Websites, die auf deine Website verlinken, und macht deutlich, wie dein Backlink-Profil deine Chancen auf ein hohes Ranking in den SERPs erh\u00f6ht.<\/p>\n\n\n\n<p>Dar\u00fcber hinaus hebt die Backlink-Analyse in der Regel auch minderwertige Backlinks hervor, d. h. solche, die unnat\u00fcrlich sind, von Spam-Websites stammen und von Google abgestraft werden k\u00f6nnen. Du musst solche Backlinks deaktivieren, damit der Ruf deiner Website gewahrt und makellos bleibt. Schau aber nicht nur auf deine eigene Website. Analysiere deine wichtigsten direkten Mitbewerber, um herauszufinden, wie schwierig es sein wird, sie in der Suche zu \u00fcbertreffen. Suche au\u00dferdem nach zus\u00e4tzlichen M\u00f6glichkeiten, dein eigenes Backlink-Profil weiter auszubauen, indem du die Backlinks deiner Mitbewerber analysierst.<\/p>\n\n\n\n<h2 class=\"wp-block-heading\">Keyword-Recherche<\/h2>\n\n\n\n<p>Durch eine ausf\u00fchrliche Keyword-Recherche erh\u00e4ltst du ein besseres Verst\u00e4ndnis deiner Zielgruppe und findest heraus, welche Begriffe die Leute in die Suchanfrage eingeben, um dein Angebot zu finden. So kannst du die von dir erstellten Inhalte f\u00fcr diese Suchbegriffe optimieren.<\/p>\n\n\n\n<p>Mit den Daten, die du aus der Keyword-Recherche erh\u00e4ltst, kannst du Fragen beantworten wie: Wonach sucht mein Zielgruppe? Wie viele Personen f\u00fchren jeden Monat eine bestimmte Suche durch? Welche Art von Inhalt ist f\u00fcr einen bestimmten Suchbegriff am besten geeignet?<\/p>\n\n\n\n<p>Wenn du wei\u00dft, wie Menschen nach deinen Produkten oder Dienstleistungen suchen, wird es f\u00fcr dich viel einfacher sein, eine unschlagbare Werbestrategie von SEO-Inhalten zu entwickeln.<\/p>\n\n\n\n<h2 class=\"wp-block-heading\">Tracking des Keyword-Rankings<\/h2>\n\n\n\n<p>Wenn du das Ranking der Keywords verfolgst, kannst du feststellen, wie gut die Keywords, die du zur Werbung f\u00fcr die Seiten deiner Website verwendest, bei der Suche abschneiden. Auf diese Weise kannst du herausfinden, ob deine Seite f\u00fcr ein bestimmtes Keyword auf Seite 1 bei Google rankt. Ebenso kannst du sehen, ob du in der Bild- und Videosuche von Google oder im lokalen Ranking-Pack vertreten bist.<\/p>\n\n\n\n<p>Mit diesen Daten kannst du herausfinden, wo du mehr tun musst, um deine SEO-Kampagne auf dem richtigen Weg zu halten. Du solltest jedoch regelm\u00e4\u00dfig alle Rankings deiner Keywords \u00fcberpr\u00fcfen.<\/p>\n\n\n\n<p>Au\u00dferdem kommt es h\u00e4ufig vor, dass du wissen musst, wie du an den verschiedenen Standorten rund um den Globus abschneidest. Vergewissere dich also, dass das von dir gew\u00e4hlte SEO-Tool die M\u00f6glichkeit bietet, das Ranking von Keywords an vielen verschiedenen Standorten mit gro\u00dfer Pr\u00e4zision zu verfolgen.<\/p>\n\n\n\n<h2 class=\"wp-block-heading\">Wettbewerbsanalyse<\/h2>\n\n\n\n<p>Ein gro\u00dfer Teil deines Online-Erfolgs h\u00e4ngt von der Durchf\u00fchrung einer detaillierten Analyse der Domains deiner wichtigsten Mitbewerber ab. Auf diese Weise findest du Daten, die dir helfen, die Suchmaschinen-Performance deiner eigenen Domain auf der Grundlage der St\u00e4rken und Schw\u00e4chen der Mitbewerber zu gestalten und zu verbessern.<\/p>\n\n\n\n<p>Mit dem richtigen Tool bist du in der Lage, deine direkten Mitbewerber zu ermitteln und genau herauszufinden, was diese online in Bezug auf organische und bezahlte Suchanfragen tun, sowie das Wie und Warum.<\/p>\n\n\n\n<h2 class=\"wp-block-heading\">Welche SEO-Software ist die beste f\u00fcr deine Bed\u00fcrfnisse?<\/h2>\n\n\n\n<h2 class=\"wp-block-heading\">Welche Bed\u00fcrfnisse hat dein Unternehmen?<\/h2>\n\n\n\n<p>Bevor du irgendetwas anderes tust, musst du erst einmal festlegen, was genau dein Unternehmen braucht. Wirf einfach einen Blick auf deine Ziele, vorausgesetzt, du hast sie schon alle ausgemacht, und ermittle die SEO-Tools, die dir helfen k\u00f6nnen, diese Ziele zu erreichen. Nat\u00fcrlich kommst du nicht umhin, dir die technischen Grenzen der einzelnen Tools anzusehen und zu \u00fcberlegen, wie viel von deinem monatlichen Budget du bereit bist, daf\u00fcr auszugeben.<\/p>\n\n\n\n<p>Je nach Zielpublikum wist du sehr unterschiedliche Ans\u00e4tze verfolgen, um deine Bed\u00fcrfnisse umzusetzen. Wenn du auf Konversionen aus bist, dann werden einige der oben genannten Funktionen eine wichtige Rolle in deiner Strategie spielen. Unterm Strich ist es so, dass du einfach nicht in der Lage sein wirst zu verstehen, welches SEO-Tool das richtige f\u00fcr dich ist, wenn du deine Bed\u00fcrfnisse nicht genau kennen.<\/p>\n\n\n\n<h2 class=\"wp-block-heading\">Nutze die kostenlose Testversionen und Kundenrezensionen<\/h2>\n\n\n\n<p>Das ist etwas, was heutzutage jeder automatisch macht. Aber du musst wirklich jedes Tool testen, bevor du dich endg\u00fcltig entscheidest. Dar\u00fcber hinaus ist das Internet voll von seri\u00f6sen Kundenrezensionen, die dir helfen k\u00f6nnen, die richtige Entscheidung f\u00fcr dein Unternehmen zu treffen. Treffe keine Entscheidung, bevor du nicht die M\u00f6glichkeit habest, jedes Tool in einer vertrauten Umgebung in Aktion zu erleben. Wenn du keine M\u00f6glichkeit siehst, eine kostenlose Testversion zu starten, kontaktiere den Anbieter und frage nach. Viele Unternehmen werden dir auf halbem Weg entgegenkommen.<\/p>\n\n\n\n<p>Zusammenfassend l\u00e4sst sich sagen, dass du unabh\u00e4ngig davon, wo du arbeitest &#8211; als interner SEO oder f\u00fcr eine Agentur &#8211; die oben genannten Informationen nutzen solltest, um eine fundierte Entscheidung \u00fcber die f\u00fcr dich geeigneten SEO-Tools zu treffen. Probiere nun die einzelnen Tools aus, vergleiche sie und finde heraus, welches Tool genau das bietet, was du brauchst.<\/p>\n","protected":false},"excerpt":{"rendered":"<p>Alles, was du wissen musst, bevor du eine Entscheidung triffst Haftungsausschluss Das Team von Top10 SEO Software w\u00e4hlt SEO-Softwarel\u00f6sungen f\u00fcr die \u00dcberpr\u00fcfung unabh\u00e4ngig aus. Wir k\u00f6nnen durch den Kauf von Links Partnerprovisionen erhalten, die zur Unterst\u00fctzung unserer Tests beitragen. Was ist Suchmaschinenoptimierung (SEO)? Suchmaschinenoptimierung (SEO) ist der Prozess der Maximierung des Traffics, der auf einer [&hellip;]<\/p>\n","protected":false},"author":1,"featured_media":0,"parent":0,"menu_order":0,"comment_status":"closed","ping_status":"closed","template":"front-page.php","meta":{"_acf_changed":false,"_sitemap_exclude":false,"_sitemap_priority":"","_sitemap_frequency":"","footnotes":""},"class_list":["post-6072","page","type-page","status-publish","hentry"],"acf":[],"yoast_head":"<!-- This site is optimized with the Yoast SEO plugin v26.6 - https:\/\/yoast.com\/wordpress\/plugins\/seo\/ -->\n<title>Die besten SEO-Softwares in 2024 \u1409 Top10seosoftware<\/title>\n<meta name=\"description\" content=\"Informiere dich \u00fcber die wichtigsten Merkmale und Funktionen von SEO-Plattformen, um die Software zu finden, die deinen Zielen entspricht.\" \/>\n<meta name=\"robots\" content=\"index, follow, max-snippet:-1, max-image-preview:large, max-video-preview:-1\" \/>\n<link rel=\"canonical\" href=\"https:\/\/top10seosoftware.com\/de\/\" \/>\n<meta property=\"og:locale\" content=\"de_DE\" \/>\n<meta property=\"og:type\" content=\"article\" \/>\n<meta property=\"og:title\" content=\"Die besten SEO-Softwares in 2024 \u1409 Top10seosoftware\" \/>\n<meta property=\"og:description\" content=\"Informiere dich \u00fcber die wichtigsten Merkmale und Funktionen von SEO-Plattformen, um die Software zu finden, die deinen Zielen entspricht.\" \/>\n<meta property=\"og:url\" content=\"https:\/\/top10seosoftware.com\/de\/\" \/>\n<meta property=\"og:site_name\" content=\"Top 10 SEO Software\" \/>\n<meta property=\"article:modified_time\" content=\"2024-01-10T00:45:51+00:00\" \/>\n<meta name=\"twitter:card\" content=\"summary_large_image\" \/>\n<meta name=\"twitter:label1\" content=\"Gesch\u00e4tzte Lesezeit\" \/>\n\t<meta name=\"twitter:data1\" content=\"6\u00a0Minuten\" \/>\n<!-- \/ Yoast SEO plugin. -->","yoast_head_json":{"title":"Die besten SEO-Softwares in 2024 \u1409 Top10seosoftware","description":"Informiere dich \u00fcber die wichtigsten Merkmale und Funktionen von SEO-Plattformen, um die Software zu finden, die deinen Zielen entspricht.","robots":{"index":"index","follow":"follow","max-snippet":"max-snippet:-1","max-image-preview":"max-image-preview:large","max-video-preview":"max-video-preview:-1"},"canonical":"https:\/\/top10seosoftware.com\/de\/","og_locale":"de_DE","og_type":"article","og_title":"Die besten SEO-Softwares in 2024 \u1409 Top10seosoftware","og_description":"Informiere dich \u00fcber die wichtigsten Merkmale und Funktionen von SEO-Plattformen, um die Software zu finden, die deinen Zielen entspricht.","og_url":"https:\/\/top10seosoftware.com\/de\/","og_site_name":"Top 10 SEO Software","article_modified_time":"2024-01-10T00:45:51+00:00","twitter_card":"summary_large_image","twitter_misc":{"Gesch\u00e4tzte Lesezeit":"6\u00a0Minuten"},"schema":{"@context":"https:\/\/schema.org","@graph":[{"@type":"WebPage","@id":"https:\/\/top10seosoftware.com\/de\/","url":"https:\/\/top10seosoftware.com\/de\/","name":"Die besten SEO-Softwares in 2024 \u1409 Top10seosoftware","isPartOf":{"@id":"https:\/\/top10seosoftware.com\/#website"},"datePublished":"2022-06-20T13:27:18+00:00","dateModified":"2024-01-10T00:45:51+00:00","description":"Informiere dich \u00fcber die wichtigsten Merkmale und Funktionen von SEO-Plattformen, um die Software zu finden, die deinen Zielen entspricht.","breadcrumb":{"@id":"https:\/\/top10seosoftware.com\/de\/#breadcrumb"},"inLanguage":"de","potentialAction":[{"@type":"ReadAction","target":["https:\/\/top10seosoftware.com\/de\/"]}]},{"@type":"BreadcrumbList","@id":"https:\/\/top10seosoftware.com\/de\/#breadcrumb","itemListElement":[{"@type":"ListItem","position":1,"name":"Home","item":"https:\/\/top10seosoftware.com\/de\/"},{"@type":"ListItem","position":2,"name":"TOP 10 SEO SOFTWARE"}]},{"@type":"WebSite","@id":"https:\/\/top10seosoftware.com\/#website","url":"https:\/\/top10seosoftware.com\/","name":"Top 10 SEO Software","description":"Top 10 SEO Software","publisher":{"@id":"https:\/\/top10seosoftware.com\/#organization"},"potentialAction":[{"@type":"SearchAction","target":{"@type":"EntryPoint","urlTemplate":"https:\/\/top10seosoftware.com\/?s={search_term_string}"},"query-input":{"@type":"PropertyValueSpecification","valueRequired":true,"valueName":"search_term_string"}}],"inLanguage":"de"},{"@type":"Organization","@id":"https:\/\/top10seosoftware.com\/#organization","name":"Top 10 SEO Software","url":"https:\/\/top10seosoftware.com\/","logo":{"@type":"ImageObject","inLanguage":"de","@id":"https:\/\/top10seosoftware.com\/#\/schema\/logo\/image\/","url":"https:\/\/top10seosoftware.com\/wp-content\/uploads\/2021\/10\/logo.svg","contentUrl":"https:\/\/top10seosoftware.com\/wp-content\/uploads\/2021\/10\/logo.svg","width":1,"height":1,"caption":"Top 10 SEO Software"},"image":{"@id":"https:\/\/top10seosoftware.com\/#\/schema\/logo\/image\/"}}]}},"_links":{"self":[{"href":"https:\/\/top10seosoftware.com\/de\/wp-json\/wp\/v2\/pages\/6072","targetHints":{"allow":["GET"]}}],"collection":[{"href":"https:\/\/top10seosoftware.com\/de\/wp-json\/wp\/v2\/pages"}],"about":[{"href":"https:\/\/top10seosoftware.com\/de\/wp-json\/wp\/v2\/types\/page"}],"author":[{"embeddable":true,"href":"https:\/\/top10seosoftware.com\/de\/wp-json\/wp\/v2\/users\/1"}],"replies":[{"embeddable":true,"href":"https:\/\/top10seosoftware.com\/de\/wp-json\/wp\/v2\/comments?post=6072"}],"version-history":[{"count":0,"href":"https:\/\/top10seosoftware.com\/de\/wp-json\/wp\/v2\/pages\/6072\/revisions"}],"wp:attachment":[{"href":"https:\/\/top10seosoftware.com\/de\/wp-json\/wp\/v2\/media?parent=6072"}],"curies":[{"name":"wp","href":"https:\/\/api.w.org\/{rel}","templated":true}]}}