{"id":6689,"date":"2022-06-20T16:42:38","date_gmt":"2022-06-20T13:42:38","guid":{"rendered":"https:\/\/top10seosoftware.com\/?page_id=6689"},"modified":"2026-03-10T07:33:52","modified_gmt":"2026-03-10T04:33:52","slug":"about-us","status":"publish","type":"page","link":"https:\/\/top10seosoftware.com\/de\/about-us\/","title":{"rendered":"Top10 SEO-Software Leitbild"},"content":{"rendered":"<div class=\"wp-block-image\">\n<figure class=\"aligncenter size-full\"><img decoding=\"async\" src=\"https:\/\/top10seosoftware.com\/wp-content\/uploads\/2021\/10\/b-1.svg\" alt=\"\" class=\"wp-image-330\"\/><\/figure>\n<\/div>\n\n\n<h2 class=\"wp-block-heading\">Unsere Mission<\/h2>\n\n\n\n<p>Top10 SEO-Software ist bestrebt, hochwertige Berichte \u00fcber SEO-Tools zu erstellen, die auf unseren eigenen Erfahrungen basieren. Die Daten, die wir auf unserer Website \u00fcber SEO-Tools zur Verf\u00fcgung stellen, wurden durch gr\u00fcndliche Recherchen und Tests erarbeitet und werden durch Erfahrung im Bereich des digitalen Marketings und der Suchmaschinenoptimierung gest\u00fctzt.<\/p>\n\n\n\n<p>Jede Bewertung basiert auf den Ergebnissen eines Tests mit spezifischen Kriterien, die f\u00fcr jedes gepr\u00fcfte SEO-Produkt gleich sind. Unsere Methodik zielt darauf ab, punktgenaue, unvoreingenommene und objektive Ergebnisse zu liefern. Wir sind st\u00e4ndig auf der Suche nach neuen Produkten und Test-Kriterien, damit wir dir relevante, aktuelle Daten zur Verf\u00fcgung stellen k\u00f6nnen.<\/p>\n\n\n<div class=\"wp-block-image\">\n<figure class=\"aligncenter size-full\"><img decoding=\"async\" src=\"https:\/\/top10seosoftware.com\/wp-content\/uploads\/2021\/10\/b-2.svg\" alt=\"\" class=\"wp-image-334\"\/><\/figure>\n<\/div>\n\n\n<h2 class=\"wp-block-heading\">Unsere Werte<\/h2>\n\n\n\n<p>Bei Top10 SEO-Software legen wir in erster Linie Wert auf Unabh\u00e4ngigkeit und Objektivit\u00e4t. Alle Inhalte werden ausschlie\u00dflich zum Nutzen von dir, dem Leser, erstellt. Es kann jedoch sein, dass wir durch den Kauf von Links Partnerprovisionen erhalten, die zur Unterst\u00fctzung unserer Tests beitragen.<\/p>\n\n\n\n<p>Die auf dieser Website ge\u00e4u\u00dferten Einsch\u00e4tzungen und Meinungen sind die des Redaktionsteams und zielen nicht darauf ab, eine Organisation, ein Unternehmen oder eine Person zu sch\u00e4digen.<\/p>\n\n\n<div class=\"wp-block-image\">\n<figure class=\"aligncenter size-full\"><img decoding=\"async\" src=\"https:\/\/top10seosoftware.com\/wp-content\/uploads\/2021\/10\/b-3.svg\" alt=\"\" class=\"wp-image-339\"\/><\/figure>\n<\/div>\n\n\n<h2 class=\"wp-block-heading\">Unsere Vision<\/h2>\n\n\n\n<p>Das Team von Top10 SEO-Software bem\u00fcht sich, den Lesern die Vorteile jedes einzelnen \u00fcberpr\u00fcften Produkts zu verdeutlichen, damit sie eine fundierte Entscheidung treffen k\u00f6nnen, ohne ihre wertvolle Zeit und Ressourcen zu investieren, um jedes Tool auf eigene Faust zu testen.<\/p>\n\n\n\n<p>Wir geben jedem Unternehmen, dessen Produkt wir bewerten, die M\u00f6glichkeit, zu den von uns festgestellten Schwachstellen Stellung zu nehmen. Die endg\u00fcltige Beurteilung liegt jedoch bei unserem Team.<\/p>\n","protected":false},"excerpt":{"rendered":"<p>Unsere Mission Top10 SEO-Software ist bestrebt, hochwertige Berichte \u00fcber SEO-Tools zu erstellen, die auf unseren eigenen Erfahrungen basieren. Die Daten, die wir auf unserer Website \u00fcber SEO-Tools zur Verf\u00fcgung stellen, wurden durch gr\u00fcndliche Recherchen und Tests erarbeitet und werden durch Erfahrung im Bereich des digitalen Marketings und der Suchmaschinenoptimierung gest\u00fctzt. Jede Bewertung basiert auf den [&hellip;]<\/p>\n","protected":false},"author":1,"featured_media":0,"parent":0,"menu_order":0,"comment_status":"closed","ping_status":"closed","template":"page-templates\/about-us.php","meta":{"_acf_changed":false,"_sitemap_exclude":false,"_sitemap_priority":"","_sitemap_frequency":"","footnotes":""},"class_list":["post-6689","page","type-page","status-publish","hentry"],"acf":[],"yoast_head":"<!-- This site is optimized with the Yoast SEO plugin v26.6 - https:\/\/yoast.com\/wordpress\/plugins\/seo\/ -->\n<title>\u00dcber uns | Top10 SEO-Software<\/title>\n<meta name=\"description\" content=\"Top10 SEO-Software liefert unabh\u00e4ngige Bewertungen \u00fcber SEO-Tools und -Plattformen. Die von unserem Team durchgef\u00fchrte vergleichende Analyse liefert praktische Ratschl\u00e4ge, die dir helfen, bessere Kaufentscheidungen zu treffen und die Tools zu identifizieren, die alles bieten, was dein Unternehmen braucht.\" \/>\n<meta name=\"robots\" content=\"index, follow, max-snippet:-1, max-image-preview:large, max-video-preview:-1\" \/>\n<link rel=\"canonical\" href=\"https:\/\/top10seosoftware.com\/de\/about-us\/\" \/>\n<meta property=\"og:locale\" content=\"de_DE\" \/>\n<meta property=\"og:type\" content=\"article\" \/>\n<meta property=\"og:title\" content=\"\u00dcber uns | Top10 SEO-Software\" \/>\n<meta property=\"og:description\" content=\"Top10 SEO-Software liefert unabh\u00e4ngige Bewertungen \u00fcber SEO-Tools und -Plattformen. Die von unserem Team durchgef\u00fchrte vergleichende Analyse liefert praktische Ratschl\u00e4ge, die dir helfen, bessere Kaufentscheidungen zu treffen und die Tools zu identifizieren, die alles bieten, was dein Unternehmen braucht.\" \/>\n<meta property=\"og:url\" content=\"https:\/\/top10seosoftware.com\/de\/about-us\/\" \/>\n<meta property=\"og:site_name\" content=\"Top 10 SEO Software\" \/>\n<meta property=\"article:modified_time\" content=\"2026-03-10T04:33:52+00:00\" \/>\n<meta name=\"twitter:card\" content=\"summary_large_image\" \/>\n<meta name=\"twitter:label1\" content=\"Gesch\u00e4tzte Lesezeit\" \/>\n\t<meta name=\"twitter:data1\" content=\"2\u00a0Minuten\" \/>\n<!-- \/ Yoast SEO plugin. -->","yoast_head_json":{"title":"\u00dcber uns | Top10 SEO-Software","description":"Top10 SEO-Software liefert unabh\u00e4ngige Bewertungen \u00fcber SEO-Tools und -Plattformen. Die von unserem Team durchgef\u00fchrte vergleichende Analyse liefert praktische Ratschl\u00e4ge, die dir helfen, bessere Kaufentscheidungen zu treffen und die Tools zu identifizieren, die alles bieten, was dein Unternehmen braucht.","robots":{"index":"index","follow":"follow","max-snippet":"max-snippet:-1","max-image-preview":"max-image-preview:large","max-video-preview":"max-video-preview:-1"},"canonical":"https:\/\/top10seosoftware.com\/de\/about-us\/","og_locale":"de_DE","og_type":"article","og_title":"\u00dcber uns | Top10 SEO-Software","og_description":"Top10 SEO-Software liefert unabh\u00e4ngige Bewertungen \u00fcber SEO-Tools und -Plattformen. Die von unserem Team durchgef\u00fchrte vergleichende Analyse liefert praktische Ratschl\u00e4ge, die dir helfen, bessere Kaufentscheidungen zu treffen und die Tools zu identifizieren, die alles bieten, was dein Unternehmen braucht.","og_url":"https:\/\/top10seosoftware.com\/de\/about-us\/","og_site_name":"Top 10 SEO Software","article_modified_time":"2026-03-10T04:33:52+00:00","twitter_card":"summary_large_image","twitter_misc":{"Gesch\u00e4tzte Lesezeit":"2\u00a0Minuten"},"schema":{"@context":"https:\/\/schema.org","@graph":[{"@type":"WebPage","@id":"https:\/\/top10seosoftware.com\/de\/about-us\/","url":"https:\/\/top10seosoftware.com\/de\/about-us\/","name":"\u00dcber uns | Top10 SEO-Software","isPartOf":{"@id":"https:\/\/top10seosoftware.com\/#website"},"primaryImageOfPage":{"@id":"https:\/\/top10seosoftware.com\/de\/about-us\/#primaryimage"},"image":{"@id":"https:\/\/top10seosoftware.com\/de\/about-us\/#primaryimage"},"thumbnailUrl":"https:\/\/top10seosoftware.com\/wp-content\/uploads\/2021\/10\/b-1.svg","datePublished":"2022-06-20T13:42:38+00:00","dateModified":"2026-03-10T04:33:52+00:00","description":"Top10 SEO-Software liefert unabh\u00e4ngige Bewertungen \u00fcber SEO-Tools und -Plattformen. Die von unserem Team durchgef\u00fchrte vergleichende Analyse liefert praktische Ratschl\u00e4ge, die dir helfen, bessere Kaufentscheidungen zu treffen und die Tools zu identifizieren, die alles bieten, was dein Unternehmen braucht.","breadcrumb":{"@id":"https:\/\/top10seosoftware.com\/de\/about-us\/#breadcrumb"},"inLanguage":"de","potentialAction":[{"@type":"ReadAction","target":["https:\/\/top10seosoftware.com\/de\/about-us\/"]}]},{"@type":"ImageObject","inLanguage":"de","@id":"https:\/\/top10seosoftware.com\/de\/about-us\/#primaryimage","url":"https:\/\/top10seosoftware.com\/wp-content\/uploads\/2021\/10\/b-1.svg","contentUrl":"https:\/\/top10seosoftware.com\/wp-content\/uploads\/2021\/10\/b-1.svg"},{"@type":"BreadcrumbList","@id":"https:\/\/top10seosoftware.com\/de\/about-us\/#breadcrumb","itemListElement":[{"@type":"ListItem","position":1,"name":"Home","item":"https:\/\/top10seosoftware.com\/de\/"},{"@type":"ListItem","position":2,"name":"Top10 SEO-Software Leitbild"}]},{"@type":"WebSite","@id":"https:\/\/top10seosoftware.com\/#website","url":"https:\/\/top10seosoftware.com\/","name":"Top 10 SEO Software","description":"Top 10 SEO Software","publisher":{"@id":"https:\/\/top10seosoftware.com\/#organization"},"potentialAction":[{"@type":"SearchAction","target":{"@type":"EntryPoint","urlTemplate":"https:\/\/top10seosoftware.com\/?s={search_term_string}"},"query-input":{"@type":"PropertyValueSpecification","valueRequired":true,"valueName":"search_term_string"}}],"inLanguage":"de"},{"@type":"Organization","@id":"https:\/\/top10seosoftware.com\/#organization","name":"Top 10 SEO Software","url":"https:\/\/top10seosoftware.com\/","logo":{"@type":"ImageObject","inLanguage":"de","@id":"https:\/\/top10seosoftware.com\/#\/schema\/logo\/image\/","url":"https:\/\/top10seosoftware.com\/wp-content\/uploads\/2021\/10\/logo.svg","contentUrl":"https:\/\/top10seosoftware.com\/wp-content\/uploads\/2021\/10\/logo.svg","width":1,"height":1,"caption":"Top 10 SEO Software"},"image":{"@id":"https:\/\/top10seosoftware.com\/#\/schema\/logo\/image\/"}}]}},"_links":{"self":[{"href":"https:\/\/top10seosoftware.com\/de\/wp-json\/wp\/v2\/pages\/6689","targetHints":{"allow":["GET"]}}],"collection":[{"href":"https:\/\/top10seosoftware.com\/de\/wp-json\/wp\/v2\/pages"}],"about":[{"href":"https:\/\/top10seosoftware.com\/de\/wp-json\/wp\/v2\/types\/page"}],"author":[{"embeddable":true,"href":"https:\/\/top10seosoftware.com\/de\/wp-json\/wp\/v2\/users\/1"}],"replies":[{"embeddable":true,"href":"https:\/\/top10seosoftware.com\/de\/wp-json\/wp\/v2\/comments?post=6689"}],"version-history":[{"count":1,"href":"https:\/\/top10seosoftware.com\/de\/wp-json\/wp\/v2\/pages\/6689\/revisions"}],"predecessor-version":[{"id":25085,"href":"https:\/\/top10seosoftware.com\/de\/wp-json\/wp\/v2\/pages\/6689\/revisions\/25085"}],"wp:attachment":[{"href":"https:\/\/top10seosoftware.com\/de\/wp-json\/wp\/v2\/media?parent=6689"}],"curies":[{"name":"wp","href":"https:\/\/api.w.org\/{rel}","templated":true}]}}