{"id":6704,"date":"2022-06-20T17:01:51","date_gmt":"2022-06-20T14:01:51","guid":{"rendered":"https:\/\/top10seosoftware.com\/?page_id=6704"},"modified":"2026-02-15T23:31:10","modified_gmt":"2026-02-15T20:31:10","slug":"affiliate-disclosure","status":"publish","type":"page","link":"https:\/\/top10seosoftware.com\/de\/affiliate-disclosure\/","title":{"rendered":"Angaben zum Partnerprogramm"},"content":{"rendered":"\n<p>TOP10 SEO-SOFTWARE KANN EINE PROVISION, EINE GEB\u00dcHR UND\/ODER EINE ANDERE ENTSCH\u00c4DIGUNG F\u00dcR DIVERSE KLICKS ODER K\u00c4UFE ERHALTEN, DIE AUF, DURCH ODER \u00dcBER DIE DIENSTLEISTUNG GET\u00c4TIGT WERDEN.<\/p>\n\n\n\n<p>DIES BEDEUTET, DASS TOP10 SEO-SOFTWARE EINE FORM DER ENTSCH\u00c4DIGUNG DURCH EINE VEREINBARUNG MIT EINEM DRITTEN ERHALTEN KANN, WENN DU (i) AUF BESTIMMTE LINKS AUF UNSERER WEBSITE, IN E-MAILS ODER NEWSLETTERN KLICKST ODER (ii) EIN PRODUKT ODER EINE DIENSTLEISTUNG NACH DEM KLICKEN AUF EINEN LINK ERWIRBST.<\/p>\n\n\n\n<p>Top10 SEO-Software \u00fcbernimmt keine Gew\u00e4hr f\u00fcr die Richtigkeit oder Zuverl\u00e4ssigkeit von Inhalten oder anderem Material, das in einem interaktiven Bereich oder an anderer Stelle auf der Website ver\u00f6ffentlicht wird, und du erkl\u00e4rst dich damit einverstanden, dass jedes Vertrauen in solche Inhalte oder anderes Material auf dein eigenes Risiko erfolgt. Jegliche Inhalte oder andere Materialien, die von Nutzern in einem interaktiven Bereich platziert werden, stellen die Ansichten des Nutzers dar, der die Erkl\u00e4rung abgibt, und repr\u00e4sentieren nicht die Ansichten von Top10 SEO-Software.<\/p>\n\n\n\n<p>Die Website kann Links zu Websites im Internet enthalten, die Eigentum Dritter sind und von diesen betrieben werden. Du akzeptierst, dass Top10 SEO-Software nicht f\u00fcr die Verf\u00fcgbarkeit oder den Inhalt auf oder durch eine externe Website verantwortlich ist und dass deine Nutzung solcher externen Websites den Gesch\u00e4ftsbedingungen und\/oder Datenschutzrichtlinien einer dritten Partei unterliegen kann. Inhalte Dritter oder ein Link zu einer Website Dritter stellen keine Billigung dieser Inhalte oder Websites Dritter dar. Du solltest dich an den Website-Administrator oder Webmaster wenden, wenn du bez\u00fcglich dieser externen Websites Bedenken hinsichtlich der Links oder den Inhalten auf diesen externen Websites hast.<\/p>\n\n\n\n<p>In der Regel verkaufen, wiederverkaufen oder lizenzieren wir keine der Produkte oder Dienstleistungen, die wir auf unseren Websites bewerten, auflisten oder bewerben, und wir lehnen jegliche Verantwortung oder Haftung in Bezug auf diese ab. Deine Korrespondenz oder damit zusammenh\u00e4ngende Aktivit\u00e4ten mit Dritten, einschlie\u00dflich Zahlungstransaktionen und Warenlieferungen, erfolgen ausschlie\u00dflich zwischen dir und dieser Dritten Partei. Alle Informationen zu Produkten und Angeboten, wie z. B. Rabatte, Preise und Verf\u00fcgbarkeit, gelten zum Zeitpunkt der Ver\u00f6ffentlichung als g\u00fcltig und k\u00f6nnen sich \u00e4ndern. Bitte \u00fcberpr\u00fcfe diese Angaben auf der Website des H\u00e4ndlers und sehe dir die Gesch\u00e4ftsbedingungen des H\u00e4ndlers an, bevor du kaufst. Du erkl\u00e4rst dich damit einverstanden, dass wir f\u00fcr Verluste oder Sch\u00e4den jeglicher Art, die aus deinen Transaktionen mit Dritten entstehen, nicht verantwortlich oder haftbar sind. Fragen, Beschwerden oder Reklamationen im Zusammenhang mit einem Produkt oder einer Dienstleistung sollten an den entsprechenden Anbieter gerichtet werden. Falls wir jedoch Produkte oder Dienstleistungen verkaufen, weiterverkaufen oder lizenzieren, werden die Bedingungen f\u00fcr den Kauf oder die Lizenzierung solcher Produkte und Dienstleistungen von uns oder unseren Tochtergesellschaften auf der entsprechenden Seite der Website zug\u00e4nglich sein.<\/p>\n","protected":false},"excerpt":{"rendered":"<p>TOP10 SEO-SOFTWARE KANN EINE PROVISION, EINE GEB\u00dcHR UND\/ODER EINE ANDERE ENTSCH\u00c4DIGUNG F\u00dcR DIVERSE KLICKS ODER K\u00c4UFE ERHALTEN, DIE AUF, DURCH ODER \u00dcBER DIE DIENSTLEISTUNG GET\u00c4TIGT WERDEN. DIES BEDEUTET, DASS TOP10 SEO-SOFTWARE EINE FORM DER ENTSCH\u00c4DIGUNG DURCH EINE VEREINBARUNG MIT EINEM DRITTEN ERHALTEN KANN, WENN DU (i) AUF BESTIMMTE LINKS AUF UNSERER WEBSITE, IN E-MAILS ODER [&hellip;]<\/p>\n","protected":false},"author":1,"featured_media":0,"parent":0,"menu_order":0,"comment_status":"closed","ping_status":"closed","template":"page-templates\/affiliate.php","meta":{"_acf_changed":false,"_sitemap_exclude":false,"_sitemap_priority":"","_sitemap_frequency":"","footnotes":""},"class_list":["post-6704","page","type-page","status-publish","hentry"],"acf":[],"yoast_head":"<!-- This site is optimized with the Yoast SEO plugin v26.6 - https:\/\/yoast.com\/wordpress\/plugins\/seo\/ -->\n<title>Offenlegung von Partnerinformationen | Top10 SEO-Software<\/title>\n<meta name=\"description\" content=\"TOP10 SEO-Software kann eine Provision, eine Geb\u00fchr und\/oder eine andere Entsch\u00e4digung f\u00fcr einige Klicks oder K\u00e4ufe erhalten, die auf, durch oder von den Diensten verlinkt werden.\" \/>\n<meta name=\"robots\" content=\"index, follow, max-snippet:-1, max-image-preview:large, max-video-preview:-1\" \/>\n<link rel=\"canonical\" href=\"https:\/\/top10seosoftware.com\/de\/affiliate-disclosure\/\" \/>\n<meta property=\"og:locale\" content=\"de_DE\" \/>\n<meta property=\"og:type\" content=\"article\" \/>\n<meta property=\"og:title\" content=\"Offenlegung von Partnerinformationen | Top10 SEO-Software\" \/>\n<meta property=\"og:description\" content=\"TOP10 SEO-Software kann eine Provision, eine Geb\u00fchr und\/oder eine andere Entsch\u00e4digung f\u00fcr einige Klicks oder K\u00e4ufe erhalten, die auf, durch oder von den Diensten verlinkt werden.\" \/>\n<meta property=\"og:url\" content=\"https:\/\/top10seosoftware.com\/de\/affiliate-disclosure\/\" \/>\n<meta property=\"og:site_name\" content=\"Top 10 SEO Software\" \/>\n<meta property=\"article:modified_time\" content=\"2026-02-15T20:31:10+00:00\" \/>\n<meta name=\"twitter:card\" content=\"summary_large_image\" \/>\n<meta name=\"twitter:label1\" content=\"Gesch\u00e4tzte Lesezeit\" \/>\n\t<meta name=\"twitter:data1\" content=\"2\u00a0Minuten\" \/>\n<!-- \/ Yoast SEO plugin. -->","yoast_head_json":{"title":"Offenlegung von Partnerinformationen | Top10 SEO-Software","description":"TOP10 SEO-Software kann eine Provision, eine Geb\u00fchr und\/oder eine andere Entsch\u00e4digung f\u00fcr einige Klicks oder K\u00e4ufe erhalten, die auf, durch oder von den Diensten verlinkt werden.","robots":{"index":"index","follow":"follow","max-snippet":"max-snippet:-1","max-image-preview":"max-image-preview:large","max-video-preview":"max-video-preview:-1"},"canonical":"https:\/\/top10seosoftware.com\/de\/affiliate-disclosure\/","og_locale":"de_DE","og_type":"article","og_title":"Offenlegung von Partnerinformationen | Top10 SEO-Software","og_description":"TOP10 SEO-Software kann eine Provision, eine Geb\u00fchr und\/oder eine andere Entsch\u00e4digung f\u00fcr einige Klicks oder K\u00e4ufe erhalten, die auf, durch oder von den Diensten verlinkt werden.","og_url":"https:\/\/top10seosoftware.com\/de\/affiliate-disclosure\/","og_site_name":"Top 10 SEO Software","article_modified_time":"2026-02-15T20:31:10+00:00","twitter_card":"summary_large_image","twitter_misc":{"Gesch\u00e4tzte Lesezeit":"2\u00a0Minuten"},"schema":{"@context":"https:\/\/schema.org","@graph":[{"@type":"WebPage","@id":"https:\/\/top10seosoftware.com\/de\/affiliate-disclosure\/","url":"https:\/\/top10seosoftware.com\/de\/affiliate-disclosure\/","name":"Offenlegung von Partnerinformationen | Top10 SEO-Software","isPartOf":{"@id":"https:\/\/top10seosoftware.com\/#website"},"datePublished":"2022-06-20T14:01:51+00:00","dateModified":"2026-02-15T20:31:10+00:00","description":"TOP10 SEO-Software kann eine Provision, eine Geb\u00fchr und\/oder eine andere Entsch\u00e4digung f\u00fcr einige Klicks oder K\u00e4ufe erhalten, die auf, durch oder von den Diensten verlinkt werden.","breadcrumb":{"@id":"https:\/\/top10seosoftware.com\/de\/affiliate-disclosure\/#breadcrumb"},"inLanguage":"de","potentialAction":[{"@type":"ReadAction","target":["https:\/\/top10seosoftware.com\/de\/affiliate-disclosure\/"]}]},{"@type":"BreadcrumbList","@id":"https:\/\/top10seosoftware.com\/de\/affiliate-disclosure\/#breadcrumb","itemListElement":[{"@type":"ListItem","position":1,"name":"Home","item":"https:\/\/top10seosoftware.com\/de\/"},{"@type":"ListItem","position":2,"name":"Angaben zum Partnerprogramm"}]},{"@type":"WebSite","@id":"https:\/\/top10seosoftware.com\/#website","url":"https:\/\/top10seosoftware.com\/","name":"Top 10 SEO Software","description":"Top 10 SEO Software","publisher":{"@id":"https:\/\/top10seosoftware.com\/#organization"},"potentialAction":[{"@type":"SearchAction","target":{"@type":"EntryPoint","urlTemplate":"https:\/\/top10seosoftware.com\/?s={search_term_string}"},"query-input":{"@type":"PropertyValueSpecification","valueRequired":true,"valueName":"search_term_string"}}],"inLanguage":"de"},{"@type":"Organization","@id":"https:\/\/top10seosoftware.com\/#organization","name":"Top 10 SEO Software","url":"https:\/\/top10seosoftware.com\/","logo":{"@type":"ImageObject","inLanguage":"de","@id":"https:\/\/top10seosoftware.com\/#\/schema\/logo\/image\/","url":"https:\/\/top10seosoftware.com\/wp-content\/uploads\/2021\/10\/logo.svg","contentUrl":"https:\/\/top10seosoftware.com\/wp-content\/uploads\/2021\/10\/logo.svg","width":1,"height":1,"caption":"Top 10 SEO Software"},"image":{"@id":"https:\/\/top10seosoftware.com\/#\/schema\/logo\/image\/"}}]}},"_links":{"self":[{"href":"https:\/\/top10seosoftware.com\/de\/wp-json\/wp\/v2\/pages\/6704","targetHints":{"allow":["GET"]}}],"collection":[{"href":"https:\/\/top10seosoftware.com\/de\/wp-json\/wp\/v2\/pages"}],"about":[{"href":"https:\/\/top10seosoftware.com\/de\/wp-json\/wp\/v2\/types\/page"}],"author":[{"embeddable":true,"href":"https:\/\/top10seosoftware.com\/de\/wp-json\/wp\/v2\/users\/1"}],"replies":[{"embeddable":true,"href":"https:\/\/top10seosoftware.com\/de\/wp-json\/wp\/v2\/comments?post=6704"}],"version-history":[{"count":1,"href":"https:\/\/top10seosoftware.com\/de\/wp-json\/wp\/v2\/pages\/6704\/revisions"}],"predecessor-version":[{"id":25054,"href":"https:\/\/top10seosoftware.com\/de\/wp-json\/wp\/v2\/pages\/6704\/revisions\/25054"}],"wp:attachment":[{"href":"https:\/\/top10seosoftware.com\/de\/wp-json\/wp\/v2\/media?parent=6704"}],"curies":[{"name":"wp","href":"https:\/\/api.w.org\/{rel}","templated":true}]}}