{"id":7145,"date":"2022-07-08T11:08:22","date_gmt":"2022-07-08T08:08:22","guid":{"rendered":"https:\/\/top10seosoftware.com\/?page_id=7145"},"modified":"2024-01-10T04:24:44","modified_gmt":"2024-01-10T01:24:44","slug":"moz-review","status":"publish","type":"page","link":"https:\/\/top10seosoftware.com\/de\/moz-review\/","title":{"rendered":"Moz Erfahrungen 2024"},"content":{"rendered":"\n<h2 class=\"wp-block-heading\"><strong>Allgemeine \u00dcbersicht<\/strong><\/h2>\n\n\n\n<p>Moz Pro geh\u00f6rt zu den besten SEO-Tools, das wir getestet haben und das auf dem Markt erh\u00e4ltlich ist. Viele Nutzer teilen ihre positiven Moz Erfahrungen, besonders bez\u00fcglich der leistungsf\u00e4higen Keyword- und Link Explorer-Tools. Die Keyword- und Link Explorer-Tools k\u00f6nnen mit jeder anderen L\u00f6sung mithalten, und die Metriken wurden weitgehend als Industriestandard akzeptiert, selbst von Experten, die andere Softwarel\u00f6sungen verwenden. Moz Pro bietet eine intuitive und einfache Benutzeroberfl\u00e4che, viele Daten und ist auf jeden Fall einen Versuch wert, wenn du ein gro\u00dfes Unternehmen hast.<\/p>\n\n\n\n<h3 class=\"wp-block-heading\">Vorteile<\/h3>\n\n\n\n<ul class=\"wp-block-list\">\n<li>Gro\u00dfartige Allround-SEO-L\u00f6sung<\/li>\n\n\n\n<li>Gro\u00dfartige Keyword-Recherche<\/li>\n\n\n\n<li>Leistungsstarker Link Explorer<\/li>\n\n\n\n<li>Erzeugt Metriken, die als Industriestandard anerkannt sind<\/li>\n\n\n\n<li>Zahlreiche Lerninhalte<\/li>\n\n\n\n<li>MozBar Chrome-Erweiterung<\/li>\n<\/ul>\n\n\n\n<p><em>In diversen Moz Erfahrungen werden die gro\u00dfartige Keyword-Recherche und der leistungsstarke Link Explorer besonders hervorgehoben.<\/em><\/p>\n\n\n\n<h3 class=\"wp-block-heading\">Nachteile<\/h3>\n\n\n\n<ul class=\"wp-block-list\">\n<li>Zu viel Tiefe und Reichweite f\u00fcr SMBs<\/li>\n\n\n\n<li>Die Funktionsanordnung kann schwer zu verstehen sein<\/li>\n\n\n\n<li>Erfordert ein Abonnement<\/li>\n<\/ul>\n\n\n\n<p><em>Einige Moz Erfahrungen weisen darauf hin, dass die Funktionsanordnung schwer zu verstehen sein kann, besonders f\u00fcr kleinere Unternehmen.<\/em><\/p>\n\n\n\n<p>Moz wurde 2004 in Seattle gegr\u00fcndet. Die Moz Erfahrungen vieler Nutzer reflektieren, wie das Unternehmen einen langen Weg zur\u00fcckgelegt hat, um ein komplettes SEO-Tool zu entwickeln. La empresa fue una de las primeras en desarrollar software SEO en 2008.. Das Unternehmen hat seitdem einen langen Weg zur\u00fcckgelegt und sein Angebot zu einem kompletten SEO-Tool entwickelt, das Website-Crawling und -Optimierung, Keyword-Recherche, Wettbewerbsanalyse und mehr umfasst. Wenn man all das mit einem erschwinglichen Preis kombiniert, erh\u00e4lt man eine L\u00f6sung, die wir zusammen mit SE Ranking empfehlen, welche dieselben Funktionen bietet, aber intuitiver und kosteng\u00fcnstiger ist.<\/p>\n\n\n\n<p>Mit all den wertvollen Lerninhalten, die auf der Website und der Plattform angeboten werden, ist Moz nicht nur f\u00fcr fortgeschrittene SEO-Profis geeignet, sondern auch f\u00fcr Neulinge, die etwas lernen m\u00f6chten. Dar\u00fcber hinaus vereinfacht die \u00fcbersichtliche Benutzeroberfl\u00e4che den gesamten SEO-Analyseprozess, und die Daten geben dir einen guten \u00dcberblick dar\u00fcber, wie du deine Website optimieren kannst.<\/p>\n\n\n\n<p>Moz stellt zwar eine gro\u00dfe Menge an Daten zur Verf\u00fcgung, zeigt seinen Nutzern aber nicht alles, weil es nicht genug Leistung hat, um datenhungrigen Marketingexperten das zu bieten, was sie brauchen, wenn sie es brauchen.<\/p>\n\n\n\n<p>Das ist oft der Fall, wenn man versucht, in beiden Lagern einen Fu\u00df in der T\u00fcr zu haben. In diesem Fall musste Moz eine Entscheidung treffen, als sie auf SEO umgestiegen sind. Die Frage war, ob sie ihre Ressourcen einschr\u00e4nken sollten, um den Traffic der Suchanfragen ihrer Kunden zu steigern, und infolgedessen Content-Marketing- und Social-Media-Praktiken ausschlie\u00dfen, oder ob sie weitermachen sollten, wie bisher. Letztendlich entschied sich Moz f\u00fcr die erste Option.<\/p>\n\n\n\n<p>Positiv zu vermerken ist, dass Moz dank seiner Metrik Domain Authority &#8211; der wohl zuverl\u00e4ssigsten Metrik zur Messung der Qualit\u00e4t einer Website &#8211; nach wie vor von Bedeutung ist. Dar\u00fcber hinaus ist der Keyword Explorer von Moz eine zuverl\u00e4ssige L\u00f6sung, die es mit jedem anderen Tool aufnehmen kann.<\/p>\n\n\n\n<p>Da sich andere Tools auf dem Markt weiterentwickelt haben und mehr Daten liefern, mag Moz mag in Bezug auf Daten und Marktwert hinter einigen Mitbewerbern zur\u00fcckgeblieben sein, aber viele Moz Erfahrungen best\u00e4tigen, dass es immer noch ein zuverl\u00e4ssiges SEO-Tool ist.<\/p>\n\n\n\n<h2 class=\"wp-block-heading\"><strong>Preisgestaltung &amp; Pl\u00e4ne<\/strong><\/h2>\n\n\n\n<p>Moz Pro bietet eine kostenlose 30-Tage-Testversion und vier Abonnementpl\u00e4ne mit festgesetzten Kontolimits. Dar\u00fcber hinaus bieten sie eine anpassbare Preisgestaltung im Plan \u201cEnterprise\u201d, was sich perfekt f\u00fcr gro\u00dfe Unternehmen eignet. Laut Moz Erfahrungen ist die Preisgestaltung besonders attraktiv f\u00fcr gro\u00dfe Unternehmen.<\/p>\n\n\n\n<p>Der niedrigste in Moz Pro verf\u00fcgbare Tarif ist der Plan \u201cStandard\u201d. Mit einem Preis von 79 $ bei j\u00e4hrlicher Abrechnung bietet der Plan \u201cStandard\u201d das absolute Minimum, das du ben\u00f6tigst, um von Moz Pro zu profitieren: Zugang f\u00fcr einen Benutzer, drei getrackte Website-Kampagnen, Rank-Tracking f\u00fcr 300 Keywords und 400.000 gecrawlte Seiten pro Monat. Dieser Plan schr\u00e4nkt jedoch die Keyword-Recherche, die SEO-Berichte und das Keyword-Management ein.<\/p>\n\n\n\n<p>Der Plan \u201cMedium\u201d, der f\u00fcr 143 $ pro Monat erh\u00e4ltlich ist, wurde in erster Linie f\u00fcr kleine und mittlere Unternehmen entwickelt. Mit diesem Plan erh\u00e4ltst du Zugang f\u00fcr 10 Benutzer, 6.000 Berichte \u00fcber Keywords und 30 Keyword-Listen pro Monat, zusammen mit Markenberichten, 10 getrackten Website-Kampagnen, Rank-Tracking f\u00fcr 1.500 Keywords und 2 Mio. gecrawlte Seiten pro Monat.<\/p>\n\n\n\n<p>Der Plan \u201cLarge\u201d kann ein Jahr lang f\u00fcr 239 $ pro Monat genutzt werden. Er ist perfekt f\u00fcr Unternehmen, die ihre Online-Pr\u00e4senz verbessern und mehr SEO-Analyse betreiben wollen. Mit diesem Plan erhalten die Nutzer 25 getrackte Website-Kampagnen und Benutzer, Rank-Tracking f\u00fcr 3.000 Keywords, Crawling von 5 Millionen Seiten pro Monat, monatlich 12.000 Keyword-Berichte und 60 Keyword-Listen.<\/p>\n\n\n\n<p>Der letzte in Moz \u201cPro\u201d verf\u00fcgbare Tarif mit vordefinierten Kontingenten ist der Plan \u201cPremium\u201d bei einer j\u00e4hrlichen Abrechnung von 479 $ pro Monat. Mit seinem wirklich hohen Kontolimit ist dieser Plan eher f\u00fcr Unternehmen gedacht, die 50 Kampagnen, 4.500 Keyword-Rankings, 18.000 Keyword-Berichte pro Monat und Zugang f\u00fcr 5 Nutzer ben\u00f6tigen. Dar\u00fcber hinaus kannst du dich an Moz wenden, um ein individuelles Kontingent im Rahmen des Enterprise-Tarifs anzufordern, und erh\u00e4ltst so auf alle j\u00e4hrlichen Abrechnungen einen Rabatt von 20 %.<\/p>\n\n\n<div class=\"review-table\" data-current-company=\"moz\" data-reviewed-company=\"seranking\" data-currency=\"GBP\" data-content-url=\"https:\/\/top10seosoftware.com\/wp-content\/themes\/top10seo\/assets\/data\/de\/pricing_comparison.json\"><\/div>\n\n\n\n<h2 class=\"wp-block-heading\"><strong>Rank Tracker<\/strong><\/h2>\n\n\n\n<p>Sobald du alles getan hast, um die Sichtbarkeit deiner Website in den Suchmaschinen zu verbessern, musst du die Performance deiner Keyword-Kampagnen im Auge behalten. Die Rank-Tracking-Tools von Moz Pro werden dir dabei helfen. Viele Moz Erfahrungen best\u00e4tigen die Effizienz und Genauigkeit dieser Tools.<\/p>\n\n\n\n<p>Moz analysiert deine SERP-Positionen und stellt dir alle notwendigen Tools f\u00fcr die Verfolgung von Keywords und Webseiten zur Verf\u00fcgung. Neben einer \u00dcbersicht, wie sie im obigen Screenshot zu sehen ist, erh\u00e4ltst du eine detaillierte Liste aller von dir getrackten Keywords sowie deren Positionierung in den Suchmaschinen.<\/p>\n\n\n\n<p>Mit dem Keyword-Rank-Tracking-Tool von Moz Pro kannst du eine F\u00fclle von Daten erhalten, die es dir erm\u00f6glichen, die richtigen Entscheidungen in Bezug auf deine SEO-Strategien zu treffen. Wie alle anderen von uns getesteten Rank-Tracking-Tools hilft auch das Tool von Moz Pro, die manuelle \u00dcberpr\u00fcfung deiner SERP-Rankings zu vermeiden, was ein sehr m\u00fchsamer Prozess sein kann.<\/p>\n\n\n\n<p>Da zu einer guten SEO-Strategie in der Regel ein Blick in die Vergangenheit geh\u00f6rt, um deine Strategie f\u00fcr die Zukunft zu analysieren und zu optimieren, bietet dir Moz Pro den Zugang zu den dringend ben\u00f6tigten historischen Daten. Dar\u00fcber hinaus kannst du diese Daten f\u00fcr jede erfasste Suchmaschine wie Google, Google Mobile, Yahoo! und Bing abrufen. So kannst du herausfinden, welche der von dir in der Vergangenheit angewandten Strategien am erfolgreichsten und effektivsten waren.<\/p>\n\n\n\n<p>Was bei keinem Ranking-Tool fehlen darf, ist die M\u00f6glichkeit, nicht nur globale, sondern auch lokale Rankings zu verfolgen. Moz Pro bietet dir die M\u00f6glichkeit herauszufinden, wie gut deine Keyword-Kampagnen in \u00fcber 200 L\u00e4ndern funktionieren. Au\u00dferdem kannst du die Daten nach Bezeichnung, Positionierung, Suchmaschine oder nach einem der vielen anderen verf\u00fcgbaren Parameter sortieren. Zu wissen, wo du in deinem Gebiet, deiner Stadt, deiner Region oder deinem Land platziert bist, ist von entscheidender Bedeutung, wenn du den verschiedenen Zielgruppen, die deine Website finden sollen, die richtige Botschaft vermitteln m\u00f6chtest. Dies ist \u00fcbrigens auch f\u00fcr die internationale SEO unerl\u00e4sslich.<\/p>\n\n\n\n<p>Zu wissen, wo du mit den von dir gew\u00e4hlten Keywords liegst, ist gro\u00dfartig, aber es reicht nicht aus. Du musst auch wissen, wer deine engsten Mitbewerber sind und wie sie in der Suche abschneiden.<\/p>\n\n\n\n<p>Finde heraus, wer auf die gleichen Suchanfragen wie du abzielt und was er tut, um seine Position im Ranking zu halten. Je mehr du \u00fcber deine Mitbewerber wei\u00dft, desto einfacher ist es, ihnen den Rang abzulaufen. Moz Pro bietet dir einen Vergleich zwischen der Performance von dir und der deiner Mitbewerber. An diesem Punkt kannst du Domain Authority, Link-Metriken, Anker- und Titel-Tag-Tools verwenden, um mehr \u00fcber deine Rankings zu erfahren.<\/p>\n\n\n\n<p>In Anbetracht der gro\u00dfen Bedeutung, die mobilen Ger\u00e4ten heutzutage zuteilwerden, muss ein hochwertiges Ranking-Tool die M\u00f6glichkeit bieten, sowohl die Rankings f\u00fcr Desktop als auch f\u00fcr mobile Ger\u00e4te zu verfolgen. Und Moz Pro entt\u00e4uscht dabei nicht. Vergleiche die Positionierung auf verschiedenen Ger\u00e4ten und lasse dir von Moz dabei helfen, Probleme zu erkennen und zu beheben, die sich auf deine Suchmaschinenplatzierung auswirken.<\/p>\n\n\n\n<p>Obwohl das Keyword-Rank-Tracking-Tool nicht so leistungsstark ist wie das von SE Ranking oder Semrush, gleicht das Angebot der SEO-Tools von Moz dieses Manko v\u00f6llig aus. Das Gesamtangebot der Tools, die zur Verf\u00fcgung gestellt werden, macht alle anderen Schw\u00e4chen wett.<\/p>\n\n\n<div class=\"review-table\" data-current-company=\"moz\" data-reviewed-company=\"seranking\" data-currency=\"GBP\" data-content-url=\"https:\/\/top10seosoftware.com\/wp-content\/themes\/top10seo\/assets\/data\/de\/rank_tracking.json\"><\/div>\n\n\n\n<h2 class=\"wp-block-heading\"><strong>Website-Audit<\/strong><\/h2>\n\n\n\n<p>Mit dem Site Crawl-Tool von Moz Pro kannst du alle technischen SEO-Probleme auf deiner Website, sowohl OnPage als auch OffPage, die sich negativ auf dein Google-Ranking auswirken k\u00f6nnen, identifizieren und entsprechende L\u00f6sungen anbieten. Dar\u00fcber hinaus h\u00e4lt Site Crawl auch ein Auge auf doppelte Inhalte und andere detaillierte Daten, um dir mehr verwertbare Erkenntnisse zu liefern.<\/p>\n\n\n\n<p>Sobald die \u00dcberpr\u00fcfung abgeschlossen ist, sendet Moz Pro dir eine E-Mail mit einem Bericht \u00fcber alle Fehler. Du kannst \u00fcbrigens festlegen, dass du solche Berichte automatisch w\u00f6chentlich oder monatlich per E-Mail erh\u00e4ltst. So kannst du dich auf dein Kerngesch\u00e4ft konzentrieren, w\u00e4hrend Moz deine Website auf m\u00f6gliche Probleme \u00fcberwacht.<\/p>\n\n\n\n<p>Die Warnungen, die du von Moz \u00fcber Website-Fehler erh\u00e4ltst, werden nach dem Grad ihrer Auswirkung sortiert, wobei Metriken wie Seitenautorit\u00e4t und Crawl-Tiefe als wichtige Schl\u00fcsselfaktoren verwendet werden. Die vom Tool gefundenen Fehler werden in f\u00fcnf Kategorien eingeteilt, z. B. Kritisch, Warnungen, Probleme bei der Weiterleitung, Metadaten-Probleme und Inhaltsprobleme.<\/p>\n\n\n\n<p>Aber das Beste daran ist, dass Moz dir genau sagt, wie du jedes Problem angehen kannst. Jedes gefundene Problem wird von einem \u201eFehlerbehebung von Moz&#8220;-Text begleitet, der Informationen dar\u00fcber liefert, warum das jeweilige Problem hohe oder niedrige Priorit\u00e4t hat, sowie eine Anleitung zur L\u00f6sung des Problems.<\/p>\n\n\n\n<p>Zu guter Letzt kannst du durch Klicken auf \u201eMeine Seite erneut crawlen\u201c sicherstellen, dass das von dir behobene Problem erfolgreich gel\u00f6st wurde.<\/p>\n\n\n\n<p>Obwohl der Site Crawler von Moz Pro nicht so leistungsf\u00e4hig ist wie andere eigenst\u00e4ndige Tools, sind seine Empfehlungen f\u00fcr Korrekturen sehr hilfreich, vor allem wenn du ein SEO-Neuling bist. Alles in allem mindert das Tool die Leistung von Moz Pro in keinster Weise und ist eine solide L\u00f6sung.<\/p>\n\n\n<div class=\"review-table\" data-current-company=\"moz\" data-reviewed-company=\"seranking\" data-currency=\"GBP\" data-content-url=\"https:\/\/top10seosoftware.com\/wp-content\/themes\/top10seo\/assets\/data\/de\/site_audit.json\"><\/div>\n\n\n\n<h2 class=\"wp-block-heading\"><strong>Wettbewerbsanalyse<\/strong><\/h2>\n\n\n\n<p>Moz bietet ein kostenloses Tool der Domain-SEO-Analyse sowie mehrere andere Tools innerhalb von Moz Pro, die entwickelt wurden, um Wettbewerbsdaten zu Websites zu liefern. inige Moz Erfahrungen zeigen, dass dieses Tool hilfreich ist, um Wettbewerbsdaten effektiv zu analysieren. Das Tool der Domain-Analyse liefert Metriken zu Websites wie Domain Authority, Top-Ranking-Seiten, Ranking-Keywords, entdeckte und verlorene Link-Domains, Top-Featured Snippets, Top-Mitbewerber der Suchanfragen und mehr.<\/p>\n\n\n\n<p>Gib einfach eine beliebige Website ein, klicke auf \u201eDomain analysieren\u201c, und Moz zeigt dir den DA-Score, die Anzahl der verlinkenden Root-Domains, die Gesamtzahl der Ranking-Keywords sowie den Spam-Score an. Au\u00dferdem kannst du so die \u201eTop-Seiten nach Links\u201c zusammen mit ihren Page Authority Scores finden, die vorhersagen, wie gut die Seite, nicht die gesamte Domain, in der Suche ranken wird. Au\u00dferdem gibt es ein Diagramm, das alle neuen und verlorenen Backlinks anzeigt &#8211; etwas, das sich auf deinen Domain Authority Score auswirkt.<\/p>\n\n\n\n<p>Wenn du nach unten scrollst, siehst du auch die \u201eTop Ranking Keywords\u201c zusammen mit deiner SERP-Position und einer Sch\u00e4tzung, wie viele Klicks jedes Keyword erhalten wird. Im Abschnitt \u201eTop Featured Snippets\u201c erf\u00e4hrst du, ob du eines dieser Snippets besitzt, und unter \u201eBranded Keywords\u201c werden Keywords aufgelistet, die deine Marke widerspiegeln &#8211; allerdings nur diejenigen mit dem h\u00f6chsten monatlichen Suchvolumen.<\/p>\n\n\n\n<p>Unter dem Diagramm Keyword-Ranking-Verteilung, welches dich dar\u00fcber informiert, wie viele Keywords auf verschiedenen Pl\u00e4tzen in den SERPs ranken, erh\u00e4ltst du eine Liste der engsten Mitbewerber der analysierten Website, sortiert nach Sichtbarkeitsgrad.<\/p>\n\n\n\n<p>Dieses Moz-Tool liefert zwar eine Menge Daten, ist aber dennoch sehr begrenzt. Um mehr Daten zu erhalten, musst du ein kostenpflichtiges Abonnement abschlie\u00dfen, mit dem du Zugang zu Moz Pro erh\u00e4ltst, wo du zus\u00e4tzliche Tools f\u00fcr die Mitbewerber-Analyse findest.<\/p>\n\n\n\n<p>Wenn du in Moz Pro auf die Registerkarte Keyword-Recherche gehst, hast du die M\u00f6glichkeit, eine Stammdomain, eine Subdomain oder eine Seite anstelle der klassischen Suchanfrage zu untersuchen. Um die besten Ergebnisse zu erzielen, empfehlen wir dir, auch ein paar Mitbewerber einzugeben.<\/p>\n\n\n\n<p>Sobald die Ergebnisse vorliegen, kannst du nach unten scrollen, um dir die zusammenfassenden Daten f\u00fcr jede der drei Websites anzusehen. Au\u00dferdem erh\u00e4ltst du eine Liste der am besten platzierten Keywords f\u00fcr jede analysierte Website zusammen mit ihrem Schwierigkeitsgrad und dem monatlichen Suchvolumen.<\/p>\n\n\n\n<p>Direkt unter der Tabelle \u201eTop Ranking Keywords\u201c hast du die M\u00f6glichkeit, dich durchzuklicken, um detaillierte Ergebnisse zu erhalten. Dadurch wirst du auf eine Seite weitergeleitet, die dir zeigt, wie du im Allgemeinen im Vergleich zu deinen Mitbewerbern in Bezug auf die Keywords abschneidest. Wenn du jedoch weiter nach unten scrollst, erh\u00e4ltst du eine Liste der Keywords, f\u00fcr die alle drei Websites in der Suche ranken, zusammen mit ihrer Rangposition f\u00fcr jede konkurrierende Website, der Schwierigkeit des Keywords und nat\u00fcrlich dem monatlichen Suchvolumen.<\/p>\n\n\n\n<p>Die Unterregisterkarte SERP-Analyse unter Keyword-Recherche liefert dir zus\u00e4tzliche Daten. Aber wir m\u00fcssen darauf hinweisen, dass die Mitbewerber-Analyse in Moz Pro auf der Basis der Keywords erfolgt. Du kannst also mit Moz Pro keine spezifischen Daten zu organischen oder bezahlten Suchbegriffen auf Websites erhalten.<\/p>\n\n\n\n<p>Im Vergleich zu anderen Tools auf dem Markt verf\u00fcgt Moz Pro nicht \u00fcber ein starkes Modul zur Wettbewerbsanalyse, da es nicht \u00fcber die Analyse von Keywords hinausgeht. Andere Tools wie SE Ranking und Ahrefs sind viel besser geeignet, um dir alle ben\u00f6tigten Wettbewerbsdaten zu liefern.<\/p>\n\n\n<div class=\"review-table\" data-current-company=\"moz\" data-reviewed-company=\"seranking\" data-currency=\"GBP\" data-content-url=\"https:\/\/top10seosoftware.com\/wp-content\/themes\/top10seo\/assets\/data\/de\/competitive_research.json\"><\/div>\n\n\n\n<h2 class=\"wp-block-heading\"><strong>Backlink-Analyse<\/strong><\/h2>\n\n\n\n<p>Mit dem leistungsstarken &#8222;Link Research&#8220; von Moz Pro, der hilfreiche Metriken enth\u00e4lt, kannst du ein hochwertiges Backlink-Profil erstellen. Im Grunde kannst du deine eigene Leistungsdynamik verfolgen und dein Link-Profil mit dem deiner engsten Mitbewerber vergleichen und deine Strategie anpassen, um weiterzukommen.<\/p>\n\n\n\n<p>Der beste Weg, die Link Research zu nutzen, ist, die Backlink-Profile seiner Mitbewerber zur\u00fcckzuverfolgen. Aber, wie funktioniert das eigentlich?<\/p>\n\n\n\n<p>Beginne mit der Eingabe einer konkurrierenden Domain in das Tool, wie oben gezeigt, und du erh\u00e4ltst einen \u00dcberblick \u00fcber ihr Backlink-Profil, das die Domain-Autorit\u00e4t der Website, die Anzahl der verlinkenden Domains, eingehende Links und Ranking-Keywords enth\u00e4lt. Au\u00dferdem erh\u00e4ltst du ein Diagramm, das alle entdeckten und verlorenen verlinkenden Domains anzeigt, sowie Diagramme, die deinen Fortschritt bei deiner Domain Authority, Page Authority und Linking Domains zeigen.<\/p>\n\n\n\n<p>Nat\u00fcrlich kannst du auch das Verh\u00e4ltnis zwischen follow- und nofollow-Links, die Top-Followed-Links zu dieser Website, die Top-Seiten auf dieser Website, den Top-Ankertext f\u00fcr diese Website und die verlinkenden Domains nach DA sehen. \u00dcbrigens kannst du dich zu jedem Abschnitt durchklicken, um detaillierte Informationen \u00fcber eingehende Links, verlinkende Domains, Ankertext, Top-Seiten, entdeckte und verlorene Backlinks und Spam-Score zu erhalten.<\/p>\n\n\n\n<p>Das Beste an Moz Pro&#8217;s Link Research ist, dass du mehrere Backlink-Profile von Mitbewerbern vergleichen kannst und dich dann eingehender mit jedem deiner Mitbewerber besch\u00e4ftigen kannst, um zu sehen, wie sein Backlink-Profil tickt.<\/p>\n\n\n\n<p>Als Schlussfolgerung sei gesagt, dass Moz Link Explorer zusammen mit Ahrefs und SE Ranking an der Spitze steht, wenn es um qualitativ hochwertige Backlink-Analyse geht &#8211; obwohl die anderen beiden \u00fcber gr\u00f6\u00dfere Datenbanken verf\u00fcgen. Moz ist jedoch ein Tool, auf das man nicht verzichten kann und das man einfach ausprobieren muss, zumindest wegen der lehrreichen Inhalte, die es bietet.<\/p>\n\n\n<div class=\"review-table\" data-current-company=\"moz\" data-reviewed-company=\"seranking\" data-currency=\"GBP\" data-content-url=\"https:\/\/top10seosoftware.com\/wp-content\/themes\/top10seo\/assets\/data\/de\/backlink_research.json\"><\/div>\n\n\n\n<a href=\"https:\/\/moz.com\/\" target=\"_blank\" rel=\"noreferrer noopener\" class=\"main-btn main-btn_arrow website-link\">Website besuchen<\/a>\n","protected":false},"excerpt":{"rendered":"<p>Allgemeine \u00dcbersicht Moz Pro geh\u00f6rt zu den besten SEO-Tools, das wir getestet haben und das auf dem Markt erh\u00e4ltlich ist. Viele Nutzer teilen ihre positiven Moz Erfahrungen, besonders bez\u00fcglich der leistungsf\u00e4higen Keyword- und Link Explorer-Tools. Die Keyword- und Link Explorer-Tools k\u00f6nnen mit jeder anderen L\u00f6sung mithalten, und die Metriken wurden weitgehend als Industriestandard akzeptiert, selbst [&hellip;]<\/p>\n","protected":false},"author":1,"featured_media":0,"parent":0,"menu_order":0,"comment_status":"open","ping_status":"closed","template":"page-templates\/review-page.php","meta":{"_acf_changed":false,"_sitemap_exclude":false,"_sitemap_priority":"","_sitemap_frequency":"","footnotes":""},"class_list":["post-7145","page","type-page","status-publish","hentry"],"acf":[],"yoast_head":"<!-- This site is optimized with the Yoast SEO plugin v26.6 - https:\/\/yoast.com\/wordpress\/plugins\/seo\/ -->\n<title>Moz Pro Erfahrungen \u1409 Bericht \u00fcber den SEO-Service<\/title>\n<meta name=\"description\" content=\"Detaillierte Review \u00fcber Funktionen und Tools von Moz Pro: Rank Tracking, Website-Audit, Wettbewerbsanalyse, Backlinks, Pakete &amp; Kosten.\" \/>\n<meta name=\"robots\" content=\"index, follow, max-snippet:-1, max-image-preview:large, max-video-preview:-1\" \/>\n<link rel=\"canonical\" href=\"https:\/\/top10seosoftware.com\/de\/moz-review\/\" \/>\n<meta property=\"og:locale\" content=\"de_DE\" \/>\n<meta property=\"og:type\" content=\"article\" \/>\n<meta property=\"og:title\" content=\"Moz Pro Erfahrungen \u1409 Bericht \u00fcber den SEO-Service\" \/>\n<meta property=\"og:description\" content=\"Detaillierte Review \u00fcber Funktionen und Tools von Moz Pro: Rank Tracking, Website-Audit, Wettbewerbsanalyse, Backlinks, Pakete &amp; Kosten.\" \/>\n<meta property=\"og:url\" content=\"https:\/\/top10seosoftware.com\/de\/moz-review\/\" \/>\n<meta property=\"og:site_name\" content=\"Top 10 SEO Software\" \/>\n<meta property=\"article:modified_time\" content=\"2024-01-10T01:24:44+00:00\" \/>\n<meta name=\"twitter:card\" content=\"summary_large_image\" \/>\n<meta name=\"twitter:label1\" content=\"Gesch\u00e4tzte Lesezeit\" \/>\n\t<meta name=\"twitter:data1\" content=\"11\u00a0Minuten\" \/>\n<!-- \/ Yoast SEO plugin. -->","yoast_head_json":{"title":"Moz Pro Erfahrungen \u1409 Bericht \u00fcber den SEO-Service","description":"Detaillierte Review \u00fcber Funktionen und Tools von Moz Pro: Rank Tracking, Website-Audit, Wettbewerbsanalyse, Backlinks, Pakete & Kosten.","robots":{"index":"index","follow":"follow","max-snippet":"max-snippet:-1","max-image-preview":"max-image-preview:large","max-video-preview":"max-video-preview:-1"},"canonical":"https:\/\/top10seosoftware.com\/de\/moz-review\/","og_locale":"de_DE","og_type":"article","og_title":"Moz Pro Erfahrungen \u1409 Bericht \u00fcber den SEO-Service","og_description":"Detaillierte Review \u00fcber Funktionen und Tools von Moz Pro: Rank Tracking, Website-Audit, Wettbewerbsanalyse, Backlinks, Pakete & Kosten.","og_url":"https:\/\/top10seosoftware.com\/de\/moz-review\/","og_site_name":"Top 10 SEO Software","article_modified_time":"2024-01-10T01:24:44+00:00","twitter_card":"summary_large_image","twitter_misc":{"Gesch\u00e4tzte Lesezeit":"11\u00a0Minuten"},"schema":{"@context":"https:\/\/schema.org","@graph":[{"@type":"WebPage","@id":"https:\/\/top10seosoftware.com\/de\/moz-review\/","url":"https:\/\/top10seosoftware.com\/de\/moz-review\/","name":"Moz Pro Erfahrungen \u1409 Bericht \u00fcber den SEO-Service","isPartOf":{"@id":"https:\/\/top10seosoftware.com\/#website"},"datePublished":"2022-07-08T08:08:22+00:00","dateModified":"2024-01-10T01:24:44+00:00","description":"Detaillierte Review \u00fcber Funktionen und Tools von Moz Pro: Rank Tracking, Website-Audit, Wettbewerbsanalyse, Backlinks, Pakete & Kosten.","breadcrumb":{"@id":"https:\/\/top10seosoftware.com\/de\/moz-review\/#breadcrumb"},"inLanguage":"de","potentialAction":[{"@type":"ReadAction","target":["https:\/\/top10seosoftware.com\/de\/moz-review\/"]}]},{"@type":"BreadcrumbList","@id":"https:\/\/top10seosoftware.com\/de\/moz-review\/#breadcrumb","itemListElement":[{"@type":"ListItem","position":1,"name":"Home","item":"https:\/\/top10seosoftware.com\/de\/"},{"@type":"ListItem","position":2,"name":"Moz Erfahrungen 2024"}]},{"@type":"WebSite","@id":"https:\/\/top10seosoftware.com\/#website","url":"https:\/\/top10seosoftware.com\/","name":"Top 10 SEO Software","description":"Top 10 SEO Software","publisher":{"@id":"https:\/\/top10seosoftware.com\/#organization"},"potentialAction":[{"@type":"SearchAction","target":{"@type":"EntryPoint","urlTemplate":"https:\/\/top10seosoftware.com\/?s={search_term_string}"},"query-input":{"@type":"PropertyValueSpecification","valueRequired":true,"valueName":"search_term_string"}}],"inLanguage":"de"},{"@type":"Organization","@id":"https:\/\/top10seosoftware.com\/#organization","name":"Top 10 SEO Software","url":"https:\/\/top10seosoftware.com\/","logo":{"@type":"ImageObject","inLanguage":"de","@id":"https:\/\/top10seosoftware.com\/#\/schema\/logo\/image\/","url":"https:\/\/top10seosoftware.com\/wp-content\/uploads\/2021\/10\/logo.svg","contentUrl":"https:\/\/top10seosoftware.com\/wp-content\/uploads\/2021\/10\/logo.svg","width":1,"height":1,"caption":"Top 10 SEO Software"},"image":{"@id":"https:\/\/top10seosoftware.com\/#\/schema\/logo\/image\/"}}]}},"_links":{"self":[{"href":"https:\/\/top10seosoftware.com\/de\/wp-json\/wp\/v2\/pages\/7145","targetHints":{"allow":["GET"]}}],"collection":[{"href":"https:\/\/top10seosoftware.com\/de\/wp-json\/wp\/v2\/pages"}],"about":[{"href":"https:\/\/top10seosoftware.com\/de\/wp-json\/wp\/v2\/types\/page"}],"author":[{"embeddable":true,"href":"https:\/\/top10seosoftware.com\/de\/wp-json\/wp\/v2\/users\/1"}],"replies":[{"embeddable":true,"href":"https:\/\/top10seosoftware.com\/de\/wp-json\/wp\/v2\/comments?post=7145"}],"version-history":[{"count":0,"href":"https:\/\/top10seosoftware.com\/de\/wp-json\/wp\/v2\/pages\/7145\/revisions"}],"wp:attachment":[{"href":"https:\/\/top10seosoftware.com\/de\/wp-json\/wp\/v2\/media?parent=7145"}],"curies":[{"name":"wp","href":"https:\/\/api.w.org\/{rel}","templated":true}]}}