{"id":1702,"date":"2021-10-28T18:21:28","date_gmt":"2021-10-28T15:21:28","guid":{"rendered":"https:\/\/test.top10seosoftware.com\/?page_id=1702"},"modified":"2021-11-10T10:55:34","modified_gmt":"2021-11-10T07:55:34","slug":"divulgacion-de-afiliados","status":"publish","type":"page","link":"https:\/\/top10seosoftware.com\/es\/divulgacion-de-afiliados\/","title":{"rendered":"Divulgaci\u00f3n de Afiliados"},"content":{"rendered":"\n<p>TOP10 SEO SOFTWARE PUEDE RECIBIR UNA COMISI\u00d3N, TARIFA Y\/U OTRA COMPENSACI\u00d3N POR ALGUNOS CLICS O COMPRAS REALIZADAS A TRAV\u00c9S DE O VINCULADAS DESDE LOS SERVICIOS.<\/p>\n\n\n\n<p>ESTO SIGNIFICA QUE TOP10 SEO SOFTWARE PUEDE RECIBIR ALGUNA FORMA DE COMPENSACI\u00d3N A TRAV\u00c9S DE UN ACUERDO QUE TIENE CON UN TERCERO SI T\u00da (i) HACES CLIC EN CIERTOS ENLACES DE NUESTRO SITIO WEB, CORREOS ELECTR\u00d3NICOS O BOLETINES, O (ii) COMPRAS UN PRODUCTO O SERVICIO DESPU\u00c9S DE HACER CLIC EN UN ENLACE.<\/p>\n\n\n\n<p>Top10 SEO Software no representa ni respalda la precisi\u00f3n o confiabilidad de ning\u00fan Contenido u otro material publicado en cualquier \u00e1rea interactiva o en cualquier otro lugar del sitio web y t\u00fa reconoces que cualquier confianza en dicho Contenido u otro material es tu responsabilidad y est\u00e1 bajo tu propio riesgo. Cualquier Contenido u otro material colocado en cualquier \u00e1rea interactiva por los usuarios representa las opiniones del usuario que publica la declaraci\u00f3n y no representa las opiniones de Top10 SEO Software.<\/p>\n\n\n\n<p>El sitio web puede contener enlaces a sitios en Internet que son propiedad y est\u00e1n operados por terceros. T\u00fa reconoces que Top10 SEO Software no es responsable de la disponibilidad o el contenido ubicado en o a trav\u00e9s de cualquier sitio externo, y que el uso de dichos sitios externos puede estar sujeto a los t\u00e9rminos y condiciones y\/o pol\u00edtica de privacidad de un tercero. Cualquier contenido de terceros o un enlace a un sitio de terceros no es un respaldo a ese contenido o sitio de terceros. Debes comunicarte con el administrador del sitio o el webmaster de esos sitios externos si tienes alguna inquietud con respecto a dichos enlaces o al contenido ubicado en dichos sitios externos.<\/p>\n\n\n\n<p>Por lo general, no vendemos, revendemos ni licenciamos directamente ninguno de los productos o servicios que revisamos, enumeramos o anunciamos en nuestros sitios, y renunciamos a cualquier responsabilidad relacionada con ellos. Tu correspondencia o actividades relacionadas con terceros, incluidas las transacciones de pago y las transacciones de entrega de bienes, son \u00fanicamente entre t\u00fa y ese tercero. Se cree que toda la informaci\u00f3n de productos y ofertas, como descuentos, precios y disponibilidad, es precisa en el momento de la publicaci\u00f3n y est\u00e1 sujeta a cambios. Verifica estos detalles con el sitio del comerciante y consulta los t\u00e9rminos y condiciones del comerciante antes de comprar. T\u00fa aceptas que no seremos responsables por ninguna p\u00e9rdida o da\u00f1o de ning\u00fan tipo incurrido como resultado de cualquiera de tus transacciones con terceros. Cualquier pregunta, queja o reclamo relacionado con cualquier producto o servicio debe ser hecho al proveedor correspondiente. Sin embargo, en el caso de que vendamos, revendamos u otorguemos licencias de productos o servicios, cualquier t\u00e9rmino y condici\u00f3n relacionado con tu compra o licencia de dichos productos y servicios de nosotros o de cualquier afiliado estar\u00e1 disponible en la p\u00e1gina del sitio correspondiente.<\/p>\n","protected":false},"excerpt":{"rendered":"<p>TOP10 SEO SOFTWARE PUEDE RECIBIR UNA COMISI\u00d3N, TARIFA Y\/U OTRA COMPENSACI\u00d3N POR ALGUNOS CLICS O COMPRAS REALIZADAS A TRAV\u00c9S DE O VINCULADAS DESDE LOS SERVICIOS. ESTO SIGNIFICA QUE TOP10 SEO SOFTWARE PUEDE RECIBIR ALGUNA FORMA DE COMPENSACI\u00d3N A TRAV\u00c9S DE UN ACUERDO QUE TIENE CON UN TERCERO SI T\u00da (i) HACES CLIC EN CIERTOS ENLACES [&hellip;]<\/p>\n","protected":false},"author":1,"featured_media":0,"parent":0,"menu_order":0,"comment_status":"closed","ping_status":"closed","template":"page-templates\/affiliate.php","meta":{"_acf_changed":false,"_sitemap_exclude":false,"_sitemap_priority":"","_sitemap_frequency":"","footnotes":""},"class_list":["post-1702","page","type-page","status-publish","hentry"],"acf":[],"yoast_head":"<!-- This site is optimized with the Yoast SEO plugin v26.6 - https:\/\/yoast.com\/wordpress\/plugins\/seo\/ -->\n<title>Divulgaci\u00f3n de Afiliados | Top10 SEO Software<\/title>\n<meta name=\"description\" content=\"TOP10 SEO Software puede recibir una comisi\u00f3n, tarifa y\/u otra compensaci\u00f3n por algunos clics o compras realizadas en, a trav\u00e9s de o vinculados a los servicios\" \/>\n<meta name=\"robots\" content=\"index, follow, max-snippet:-1, max-image-preview:large, max-video-preview:-1\" \/>\n<link rel=\"canonical\" href=\"https:\/\/top10seosoftware.com\/affiliate-disclosure\/\" \/>\n<meta property=\"og:locale\" content=\"es_ES\" \/>\n<meta property=\"og:type\" content=\"article\" \/>\n<meta property=\"og:title\" content=\"Divulgaci\u00f3n de Afiliados | Top10 SEO Software\" \/>\n<meta property=\"og:description\" content=\"TOP10 SEO Software puede recibir una comisi\u00f3n, tarifa y\/u otra compensaci\u00f3n por algunos clics o compras realizadas en, a trav\u00e9s de o vinculados a los servicios\" \/>\n<meta property=\"og:url\" content=\"https:\/\/top10seosoftware.com\/affiliate-disclosure\/\" \/>\n<meta property=\"og:site_name\" content=\"top10seosoftware.com\" \/>\n<meta property=\"article:modified_time\" content=\"2021-11-10T07:55:34+00:00\" \/>\n<meta name=\"twitter:card\" content=\"summary_large_image\" \/>\n<meta name=\"twitter:label1\" content=\"Tiempo de lectura\" \/>\n\t<meta name=\"twitter:data1\" content=\"3 minutos\" \/>\n<!-- \/ Yoast SEO plugin. -->","yoast_head_json":{"title":"Divulgaci\u00f3n de Afiliados | Top10 SEO Software","description":"TOP10 SEO Software puede recibir una comisi\u00f3n, tarifa y\/u otra compensaci\u00f3n por algunos clics o compras realizadas en, a trav\u00e9s de o vinculados a los servicios","robots":{"index":"index","follow":"follow","max-snippet":"max-snippet:-1","max-image-preview":"max-image-preview:large","max-video-preview":"max-video-preview:-1"},"canonical":"https:\/\/top10seosoftware.com\/affiliate-disclosure\/","og_locale":"es_ES","og_type":"article","og_title":"Divulgaci\u00f3n de Afiliados | Top10 SEO Software","og_description":"TOP10 SEO Software puede recibir una comisi\u00f3n, tarifa y\/u otra compensaci\u00f3n por algunos clics o compras realizadas en, a trav\u00e9s de o vinculados a los servicios","og_url":"https:\/\/top10seosoftware.com\/affiliate-disclosure\/","og_site_name":"top10seosoftware.com","article_modified_time":"2021-11-10T07:55:34+00:00","twitter_card":"summary_large_image","twitter_misc":{"Tiempo de lectura":"3 minutos"},"schema":{"@context":"https:\/\/schema.org","@graph":[{"@type":"WebPage","@id":"https:\/\/top10seosoftware.com\/affiliate-disclosure\/","url":"https:\/\/top10seosoftware.com\/affiliate-disclosure\/","name":"Divulgaci\u00f3n de Afiliados | Top10 SEO Software","isPartOf":{"@id":"https:\/\/top10seosoftware.com\/#website"},"datePublished":"2021-10-28T15:21:28+00:00","dateModified":"2021-11-10T07:55:34+00:00","description":"TOP10 SEO Software puede recibir una comisi\u00f3n, tarifa y\/u otra compensaci\u00f3n por algunos clics o compras realizadas en, a trav\u00e9s de o vinculados a los servicios","breadcrumb":{"@id":"https:\/\/top10seosoftware.com\/affiliate-disclosure\/#breadcrumb"},"inLanguage":"es","potentialAction":[{"@type":"ReadAction","target":["https:\/\/top10seosoftware.com\/affiliate-disclosure\/"]}]},{"@type":"BreadcrumbList","@id":"https:\/\/top10seosoftware.com\/affiliate-disclosure\/#breadcrumb","itemListElement":[{"@type":"ListItem","position":1,"name":"Home","item":"https:\/\/top10seosoftware.com\/es\/"},{"@type":"ListItem","position":2,"name":"Divulgaci\u00f3n de Afiliados"}]},{"@type":"WebSite","@id":"https:\/\/top10seosoftware.com\/#website","url":"https:\/\/top10seosoftware.com\/","name":"top10seosoftware.com","description":"Top10 SEO Software","publisher":{"@id":"https:\/\/top10seosoftware.com\/#organization"},"potentialAction":[{"@type":"SearchAction","target":{"@type":"EntryPoint","urlTemplate":"https:\/\/top10seosoftware.com\/?s={search_term_string}"},"query-input":{"@type":"PropertyValueSpecification","valueRequired":true,"valueName":"search_term_string"}}],"inLanguage":"es"},{"@type":"Organization","@id":"https:\/\/top10seosoftware.com\/#organization","name":"top10seosoftware.com","url":"https:\/\/top10seosoftware.com\/","logo":{"@type":"ImageObject","inLanguage":"es","@id":"https:\/\/top10seosoftware.com\/#\/schema\/logo\/image\/","url":"https:\/\/top10seosoftware.com\/wp-content\/uploads\/2021\/10\/logo.svg","contentUrl":"https:\/\/top10seosoftware.com\/wp-content\/uploads\/2021\/10\/logo.svg","width":1,"height":1,"caption":"top10seosoftware.com"},"image":{"@id":"https:\/\/top10seosoftware.com\/#\/schema\/logo\/image\/"}}]}},"_links":{"self":[{"href":"https:\/\/top10seosoftware.com\/es\/wp-json\/wp\/v2\/pages\/1702","targetHints":{"allow":["GET"]}}],"collection":[{"href":"https:\/\/top10seosoftware.com\/es\/wp-json\/wp\/v2\/pages"}],"about":[{"href":"https:\/\/top10seosoftware.com\/es\/wp-json\/wp\/v2\/types\/page"}],"author":[{"embeddable":true,"href":"https:\/\/top10seosoftware.com\/es\/wp-json\/wp\/v2\/users\/1"}],"replies":[{"embeddable":true,"href":"https:\/\/top10seosoftware.com\/es\/wp-json\/wp\/v2\/comments?post=1702"}],"version-history":[{"count":0,"href":"https:\/\/top10seosoftware.com\/es\/wp-json\/wp\/v2\/pages\/1702\/revisions"}],"wp:attachment":[{"href":"https:\/\/top10seosoftware.com\/es\/wp-json\/wp\/v2\/media?parent=1702"}],"curies":[{"name":"wp","href":"https:\/\/api.w.org\/{rel}","templated":true}]}}