{"id":4807,"date":"2021-11-10T10:29:30","date_gmt":"2021-11-10T07:29:30","guid":{"rendered":"https:\/\/top10seosoftware.com\/?page_id=4807"},"modified":"2024-01-10T03:44:51","modified_gmt":"2024-01-10T00:44:51","slug":"los-10-mejores-software-de-seo","status":"publish","type":"page","link":"https:\/\/top10seosoftware.com\/es\/","title":{"rendered":"10 MEJORES SOFTWARE SEO"},"content":{"rendered":"\n<h3 class=\"wp-block-heading\"><strong>Descargo de responsabilidad<\/strong><\/h3>\n\n\n\n<p>El equipo de Top10 SEO Software selecciona soluciones de software de SEO para su revisi\u00f3n de forma <a href=\"https:\/\/top10seosoftware.com\/es\/sobre-nosotros\/\" target=\"_blank\" rel=\"noreferrer noopener\">independiente<\/a>. Podemos ganar comisiones de afiliados por la compra de enlaces, que ayudan a respaldar nuestras pruebas.<br><a href=\"https:\/\/top10seosoftware.com\/es\/divulgacion-de-afiliados\/\" target=\"_blank\" rel=\"noreferrer noopener\">Leer m\u00e1s<\/a><\/p>\n\n\n\n<h2 class=\"wp-block-heading\"><strong>\u00bfQu\u00e9 es la Optimizaci\u00f3n de Motores de B\u00fasqueda (SEO)?<\/strong><\/h2>\n\n\n\n<p>La optimizaci\u00f3n del motor de b\u00fasqueda (SEO) es el proceso de maximizar el volumen de tr\u00e1fico que llega a un sitio web en particular tomando todos los pasos necesarios dentro y fuera de la p\u00e1gina para garantizar que el sitio aparezca en los primeros lugares de las p\u00e1ginas de resultados del motor de b\u00fasqueda (SERP).<\/p>\n\n\n\n<p>Dado que Google realiza cambios regulares en su algoritmo, todos en el juego del SEO deben estar alerta para mantenerse al d\u00eda. La buena noticia es que una parte del SEO a\u00fan no ha cambiado. Me refiero al hecho de que este proceso implica actividades de optimizaci\u00f3n tanto dentro como fuera de la p\u00e1gina.<\/p>\n\n\n\n<h2 class=\"wp-block-heading\"><strong>\u00bfQu\u00e9 es el SEO On-Page y Off-Page?<\/strong><\/h2>\n\n\n\n<p>El proceso de optimizaci\u00f3n de motores de b\u00fasqueda consta de dos partes principales: optimizaci\u00f3n en la p\u00e1gina y optimizaci\u00f3n fuera de la p\u00e1gina.<\/p>\n\n\n\n<p>El SEO On-Page, en t\u00e9rminos sencillos, es la pr\u00e1ctica de optimizar el contenido de la p\u00e1gina web, tanto para los motores de b\u00fasqueda como para los visitantes. Como regla general, implica el proceso de utilizar de forma natural palabras clave espec\u00edficas en el cuerpo principal del contenido de la p\u00e1gina, as\u00ed como en la etiqueta del t\u00edtulo, meta descripci\u00f3n, encabezados, textos alternativos, etc. Adem\u00e1s de eso, requiere la optimizaci\u00f3n de la velocidad de carga de la p\u00e1gina, el uso de botones para compartir en redes sociales, una estructura de p\u00e1gina clara, formato de URL y mucho m\u00e1s.<\/p>\n\n\n\n<p>El SEO Off-page, por otro lado, se trata de crear un perfil de enlace de alta calidad al comunicarte con sitios web destacados y autoritarios y pedirles que tambi\u00e9n se vinculen contigo. Adem\u00e1s, las se\u00f1ales de intercambio social tambi\u00e9n juegan un papel importante aqu\u00ed. Piensa en el SEO Off-page como una alianza con otros sitios web con el objetivo de construir relaciones s\u00f3lidas, lo que, a su vez, har\u00e1 que los motores de b\u00fasqueda tengan una mayor confianza en tu empresa.<\/p>\n\n\n\n<h2 class=\"wp-block-heading\"><strong>\u00bfQu\u00e9 Funciones son Clave en un Software de SEO?<\/strong><\/h2>\n\n\n\n<p>Ahora que sabemos qu\u00e9 es el SEO y cu\u00e1les son sus componentes principales, echemos un vistazo a algunas herramientas de SEO imprescindibles que forman parte de cualquier software de calidad. Conocerlas te ayudar\u00e1 a determinar las necesidades de tu empresa y, como resultado, determinar la soluci\u00f3n de SEO perfecta para ti.<\/p>\n\n\n\n<h2 class=\"wp-block-heading\"><strong>Auditor\u00eda Completa del Sitio Web<\/strong><\/h2>\n\n\n\n<p>Una auditor\u00eda SEO completa escanea cada p\u00e1gina web de un sitio y eval\u00faa qu\u00e9 tan optimizados est\u00e1n sus elementos dentro y fuera de la p\u00e1gina tanto para los motores de b\u00fasqueda como para los visitantes humanos. En pocas palabras, al pasar por las p\u00e1ginas, la auditor\u00eda sigue una lista de verificaci\u00f3n con el objetivo de encontrar problemas t\u00e9cnicos que obstaculizan el rendimiento del sitio web en el motor de b\u00fasqueda y, por lo tanto, deben resolverse.<\/p>\n\n\n\n<p>Con una auditor\u00eda completa y detallada, puedes comparar tu sitio con tus principales competidores para cambiar tu estrategia y superarlos, conocer qu\u00e9 se debe mejorar y c\u00f3mo, adem\u00e1s de obtener una comprensi\u00f3n general de qu\u00e9 tan eficiente es el SEO de tu sitio web a los ojos de los motores de b\u00fasqueda.<\/p>\n\n\n\n<h2 class=\"wp-block-heading\"><strong>An\u00e1lisis del Perfil de Enlace<\/strong><\/h2>\n\n\n\n<p>Analizar tu perfil de enlace te mostrar\u00e1 una lista de todos los sitios web que se enlazan con tu sitio y dejar\u00e1 claro c\u00f3mo tu perfil de enlace est\u00e1 aumentando tus posibilidades de tener un mejor posicionamiento en las SERP.<\/p>\n\n\n\n<p>Adem\u00e1s de eso, el an\u00e1lisis de backlinks generalmente tambi\u00e9n resalta los backlinks de baja calidad, como aquellos que no son naturales, se vinculan desde sitios web no deseados y pueden ser penalizados por Google. Debes desautorizar dichos backlinks para mantener limpia e intacta la reputaci\u00f3n de tu sitio web. Pero no te limites a comprobar solo tu sitio web. Analiza a tus principales competidores para saber qu\u00e9 tan dif\u00edcil ser\u00e1 superarlos en la b\u00fasqueda. Adem\u00e1s, busca oportunidades adicionales para desarrollar a\u00fan m\u00e1s tu propio perfil de enlace analizando los backlinks de la competencia.<\/p>\n\n\n\n<h2 class=\"wp-block-heading\"><strong>Investigaci\u00f3n de Palabras Clave<\/strong><\/h2>\n\n\n\n<p>Al realizar una investigaci\u00f3n exhaustiva de palabras clave, comprender\u00e1s mejor a tu p\u00fablico objetivo y descubrir\u00e1s qu\u00e9 t\u00e9rminos ingresan las personas en la b\u00fasqueda para buscar tu servicio o producto. Esto te permitir\u00e1 optimizar el contenido que creaste para promover esos t\u00e9rminos de b\u00fasqueda.<\/p>\n\n\n\n<p>Con el poder de los datos que puedes obtener de la investigaci\u00f3n de palabras clave, podr\u00e1s responder preguntas como \u00bfQu\u00e9 busca mi mercado objetivo? \u00bfCu\u00e1ntas personas realizan una b\u00fasqueda espec\u00edfica cada mes? \u00bfQu\u00e9 tipo de contenido es mejor para un determinado t\u00e9rmino de b\u00fasqueda?<\/p>\n\n\n\n<p>Saber c\u00f3mo la gente busca tus productos o servicios te facilitar\u00e1 mucho dise\u00f1ar una estrategia de SEO imparable para la promoci\u00f3n de contenido.<\/p>\n\n\n\n<h2 class=\"wp-block-heading\"><strong>Rastreo del Ranking de Palabras Clave<\/strong><\/h2>\n\n\n\n<p>Hacer un seguimiento del ranking de las palabras clave te permite saber qu\u00e9 tan bien funcionan las palabras clave que utilizas para promocionar las p\u00e1ginas de tu sitio en la b\u00fasqueda. Si lo haces, te ayudar\u00e1 a conocer si tus p\u00e1ginas se posicionan en la p\u00e1gina 1 de Google para una palabra clave espec\u00edfica, podr\u00e1s ver si apareces en la b\u00fasqueda de im\u00e1genes, videos de Google o en el Google Local Pack.<\/p>\n\n\n\n<p>Con estos datos, conocer\u00e1s d\u00f3nde necesitas trabajar m\u00e1s para mantener tu campa\u00f1a de SEO en el camino correcto. Verificar todos los rankings de tus palabras clave es algo que debes hacer de manera regular.<\/p>\n\n\n\n<p>Para empezar, a menudo necesitas saber c\u00f3mo te posicionas en diferentes lugares del mundo. Por lo tanto, aseg\u00farate de que la herramienta de SEO que elijas te permita rastrear los rankings de palabras clave en varias ubicaciones con una gran precisi\u00f3n.<\/p>\n\n\n\n<h2 class=\"wp-block-heading\"><strong>An\u00e1lisis Competitivo<\/strong><\/h2>\n\n\n\n<p>Una gran parte de tu \u00e9xito online depende de realizar un an\u00e1lisis en profundidad de los dominios de tus principales competidores. Si lo haces, te permitir\u00e1 encontrar datos que te ayudar\u00e1n a configurar y mejorar el rendimiento en el motor de b\u00fasqueda de tu propio dominio en funci\u00f3n de las fortalezas y debilidades de la competencia.<\/p>\n\n\n\n<p>Con la herramienta adecuada, podr\u00e1s identificar a tus competidores directos, conocer exactamente qu\u00e9 hacen en la b\u00fasqueda org\u00e1nica y de pago, c\u00f3mo y por qu\u00e9.<\/p>\n\n\n\n<h2 class=\"wp-block-heading\"><strong>\u00bfQu\u00e9 Software de SEO es el Mejor para tus Necesidades?<\/strong><\/h2>\n\n\n\n<h2 class=\"wp-block-heading\"><strong>\u00bfCu\u00e1les son las necesidades de tu empresa?<\/strong><\/h2>\n\n\n\n<p>Antes de hacer cualquier otra cosa, simplemente debes identificar qu\u00e9 es exactamente lo que necesita tu empresa. Solo echa un vistazo a tus objetivos, asumiendo que los tienes todos claros, y eval\u00faa las herramientas de SEO que pueden ayudarte a lograrlo. Claro que, no puedes evitar revisar las limitaciones t\u00e9cnicas de cada herramienta y ver cu\u00e1nto invertir\u00e1s de tu presupuesto mensual.<\/p>\n\n\n\n<p>Dependiendo de tu p\u00fablico objetivo, tendr\u00e1s enfoques muy diferentes para implementar tus necesidades. Si buscas conversiones, algunas de las funciones enumeradas anteriormente desempe\u00f1ar\u00e1n un papel m\u00e1s importante en tu estrategia. La conclusi\u00f3n es que simplemente no podr\u00e1s comprender qu\u00e9 herramienta de SEO es adecuada para ti si no comprendes completamente tus necesidades.<\/p>\n\n\n\n<h2 class=\"wp-block-heading\"><strong>Accede a las pruebas gratuitas y las rese\u00f1as de los clientes<\/strong><\/h2>\n\n\n\n<p>Esto es algo que todo el mundo hace autom\u00e1ticamente hoy en d\u00eda, pero debes probar cada herramienta antes de decidir. Adem\u00e1s, Internet est\u00e1 lleno de opiniones honestas de clientes que pueden ayudarte a tomar la decisi\u00f3n correcta para tu empresa. No hagas ninguna elecci\u00f3n hasta que puedas obtener una demostraci\u00f3n en vivo de cada herramienta en un entorno familiar. Si no ves la opci\u00f3n para iniciar una prueba gratuita, ponte en contacto y pregunta. Muchas empresas se encontrar\u00e1n contigo a mitad de camino.<\/p>\n\n\n\n<p>En resumen, independientemente de d\u00f3nde trabajes, como SEO independiente o para una agencia, utiliza la informaci\u00f3n proporcionada anteriormente para tomar una decisi\u00f3n informada sobre las herramientas de SEO adecuadas para ti. Ahora, ve y revisa cada herramienta, comp\u00e1ralas y comprueba cu\u00e1l ofrece exactamente lo que necesitas.<\/p>\n","protected":false},"excerpt":{"rendered":"<p>Descargo de responsabilidad El equipo de Top10 SEO Software selecciona soluciones de software de SEO para su revisi\u00f3n de forma independiente. Podemos ganar comisiones de afiliados por la compra de enlaces, que ayudan a respaldar nuestras pruebas.Leer m\u00e1s \u00bfQu\u00e9 es la Optimizaci\u00f3n de Motores de B\u00fasqueda (SEO)? La optimizaci\u00f3n del motor de b\u00fasqueda (SEO) es [&hellip;]<\/p>\n","protected":false},"author":1,"featured_media":0,"parent":0,"menu_order":0,"comment_status":"closed","ping_status":"closed","template":"front-page.php","meta":{"_acf_changed":false,"_sitemap_exclude":false,"_sitemap_priority":"","_sitemap_frequency":"","footnotes":""},"class_list":["post-4807","page","type-page","status-publish","hentry"],"acf":[],"yoast_head":"<!-- This site is optimized with the Yoast SEO plugin v26.6 - https:\/\/yoast.com\/wordpress\/plugins\/seo\/ -->\n<title>Revisamos el mejor software de SEO de 2024 \u1409 Top10seosoftware<\/title>\n<meta name=\"description\" content=\"Conoce las principales caracter\u00edsticas y funciones de las plataformas SEO para encontrar el software que mejor se adapte a tus necesidades.\" \/>\n<meta name=\"robots\" content=\"index, follow, max-snippet:-1, max-image-preview:large, max-video-preview:-1\" \/>\n<link rel=\"canonical\" href=\"https:\/\/top10seosoftware.com\/es\/\" \/>\n<meta property=\"og:locale\" content=\"es_ES\" \/>\n<meta property=\"og:type\" content=\"article\" \/>\n<meta property=\"og:title\" content=\"Revisamos el mejor software de SEO de 2024 \u1409 Top10seosoftware\" \/>\n<meta property=\"og:description\" content=\"Conoce las principales caracter\u00edsticas y funciones de las plataformas SEO para encontrar el software que mejor se adapte a tus necesidades.\" \/>\n<meta property=\"og:url\" content=\"https:\/\/top10seosoftware.com\/es\/\" \/>\n<meta property=\"og:site_name\" content=\"top10seosoftware.com\" \/>\n<meta property=\"article:modified_time\" content=\"2024-01-10T00:44:51+00:00\" \/>\n<meta name=\"twitter:card\" content=\"summary_large_image\" \/>\n<meta name=\"twitter:label1\" content=\"Tiempo de lectura\" \/>\n\t<meta name=\"twitter:data1\" content=\"6 minutos\" \/>\n<!-- \/ Yoast SEO plugin. -->","yoast_head_json":{"title":"Revisamos el mejor software de SEO de 2024 \u1409 Top10seosoftware","description":"Conoce las principales caracter\u00edsticas y funciones de las plataformas SEO para encontrar el software que mejor se adapte a tus necesidades.","robots":{"index":"index","follow":"follow","max-snippet":"max-snippet:-1","max-image-preview":"max-image-preview:large","max-video-preview":"max-video-preview:-1"},"canonical":"https:\/\/top10seosoftware.com\/es\/","og_locale":"es_ES","og_type":"article","og_title":"Revisamos el mejor software de SEO de 2024 \u1409 Top10seosoftware","og_description":"Conoce las principales caracter\u00edsticas y funciones de las plataformas SEO para encontrar el software que mejor se adapte a tus necesidades.","og_url":"https:\/\/top10seosoftware.com\/es\/","og_site_name":"top10seosoftware.com","article_modified_time":"2024-01-10T00:44:51+00:00","twitter_card":"summary_large_image","twitter_misc":{"Tiempo de lectura":"6 minutos"},"schema":{"@context":"https:\/\/schema.org","@graph":[{"@type":"WebPage","@id":"https:\/\/top10seosoftware.com\/es\/","url":"https:\/\/top10seosoftware.com\/es\/","name":"Revisamos el mejor software de SEO de 2024 \u1409 Top10seosoftware","isPartOf":{"@id":"https:\/\/top10seosoftware.com\/#website"},"datePublished":"2021-11-10T07:29:30+00:00","dateModified":"2024-01-10T00:44:51+00:00","description":"Conoce las principales caracter\u00edsticas y funciones de las plataformas SEO para encontrar el software que mejor se adapte a tus necesidades.","breadcrumb":{"@id":"https:\/\/top10seosoftware.com\/es\/#breadcrumb"},"inLanguage":"es","potentialAction":[{"@type":"ReadAction","target":["https:\/\/top10seosoftware.com\/es\/"]}]},{"@type":"BreadcrumbList","@id":"https:\/\/top10seosoftware.com\/es\/#breadcrumb","itemListElement":[{"@type":"ListItem","position":1,"name":"Home","item":"https:\/\/top10seosoftware.com\/es\/"},{"@type":"ListItem","position":2,"name":"10 MEJORES SOFTWARE SEO"}]},{"@type":"WebSite","@id":"https:\/\/top10seosoftware.com\/#website","url":"https:\/\/top10seosoftware.com\/","name":"top10seosoftware.com","description":"Top10 SEO Software","publisher":{"@id":"https:\/\/top10seosoftware.com\/#organization"},"potentialAction":[{"@type":"SearchAction","target":{"@type":"EntryPoint","urlTemplate":"https:\/\/top10seosoftware.com\/?s={search_term_string}"},"query-input":{"@type":"PropertyValueSpecification","valueRequired":true,"valueName":"search_term_string"}}],"inLanguage":"es"},{"@type":"Organization","@id":"https:\/\/top10seosoftware.com\/#organization","name":"top10seosoftware.com","url":"https:\/\/top10seosoftware.com\/","logo":{"@type":"ImageObject","inLanguage":"es","@id":"https:\/\/top10seosoftware.com\/#\/schema\/logo\/image\/","url":"https:\/\/top10seosoftware.com\/wp-content\/uploads\/2021\/10\/logo.svg","contentUrl":"https:\/\/top10seosoftware.com\/wp-content\/uploads\/2021\/10\/logo.svg","width":1,"height":1,"caption":"top10seosoftware.com"},"image":{"@id":"https:\/\/top10seosoftware.com\/#\/schema\/logo\/image\/"}}]}},"_links":{"self":[{"href":"https:\/\/top10seosoftware.com\/es\/wp-json\/wp\/v2\/pages\/4807","targetHints":{"allow":["GET"]}}],"collection":[{"href":"https:\/\/top10seosoftware.com\/es\/wp-json\/wp\/v2\/pages"}],"about":[{"href":"https:\/\/top10seosoftware.com\/es\/wp-json\/wp\/v2\/types\/page"}],"author":[{"embeddable":true,"href":"https:\/\/top10seosoftware.com\/es\/wp-json\/wp\/v2\/users\/1"}],"replies":[{"embeddable":true,"href":"https:\/\/top10seosoftware.com\/es\/wp-json\/wp\/v2\/comments?post=4807"}],"version-history":[{"count":0,"href":"https:\/\/top10seosoftware.com\/es\/wp-json\/wp\/v2\/pages\/4807\/revisions"}],"wp:attachment":[{"href":"https:\/\/top10seosoftware.com\/es\/wp-json\/wp\/v2\/media?parent=4807"}],"curies":[{"name":"wp","href":"https:\/\/api.w.org\/{rel}","templated":true}]}}