{"id":4819,"date":"2021-11-10T10:42:25","date_gmt":"2021-11-10T07:42:25","guid":{"rendered":"https:\/\/top10seosoftware.com\/?page_id=4819"},"modified":"2026-03-10T07:33:43","modified_gmt":"2026-03-10T04:33:43","slug":"sobre-nosotros","status":"publish","type":"page","link":"https:\/\/top10seosoftware.com\/es\/sobre-nosotros\/","title":{"rendered":"Declaraci\u00f3n de Objetivos de Top10 SEO Software"},"content":{"rendered":"\n<div class=\"wp-block-image\"><figure class=\"aligncenter size-full\"><img decoding=\"async\" src=\"https:\/\/top10seosoftware.com\/wp-content\/uploads\/2021\/10\/b-1.svg\" alt=\"\" class=\"wp-image-330\"\/><\/figure><\/div>\n\n<h2 class=\"wp-block-heading\"><strong>Notre mission<\/strong><\/h2>\n\n<p>Top10 SEO Software s&#8217;engage \u00e0 \u00e9laborer\u00a0 du mat\u00e9riel de haute qualit\u00e9 bas\u00e9 sur notre exp\u00e9rience concernant les outils de r\u00e9f\u00e9rencement. Les donn\u00e9es publi\u00e9es sur notre site Web sont cr\u00e9\u00e9es gr\u00e2ce \u00e0 des recherches et des tests rigoureux dans le domaine du marketing num\u00e9rique et de l&#8217;optimisation des moteurs de recherche.<\/p>\n\n<p>Chaque analyse est bas\u00e9e sur les r\u00e9sultats d&#8217;un test qui a des crit\u00e8res sp\u00e9cifiques et est coh\u00e9rent pour tous les produits de r\u00e9f\u00e9rencement \u00e9valu\u00e9s. Nos m\u00e9thodologies visent \u00e0 fournir des r\u00e9sultats objectifs, pr\u00e9cis et impartiaux. Nous nous effor\u00e7ons toujours de trouver de nouveaux produits et crit\u00e8res \u00e0 tester pour vous fournir uniquement des donn\u00e9es pertinentes et r\u00e9elles.<\/p>\n\n<div class=\"wp-block-image\"><figure class=\"aligncenter size-full\"><img decoding=\"async\" src=\"https:\/\/top10seosoftware.com\/wp-content\/uploads\/2021\/10\/b-2.svg\" alt=\"\" class=\"wp-image-334\"\/><\/figure><\/div>\n\n<h2 class=\"wp-block-heading\"><strong>Nos valeurs<\/strong><\/h2>\n\n<p>Ici chez Top10 SEO Software, nous appr\u00e9cions avant tout l&#8217;ind\u00e9pendance et l&#8217;impartialit\u00e9. Notre contenu est produit uniquement pour votre b\u00e9n\u00e9fice pour que vous puissiez avoir plus d\u2019information sur les th\u00e8mes qui vous int\u00e9ressent. Cependant, nous pouvons gagner des commissions d&#8217;affiliation en achetant des liens, ce qui aide \u00e0 son tour \u00e0 soutenir nos tests.<\/p>\n\n<p>Les points de vue et les opinions exprim\u00e9s sur ce site\u00a0 sont les opinions de l&#8217;\u00e9quipe \u00e9ditoriale. Ils ne sont pas destin\u00e9s \u00e0 calomnier une organisation, une entreprise ou un individu.<\/p>\n\n<div class=\"wp-block-image\"><figure class=\"aligncenter size-full\"><img decoding=\"async\" src=\"https:\/\/top10seosoftware.com\/wp-content\/uploads\/2021\/10\/b-3.svg\" alt=\"\" class=\"wp-image-339\"\/><\/figure><\/div>\n\n<h2 class=\"wp-block-heading\"><strong>Notre vision<\/strong><\/h2>\n\n<p>Notre \u00e9quipe fait tout possible pour bien expliquer aux lecteurs les avantages de chaque produit analys\u00e9 pour qu\u2019ils puissent faire une bonne d\u00e9cision sans avoir investi beaucoup du temps aux tests des outils diff\u00e9rents<\/p>\n\n<p>Chaque produit analys\u00e9 a la possibilit\u00e9 de discuter les points faibles trouv\u00e9s. Quand m\u00eame, c\u2019est nous qui prenons la d\u00e9cision finale.<\/p>\n","protected":false},"excerpt":{"rendered":"<p>Notre mission Top10 SEO Software s&#8217;engage \u00e0 \u00e9laborer\u00a0 du mat\u00e9riel de haute qualit\u00e9 bas\u00e9 sur notre exp\u00e9rience concernant les outils de r\u00e9f\u00e9rencement. Les donn\u00e9es publi\u00e9es sur notre site Web sont cr\u00e9\u00e9es gr\u00e2ce \u00e0 des recherches et des tests rigoureux dans le domaine du marketing num\u00e9rique et de l&#8217;optimisation des moteurs de recherche. Chaque analyse est [&hellip;]<\/p>\n","protected":false},"author":1,"featured_media":0,"parent":0,"menu_order":0,"comment_status":"closed","ping_status":"closed","template":"page-templates\/about-us.php","meta":{"_acf_changed":false,"_sitemap_exclude":false,"_sitemap_priority":"","_sitemap_frequency":"","footnotes":""},"class_list":["post-4819","page","type-page","status-publish","hentry"],"acf":[],"yoast_head":"<!-- This site is optimized with the Yoast SEO plugin v26.6 - https:\/\/yoast.com\/wordpress\/plugins\/seo\/ -->\n<title>Sobre Nosotros | Top10 SEO Software<\/title>\n<meta name=\"description\" content=\"Top10 SEO Software ofrece reviews independientes sobre herramientas y plataformas de SEO. El an\u00e1lisis comparativo realizado por nuestro equipo tiene consejos pr\u00e1cticos que pueden ayudarte a tomar mejores decisiones de compra e identificar las herramientas que cubren tus necesidades.\" \/>\n<meta name=\"robots\" content=\"index, follow, max-snippet:-1, max-image-preview:large, max-video-preview:-1\" \/>\n<link rel=\"canonical\" href=\"https:\/\/top10seosoftware.com\/es\/sobre-nosotros\/\" \/>\n<meta property=\"og:locale\" content=\"es_ES\" \/>\n<meta property=\"og:type\" content=\"article\" \/>\n<meta property=\"og:title\" content=\"Sobre Nosotros | Top10 SEO Software\" \/>\n<meta property=\"og:description\" content=\"Top10 SEO Software ofrece reviews independientes sobre herramientas y plataformas de SEO. El an\u00e1lisis comparativo realizado por nuestro equipo tiene consejos pr\u00e1cticos que pueden ayudarte a tomar mejores decisiones de compra e identificar las herramientas que cubren tus necesidades.\" \/>\n<meta property=\"og:url\" content=\"https:\/\/top10seosoftware.com\/es\/sobre-nosotros\/\" \/>\n<meta property=\"og:site_name\" content=\"top10seosoftware.com\" \/>\n<meta property=\"article:modified_time\" content=\"2026-03-10T04:33:43+00:00\" \/>\n<meta name=\"twitter:card\" content=\"summary_large_image\" \/>\n<meta name=\"twitter:label1\" content=\"Tiempo de lectura\" \/>\n\t<meta name=\"twitter:data1\" content=\"2 minutos\" \/>\n<!-- \/ Yoast SEO plugin. -->","yoast_head_json":{"title":"Sobre Nosotros | Top10 SEO Software","description":"Top10 SEO Software ofrece reviews independientes sobre herramientas y plataformas de SEO. El an\u00e1lisis comparativo realizado por nuestro equipo tiene consejos pr\u00e1cticos que pueden ayudarte a tomar mejores decisiones de compra e identificar las herramientas que cubren tus necesidades.","robots":{"index":"index","follow":"follow","max-snippet":"max-snippet:-1","max-image-preview":"max-image-preview:large","max-video-preview":"max-video-preview:-1"},"canonical":"https:\/\/top10seosoftware.com\/es\/sobre-nosotros\/","og_locale":"es_ES","og_type":"article","og_title":"Sobre Nosotros | Top10 SEO Software","og_description":"Top10 SEO Software ofrece reviews independientes sobre herramientas y plataformas de SEO. El an\u00e1lisis comparativo realizado por nuestro equipo tiene consejos pr\u00e1cticos que pueden ayudarte a tomar mejores decisiones de compra e identificar las herramientas que cubren tus necesidades.","og_url":"https:\/\/top10seosoftware.com\/es\/sobre-nosotros\/","og_site_name":"top10seosoftware.com","article_modified_time":"2026-03-10T04:33:43+00:00","twitter_card":"summary_large_image","twitter_misc":{"Tiempo de lectura":"2 minutos"},"schema":{"@context":"https:\/\/schema.org","@graph":[{"@type":"WebPage","@id":"https:\/\/top10seosoftware.com\/es\/sobre-nosotros\/","url":"https:\/\/top10seosoftware.com\/es\/sobre-nosotros\/","name":"Sobre Nosotros | Top10 SEO Software","isPartOf":{"@id":"https:\/\/top10seosoftware.com\/#website"},"primaryImageOfPage":{"@id":"https:\/\/top10seosoftware.com\/es\/sobre-nosotros\/#primaryimage"},"image":{"@id":"https:\/\/top10seosoftware.com\/es\/sobre-nosotros\/#primaryimage"},"thumbnailUrl":"https:\/\/top10seosoftware.com\/wp-content\/uploads\/2021\/10\/b-1.svg","datePublished":"2021-11-10T07:42:25+00:00","dateModified":"2026-03-10T04:33:43+00:00","description":"Top10 SEO Software ofrece reviews independientes sobre herramientas y plataformas de SEO. El an\u00e1lisis comparativo realizado por nuestro equipo tiene consejos pr\u00e1cticos que pueden ayudarte a tomar mejores decisiones de compra e identificar las herramientas que cubren tus necesidades.","breadcrumb":{"@id":"https:\/\/top10seosoftware.com\/es\/sobre-nosotros\/#breadcrumb"},"inLanguage":"es","potentialAction":[{"@type":"ReadAction","target":["https:\/\/top10seosoftware.com\/es\/sobre-nosotros\/"]}]},{"@type":"ImageObject","inLanguage":"es","@id":"https:\/\/top10seosoftware.com\/es\/sobre-nosotros\/#primaryimage","url":"https:\/\/top10seosoftware.com\/wp-content\/uploads\/2021\/10\/b-1.svg","contentUrl":"https:\/\/top10seosoftware.com\/wp-content\/uploads\/2021\/10\/b-1.svg"},{"@type":"BreadcrumbList","@id":"https:\/\/top10seosoftware.com\/es\/sobre-nosotros\/#breadcrumb","itemListElement":[{"@type":"ListItem","position":1,"name":"Home","item":"https:\/\/top10seosoftware.com\/es\/"},{"@type":"ListItem","position":2,"name":"Declaraci\u00f3n de Objetivos de Top10 SEO Software"}]},{"@type":"WebSite","@id":"https:\/\/top10seosoftware.com\/#website","url":"https:\/\/top10seosoftware.com\/","name":"top10seosoftware.com","description":"Top10 SEO Software","publisher":{"@id":"https:\/\/top10seosoftware.com\/#organization"},"potentialAction":[{"@type":"SearchAction","target":{"@type":"EntryPoint","urlTemplate":"https:\/\/top10seosoftware.com\/?s={search_term_string}"},"query-input":{"@type":"PropertyValueSpecification","valueRequired":true,"valueName":"search_term_string"}}],"inLanguage":"es"},{"@type":"Organization","@id":"https:\/\/top10seosoftware.com\/#organization","name":"top10seosoftware.com","url":"https:\/\/top10seosoftware.com\/","logo":{"@type":"ImageObject","inLanguage":"es","@id":"https:\/\/top10seosoftware.com\/#\/schema\/logo\/image\/","url":"https:\/\/top10seosoftware.com\/wp-content\/uploads\/2021\/10\/logo.svg","contentUrl":"https:\/\/top10seosoftware.com\/wp-content\/uploads\/2021\/10\/logo.svg","width":1,"height":1,"caption":"top10seosoftware.com"},"image":{"@id":"https:\/\/top10seosoftware.com\/#\/schema\/logo\/image\/"}}]}},"_links":{"self":[{"href":"https:\/\/top10seosoftware.com\/es\/wp-json\/wp\/v2\/pages\/4819","targetHints":{"allow":["GET"]}}],"collection":[{"href":"https:\/\/top10seosoftware.com\/es\/wp-json\/wp\/v2\/pages"}],"about":[{"href":"https:\/\/top10seosoftware.com\/es\/wp-json\/wp\/v2\/types\/page"}],"author":[{"embeddable":true,"href":"https:\/\/top10seosoftware.com\/es\/wp-json\/wp\/v2\/users\/1"}],"replies":[{"embeddable":true,"href":"https:\/\/top10seosoftware.com\/es\/wp-json\/wp\/v2\/comments?post=4819"}],"version-history":[{"count":2,"href":"https:\/\/top10seosoftware.com\/es\/wp-json\/wp\/v2\/pages\/4819\/revisions"}],"predecessor-version":[{"id":25083,"href":"https:\/\/top10seosoftware.com\/es\/wp-json\/wp\/v2\/pages\/4819\/revisions\/25083"}],"wp:attachment":[{"href":"https:\/\/top10seosoftware.com\/es\/wp-json\/wp\/v2\/media?parent=4819"}],"curies":[{"name":"wp","href":"https:\/\/api.w.org\/{rel}","templated":true}]}}