{"id":14,"date":"2021-10-22T17:56:02","date_gmt":"2021-10-22T14:56:02","guid":{"rendered":"https:\/\/test.top10seosoftware.com\/?page_id=14"},"modified":"2024-08-06T13:06:41","modified_gmt":"2024-08-06T10:06:41","slug":"home-french","status":"publish","type":"page","link":"https:\/\/top10seosoftware.com\/fr\/","title":{"rendered":"TOP 10 DES LOGICIELS DE SEO"},"content":{"rendered":"\n<h3 class=\"wp-block-heading\"><strong>Avis de non-responsabilit\u00e9<\/strong><\/h3>\n\n\n\n<p>L&rsquo;\u00e9quipe de Top 10 SEO Software s\u00e9lectionne des solutions SEO pour une \u00e9valuation ind\u00e9pendante. Nous pouvons gagner des commissions d&rsquo;affiliation en achetant des liens, ce qui aide \u00e0 soutenir nos tests.<br><a href=\"\/fr\/divulgation-daffiliation\/\">Apprendre encore plus<\/a><\/p>\n\n\n\n<p><strong>Qu&rsquo;est-ce qui est le r\u00e9f\u00e9rencement naturel (SEO) ?<\/strong><\/p>\n\n\n\n<p>Le r\u00e9f\u00e9rencement naturel (SEO) est le processus consistant \u00e0 maximiser le volume de trafic qui arrive sur un site Web particulier en prenant toutes les mesures n\u00e9cessaires on et off page pour s&rsquo;assurer que le site appara\u00eet en haut des pages de r\u00e9sultats des moteurs de recherche (SERP).<\/p>\n\n\n\n<p>Google modifie son algorithme r\u00e9guli\u00e8rement et c\u2019est pourquoi, tout le monde dans le jeu de r\u00e9f\u00e9rencement doit \u00eatre sur ses gardes pour suivre le rythme. La bonne nouvelle est qu&rsquo;une partie du r\u00e9f\u00e9rencement n&rsquo;a pas encore chang\u00e9. Je fais r\u00e9f\u00e9rence au fait que ce processus implique \u00e0 la fois des activit\u00e9s d&rsquo;optimisation on la page et off page.<\/p>\n\n\n\n<p><strong>Le r\u00e9f\u00e9rencement on la page et off page, cela veut dire quoi ?<\/strong><\/p>\n\n\n\n<p>Le processus d&rsquo;optimisation des moteurs de recherche comprend deux parties principales : l&rsquo;optimisation on la page et l&rsquo;optimisation off page.<\/p>\n\n\n\n<p>Le r\u00e9f\u00e9rencement on la page est, en termes simples, la pratique d&rsquo;optimiser le contenu des pages Web, \u00e0 la fois pour les moteurs de recherche et les visiteurs. En r\u00e8gle g\u00e9n\u00e9rale, cela implique le processus d&rsquo;utilisation naturelle de mots-cl\u00e9s sp\u00e9cifiques dans le corps principal du contenu de la page, ainsi que dans sa balise de titre, sa m\u00e9tadescription, ses en-t\u00eates, ses textes alternatifs, etc. De plus, il s\u2019agit de l&rsquo;optimisation de la vitesse de chargement des pages, l&rsquo;utilisation de boutons de partage social, une structure de page claire, le formatage des URL et bien plus encore.<\/p>\n\n\n\n<p>Le r\u00e9f\u00e9rencement off page, en revanche, consiste \u00e0 la cr\u00e9ation d\u2019un profil de backlink de haute qualit\u00e9 en contactant des sites Web importants.<em> <\/em>De plus, les signaux de partage social y&nbsp; jouent \u00e9galement un grand r\u00f4le. Consid\u00e9rez le r\u00e9f\u00e9rencement off page comme un r\u00e9seautage avec d&rsquo;autres sites Web dans la vie r\u00e9elle avec le but de nouer des relations solides, ce qui, \u00e0 son tour, incitera les moteurs de recherche \u00e0 avoir une plus grande confiance en votre entreprise.<\/p>\n\n\n\n<p><strong>Quelles fonctionnalit\u00e9s des outils SEO sont essentielles ?<\/strong><\/p>\n\n\n\n<p>Maintenant, quand nous savons ce qui est le r\u00e9f\u00e9rencement et quels sont ses principaux composants, examinons quelques outils de r\u00e9f\u00e9rencement indispensables qui font partie de tout logiciel de qualit\u00e9. Les conna\u00eetre et les comprendre vous aidera \u00e0 comprendre les besoins de votre entreprise et, par cons\u00e9quent vous pourrez d\u00e9terminer la solution qui vous convient le mieux.<\/p>\n\n\n\n<p><strong>Audit approfondi du site Web<\/strong><\/p>\n\n\n\n<p>Un audit SEO complet analyse chaque page Web d&rsquo;un site et \u00e9value l&rsquo;optimisation de leurs \u00e9l\u00e9ments on et off page pour les moteurs de recherche et les visiteurs. En d\u2019autres mots, lors du parcours des pages, l&rsquo;audit suit une liste de contr\u00f4le dans le but de trouver des probl\u00e8mes techniques qui nuisent aux performances du moteur de recherche du site et qui doivent donc \u00eatre r\u00e9solus.<\/p>\n\n\n\n<p>Avec un audit complet et d\u00e9taill\u00e9, vous pouvez comparer votre site \u00e0 vos principaux concurrents pour finalement adapter votre strat\u00e9gie et les surpasser, d\u00e9couvrir ce qui doit \u00eatre am\u00e9lior\u00e9 et comment, ainsi qu&rsquo;obtenir une compr\u00e9hension globale de l&rsquo;efficacit\u00e9 SEO de votre site dans \u201cles yeux\u201d des moteurs de recherche.<\/p>\n\n\n\n<p><strong>Analyse de profil de backlink<\/strong><\/p>\n\n\n\n<p>L\u2019analyse de votre profil de backlink vous montrera une liste de tous les sites Web qui renvoient vers votre site et indiquera clairement comment votre profil de backlink augmente vos chances de vous classer au top dans les SERP.<\/p>\n\n\n\n<p>De plus, l&rsquo;analyse des backlinks met g\u00e9n\u00e9ralement en \u00e9vidence les backlinks de mauvaise qualit\u00e9, comme ceux qui ne sont pas naturels, qui renvoient \u00e0 des sites Web contenant du spam et qui peuvent \u00eatre p\u00e9nalis\u00e9s par Google. Vous devez d\u00e9savouer ces backlinks pour garder la r\u00e9putation de votre site propre et intacte. Analysez aussi vos principaux concurrents directs pour d\u00e9terminer \u00e0 quel point il sera difficile de les surclasser dans la recherche. De plus, recherchez des opportunit\u00e9s suppl\u00e9mentaires pour d\u00e9velopper votre propre profil de backlink en analysant les backlinks des concurrents.<\/p>\n\n\n\n<p><strong>Recherche de mots-cl\u00e9s<\/strong><\/p>\n\n\n\n<p>Si vous faites une recherche approfondie de mots-cl\u00e9s, vous obtenez une meilleure compr\u00e9hension de votre audience et d\u00e9couvrez ceux qui font la recherche pour trouver votre offre. Cela vous permettra d&rsquo;optimiser le contenu que vous cr\u00e9ez pour les promouvoir dans la mani\u00e8re plus efficace.&nbsp;<\/p>\n\n\n\n<p>Gr\u00e2ce \u00e0 la puissance des donn\u00e9es que vous pouvez obtenir de la recherche de mots cl\u00e9s, vous serez capable de r\u00e9pondre \u00e0 des questions tr\u00e8s importantes comme :&nbsp;<br>Que mon march\u00e9 cible cherche ? Combien de personnes effectuent une recherche sp\u00e9cifique chaque mois ? Quel type de contenu convient le mieux \u00e0 un certain terme de recherche ?<\/p>\n\n\n\n<p>Si vous connaissez comment les gens recherchent vos produits ou services, il vous sera beaucoup plus facile de concevoir une strat\u00e9gie de promotion de contenu SEO imparable.<\/p>\n\n\n\n<p><strong>Suivi du classement des mots cl\u00e9s<\/strong><\/p>\n\n\n\n<p>Le suivi du classement des mots-cl\u00e9s vous permet de savoir \u00e0 quel point les mots-cl\u00e9s que vous utilisez pour promouvoir les pages de votre site sont performants dans la recherche. Cela vous aidera \u00e0 savoir si vos pages sont class\u00e9es sur la page 1 de Google pour un mot-cl\u00e9 sp\u00e9cifique, vous pourrez voir si vous figurez dans la recherche d&rsquo;images, de vid\u00e9os de Google ou dans le pack de classement local.<\/p>\n\n\n\n<p>Avec ces donn\u00e9es, vous pouvez savoir o\u00f9 vous devez faire plus de travail afin d\u2019am\u00e9liorer votre campagne de r\u00e9f\u00e9rencement. Mais faites attention \u00e0 tous les classements de vos mots cl\u00e9s parce que c\u2019est une des&nbsp; choses que vous devriez faire r\u00e9guli\u00e8rement.<\/p>\n\n\n\n<p>Pour d\u00e9marrer, vous avez souvent besoin de savoir comment vous vous classez dans diff\u00e9rents emplacements du monde. Assurez-vous donc que l&rsquo;outil de r\u00e9f\u00e9rencement que vous utilisez vous permet de suivre le classement des mots-cl\u00e9s dans plusieurs emplacements distincts avec une grande pr\u00e9cision.<\/p>\n\n\n\n<p><strong>Analyse concurrentielle<\/strong><\/p>\n\n\n\n<p>Une grande partie de votre succ\u00e8s en ligne d\u00e9pend de la r\u00e9alisation d&rsquo;une analyse approfondie des domaines de vos principaux concurrents. Cela vous aidera \u00e0 trouver des donn\u00e9es qui vous aideront \u00e0 former et \u00e0 am\u00e9liorer les performances du moteur de recherche de votre propre domaine en fonction des forces et des faiblesses des concurrents.<\/p>\n\n\n\n<p>Avec un bon outil, vous serez capable de d\u00e9terminer vos concurrents directs, de d\u00e9couvrir exactement ce qu&rsquo;ils font en ligne dans la recherche organique et payante.<\/p>\n\n\n\n<p><strong>Quel outil de r\u00e9f\u00e9rencement est le mieux adapt\u00e9 \u00e0 vos besoins<\/strong><\/p>\n\n\n\n<p><strong>Quels sont les besoins de votre entreprise ?<\/strong><\/p>\n\n\n\n<p>Vous devez savoir avant tout les besoins de votre entreprise. Jetez simplement un coup d\u2019\u0153il \u00e0 vos objectifs, en supposant que vous les ayez tous compris et \u00e9valuez les outils de r\u00e9f\u00e9rencement qui peuvent vous aider \u00e0 am\u00e9liorer votre performance. Naturellement, c\u2019est impossible sans avoir fait attention aux limites techniques de chaque outil et de prix finale de chaque instrument.<\/p>\n\n\n\n<p>A l\u2019aide de votre audience cible, vous aurez des approches tr\u00e8s diff\u00e9rentes pour mettre en \u0153uvre vos besoins. Si vous recherchez des conversions, certaines des fonctionnalit\u00e9s \u00e9num\u00e9r\u00e9es ci-dessus joueront un r\u00f4le plus important dans votre strat\u00e9gie. Donc, vous ne pourrez tout simplement pas comprendre quel outil de r\u00e9f\u00e9rencement convient pour vous si vous n&rsquo;avez pas d\u2019analyse compl\u00e8te de vos besoins.<\/p>\n\n\n\n<p><strong>Profitez d&rsquo;essais gratuits et d&rsquo;avis clients disponibles<\/strong><\/p>\n\n\n\n<p>C&rsquo;est quelque chose que tout le monde fait automatiquement aujourd\u2019hui, mais vous devez tester chaque outil avant de passer vers le dernier appel. De plus, Internet est plein d\u2019avis clients honn\u00eates qui peuvent vous aider \u00e0 prendre la bonne d\u00e9cision pour votre entreprise. Ne faites aucun choix tant que vous ne pouvez pas obtenir une d\u00e9monstration de chaque outil en action dans un environnement familier. Si vous ne voyez pas d&rsquo;option pour d\u00e9marrer un essai gratuit, contactez-nous et obtenez des renseignements \u00e0 ce propos. De nombreuses entreprises vous rencontreront \u00e0 mi-chemin.<\/p>\n\n\n\n<p>Du coup, utilisez les informations fournies ci-dessus pour prendre une d\u00e9cision r\u00e9fl\u00e9chie sur les outils de r\u00e9f\u00e9rencement qui vous conviennent. Maintenant, testez chaque outil, comparez-les et voyez laquelle offre vous convient&nbsp; le plus.<\/p>\n","protected":false},"excerpt":{"rendered":"<p>Avis de non-responsabilit\u00e9 L&rsquo;\u00e9quipe de Top 10 SEO Software s\u00e9lectionne des solutions SEO pour une \u00e9valuation ind\u00e9pendante. Nous pouvons gagner des commissions d&rsquo;affiliation en achetant des liens, ce qui aide \u00e0 soutenir nos tests.Apprendre encore plus Qu&rsquo;est-ce qui est le r\u00e9f\u00e9rencement naturel (SEO) ? Le r\u00e9f\u00e9rencement naturel (SEO) est le processus consistant \u00e0 maximiser le [&hellip;]<\/p>\n","protected":false},"author":1,"featured_media":0,"parent":0,"menu_order":0,"comment_status":"closed","ping_status":"closed","template":"front-page.php","meta":{"_acf_changed":false,"_sitemap_exclude":false,"_sitemap_priority":"","_sitemap_frequency":"","footnotes":""},"class_list":["post-14","page","type-page","status-publish","hentry"],"acf":[],"yoast_head":"<!-- This site is optimized with the Yoast SEO plugin v26.6 - https:\/\/yoast.com\/wordpress\/plugins\/seo\/ -->\n<title>La liste des meilleurs logiciels SEO en 2024 \u1409 Top10seosoftware<\/title>\n<meta name=\"description\" content=\"Examinez les fonctionnalit\u00e9s principales des plateformes SEO qui correspondent \u00e0 vos besoins\" \/>\n<meta name=\"robots\" content=\"index, follow, max-snippet:-1, max-image-preview:large, max-video-preview:-1\" \/>\n<link rel=\"canonical\" href=\"https:\/\/top10seosoftware.com\/fr\/\" \/>\n<meta property=\"og:locale\" content=\"fr_FR\" \/>\n<meta property=\"og:type\" content=\"article\" \/>\n<meta property=\"og:title\" content=\"La liste des meilleurs logiciels SEO en 2024 \u1409 Top10seosoftware\" \/>\n<meta property=\"og:description\" content=\"Examinez les fonctionnalit\u00e9s principales des plateformes SEO qui correspondent \u00e0 vos besoins\" \/>\n<meta property=\"og:url\" content=\"https:\/\/top10seosoftware.com\/fr\/\" \/>\n<meta property=\"og:site_name\" content=\"Top10seosoftware.com\" \/>\n<meta property=\"article:modified_time\" content=\"2024-08-06T10:06:41+00:00\" \/>\n<meta name=\"twitter:card\" content=\"summary_large_image\" \/>\n<meta name=\"twitter:label1\" content=\"Dur\u00e9e de lecture estim\u00e9e\" \/>\n\t<meta name=\"twitter:data1\" content=\"6 minutes\" \/>\n<!-- \/ Yoast SEO plugin. -->","yoast_head_json":{"title":"La liste des meilleurs logiciels SEO en 2024 \u1409 Top10seosoftware","description":"Examinez les fonctionnalit\u00e9s principales des plateformes SEO qui correspondent \u00e0 vos besoins","robots":{"index":"index","follow":"follow","max-snippet":"max-snippet:-1","max-image-preview":"max-image-preview:large","max-video-preview":"max-video-preview:-1"},"canonical":"https:\/\/top10seosoftware.com\/fr\/","og_locale":"fr_FR","og_type":"article","og_title":"La liste des meilleurs logiciels SEO en 2024 \u1409 Top10seosoftware","og_description":"Examinez les fonctionnalit\u00e9s principales des plateformes SEO qui correspondent \u00e0 vos besoins","og_url":"https:\/\/top10seosoftware.com\/fr\/","og_site_name":"Top10seosoftware.com","article_modified_time":"2024-08-06T10:06:41+00:00","twitter_card":"summary_large_image","twitter_misc":{"Dur\u00e9e de lecture estim\u00e9e":"6 minutes"},"schema":{"@context":"https:\/\/schema.org","@graph":[{"@type":"WebPage","@id":"https:\/\/top10seosoftware.com\/fr\/","url":"https:\/\/top10seosoftware.com\/fr\/","name":"La liste des meilleurs logiciels SEO en 2024 \u1409 Top10seosoftware","isPartOf":{"@id":"https:\/\/top10seosoftware.com\/#website"},"datePublished":"2021-10-22T14:56:02+00:00","dateModified":"2024-08-06T10:06:41+00:00","description":"Examinez les fonctionnalit\u00e9s principales des plateformes SEO qui correspondent \u00e0 vos besoins","breadcrumb":{"@id":"https:\/\/top10seosoftware.com\/fr\/#breadcrumb"},"inLanguage":"fr-FR","potentialAction":[{"@type":"ReadAction","target":["https:\/\/top10seosoftware.com\/fr\/"]}]},{"@type":"BreadcrumbList","@id":"https:\/\/top10seosoftware.com\/fr\/#breadcrumb","itemListElement":[{"@type":"ListItem","position":1,"name":"Home","item":"https:\/\/top10seosoftware.com\/fr\/"},{"@type":"ListItem","position":2,"name":"TOP 10 DES LOGICIELS DE SEO"}]},{"@type":"WebSite","@id":"https:\/\/top10seosoftware.com\/#website","url":"https:\/\/top10seosoftware.com\/","name":"Top10seosoftware.com","description":"Top 10 SEO Software","publisher":{"@id":"https:\/\/top10seosoftware.com\/#organization"},"potentialAction":[{"@type":"SearchAction","target":{"@type":"EntryPoint","urlTemplate":"https:\/\/top10seosoftware.com\/?s={search_term_string}"},"query-input":{"@type":"PropertyValueSpecification","valueRequired":true,"valueName":"search_term_string"}}],"inLanguage":"fr-FR"},{"@type":"Organization","@id":"https:\/\/top10seosoftware.com\/#organization","name":"Top10seosoftware.com","url":"https:\/\/top10seosoftware.com\/","logo":{"@type":"ImageObject","inLanguage":"fr-FR","@id":"https:\/\/top10seosoftware.com\/#\/schema\/logo\/image\/","url":"https:\/\/top10seosoftware.com\/wp-content\/uploads\/2021\/10\/logo.svg","contentUrl":"https:\/\/top10seosoftware.com\/wp-content\/uploads\/2021\/10\/logo.svg","width":1,"height":1,"caption":"Top10seosoftware.com"},"image":{"@id":"https:\/\/top10seosoftware.com\/#\/schema\/logo\/image\/"}}]}},"_links":{"self":[{"href":"https:\/\/top10seosoftware.com\/fr\/wp-json\/wp\/v2\/pages\/14","targetHints":{"allow":["GET"]}}],"collection":[{"href":"https:\/\/top10seosoftware.com\/fr\/wp-json\/wp\/v2\/pages"}],"about":[{"href":"https:\/\/top10seosoftware.com\/fr\/wp-json\/wp\/v2\/types\/page"}],"author":[{"embeddable":true,"href":"https:\/\/top10seosoftware.com\/fr\/wp-json\/wp\/v2\/users\/1"}],"replies":[{"embeddable":true,"href":"https:\/\/top10seosoftware.com\/fr\/wp-json\/wp\/v2\/comments?post=14"}],"version-history":[{"count":0,"href":"https:\/\/top10seosoftware.com\/fr\/wp-json\/wp\/v2\/pages\/14\/revisions"}],"wp:attachment":[{"href":"https:\/\/top10seosoftware.com\/fr\/wp-json\/wp\/v2\/media?parent=14"}],"curies":[{"name":"wp","href":"https:\/\/api.w.org\/{rel}","templated":true}]}}