{"id":24499,"date":"2025-01-27T13:31:58","date_gmt":"2025-01-27T10:31:58","guid":{"rendered":"https:\/\/top10seosoftware.com\/?page_id=24499"},"modified":"2025-01-27T13:31:59","modified_gmt":"2025-01-27T10:31:59","slug":"avis-yooda-insight","status":"publish","type":"page","link":"https:\/\/top10seosoftware.com\/fr\/avis-yooda-insight\/","title":{"rendered":"Yooda Insight Avis : Notre avis sur ses fonctionnalit\u00e9s et ses avantages"},"content":{"rendered":"\n<p>Yooda Insight est un outil SEO d\u00e9velopp\u00e9 pour simplifier l\u2019analyse des performances en ligne et aider les sp\u00e9cialistes du marketing \u00e0 optimiser leur visibilit\u00e9 sur Google. Il aide \u00e0 optimiser leur visibilit\u00e9 sur Google gr\u00e2ce \u00e0 des fonctionnalit\u00e9s comme l\u2019\u00e9valuation de la concurrence, l\u2019exploration de march\u00e9, et le suivi des mots-cl\u00e9s. L\u2019outil est id\u00e9al pour ceux qui cherchent un g\u00e9n\u00e9rateur de mots-cl\u00e9s avec un tableau de bord d\u00e9taill\u00e9. De plus, il offre une base de donn\u00e9es exceptionnelle d\u00e9di\u00e9e au march\u00e9 fran\u00e7ais. Dans notre avis sur Yooda Insight, nous allons parler des \u00e9l\u00e9ments principaux de cet outil et des tarifs yooda insight. Mais tout d\u2019abord, commen\u00e7ons par les avantages et les inconv\u00e9nients.<\/p>\n\n\n\n<h3 class=\"wp-block-heading\"><strong>Avantages<\/strong><\/h3>\n\n\n\n<ul class=\"wp-block-list\">\n<li><strong>Simplicit\u00e9 d\u2019utilisation<\/strong> : Interface intuitive avec une prise en main rapide<\/li>\n\n\n\n<li><strong>Donn\u00e9es riches et pr\u00e9cises<\/strong> : Plus de 100 millions de mots-cl\u00e9s et 12 millions de domaines analys\u00e9s<\/li>\n\n\n\n<li><strong>Suivi des performances SEO<\/strong> : Un tableau de bord optimis\u00e9 pour l\u2019organisation des campagnes<\/li>\n\n\n\n<li><strong>Analyse concurrentielle<\/strong> : Identification rapide des principaux concurrents et des opportunit\u00e9s inexploit\u00e9es<\/li>\n\n\n\n<li><strong>Focus local<\/strong> : Une ressource sp\u00e9cifiquement con\u00e7ue pour le march\u00e9 fran\u00e7ais, id\u00e9ale pour les agences locales<\/li>\n<\/ul>\n\n\n\n<h3 class=\"wp-block-heading\"><strong>Inconvenients<\/strong><\/h3>\n\n\n\n<ul class=\"wp-block-list\">\n<li><strong>Limitation g\u00e9ographique<\/strong> : Donn\u00e9es uniquement bas\u00e9es sur les sites index\u00e9s sur Google.fr<\/li>\n\n\n\n<li><strong>Fonctionnalit\u00e9s avanc\u00e9es payantes<\/strong> : Certaines options n\u00e9cessitent un abonnement, ce qui limite l\u2019acc\u00e8s pour les petites entreprises ou les ind\u00e9pendants<\/li>\n\n\n\n<li><strong>Fonctionnalit\u00e9s limit\u00e9es pour le SEA<\/strong> : Contrairement aux autres outils disponibles sur le march\u00e9, Yooda Insight se concentre uniquement sur le SEO<\/li>\n<\/ul>\n\n\n\n<p><strong>Les fonctionnalit\u00e9s de Yooda Insight<\/strong><\/p>\n\n\n\n<p>Yooda Insight est la plateforme SEO fran\u00e7aise pour ceux qui cherchent \u00e0 am\u00e9liorer leur visibilit\u00e9 sur les moteurs de recherche et pour d\u00e9couvrir des opportunit\u00e9s des mots-cl\u00e9s. Elle propose une suite d\u2019outils permettant d\u2019analyser les performances des sites, de d\u00e9couvrir des opportunit\u00e9s de mots-cl\u00e9s et de surveiller la concurrence. Avec sa base de donn\u00e9es de plus de 100 millions de mots-cl\u00e9s pour le march\u00e9 francophone, l\u2019outil peut \u00eatre un atout pour ceux qui travaillent sur ce march\u00e9.<\/p>\n\n\n\n<p>Sa simplicit\u00e9 d\u2019utilisation et son tableau de bord clair facilitent la prise en main, m\u00eame pour des utilisateurs avec peu d\u2019experience. Yooda Insight s\u2019adresse principalement aux agences SEO, digitales et de communication qui cherchent \u00e0 optimiser leurs campagnes et cibler le bon public. Ses fonctionnalit\u00e9s avanc\u00e9es, comme l\u2019\u00e9valuation des concurrents et l\u2019exploration de march\u00e9, permettent d\u2019obtenir des informations pr\u00e9cises et exploitables pour maximiser les r\u00e9sultats.<\/p>\n\n\n\n<p>Yooda Insight offre un \u00e9quilibre entre puissance analytique et convivialit\u00e9 de l\u2019outil. Cependant, il ne faut pas oublier que l\u2019outil est limit\u00e9 aux sites localis\u00e9s en France et qu\u2019il peut uniquement analyser les sites qui sont d\u00e9j\u00e0 index\u00e9s.<\/p>\n\n\n\n<figure class=\"wp-block-image size-large\"><img loading=\"lazy\" decoding=\"async\" width=\"1024\" height=\"405\" src=\"https:\/\/top10seosoftware.com\/wp-content\/uploads\/2025\/01\/image-2-1024x405.png\" alt=\"\" class=\"wp-image-24500\" srcset=\"https:\/\/top10seosoftware.com\/wp-content\/uploads\/2025\/01\/image-2-1024x405.png 1024w, https:\/\/top10seosoftware.com\/wp-content\/uploads\/2025\/01\/image-2-300x119.png 300w, https:\/\/top10seosoftware.com\/wp-content\/uploads\/2025\/01\/image-2-768x304.png 768w, https:\/\/top10seosoftware.com\/wp-content\/uploads\/2025\/01\/image-2-1536x608.png 1536w, https:\/\/top10seosoftware.com\/wp-content\/uploads\/2025\/01\/image-2.png 1600w\" sizes=\"auto, (max-width: 1024px) 100vw, 1024px\" \/><\/figure>\n\n\n\n<h3 class=\"wp-block-heading\"><strong>Tarifs Yooda Insight<\/strong><\/h3>\n\n\n\n<p>Yooda Insight propose un mod\u00e8le freemium attractif qui permet d\u2019explorer les fonctionnalit\u00e9s de base sans frais. Cette version inclut l\u2019acc\u00e8s limit\u00e9 aux donn\u00e9es essentielles, ce qui est id\u00e9al pour le premier test. Les utilisateurs qui ont besoin d\u2019une analyse approfondie doivent prendre la version premium soit en version mensuelle ou en version annuelle.<\/p>\n\n\n\n<p>La formule Insight Premium de Yooda \u00e0 son tour propose des fonctionnalit\u00e9s avanc\u00e9es pour les clients plus exigeants. Ce plan co\u00fbte <strong>39 \u20ac HT par mois<\/strong> ou <strong>390 \u20ac HT par an<\/strong> (avec une \u00e9conomie de 78 \u20ac pour l\u2019abonnement annuel).&nbsp;<\/p>\n\n\n\n<p>Cette offre inclut des analyses et r\u00e9sultats illimit\u00e9s, l\u2019exportation des donn\u00e9es au format CSV, ainsi que des options de filtre et de tri pour une gestion optimale des informations. Les utilisateurs Premium peuvent \u00e9galement personnaliser des listes de mots-cl\u00e9s et ajouter des concurrents pour am\u00e9liorer leurs strat\u00e9gies.<\/p>\n\n\n\n<figure class=\"wp-block-image size-full\"><img loading=\"lazy\" decoding=\"async\" width=\"873\" height=\"764\" src=\"https:\/\/top10seosoftware.com\/wp-content\/uploads\/2025\/01\/image-3.png\" alt=\"\" class=\"wp-image-24508\" srcset=\"https:\/\/top10seosoftware.com\/wp-content\/uploads\/2025\/01\/image-3.png 873w, https:\/\/top10seosoftware.com\/wp-content\/uploads\/2025\/01\/image-3-300x263.png 300w, https:\/\/top10seosoftware.com\/wp-content\/uploads\/2025\/01\/image-3-768x672.png 768w\" sizes=\"auto, (max-width: 873px) 100vw, 873px\" \/><\/figure>\n\n\n\n<h3 class=\"wp-block-heading\"><strong>Site Performance<\/strong><\/h3>\n\n\n\n<p>La fonctionnalit\u00e9 Site Performance de Yooda Insight est un outil pour comprendre la visibilit\u00e9 et les performances SEO d\u2019un site. Les clients l\u2019utilisent pour analyser les sites des concurrents et obtenir une vue compl\u00e8te des positions dans les r\u00e9sultats de recherche Google.<\/p>\n\n\n\n<p>Avec plus de 15 millions de sites r\u00e9f\u00e9renc\u00e9s, cette fonctionnalit\u00e9 permet d\u2019identifier les pages les plus performantes, les mots-cl\u00e9s sur lesquels elles se positionnent, et les volumes de recherche associ\u00e9s.&nbsp;<\/p>\n\n\n\n<p>Par exemple, si vous saisissez l\u2019URL d\u2019un site, vous acc\u00e9dez \u00e0 des donn\u00e9es comme :<\/p>\n\n\n\n<ul class=\"wp-block-list\">\n<li><strong>Position des mots-cl\u00e9s<\/strong> : Classement actuel sur Google<\/li>\n\n\n\n<li><strong>Trafic SEO estim\u00e9<\/strong> : Volume de visiteurs potentiels g\u00e9n\u00e9r\u00e9s par ces mots-cl\u00e9s<\/li>\n\n\n\n<li><strong>Concurrence<\/strong> : Niveau de difficult\u00e9 pour se positionner sur ces termes<\/li>\n\n\n\n<li><strong>CPC Adwords<\/strong> : Co\u00fbt par clic estim\u00e9, utile pour les strat\u00e9gies SEA<\/li>\n<\/ul>\n\n\n\n<p>Gr\u00e2ce aux graphiques dynamiques, il est simple de suivre les performances, de rep\u00e9rer des opportunit\u00e9s et de corriger les points faibles. Pour les utilisateurs qui chercher comment on peut comparer leur site \u00e0 celui de leurs concurrents, l\u2019onglet \u00ab\u202fSite vs Concurrent\u202f\u00bb offre une vue claire et d\u00e9taill\u00e9e. En quelques clics, vous visualisez les \u00e9carts de performance sur des crit\u00e8res tels que le nombre de mots-cl\u00e9s en premi\u00e8re page ou le trafic organique estim\u00e9.<\/p>\n\n\n\n<p>L\u2019analyse des performances est particuli\u00e8rement utile pour ajuster vos strat\u00e9gies SEO. Par exemple, si un mot-cl\u00e9 critique chute dans les classements, cela peut indiquer un besoin d\u2019optimisation suppl\u00e9mentaire ou un effort renforc\u00e9 sur le contenu. De m\u00eame, les mots-cl\u00e9s avec un bon potentiel, mais une faible concurrence, peuvent \u00eatre exploit\u00e9s pour des r\u00e9sultats rapides.<\/p>\n\n\n\n<p>Mais en tout cas, cette fonctionnalit\u00e9 est tr\u00e8s simple \u00e0 utiliser. Que vous soyez expert SEO ou d\u00e9butant, cette fonctionnalit\u00e9 offre une interface intuitive, rendant l\u2019analyse accessible \u00e0 tous les utilisateurs.&nbsp;<\/p>\n\n\n\n<h3 class=\"wp-block-heading\"><strong>Market Explorer<\/strong><\/h3>\n\n\n\n<p>Le Market Explorer de Yooda Insight est une fonctionnalit\u00e9 pour trouver des mots-cl\u00e9s \u00e0 fort potentiel et pour mieux comprendre la strat\u00e9gie de vos concurrents. Vous pouvez utiliser cet instrument pour affiner votre strat\u00e9gie SEO et trouver les tendances dans votre niche.<\/p>\n\n\n\n<p>Si vous entrez un mot-cl\u00e9 dans l\u2019onglet Market Explorer, Yooda Insight vous propose une liste d\u2019expressions associ\u00e9es. Ces suggestions bas\u00e9es sur la proximit\u00e9 s\u00e9mantique et elle incluent des informations comme\u202f:<\/p>\n\n\n\n<ul class=\"wp-block-list\">\n<li><strong>Volume de recherches mensuelles<\/strong> : Une estimation fiable de la demande pour chaque mot-cl\u00e9<\/li>\n\n\n\n<li><strong>CPC Adwords<\/strong> : Le co\u00fbt par clic moyen, utile pour \u00e9valuer la comp\u00e9titivit\u00e9 des mots-cl\u00e9s<\/li>\n\n\n\n<li><strong>Concurrence SEO<\/strong> : Le niveau de difficult\u00e9 pour se positionner sur ces termes<\/li>\n\n\n\n<li><strong>Nombre de r\u00e9sultats Google<\/strong> : Une indication de l\u2019encombrement du march\u00e9 pour chaque requ\u00eate<\/li>\n<\/ul>\n\n\n\n<p>L\u2019un des avantages majeurs de Market Explorer est sa capacit\u00e9 \u00e0 r\u00e9v\u00e9ler des mots-cl\u00e9s \u00e0 fort potentiel qui pourraient ne pas \u00eatre \u00e9vidents lors d\u2019une recherche classique. Par exemple, en ciblant un mot-cl\u00e9 principal comme \u00ab\u202f<strong>SEO local\u202f<\/strong>\u00bb, l\u2019outil peut sugg\u00e9rer des variantes ou des expressions connexes comme \u00ab\u202foptimisation SEO pour petites entreprises\u202f\u00bb, souvent n\u00e9glig\u00e9es, mais g\u00e9n\u00e9rant un trafic pertinent.<\/p>\n\n\n\n<p>Cet outil s\u2019int\u00e8gre \u00e9galement de mani\u00e8re fluide avec des logiciels comme Excel, gr\u00e2ce \u00e0 l\u2019exportation des donn\u00e9es au format CSV qui vous permet de travailler facilement avec vos informations.&nbsp;<\/p>\n\n\n\n<p>Avec la fonctionnalit\u00e9 Market Explorer, vous pouvez profiter non seulement des opportunit\u00e9s de mots-cl\u00e9s, mais aussi d\u2019une vue d\u2019ensemble des th\u00e9matiques associ\u00e9es \u00e0 un domaine d\u2019activit\u00e9, permettant de cr\u00e9er des cocons s\u00e9mantiques coh\u00e9rents. Ce processus aide \u00e0 structurer les contenus d\u2019un site web de mani\u00e8re \u00e0 am\u00e9liorer sa pertinence aux yeux des moteurs de recherche.<\/p>\n\n\n\n<p>Les utilisateurs peuvent profiter des informations sur les intentions des internautes ainsi que sur les tendances du march\u00e9. Avec cette information, il devient plus facile de concevoir des campagnes cibl\u00e9es qui r\u00e9pondent aux besoins r\u00e9els des clients.<\/p>\n\n\n\n<p>Avec sa simplicit\u00e9 d\u2019utilisation et la richesse des informations qu\u2019il offre, Market Explorer peut devenir un outil cl\u00e9 pour ceux qui veulent maximiser l\u2019efficacit\u00e9 de ses campagnes SEO. Que ce soit pour identifier des opportunit\u00e9s ou ajuster une strat\u00e9gie existante, cet outil peut apporter une valeur \u00e0 toute approche marketing.<\/p>\n\n\n\n<h3 class=\"wp-block-heading\"><strong>Leaders<\/strong><\/h3>\n\n\n\n<p>La fonctionnalit\u00e9 Leaders de Yooda Insight est un outil pour l\u2019analyse concurrentielle. Elle permet d\u2019identifier les principaux acteurs d\u2019un march\u00e9 en fonction de leur trafic SEO et des mots-cl\u00e9s sur lesquels ils sont positionn\u00e9s. Par exemple, pour les agences et les sp\u00e9cialistes SEO, cette vue d\u2019ensemble offre un avantage strat\u00e9gique qui permet de comprendre qui domine un secteur et pourquoi.<\/p>\n\n\n\n<p>Si vous ajoutez une th\u00e9matique ou un mot-cl\u00e9 principal, Yooda Insight affiche une liste des sites les mieux positionn\u00e9s. Cette liste inclut\u202f:<\/p>\n\n\n\n<ul class=\"wp-block-list\">\n<li><strong>Classement des sites<\/strong> : Ordonn\u00e9 en fonction de la visibilit\u00e9 SEO<\/li>\n\n\n\n<li><strong>Trafic SEO estim\u00e9<\/strong> : Une estimation du volume de visiteurs organiques g\u00e9n\u00e9r\u00e9<\/li>\n\n\n\n<li><strong>Nombre d\u2019expressions positionn\u00e9es<\/strong> : Le total des mots-cl\u00e9s pour lesquels chaque site est visible dans les r\u00e9sultats de recherche<\/li>\n<\/ul>\n\n\n\n<p>En effet, cette fonctionnalit\u00e9 va au-del\u00e0 d\u2019une simple liste. Elle permet \u00e9galement d\u2019acc\u00e9der directement aux performances d\u00e9taill\u00e9es de chaque site si vous cliquez sur le lien correspondant. Vous pouvez ainsi approfondir votre analyse, si vous voulez \u00e9valuer les concurrents ou identifier des lacunes dans leur strat\u00e9gie.&nbsp;<\/p>\n\n\n\n<p>Un autre avantage de Leaders est sa capacit\u00e9 \u00e0 segmenter les concurrents par th\u00e9matique. Cela aide \u00e0 am\u00e9liorer votre approche en fonction des diff\u00e9rents domaines d\u2019activit\u00e9 que vous ciblez. Par exemple, si vous travaillez dans le domaine de l&rsquo;e-commerce, l\u2019outil affichera les principaux leaders dans des sous-th\u00e9matiques sp\u00e9cifiques comme les v\u00eatements, l\u2019\u00e9lectronique ou la d\u00e9coration int\u00e9rieure.<\/p>\n\n\n\n<p>Cette analyse d\u00e9taill\u00e9e des concurrents est particuli\u00e8rement utile pour la recherche de backlinks. En identifiant les sites leaders, vous pouvez explorer leurs strat\u00e9gies de netlinking et identifier les sources potentielles de liens entrants. Leaders vous aide \u00e0 renforcer votre propre profil SEO et \u00e0 garder un \u0153il sur les meilleures pratiques de votre secteur. Grace aux donn\u00e9es issues de cette fonctionnalit\u00e9, vous pouvez d\u00e9montrer pourquoi il est pertinent de cibler certains mots-cl\u00e9s ou domaines.<\/p>\n\n\n\n<p>Avec une interface simple et des donn\u00e9es accessibles rapidement, la fonctionnalit\u00e9 Leaders aide \u00e0 mieux comprendre les concurrents et \u00e0 ajuster la strat\u00e9gie SEO.<\/p>\n\n\n\n<h3 class=\"wp-block-heading\"><strong>Dashboard<\/strong><\/h3>\n\n\n\n<p>Le Dashboard de Yooda Insight est l\u2019espace de travail centralis\u00e9 o\u00f9 les utilisateurs peuvent organiser, surveiller et analyser leurs projets SEO. Il vous offre une vue d\u2019ensemble compl\u00e8te des campagnes en cours avec un acc\u00e8s rapide aux fonctionnalit\u00e9s cl\u00e9s.<\/p>\n\n\n\n<p>L\u2019une des caract\u00e9ristiques principales du Dashboard est la gestion des expressions de recherche. Les utilisateurs peuvent regrouper et enregistrer des mots-cl\u00e9s en dossiers th\u00e9matiques, par exemple les termes li\u00e9s \u00e0 un produit sp\u00e9cifique ou \u00e0 une campagne marketing. Ce syst\u00e8me structur\u00e9 aide \u00e0 pr\u00e9parer des cocons s\u00e9mantiques, une technique importante pour renforcer la pertinence et l\u2019autorit\u00e9 des pages web.<\/p>\n\n\n\n<p>Les tags (les balises) vous aident \u00e0 classer les mots-cl\u00e9s selon leur priorit\u00e9 ou leur statut. Par exemple, vous pouvez marquer certains termes comme \u00ab\u202f<strong>\u00c0 travailler\u202f<\/strong>\u00bb ou \u00ab\u202f<strong>Prioritaire\u202f<\/strong>\u00bb, et simplifier ainsi la gestion et la planification des efforts SEO.<\/p>\n\n\n\n<p>La fonction de surveillance est tout aussi pr\u00e9cieuse. Elle donne un aper\u00e7u en temps r\u00e9el des performances des sites que vous suivez, qu\u2019il s\u2019agisse de votre propre site ou de ceux de vos concurrents. Vous pouvez visualiser leur progression dans les classements, identifier les changements de strat\u00e9gie et adapter vos actions en cons\u00e9quence.<\/p>\n\n\n\n<p>Dans le Dashboard, vous pouvez \u00e9galement utiliser des outils de visualisation, comme des graphiques et des tableaux personnalisables, qui aident \u00e0 interpr\u00e9ter les donn\u00e9es rapidement. Ces outils permettent \u00e0 leurs utilisateurs de pr\u00e9senter des rapports clairs et convaincants \u00e0 leurs clients afin de montrer les r\u00e9sultats obtenus et les opportunit\u00e9s futures.<\/p>\n\n\n\n<p>Contrairement \u00e0 d\u2019autres outils SEO, le Dashboard de Yooda Insight se concentre uniquement sur le march\u00e9 fran\u00e7ais. Vous pouvez \u00eatre s\u00fbr que vous avez des donn\u00e9es ultra-pr\u00e9cises et pertinentes pour les campagnes locales. Cependant, cette sp\u00e9cialisation peut \u00eatre une limitation pour les entreprises qui travaillent sur plusieurs march\u00e9s internationaux.<\/p>\n\n\n\n<p>Donc, avec une interface simple et facile \u00e0 comprendre, les utilisateurs de cet outil profitent d\u2019informations concr\u00e8tes qu\u2019ils peuvent appliquer dans leurs strat\u00e9gies de marketing.&nbsp;<\/p>\n\n\n\n<h3 class=\"wp-block-heading\"><strong>Conclusion<\/strong><\/h3>\n\n\n\n<p>Yooda Insight se positionne comme un outil SEO fiable pour les sp\u00e9cialistes qui travaillent sur le march\u00e9 fran\u00e7ais et cherche un outil SEO pour la recherche concurrentielle et la recherche des mots-cl\u00e9s. Selon les nombreux avis sur Yooda Insight, ses fonctionnalit\u00e9s avanc\u00e9es comme Site Performance et Market Explorer sont particuli\u00e8rement utiles pour am\u00e9liorer la visibilit\u00e9 des sites sur les moteurs de recherche. Malgr\u00e9 son focus reste sur les donn\u00e9es locales, cette particularit\u00e9 offre une valeur ajout\u00e9e pour les strat\u00e9gies cibles. L\u2019outil Yooda Insight est facile \u00e0 ma\u00eetriser et contient les fonctionnalit\u00e9s les plus importantes pour les sp\u00e9cialit\u00e9s digitales, mais si vous avez besoin d\u2019un outil tout-en-un, on vous recommande de trouver une autre solution.&nbsp;<\/p>\n\n\n\n<p><strong>FAQ<\/strong><\/p>\n\n\n\n<p><strong>Qu\u2019est-ce que Yooda Insight\u202f?<\/strong><strong><br><\/strong>Yooda Insight est un outil SEO qui aide les professionnels du r\u00e9f\u00e9rencement naturel et du marketing digital qui offre une base de donn\u00e9es exclusive au march\u00e9 fran\u00e7ais, ce qui est id\u00e9al pour les campagnes locales.<\/p>\n\n\n\n<p><strong>Comment utiliser Yooda Insight\u202f?<\/strong><strong><br><\/strong>Pour commencer, cr\u00e9ez un compte et acc\u00e9dez \u00e0 ses fonctionnalit\u00e9s principales via le tableau de bord. Saisissez l\u2019URL de votre site ou des mots-cl\u00e9s pour g\u00e9n\u00e9rer des rapports d\u00e9taill\u00e9s sur la visibilit\u00e9, la concurrence et les performances SEO.<\/p>\n\n\n\n<p><strong>\u00c0 quoi sert Yooda Insight\u202f?<\/strong><strong><br><\/strong>Les clients utilisent Yooda Insight pour optimiser les campagnes SEO et identifier des mots-cl\u00e9s performants. Ils peuvent aussi surveiller les concurrents et \u00e9valuer la concurrence&nbsp; sur le march\u00e9 fran\u00e7ais.<\/p>\n\n\n\n<p><strong>Quel est le tarif de Yooda Insight\u202f?<\/strong><strong><br><\/strong>Le mod\u00e8le freemium est gratuit pour les fonctions de base pour tout le monde. L\u2019abonnement premium est \u00e0 39\u20ac HT \/ mois ou 390\u20ac HT \/ an pour l\u2019abonnement annuel. Les abonn\u00e9s Premium peuvent personnaliser et exporter leurs listes de mots-cl\u00e9s au format CSV. Ils b\u00e9n\u00e9ficient \u00e9galement d&rsquo;analyses et de r\u00e9sultats sans limites.<\/p>\n","protected":false},"excerpt":{"rendered":"<p>Yooda Insight est un outil SEO d\u00e9velopp\u00e9 pour simplifier l\u2019analyse des performances en ligne et aider les sp\u00e9cialistes du marketing \u00e0 optimiser leur visibilit\u00e9 sur Google. Il aide \u00e0 optimiser leur visibilit\u00e9 sur Google gr\u00e2ce \u00e0 des fonctionnalit\u00e9s comme l\u2019\u00e9valuation de la concurrence, l\u2019exploration de march\u00e9, et le suivi des mots-cl\u00e9s. L\u2019outil est id\u00e9al pour [&hellip;]<\/p>\n","protected":false},"author":20,"featured_media":0,"parent":0,"menu_order":0,"comment_status":"closed","ping_status":"closed","template":"page-templates\/review-page.php","meta":{"_acf_changed":false,"_sitemap_exclude":false,"_sitemap_priority":"","_sitemap_frequency":"","footnotes":""},"class_list":["post-24499","page","type-page","status-publish","hentry"],"acf":[],"yoast_head":"<!-- This site is optimized with the Yoast SEO plugin v26.6 - https:\/\/yoast.com\/wordpress\/plugins\/seo\/ -->\n<title>Avis Yooda Insight<\/title>\n<meta name=\"description\" content=\"D\u00e9couvrez notre avis sur Yooda Insight et comment cet outil SEO peut analyser vos performances et optimiser votre strat\u00e9gie digitale en France.\" \/>\n<meta name=\"robots\" content=\"index, follow, max-snippet:-1, max-image-preview:large, max-video-preview:-1\" \/>\n<link rel=\"canonical\" href=\"https:\/\/top10seosoftware.com\/fr\/avis-yooda-insight\/\" \/>\n<meta property=\"og:locale\" content=\"fr_FR\" \/>\n<meta property=\"og:type\" content=\"article\" \/>\n<meta property=\"og:title\" content=\"Avis Yooda Insight\" \/>\n<meta property=\"og:description\" content=\"D\u00e9couvrez notre avis sur Yooda Insight et comment cet outil SEO peut analyser vos performances et optimiser votre strat\u00e9gie digitale en France.\" \/>\n<meta property=\"og:url\" content=\"https:\/\/top10seosoftware.com\/fr\/avis-yooda-insight\/\" \/>\n<meta property=\"og:site_name\" content=\"Top10seosoftware.com\" \/>\n<meta property=\"article:modified_time\" content=\"2025-01-27T10:31:59+00:00\" \/>\n<meta name=\"twitter:card\" content=\"summary_large_image\" \/>\n<meta name=\"twitter:label1\" content=\"Dur\u00e9e de lecture estim\u00e9e\" \/>\n\t<meta name=\"twitter:data1\" content=\"10 minutes\" \/>\n<!-- \/ Yoast SEO plugin. -->","yoast_head_json":{"title":"Avis Yooda Insight","description":"D\u00e9couvrez notre avis sur Yooda Insight et comment cet outil SEO peut analyser vos performances et optimiser votre strat\u00e9gie digitale en France.","robots":{"index":"index","follow":"follow","max-snippet":"max-snippet:-1","max-image-preview":"max-image-preview:large","max-video-preview":"max-video-preview:-1"},"canonical":"https:\/\/top10seosoftware.com\/fr\/avis-yooda-insight\/","og_locale":"fr_FR","og_type":"article","og_title":"Avis Yooda Insight","og_description":"D\u00e9couvrez notre avis sur Yooda Insight et comment cet outil SEO peut analyser vos performances et optimiser votre strat\u00e9gie digitale en France.","og_url":"https:\/\/top10seosoftware.com\/fr\/avis-yooda-insight\/","og_site_name":"Top10seosoftware.com","article_modified_time":"2025-01-27T10:31:59+00:00","twitter_card":"summary_large_image","twitter_misc":{"Dur\u00e9e de lecture estim\u00e9e":"10 minutes"},"schema":{"@context":"https:\/\/schema.org","@graph":[{"@type":"WebPage","@id":"https:\/\/top10seosoftware.com\/fr\/avis-yooda-insight\/","url":"https:\/\/top10seosoftware.com\/fr\/avis-yooda-insight\/","name":"Avis Yooda Insight","isPartOf":{"@id":"https:\/\/top10seosoftware.com\/#website"},"primaryImageOfPage":{"@id":"https:\/\/top10seosoftware.com\/fr\/avis-yooda-insight\/#primaryimage"},"image":{"@id":"https:\/\/top10seosoftware.com\/fr\/avis-yooda-insight\/#primaryimage"},"thumbnailUrl":"https:\/\/top10seosoftware.com\/wp-content\/uploads\/2025\/01\/image-2-1024x405.png","datePublished":"2025-01-27T10:31:58+00:00","dateModified":"2025-01-27T10:31:59+00:00","description":"D\u00e9couvrez notre avis sur Yooda Insight et comment cet outil SEO peut analyser vos performances et optimiser votre strat\u00e9gie digitale en France.","breadcrumb":{"@id":"https:\/\/top10seosoftware.com\/fr\/avis-yooda-insight\/#breadcrumb"},"inLanguage":"fr-FR","potentialAction":[{"@type":"ReadAction","target":["https:\/\/top10seosoftware.com\/fr\/avis-yooda-insight\/"]}]},{"@type":"ImageObject","inLanguage":"fr-FR","@id":"https:\/\/top10seosoftware.com\/fr\/avis-yooda-insight\/#primaryimage","url":"https:\/\/top10seosoftware.com\/wp-content\/uploads\/2025\/01\/image-2-1024x405.png","contentUrl":"https:\/\/top10seosoftware.com\/wp-content\/uploads\/2025\/01\/image-2-1024x405.png"},{"@type":"BreadcrumbList","@id":"https:\/\/top10seosoftware.com\/fr\/avis-yooda-insight\/#breadcrumb","itemListElement":[{"@type":"ListItem","position":1,"name":"Home","item":"https:\/\/top10seosoftware.com\/fr\/"},{"@type":"ListItem","position":2,"name":"Yooda Insight Avis : Notre avis sur ses fonctionnalit\u00e9s et ses avantages"}]},{"@type":"WebSite","@id":"https:\/\/top10seosoftware.com\/#website","url":"https:\/\/top10seosoftware.com\/","name":"Top10seosoftware.com","description":"Top 10 SEO Software","publisher":{"@id":"https:\/\/top10seosoftware.com\/#organization"},"potentialAction":[{"@type":"SearchAction","target":{"@type":"EntryPoint","urlTemplate":"https:\/\/top10seosoftware.com\/?s={search_term_string}"},"query-input":{"@type":"PropertyValueSpecification","valueRequired":true,"valueName":"search_term_string"}}],"inLanguage":"fr-FR"},{"@type":"Organization","@id":"https:\/\/top10seosoftware.com\/#organization","name":"Top10seosoftware.com","url":"https:\/\/top10seosoftware.com\/","logo":{"@type":"ImageObject","inLanguage":"fr-FR","@id":"https:\/\/top10seosoftware.com\/#\/schema\/logo\/image\/","url":"https:\/\/top10seosoftware.com\/wp-content\/uploads\/2021\/10\/logo.svg","contentUrl":"https:\/\/top10seosoftware.com\/wp-content\/uploads\/2021\/10\/logo.svg","width":1,"height":1,"caption":"Top10seosoftware.com"},"image":{"@id":"https:\/\/top10seosoftware.com\/#\/schema\/logo\/image\/"}}]}},"_links":{"self":[{"href":"https:\/\/top10seosoftware.com\/fr\/wp-json\/wp\/v2\/pages\/24499","targetHints":{"allow":["GET"]}}],"collection":[{"href":"https:\/\/top10seosoftware.com\/fr\/wp-json\/wp\/v2\/pages"}],"about":[{"href":"https:\/\/top10seosoftware.com\/fr\/wp-json\/wp\/v2\/types\/page"}],"author":[{"embeddable":true,"href":"https:\/\/top10seosoftware.com\/fr\/wp-json\/wp\/v2\/users\/20"}],"replies":[{"embeddable":true,"href":"https:\/\/top10seosoftware.com\/fr\/wp-json\/wp\/v2\/comments?post=24499"}],"version-history":[{"count":0,"href":"https:\/\/top10seosoftware.com\/fr\/wp-json\/wp\/v2\/pages\/24499\/revisions"}],"wp:attachment":[{"href":"https:\/\/top10seosoftware.com\/fr\/wp-json\/wp\/v2\/media?parent=24499"}],"curies":[{"name":"wp","href":"https:\/\/api.w.org\/{rel}","templated":true}]}}