{"id":2487,"date":"2021-11-10T13:07:49","date_gmt":"2021-11-10T10:07:49","guid":{"rendered":"https:\/\/top10seosoftware.com\/?page_id=2487"},"modified":"2024-04-11T17:01:19","modified_gmt":"2024-04-11T14:01:19","slug":"avis-sur-myposeo","status":"publish","type":"page","link":"https:\/\/top10seosoftware.com\/fr\/avis-sur-myposeo\/","title":{"rendered":"Avis sur Myposeo"},"content":{"rendered":"\n<p>Lanc\u00e9 en 2009 par la startup fran\u00e7aise G4interactive et rachet\u00e9 d\u00e9but 2017 par Webedia, MyPoseo est un outil SaaS d&rsquo;analyse, de suivi et de gestion du r\u00e9f\u00e9rencement naturel (SEO) et payant (SEA). Il permet entre autres de suivre l&rsquo;\u00e9volution de la visibilit\u00e9 de son site internet dans les principaux moteurs de recherche (de Google \u00e0 Baidu en passant par Bing et Yahoo), d&rsquo;analyser la strat\u00e9gie de r\u00e9f\u00e9rencement de ses concurrents, d&rsquo;\u00e9tudier la composition des pages de r\u00e9sultats sur des mots-cl\u00e9s cibles ou recherchez des mots-cl\u00e9s strat\u00e9giques pour votre site. MyPoseo s&rsquo;adresse notamment aux agences, experts SEO, responsables marketing, annonceurs, e-commer\u00e7ants et autres gestionnaires de trafic. L&rsquo;outil compte quelques grands clients comme Total, Michelin ou BlaBlaCar.<\/p>\n\n\n\n<p><strong>Points forts<\/strong><\/p>\n\n\n\n<ul class=\"wp-block-list\">\n<li>Richesse fonctionnelle.<\/li>\n\n\n\n<li>L&rsquo;approche holistique du SEO (SEM) : SEO + SEA.<\/li>\n\n\n\n<li>La diversit\u00e9 des informations qui composent les rapports.<\/li>\n\n\n\n<li>La qualit\u00e9 de l&rsquo;interface, qui permet de se lancer tr\u00e8s rapidement.<\/li>\n\n\n\n<li>Le tableau de suivi de position, mis \u00e0 jour quotidiennement et automatiquement.<\/li>\n<\/ul>\n\n\n\n<p><strong>Points faibles<\/strong><\/p>\n\n\n\n<ul class=\"wp-block-list\">\n<li>Le fait que la solution soit payante, m\u00eame si les prix sont plut\u00f4t abordables.<\/li>\n\n\n\n<li>Le temps d&rsquo;attente pour la g\u00e9n\u00e9ration automatique des rapports d&rsquo;audit.<\/li>\n\n\n\n<li>Trop de profondeur et de port\u00e9e pour les SMB<\/li>\n\n\n\n<li>La disposition des fonctionnalit\u00e9s peut \u00eatre difficile \u00e0 comprendre&nbsp;<\/li>\n\n\n\n<li>N\u00e9cessite un abonnement<\/li>\n<\/ul>\n\n\n\n<figure class=\"wp-block-image size-large\"><img loading=\"lazy\" decoding=\"async\" width=\"1024\" height=\"463\" src=\"https:\/\/top10seosoftware.com\/wp-content\/uploads\/2021\/11\/image2-min-4-1024x463.png\" alt=\"\" class=\"wp-image-2488\" srcset=\"https:\/\/top10seosoftware.com\/wp-content\/uploads\/2021\/11\/image2-min-4-1024x463.png 1024w, https:\/\/top10seosoftware.com\/wp-content\/uploads\/2021\/11\/image2-min-4-300x136.png 300w, https:\/\/top10seosoftware.com\/wp-content\/uploads\/2021\/11\/image2-min-4-768x347.png 768w, https:\/\/top10seosoftware.com\/wp-content\/uploads\/2021\/11\/image2-min-4-1536x695.png 1536w, https:\/\/top10seosoftware.com\/wp-content\/uploads\/2021\/11\/image2-min-4.png 1826w\" sizes=\"auto, (max-width: 1024px) 100vw, 1024px\" \/><\/figure>\n\n\n\n<h2 class=\"wp-block-heading\">Les forfaits :<\/h2>\n\n\n\n<p>Myposeo propose un essai gratuit de 15 jours. Il est possible d&rsquo;en profiter sans m\u00eame entrer les donn\u00e9es de votre carte de cr\u00e9dit.<\/p>\n\n\n\n<p>Concernant les diff\u00e9rents forfaits propos\u00e9s par Myposeo, il en existe quatre :<\/p>\n\n\n\n<ul class=\"wp-block-list\">\n<li>Entr\u00e9e : 18 \u20ac \/ mois<\/li>\n\n\n\n<li>Pro : 99 \u20ac \/ mois<\/li>\n\n\n\n<li>Insights : 499 \u20ac \/ mois<\/li>\n<\/ul>\n\n\n\n<p><strong>Agences : sur mesure<\/strong><\/p>\n\n\n\n<figure class=\"wp-block-image size-large\"><img loading=\"lazy\" decoding=\"async\" width=\"1024\" height=\"563\" src=\"https:\/\/top10seosoftware.com\/wp-content\/uploads\/2021\/11\/image1-min-4-1024x563.png\" alt=\"\" class=\"wp-image-2492\" srcset=\"https:\/\/top10seosoftware.com\/wp-content\/uploads\/2021\/11\/image1-min-4-1024x563.png 1024w, https:\/\/top10seosoftware.com\/wp-content\/uploads\/2021\/11\/image1-min-4-300x165.png 300w, https:\/\/top10seosoftware.com\/wp-content\/uploads\/2021\/11\/image1-min-4-768x422.png 768w, https:\/\/top10seosoftware.com\/wp-content\/uploads\/2021\/11\/image1-min-4-1536x844.png 1536w, https:\/\/top10seosoftware.com\/wp-content\/uploads\/2021\/11\/image1-min-4.png 1611w\" sizes=\"auto, (max-width: 1024px) 100vw, 1024px\" \/><\/figure>\n\n\n<div class=\"review-table\" data-current-company=\"myposeo\" data-reviewed-company=\"seranking\" data-content-url=\"https:\/\/top10seosoftware.com\/wp-content\/themes\/top10seo\/assets\/data\/fr\/pricing_comparison.json\"><\/div>\n\n\n\n<p><strong>Une bo\u00eete \u00e0 outils compl\u00e8te pour analyser et suivre votre r\u00e9f\u00e9rencement naturel et payant<\/strong><\/p>\n\n\n\n<p>MyPoseo est plus une bo\u00eete \u00e0 outils qu&rsquo;un outil. Il existe en effet plusieurs outils en un, chaque outil pr\u00e9sentant \u00e0 son tour une foule de fonctionnalit\u00e9s. Il existe trois outils principaux :<\/p>\n\n\n\n<p>Un outil d&rsquo;analyse de march\u00e9, ou analyse SEM, qui vous permet de g\u00e9n\u00e9rer des rapports sur un site Web ou un mot-cl\u00e9. Nous verrons dans un instant l&rsquo;\u00e9tendue et la richesse des informations incorpor\u00e9es dans les rapports.<\/p>\n\n\n\n<p>Un outil d&rsquo;audit SEO ou SEA, qui permet d&rsquo;analyser les performances d&rsquo;un site internet (le sien ou ceux de ses concurrents) en termes de r\u00e9f\u00e9rencement naturel (SEO) ou payant (SEA, comme AdWords).<\/p>\n\n\n\n<p>Un outil de veille SEO et SEA, qui permet, comme son nom l&rsquo;indique, de suivre dans le temps (via des tableaux de bord) l&rsquo;\u00e9volution des positions d&rsquo;un site web donn\u00e9 sur un ensemble de mots cl\u00e9s cibles.<\/p>\n\n\n\n<h2 class=\"wp-block-heading\">L&rsquo;analyse du march\u00e9 SEM<\/h2>\n\n\n\n<p>L&rsquo;outil d&rsquo;analyse de march\u00e9 SEM (int\u00e9gr\u00e9 \u00e0 MyPoseo depuis la fusion de ce dernier avec SEMvisu) permet de g\u00e9n\u00e9rer des rapports ultra d\u00e9taill\u00e9s relatifs \u00e0 un site internet ou \u00e0 un mot-cl\u00e9. L&rsquo;analyse est possible sur plus de 30 millions de mots-cl\u00e9s et pr\u00e8s de 28 millions de domaines et sous-domaines (= sites). L&rsquo;outil est particuli\u00e8rement utile pour obtenir un \u00e9tat des lieux \u00e0 l&rsquo;instant T de vos performances SEO, pour analyser les performances de sites concurrents (sur Google.fr uniquement) ou pour mesurer la concurrence d&rsquo;un mot-cl\u00e9.<\/p>\n\n\n\n<h2 class=\"wp-block-heading\">L&rsquo;audit SEO \/ SEA<\/h2>\n\n\n\n<p>Les outils d&rsquo;audit SEO et SEA analysent les r\u00e9sultats de recherche organique ou payante des premi\u00e8res pages de r\u00e9sultats sur les trois principaux moteurs de recherche (Google, Bing et Yahoo). Ceci est tr\u00e8s utile pour savoir de quoi est compos\u00e9e la page de r\u00e9sultats d&rsquo;un mot-cl\u00e9 pour lequel vous souhaitez vous classer. Dans un audit SEO par exemple, MyPoseo vous indique les sites pr\u00e9sents sur les premi\u00e8res pages, les mots-cl\u00e9s de l&rsquo;univers s\u00e9mantique associ\u00e9s \u00e0 la requ\u00eate cible, leur niveau de concurrence, leur volume de recherche\u2026 L&rsquo;objectif de l&rsquo;audit SEO, \u00e0 travers l&rsquo;information, est de vous aider \u00e0 d\u00e9finir la bonne strat\u00e9gie pour vous positionner sur un mot cl\u00e9 particulier sur un moteur de recherche particulier. \u00c0 noter que l&rsquo;audit SEO peut s&rsquo;\u00e9tendre sur les 10 premi\u00e8res pages de r\u00e9sultats. A vous de d\u00e9terminer la profondeur de l&rsquo;audit (de 1 \u00e0 10 pages)<\/p>\n\n\n\n<h2 class=\"wp-block-heading\">Le suivi SEO \/ SEA<\/h2>\n\n\n\n<p>Les premiers outils que nous venons de voir (analyse de march\u00e9 et audit SEO\/SEA) permettent de r\u00e9aliser des analyses ad hoc, \u00e0 l&rsquo;instant t. L&rsquo;outil de suivi de position SEO\/SEA fonctionne diff\u00e9remment : il vous permet de suivre l&rsquo;\u00e9volution de votre positionnement sur vos mots cl\u00e9s cibles dans le temps. Il ne donne pas acc\u00e8s \u00e0 des rapports statiques, mais \u00e0 des tableaux de bord dynamiques constitu\u00e9s de courbes de tendance, de graphiques \u00e0 barres, etc. Vous pouvez choisir entre deux types de suivi : un suivi simple, qui vous montre vos meilleures positions sur les 10 premi\u00e8res pages et d\u00e9taill\u00e9 tracking, qui regarde toutes vos positions sur les 3 premi\u00e8res pages de r\u00e9sultats. Pour effectuer un suivi de position, il vous suffit de saisir les mots-cl\u00e9s que vous souhaitez suivre et de choisir vos pr\u00e9f\u00e9rences : desktop ou mobile, moteur de recherche (Google, Bing, Yahoo&#8230;), \u00e9ventuellement la ville (pour le r\u00e9f\u00e9rencement local, c&rsquo;est pratique) &#8230; Les tableaux de bord de suivi, mis \u00e0 jour chaque jour, vous donnent, pour chaque mot cl\u00e9, votre position et son \u00e9volution sur une p\u00e9riode donn\u00e9e, l&rsquo;URL de la page qui se positionne, la meilleure position obtenue dans le temps, le taux de clics, nombre de r\u00e9sultats de recherche, volume de recherche, site class\u00e9 en premier, etc. Bref, toutes les informations int\u00e9ressantes sont pr\u00e9sent\u00e9es.<\/p>\n\n\n\n<p>Ces trois groupes d&rsquo;outils (analyse, audit et suivi) sont compl\u00e9mentaires. Ils ont tous le m\u00eame objectif : vous accompagner dans la conception et la gestion au quotidien de votre strat\u00e9gie de r\u00e9f\u00e9rencement dans les moteurs de recherche.<\/p>\n\n\n\n<h2 class=\"wp-block-heading\">En guise de conclusion :<\/h2>\n\n\n\n<p>Depuis quelque temps, MyPoseo propose un nouvel outil de suggestion de mots cl\u00e9s tr\u00e8s pratique (en version b\u00eata), similaire \u00e0 des outils comme KeywordTool, dont le but est de vous aider \u00e0 trouver des mots cl\u00e9s strat\u00e9giques pour votre site.<\/p>\n\n\n\n<p>La solution vous donne la possibilit\u00e9 de cr\u00e9er des rapports personnalis\u00e9s (et bien s\u00fbr exportables) \u00e0 partir de donn\u00e9es issues de divers outils (analyse, audit et suivi) mais \u00e9galement de logiciels tiers tels que Search Console ou Google Analytics.<\/p>\n\n\n\n<p>Le service client est tr\u00e8s r\u00e9actif. MyPoseo propose \u00e9galement des webinaires tr\u00e8s informatifs pour apprendre \u00e0 utiliser la solution.<\/p>\n\n\n\n<p>MyPoseo peut s&rsquo;int\u00e9grer \u00e0 plusieurs outils tiers, et notamment Google Analytics (qui permet par exemple de charger des donn\u00e9es de trafic sur MyPoseo et de les comparer \u00e0 l&rsquo;\u00e9volution de vos positions SEO).<br><\/p>\n","protected":false},"excerpt":{"rendered":"<p>Lanc\u00e9 en 2009 par la startup fran\u00e7aise G4interactive et rachet\u00e9 d\u00e9but 2017 par Webedia, MyPoseo est un outil SaaS d&rsquo;analyse, de suivi et de gestion du r\u00e9f\u00e9rencement naturel (SEO) et payant (SEA). Il permet entre autres de suivre l&rsquo;\u00e9volution de la visibilit\u00e9 de son site internet dans les principaux moteurs de recherche (de Google \u00e0 [&hellip;]<\/p>\n","protected":false},"author":1,"featured_media":0,"parent":0,"menu_order":0,"comment_status":"closed","ping_status":"closed","template":"page-templates\/review-page.php","meta":{"_acf_changed":false,"_sitemap_exclude":false,"_sitemap_priority":"","_sitemap_frequency":"","footnotes":""},"class_list":["post-2487","page","type-page","status-publish","hentry"],"acf":[],"yoast_head":"<!-- This site is optimized with the Yoast SEO plugin v26.6 - https:\/\/yoast.com\/wordpress\/plugins\/seo\/ -->\n<title>Avis sur Myposeo 2024 \u1409 Top10seosoftware.com<\/title>\n<meta name=\"description\" content=\"Vous cherchez une r\u00e9vision honn\u00eate d\u2019outil SEO Myposeo ? Nous examinons les fonctionnalit\u00e9s de cet instrument comme le suivi du classement, l\u2019audit de site web, la recherche concurrentielle, le v\u00e9rificateur de liens retours ainsi que le prix de chaque forfait et ses avantages.\" \/>\n<meta name=\"robots\" content=\"index, follow, max-snippet:-1, max-image-preview:large, max-video-preview:-1\" \/>\n<link rel=\"canonical\" href=\"https:\/\/top10seosoftware.com\/fr\/avis-sur-myposeo\/\" \/>\n<meta property=\"og:locale\" content=\"fr_FR\" \/>\n<meta property=\"og:type\" content=\"article\" \/>\n<meta property=\"og:title\" content=\"Avis sur Myposeo 2024 \u1409 Top10seosoftware.com\" \/>\n<meta property=\"og:description\" content=\"Vous cherchez une r\u00e9vision honn\u00eate d\u2019outil SEO Myposeo ? Nous examinons les fonctionnalit\u00e9s de cet instrument comme le suivi du classement, l\u2019audit de site web, la recherche concurrentielle, le v\u00e9rificateur de liens retours ainsi que le prix de chaque forfait et ses avantages.\" \/>\n<meta property=\"og:url\" content=\"https:\/\/top10seosoftware.com\/fr\/avis-sur-myposeo\/\" \/>\n<meta property=\"og:site_name\" content=\"Top10seosoftware.com\" \/>\n<meta property=\"article:modified_time\" content=\"2024-04-11T14:01:19+00:00\" \/>\n<meta name=\"twitter:card\" content=\"summary_large_image\" \/>\n<meta name=\"twitter:label1\" content=\"Dur\u00e9e de lecture estim\u00e9e\" \/>\n\t<meta name=\"twitter:data1\" content=\"5 minutes\" \/>\n<!-- \/ Yoast SEO plugin. -->","yoast_head_json":{"title":"Avis sur Myposeo 2024 \u1409 Top10seosoftware.com","description":"Vous cherchez une r\u00e9vision honn\u00eate d\u2019outil SEO Myposeo ? Nous examinons les fonctionnalit\u00e9s de cet instrument comme le suivi du classement, l\u2019audit de site web, la recherche concurrentielle, le v\u00e9rificateur de liens retours ainsi que le prix de chaque forfait et ses avantages.","robots":{"index":"index","follow":"follow","max-snippet":"max-snippet:-1","max-image-preview":"max-image-preview:large","max-video-preview":"max-video-preview:-1"},"canonical":"https:\/\/top10seosoftware.com\/fr\/avis-sur-myposeo\/","og_locale":"fr_FR","og_type":"article","og_title":"Avis sur Myposeo 2024 \u1409 Top10seosoftware.com","og_description":"Vous cherchez une r\u00e9vision honn\u00eate d\u2019outil SEO Myposeo ? Nous examinons les fonctionnalit\u00e9s de cet instrument comme le suivi du classement, l\u2019audit de site web, la recherche concurrentielle, le v\u00e9rificateur de liens retours ainsi que le prix de chaque forfait et ses avantages.","og_url":"https:\/\/top10seosoftware.com\/fr\/avis-sur-myposeo\/","og_site_name":"Top10seosoftware.com","article_modified_time":"2024-04-11T14:01:19+00:00","twitter_card":"summary_large_image","twitter_misc":{"Dur\u00e9e de lecture estim\u00e9e":"5 minutes"},"schema":{"@context":"https:\/\/schema.org","@graph":[{"@type":"WebPage","@id":"https:\/\/top10seosoftware.com\/fr\/avis-sur-myposeo\/","url":"https:\/\/top10seosoftware.com\/fr\/avis-sur-myposeo\/","name":"Avis sur Myposeo 2024 \u1409 Top10seosoftware.com","isPartOf":{"@id":"https:\/\/top10seosoftware.com\/#website"},"primaryImageOfPage":{"@id":"https:\/\/top10seosoftware.com\/fr\/avis-sur-myposeo\/#primaryimage"},"image":{"@id":"https:\/\/top10seosoftware.com\/fr\/avis-sur-myposeo\/#primaryimage"},"thumbnailUrl":"https:\/\/top10seosoftware.com\/wp-content\/uploads\/2021\/11\/image2-min-4-1024x463.png","datePublished":"2021-11-10T10:07:49+00:00","dateModified":"2024-04-11T14:01:19+00:00","description":"Vous cherchez une r\u00e9vision honn\u00eate d\u2019outil SEO Myposeo ? Nous examinons les fonctionnalit\u00e9s de cet instrument comme le suivi du classement, l\u2019audit de site web, la recherche concurrentielle, le v\u00e9rificateur de liens retours ainsi que le prix de chaque forfait et ses avantages.","breadcrumb":{"@id":"https:\/\/top10seosoftware.com\/fr\/avis-sur-myposeo\/#breadcrumb"},"inLanguage":"fr-FR","potentialAction":[{"@type":"ReadAction","target":["https:\/\/top10seosoftware.com\/fr\/avis-sur-myposeo\/"]}]},{"@type":"ImageObject","inLanguage":"fr-FR","@id":"https:\/\/top10seosoftware.com\/fr\/avis-sur-myposeo\/#primaryimage","url":"https:\/\/top10seosoftware.com\/wp-content\/uploads\/2021\/11\/image2-min-4-1024x463.png","contentUrl":"https:\/\/top10seosoftware.com\/wp-content\/uploads\/2021\/11\/image2-min-4-1024x463.png"},{"@type":"BreadcrumbList","@id":"https:\/\/top10seosoftware.com\/fr\/avis-sur-myposeo\/#breadcrumb","itemListElement":[{"@type":"ListItem","position":1,"name":"Home","item":"https:\/\/top10seosoftware.com\/fr\/"},{"@type":"ListItem","position":2,"name":"Avis sur Myposeo"}]},{"@type":"WebSite","@id":"https:\/\/top10seosoftware.com\/#website","url":"https:\/\/top10seosoftware.com\/","name":"Top10seosoftware.com","description":"Top 10 SEO Software","publisher":{"@id":"https:\/\/top10seosoftware.com\/#organization"},"potentialAction":[{"@type":"SearchAction","target":{"@type":"EntryPoint","urlTemplate":"https:\/\/top10seosoftware.com\/?s={search_term_string}"},"query-input":{"@type":"PropertyValueSpecification","valueRequired":true,"valueName":"search_term_string"}}],"inLanguage":"fr-FR"},{"@type":"Organization","@id":"https:\/\/top10seosoftware.com\/#organization","name":"Top10seosoftware.com","url":"https:\/\/top10seosoftware.com\/","logo":{"@type":"ImageObject","inLanguage":"fr-FR","@id":"https:\/\/top10seosoftware.com\/#\/schema\/logo\/image\/","url":"https:\/\/top10seosoftware.com\/wp-content\/uploads\/2021\/10\/logo.svg","contentUrl":"https:\/\/top10seosoftware.com\/wp-content\/uploads\/2021\/10\/logo.svg","width":1,"height":1,"caption":"Top10seosoftware.com"},"image":{"@id":"https:\/\/top10seosoftware.com\/#\/schema\/logo\/image\/"}}]}},"_links":{"self":[{"href":"https:\/\/top10seosoftware.com\/fr\/wp-json\/wp\/v2\/pages\/2487","targetHints":{"allow":["GET"]}}],"collection":[{"href":"https:\/\/top10seosoftware.com\/fr\/wp-json\/wp\/v2\/pages"}],"about":[{"href":"https:\/\/top10seosoftware.com\/fr\/wp-json\/wp\/v2\/types\/page"}],"author":[{"embeddable":true,"href":"https:\/\/top10seosoftware.com\/fr\/wp-json\/wp\/v2\/users\/1"}],"replies":[{"embeddable":true,"href":"https:\/\/top10seosoftware.com\/fr\/wp-json\/wp\/v2\/comments?post=2487"}],"version-history":[{"count":0,"href":"https:\/\/top10seosoftware.com\/fr\/wp-json\/wp\/v2\/pages\/2487\/revisions"}],"wp:attachment":[{"href":"https:\/\/top10seosoftware.com\/fr\/wp-json\/wp\/v2\/media?parent=2487"}],"curies":[{"name":"wp","href":"https:\/\/api.w.org\/{rel}","templated":true}]}}