{"id":2519,"date":"2021-11-10T13:07:50","date_gmt":"2021-11-10T10:07:50","guid":{"rendered":"https:\/\/top10seosoftware.com\/?page_id=2519"},"modified":"2025-01-30T18:31:54","modified_gmt":"2025-01-30T15:31:54","slug":"avis-sur-semji","status":"publish","type":"page","link":"https:\/\/top10seosoftware.com\/fr\/avis-sur-semji\/","title":{"rendered":"Avis sur Semji"},"content":{"rendered":"\n<p>Semji est une solution d&rsquo;IA qui vous permet de produire et d&rsquo;optimiser votre contenu web avec une expertise SEO approfondie, afin de rendre votre contenu plus visible sur les moteurs de recherche. La plateforme d\u00e9tecte le contenu existant sur votre site ayant un potentiel de gains SEO et sugg\u00e8re de nouvelles id\u00e9es de mots cl\u00e9s, adapt\u00e9es au pays configur\u00e9. Les contenus sont classifi\u00e9s selon leur potentiel de gain de trafic organique.<\/p>\n\n\n\n<p>Semji centralise la production de contenus et encourage le travail d&rsquo;\u00e9quipe gr\u00e2ce \u00e0 une planification \u00e9ditoriale collaborative. L&rsquo;outil offre un score de contenu, vous permettant de planifier uniquement des contenus \u00e0 fort potentiel SEO.<\/p>\n\n\n\n<h3 class=\"wp-block-heading\">Points positifs<\/h3>\n\n\n\n<ul class=\"wp-block-list\">\n<li>Pr\u00e9voyez du contenu \u00e0 fort potentiel<\/li>\n\n\n\n<li>Garantissez la production de contenus performants<\/li>\n\n\n\n<li>Mesurez l&rsquo;impact sur votre trafic et vos conversions<\/li>\n<\/ul>\n\n\n\n<h3 class=\"wp-block-heading\">Points n\u00e9gatifs<\/h3>\n\n\n\n<ul class=\"wp-block-list\">\n<li>Peut-\u00eatre trop complexe pour les PME<\/li>\n\n\n\n<li>L&rsquo;agencement des fonctionnalit\u00e9s peut sembler complexe<\/li>\n\n\n\n<li>N\u00e9cessite un abonnement<\/li>\n<\/ul>\n\n\n\n<figure class=\"wp-block-image size-large\"><a href=\"https:\/\/top10seosoftware.com\/wp-content\/uploads\/2021\/11\/\u0417\u043d\u0456\u043c\u043e\u043a-\u0435\u043a\u0440\u0430\u043d\u0430-2021-09-17-\u043e-14.24.48.png\" target=\"_blank\" rel=\"noopener\"><img loading=\"lazy\" decoding=\"async\" width=\"1024\" height=\"493\" src=\"https:\/\/top10seosoftware.com\/wp-content\/uploads\/2021\/11\/\u0417\u043d\u0456\u043c\u043e\u043a-\u0435\u043a\u0440\u0430\u043d\u0430-2021-09-17-\u043e-14.24.48-1024x493.png\" alt=\"\" class=\"wp-image-2520\" srcset=\"https:\/\/top10seosoftware.com\/wp-content\/uploads\/2021\/11\/\u0417\u043d\u0456\u043c\u043e\u043a-\u0435\u043a\u0440\u0430\u043d\u0430-2021-09-17-\u043e-14.24.48-1024x493.png 1024w, https:\/\/top10seosoftware.com\/wp-content\/uploads\/2021\/11\/\u0417\u043d\u0456\u043c\u043e\u043a-\u0435\u043a\u0440\u0430\u043d\u0430-2021-09-17-\u043e-14.24.48-300x144.png 300w, https:\/\/top10seosoftware.com\/wp-content\/uploads\/2021\/11\/\u0417\u043d\u0456\u043c\u043e\u043a-\u0435\u043a\u0440\u0430\u043d\u0430-2021-09-17-\u043e-14.24.48-768x370.png 768w, https:\/\/top10seosoftware.com\/wp-content\/uploads\/2021\/11\/\u0417\u043d\u0456\u043c\u043e\u043a-\u0435\u043a\u0440\u0430\u043d\u0430-2021-09-17-\u043e-14.24.48-1536x739.png 1536w, https:\/\/top10seosoftware.com\/wp-content\/uploads\/2021\/11\/\u0417\u043d\u0456\u043c\u043e\u043a-\u0435\u043a\u0440\u0430\u043d\u0430-2021-09-17-\u043e-14.24.48-2048x986.png 2048w\" sizes=\"auto, (max-width: 1024px) 100vw, 1024px\" \/><\/a><\/figure>\n\n\n\n<h2 class=\"wp-block-heading\">Les tarifs :<\/h2>\n\n\n\n<p>L&rsquo;outil est propos\u00e9 sous forme d&rsquo;abonnement, \u00e0 partir de 149 \u20ac\/mois en paiement annuel. Les tarifs pour les forfaits Starter et Pro sont disponibles, avec une option de test gratuit de la plateforme pour ces offres.<\/p>\n\n\n\n<figure class=\"wp-block-image size-large\"><img loading=\"lazy\" decoding=\"async\" width=\"1024\" height=\"526\" src=\"https:\/\/top10seosoftware.com\/wp-content\/uploads\/2021\/11\/\u0417\u043d\u0456\u043c\u043e\u043a-\u0435\u043a\u0440\u0430\u043d\u0430-2021-09-17-\u043e-14.27.48-1024x526.png\" alt=\"\" class=\"wp-image-2524\" srcset=\"https:\/\/top10seosoftware.com\/wp-content\/uploads\/2021\/11\/\u0417\u043d\u0456\u043c\u043e\u043a-\u0435\u043a\u0440\u0430\u043d\u0430-2021-09-17-\u043e-14.27.48-1024x526.png 1024w, https:\/\/top10seosoftware.com\/wp-content\/uploads\/2021\/11\/\u0417\u043d\u0456\u043c\u043e\u043a-\u0435\u043a\u0440\u0430\u043d\u0430-2021-09-17-\u043e-14.27.48-300x154.png 300w, https:\/\/top10seosoftware.com\/wp-content\/uploads\/2021\/11\/\u0417\u043d\u0456\u043c\u043e\u043a-\u0435\u043a\u0440\u0430\u043d\u0430-2021-09-17-\u043e-14.27.48-768x395.png 768w, https:\/\/top10seosoftware.com\/wp-content\/uploads\/2021\/11\/\u0417\u043d\u0456\u043c\u043e\u043a-\u0435\u043a\u0440\u0430\u043d\u0430-2021-09-17-\u043e-14.27.48-1536x789.png 1536w, https:\/\/top10seosoftware.com\/wp-content\/uploads\/2021\/11\/\u0417\u043d\u0456\u043c\u043e\u043a-\u0435\u043a\u0440\u0430\u043d\u0430-2021-09-17-\u043e-14.27.48-2048x1052.png 2048w\" sizes=\"auto, (max-width: 1024px) 100vw, 1024px\" \/><\/figure>\n\n\n<div class=\"review-table\" data-current-company=\"semji\" data-reviewed-company=\"seranking\" data-content-url=\"https:\/\/top10seosoftware.com\/wp-content\/themes\/top10seo\/assets\/data\/fr\/pricing_comparison.json\"><\/div>\n\n\n\n<h2 class=\"wp-block-heading\"><strong>Planification de nouveaux contenus :<\/strong><\/h2>\n\n\n\n<p>La cr\u00e9ation de nouveau contenu est simplifi\u00e9e, n\u00e9cessitant une strat\u00e9gie de contenu pr\u00e9\u00e9tablie. La recherche de mots-cl\u00e9s est facilit\u00e9e. Planifiez ais\u00e9ment diff\u00e9rents contenus autour d&rsquo;un m\u00eame th\u00e8me, posant les bases d&rsquo;un cocon s\u00e9mantique. Une fois les t\u00e2ches assign\u00e9es \u00e0 vos \u00e9quipes, il ne reste plus qu&rsquo;\u00e0 produire.<\/p>\n\n\n\n<h2 class=\"wp-block-heading\"><strong>Gestion de la planification :<\/strong><\/h2>\n\n\n\n<p>Cr\u00e9ez des utilisateurs, assignez des t\u00e2ches, d\u00e9finissez le statut du contenu et planifiez des dates. Semji se r\u00e9v\u00e8le tr\u00e8s pratique pour la collaboration projet. L&rsquo;\u00e9cran de planification permet d&rsquo;attribuer des t\u00e2ches d&rsquo;\u00e9criture et de suivre leur progression en temps r\u00e9el. Votre \u00e9quipe gagnera en rapidit\u00e9 et productivit\u00e9 !<\/p>\n\n\n\n<h2 class=\"wp-block-heading\"><strong>Gestion d\u2019\u00e9quipes et de contenus complexes :<\/strong><\/h2>\n\n\n\n<p>Semji facilite la gestion d&rsquo;\u00e9quipes internes et externes, de sites en plusieurs langues, augmentant la complexit\u00e9 de la production de contenu. L&rsquo;\u00e9cran de centralisation et de planification rend l&rsquo;environnement de travail plus simple et efficace.<\/p>\n\n\n\n<p>L&rsquo;interface de Semji est intuitive, ce qui est crucial pour int\u00e9grer une nouvelle solution au sein d&rsquo;une \u00e9quipe. La plateforme convient \u00e0 tous, experts en SEO ou non. Semji est un outil puissant et techniquement avanc\u00e9, offrant une exp\u00e9rience presque ludique. Son utilisation agr\u00e9able motive \u00e0 s&rsquo;engager dans l&rsquo;optimisation de contenu.<\/p>\n\n\n\n<p>Un d\u00e9veloppement futur int\u00e9ressant serait l&rsquo;ajout d&rsquo;une fonctionnalit\u00e9 pour la recherche de grands th\u00e8mes \u00e0 travailler sur le site, pr\u00e9sent\u00e9s sous forme de clusters\/silos\/cocons, avec des propositions de pages et leurs mots cl\u00e9s focus. Cela rendrait Semji encore plus utile pour la strat\u00e9gie de contenu et l&rsquo;optimisation \u00e9ditoriale.<\/p>\n\n\n\n<p>En r\u00e9sum\u00e9, Semji peut parfois permettre d&rsquo;atteindre un niveau de pr\u00e9cision \u00e9lev\u00e9 dans la s\u00e9lection de mots-cl\u00e9s, o\u00f9 chaque intention de recherche peut inspirer un article distinct.<\/p>\n\n\n\n<h2 class=\"wp-block-heading\"><strong>Fonctionnalit\u00e9 de suivi de positionnement :<\/strong><\/h2>\n\n\n\n<p>La plateforme Semji s&rsquo;est r\u00e9cemment enrichie d&rsquo;une fonctionnalit\u00e9 de suivi de positionnement, permettant un suivi quotidien de l&rsquo;\u00e9volution des classements. Cette fonctionnalit\u00e9 offre aux utilisateurs la possibilit\u00e9 de suivre les progr\u00e8s de classement de leur contenu pour tous les mots cl\u00e9s strat\u00e9giques depuis une interface unique. Elle fournit une vue d&rsquo;ensemble de la performance globale et permet de visualiser le classement actuel des pages ainsi que l&rsquo;historique des classements pour chaque mot cl\u00e9, facilitant le suivi du nombre total de mots cl\u00e9s r\u00e9f\u00e9renc\u00e9s. Les utilisateurs peuvent \u00e9galement \u00e9valuer l&rsquo;impact de leurs actions SEO sur leurs positions, comparer les progr\u00e8s de classement de leur contenu, et ainsi avoir une vision pr\u00e9cise de l&rsquo;efficacit\u00e9 de leurs strat\u00e9gies SEO. Cette fonctionnalit\u00e9 aide \u00e0 d\u00e9tecter rapidement les pertes de positionnement dues \u00e0 des facteurs tels que les changements d&rsquo;algorithme de Google ou l&rsquo;arriv\u00e9e de nouveaux concurrents, permettant de r\u00e9agir de mani\u00e8re appropri\u00e9e pour maintenir ou am\u00e9liorer le r\u00e9f\u00e9rencement.<\/p>\n","protected":false},"excerpt":{"rendered":"<p>Semji est une solution d&rsquo;IA qui vous permet de produire et d&rsquo;optimiser votre contenu web avec une expertise SEO approfondie, afin de rendre votre contenu plus visible sur les moteurs de recherche. La plateforme d\u00e9tecte le contenu existant sur votre site ayant un potentiel de gains SEO et sugg\u00e8re de nouvelles id\u00e9es de mots cl\u00e9s, [&hellip;]<\/p>\n","protected":false},"author":1,"featured_media":0,"parent":0,"menu_order":0,"comment_status":"closed","ping_status":"closed","template":"page-templates\/review-page.php","meta":{"_acf_changed":false,"_sitemap_exclude":false,"_sitemap_priority":"","_sitemap_frequency":"","footnotes":""},"class_list":["post-2519","page","type-page","status-publish","hentry"],"acf":[],"yoast_head":"<!-- This site is optimized with the Yoast SEO plugin v26.6 - https:\/\/yoast.com\/wordpress\/plugins\/seo\/ -->\n<title>Avis sur Semji 2025 \u1409 Top10seosoftware.com<\/title>\n<meta name=\"description\" content=\"Vous cherchez une r\u00e9vision honn\u00eate d\u2019outil SEO Semji ? Nous examinons les fonctionnalit\u00e9s de cet instrument comme le suivi du classement, l\u2019audit de site web, la recherche concurrentielle, le v\u00e9rificateur de liens retours ainsi que le prix de chaque forfait et ses avantages.\" \/>\n<meta name=\"robots\" content=\"index, follow, max-snippet:-1, max-image-preview:large, max-video-preview:-1\" \/>\n<link rel=\"canonical\" href=\"https:\/\/top10seosoftware.com\/fr\/avis-sur-semji\/\" \/>\n<meta property=\"og:locale\" content=\"fr_FR\" \/>\n<meta property=\"og:type\" content=\"article\" \/>\n<meta property=\"og:title\" content=\"Avis sur Semji 2025 \u1409 Top10seosoftware.com\" \/>\n<meta property=\"og:description\" content=\"Vous cherchez une r\u00e9vision honn\u00eate d\u2019outil SEO Semji ? Nous examinons les fonctionnalit\u00e9s de cet instrument comme le suivi du classement, l\u2019audit de site web, la recherche concurrentielle, le v\u00e9rificateur de liens retours ainsi que le prix de chaque forfait et ses avantages.\" \/>\n<meta property=\"og:url\" content=\"https:\/\/top10seosoftware.com\/fr\/avis-sur-semji\/\" \/>\n<meta property=\"og:site_name\" content=\"Top10seosoftware.com\" \/>\n<meta property=\"article:modified_time\" content=\"2025-01-30T15:31:54+00:00\" \/>\n<meta name=\"twitter:card\" content=\"summary_large_image\" \/>\n<meta name=\"twitter:label1\" content=\"Dur\u00e9e de lecture estim\u00e9e\" \/>\n\t<meta name=\"twitter:data1\" content=\"4 minutes\" \/>\n<!-- \/ Yoast SEO plugin. -->","yoast_head_json":{"title":"Avis sur Semji 2025 \u1409 Top10seosoftware.com","description":"Vous cherchez une r\u00e9vision honn\u00eate d\u2019outil SEO Semji ? Nous examinons les fonctionnalit\u00e9s de cet instrument comme le suivi du classement, l\u2019audit de site web, la recherche concurrentielle, le v\u00e9rificateur de liens retours ainsi que le prix de chaque forfait et ses avantages.","robots":{"index":"index","follow":"follow","max-snippet":"max-snippet:-1","max-image-preview":"max-image-preview:large","max-video-preview":"max-video-preview:-1"},"canonical":"https:\/\/top10seosoftware.com\/fr\/avis-sur-semji\/","og_locale":"fr_FR","og_type":"article","og_title":"Avis sur Semji 2025 \u1409 Top10seosoftware.com","og_description":"Vous cherchez une r\u00e9vision honn\u00eate d\u2019outil SEO Semji ? Nous examinons les fonctionnalit\u00e9s de cet instrument comme le suivi du classement, l\u2019audit de site web, la recherche concurrentielle, le v\u00e9rificateur de liens retours ainsi que le prix de chaque forfait et ses avantages.","og_url":"https:\/\/top10seosoftware.com\/fr\/avis-sur-semji\/","og_site_name":"Top10seosoftware.com","article_modified_time":"2025-01-30T15:31:54+00:00","twitter_card":"summary_large_image","twitter_misc":{"Dur\u00e9e de lecture estim\u00e9e":"4 minutes"},"schema":{"@context":"https:\/\/schema.org","@graph":[{"@type":"WebPage","@id":"https:\/\/top10seosoftware.com\/fr\/avis-sur-semji\/","url":"https:\/\/top10seosoftware.com\/fr\/avis-sur-semji\/","name":"Avis sur Semji 2025 \u1409 Top10seosoftware.com","isPartOf":{"@id":"https:\/\/top10seosoftware.com\/#website"},"datePublished":"2021-11-10T10:07:50+00:00","dateModified":"2025-01-30T15:31:54+00:00","description":"Vous cherchez une r\u00e9vision honn\u00eate d\u2019outil SEO Semji ? Nous examinons les fonctionnalit\u00e9s de cet instrument comme le suivi du classement, l\u2019audit de site web, la recherche concurrentielle, le v\u00e9rificateur de liens retours ainsi que le prix de chaque forfait et ses avantages.","breadcrumb":{"@id":"https:\/\/top10seosoftware.com\/fr\/avis-sur-semji\/#breadcrumb"},"inLanguage":"fr-FR","potentialAction":[{"@type":"ReadAction","target":["https:\/\/top10seosoftware.com\/fr\/avis-sur-semji\/"]}]},{"@type":"BreadcrumbList","@id":"https:\/\/top10seosoftware.com\/fr\/avis-sur-semji\/#breadcrumb","itemListElement":[{"@type":"ListItem","position":1,"name":"Home","item":"https:\/\/top10seosoftware.com\/fr\/"},{"@type":"ListItem","position":2,"name":"Avis sur Semji"}]},{"@type":"WebSite","@id":"https:\/\/top10seosoftware.com\/#website","url":"https:\/\/top10seosoftware.com\/","name":"Top10seosoftware.com","description":"Top 10 SEO Software","publisher":{"@id":"https:\/\/top10seosoftware.com\/#organization"},"potentialAction":[{"@type":"SearchAction","target":{"@type":"EntryPoint","urlTemplate":"https:\/\/top10seosoftware.com\/?s={search_term_string}"},"query-input":{"@type":"PropertyValueSpecification","valueRequired":true,"valueName":"search_term_string"}}],"inLanguage":"fr-FR"},{"@type":"Organization","@id":"https:\/\/top10seosoftware.com\/#organization","name":"Top10seosoftware.com","url":"https:\/\/top10seosoftware.com\/","logo":{"@type":"ImageObject","inLanguage":"fr-FR","@id":"https:\/\/top10seosoftware.com\/#\/schema\/logo\/image\/","url":"https:\/\/top10seosoftware.com\/wp-content\/uploads\/2021\/10\/logo.svg","contentUrl":"https:\/\/top10seosoftware.com\/wp-content\/uploads\/2021\/10\/logo.svg","width":1,"height":1,"caption":"Top10seosoftware.com"},"image":{"@id":"https:\/\/top10seosoftware.com\/#\/schema\/logo\/image\/"}}]}},"_links":{"self":[{"href":"https:\/\/top10seosoftware.com\/fr\/wp-json\/wp\/v2\/pages\/2519","targetHints":{"allow":["GET"]}}],"collection":[{"href":"https:\/\/top10seosoftware.com\/fr\/wp-json\/wp\/v2\/pages"}],"about":[{"href":"https:\/\/top10seosoftware.com\/fr\/wp-json\/wp\/v2\/types\/page"}],"author":[{"embeddable":true,"href":"https:\/\/top10seosoftware.com\/fr\/wp-json\/wp\/v2\/users\/1"}],"replies":[{"embeddable":true,"href":"https:\/\/top10seosoftware.com\/fr\/wp-json\/wp\/v2\/comments?post=2519"}],"version-history":[{"count":0,"href":"https:\/\/top10seosoftware.com\/fr\/wp-json\/wp\/v2\/pages\/2519\/revisions"}],"wp:attachment":[{"href":"https:\/\/top10seosoftware.com\/fr\/wp-json\/wp\/v2\/media?parent=2519"}],"curies":[{"name":"wp","href":"https:\/\/api.w.org\/{rel}","templated":true}]}}