{"id":2535,"date":"2021-11-10T13:07:51","date_gmt":"2021-11-10T10:07:51","guid":{"rendered":"https:\/\/top10seosoftware.com\/?page_id=2535"},"modified":"2024-04-11T16:56:42","modified_gmt":"2024-04-11T13:56:42","slug":"avis-sur-seoqunatum","status":"publish","type":"page","link":"https:\/\/top10seosoftware.com\/fr\/avis-sur-seoqunatum\/","title":{"rendered":"Avis sur SEOQuantum"},"content":{"rendered":"\n<p>SEOQuantum est un outil essentiel pour devancer vos concurrents gr\u00e2ce \u00e0 une approche innovante de l&rsquo;optimisation de contenu. Concr\u00e8tement, SEOQuantum vous permet d&rsquo;optimiser vos pages, la structure de votre site et votre contenu. La double analyse technique\/s\u00e9mantique est vraiment un plus pour cr\u00e9er du contenu \u00e0 fort potentiel SEO.<\/p>\n\n\n\n<h3 class=\"wp-block-heading\">Avantages de SEOQuantum<\/h3>\n\n\n\n<ul class=\"wp-block-list\">\n<li>Analyse s\u00e9mantique<\/li>\n\n\n\n<li>Outil d&rsquo;optimisation de contenu SEO<\/li>\n\n\n\n<li>Cocon s\u00e9mantique<\/li>\n<\/ul>\n\n\n\n<h3 class=\"wp-block-heading\">\u200b\u200bPoints faibles<\/h3>\n\n\n\n<ul class=\"wp-block-list\">\n<li>Trop de profondeur et de port\u00e9e pour les SMB<\/li>\n\n\n\n<li>La disposition des fonctionnalit\u00e9s peut \u00eatre difficile \u00e0 comprendre&nbsp;<\/li>\n\n\n\n<li>N\u00e9cessite un abonnement<\/li>\n<\/ul>\n\n\n\n<figure class=\"wp-block-image size-large\"><img loading=\"lazy\" decoding=\"async\" width=\"1024\" height=\"425\" src=\"https:\/\/top10seosoftware.com\/wp-content\/uploads\/2021\/11\/image1-min-5-1024x425.png\" alt=\"\" class=\"wp-image-2536\" srcset=\"https:\/\/top10seosoftware.com\/wp-content\/uploads\/2021\/11\/image1-min-5-1024x425.png 1024w, https:\/\/top10seosoftware.com\/wp-content\/uploads\/2021\/11\/image1-min-5-300x125.png 300w, https:\/\/top10seosoftware.com\/wp-content\/uploads\/2021\/11\/image1-min-5-768x319.png 768w, https:\/\/top10seosoftware.com\/wp-content\/uploads\/2021\/11\/image1-min-5-1536x638.png 1536w, https:\/\/top10seosoftware.com\/wp-content\/uploads\/2021\/11\/image1-min-5.png 1891w\" sizes=\"auto, (max-width: 1024px) 100vw, 1024px\" \/><\/figure>\n\n\n\n<h2 class=\"wp-block-heading\">Les forfaits :<\/h2>\n\n\n\n<p><strong>L&rsquo;outil a 3 prix diff\u00e9rents :<\/strong><\/p>\n\n\n\n<ul class=\"wp-block-list\">\n<li>une offre \u00e0 39 \u20ac par mois pour l&rsquo;analyse s\u00e9mantique,<\/li>\n\n\n\n<li>une offre \u00e0 89 \u20ac par mois pour l&rsquo;analyse s\u00e9mantique et le crawler s\u00e9mantique,<\/li>\n\n\n\n<li>une offre \u00e0 239 \u20ac par mois pour l&rsquo;analyse s\u00e9mantique, le crawler s\u00e9mantique et la strat\u00e9gie de mots cl\u00e9s.<\/li>\n\n\n\n<li>Vous pouvez tester l&rsquo;outil gratuitement pendant 7 jours et b\u00e9n\u00e9ficier de 3 analyses.<\/li>\n<\/ul>\n\n\n\n<figure class=\"wp-block-image size-large\"><a href=\"https:\/\/top10seosoftware.com\/wp-content\/uploads\/2021\/11\/image3-min-4.png\" target=\"_blank\" rel=\"noopener\"><img loading=\"lazy\" decoding=\"async\" width=\"1024\" height=\"384\" src=\"https:\/\/top10seosoftware.com\/wp-content\/uploads\/2021\/11\/image3-min-4-1024x384.png\" alt=\"\" class=\"wp-image-2540\" srcset=\"https:\/\/top10seosoftware.com\/wp-content\/uploads\/2021\/11\/image3-min-4-1024x384.png 1024w, https:\/\/top10seosoftware.com\/wp-content\/uploads\/2021\/11\/image3-min-4-300x113.png 300w, https:\/\/top10seosoftware.com\/wp-content\/uploads\/2021\/11\/image3-min-4-768x288.png 768w, https:\/\/top10seosoftware.com\/wp-content\/uploads\/2021\/11\/image3-min-4-1536x576.png 1536w, https:\/\/top10seosoftware.com\/wp-content\/uploads\/2021\/11\/image3-min-4.png 1869w\" sizes=\"auto, (max-width: 1024px) 100vw, 1024px\" \/><\/a><\/figure>\n\n\n<div class=\"review-table\" data-current-company=\"seoquantum\" data-reviewed-company=\"seranking\" data-content-url=\"https:\/\/top10seosoftware.com\/wp-content\/themes\/top10seo\/assets\/data\/fr\/pricing_comparison.json\"><\/div>\n\n\n\n<h2 class=\"wp-block-heading\">L&rsquo;outil a 3 fonctions principales<\/h2>\n\n\n\n<h2 class=\"wp-block-heading\">Analyse s\u00e9mantique<\/h2>\n\n\n\n<p>SEOQuantum est capable d&rsquo;analyser un th\u00e8me et de fournir des m\u00e9triques cl\u00e9s pour aider les experts SEO \u00e0 prendre une bonne d\u00e9cision. Ainsi, il vous permet d&rsquo;explorer les sujets strat\u00e9giques sur lesquels positionner le site de votre client, de structurer l&rsquo;architecture par clustering, de suivre la strat\u00e9gie de contenu des concurrents et d&rsquo;optimiser vos pages.<\/p>\n\n\n\n<p>L&rsquo;outil permet \u00e9galement d&rsquo;apporter une aide \u00e0 la r\u00e9daction aux r\u00e9dacteurs web en g\u00e9n\u00e9rant un document avec le lexique le plus appropri\u00e9. Chaque lexique sera diff\u00e9rent selon l&rsquo;intention et le sujet.<\/p>\n\n\n\n<p>Une fois le travail \u00e9ditorial effectu\u00e9, c&rsquo;est l&rsquo;\u00e9tape d&rsquo;optimisation qui permettra d&rsquo;analyser le contenu. Une notation sera d\u00e9livr\u00e9e ainsi que des axes d&rsquo;am\u00e9lioration. Cela n&rsquo;enl\u00e8ve en rien les comp\u00e9tences de l&rsquo;\u00e9crivain qui doit r\u00e9diger un contenu de qualit\u00e9. La solution fournit des donn\u00e9es utiles pour envoyer un signal positif \u00e0 Google.<\/p>\n\n\n\n<p>Au-del\u00e0 de l&rsquo;aspect optimisation pure, l&rsquo;outil est capable d&rsquo;analyser le classement de vos concurrents. Pour ce faire, il observe les 10 premiers r\u00e9sultats \u00e9tudi\u00e9s sur la requ\u00eate que vous ciblez et pourra vous renseigner sur des informations telles que :<\/p>\n\n\n\n<ul class=\"wp-block-list\">\n<li>la typologie du contenu (informationnel, commercial ou transactionnel) ainsi que sa note de performance,<\/li>\n\n\n\n<li>le sujet principal demand\u00e9 sur la page,<\/li>\n\n\n\n<li>pr\u00e9senter graphiquement les intentions derri\u00e8re le mot-cl\u00e9 et le contenu de la page.<\/li>\n<\/ul>\n\n\n\n<p>Enfin, l&rsquo;analyse s\u00e9mantique peut vous aider dans le d\u00e9veloppement de l&rsquo;arborescence. L&rsquo;audit va assez loin en cherchant les relations avec d&rsquo;autres th\u00e8mes. Si cette fonctionnalit\u00e9 peut vous donner des id\u00e9es sur des th\u00e8mes voisins, un travail de r\u00e9flexion est encore n\u00e9cessaire.<\/p>\n\n\n\n<figure class=\"wp-block-image size-large\"><a href=\"https:\/\/top10seosoftware.com\/wp-content\/uploads\/2021\/11\/image2-min-5.png\" target=\"_blank\" rel=\"noopener\"><img loading=\"lazy\" decoding=\"async\" width=\"1024\" height=\"484\" src=\"https:\/\/top10seosoftware.com\/wp-content\/uploads\/2021\/11\/image2-min-5-1024x484.png\" alt=\"\" class=\"wp-image-2544\" srcset=\"https:\/\/top10seosoftware.com\/wp-content\/uploads\/2021\/11\/image2-min-5-1024x484.png 1024w, https:\/\/top10seosoftware.com\/wp-content\/uploads\/2021\/11\/image2-min-5-300x142.png 300w, https:\/\/top10seosoftware.com\/wp-content\/uploads\/2021\/11\/image2-min-5-768x363.png 768w, https:\/\/top10seosoftware.com\/wp-content\/uploads\/2021\/11\/image2-min-5-1536x726.png 1536w, https:\/\/top10seosoftware.com\/wp-content\/uploads\/2021\/11\/image2-min-5.png 1900w\" sizes=\"auto, (max-width: 1024px) 100vw, 1024px\" \/><\/a><\/figure>\n\n\n\n<h2 class=\"wp-block-heading\">Strat\u00e9gie de mots cl\u00e9s<\/h2>\n\n\n\n<p>On entre dans le vif du sujet avec la fonctionnalit\u00e9 du cluster th\u00e9matique. Une \u00e9tape fondamentale qui n\u00e9cessite de travailler sur une liste de mots cl\u00e9s pertinents (au moins 100 mots cl\u00e9s). SEOQuantum reliera les mots-cl\u00e9s entre eux pour cr\u00e9er un puissant regroupement th\u00e9matique. Une m\u00e9thode efficace si le travail pr\u00e9paratoire que vous avez effectu\u00e9 est coh\u00e9rent.<\/p>\n\n\n\n<p>Elle va jusqu&rsquo;\u00e0 les corr\u00e9ler avec des th\u00e8mes cl\u00e9s pour aider \u00e0 \u00e9tablir vos clusters th\u00e9matiques, tout en vous montrant les concurrents d\u00e9j\u00e0 \u00e9voqu\u00e9s plus haut.<\/p>\n\n\n\n<p>Un vrai plus pour comparer le potentiel de votre cluster face \u00e0 la concurrence. C&rsquo;est ce qu&rsquo;on appelle une \u00e9tude de faisabilit\u00e9 d&rsquo;int\u00e9r\u00eat, disponible \u00e0 partir de la fonctionnalit\u00e9 \u00ab statistiques \u00bb.<\/p>\n\n\n\n<p>De plus, SEOQuantum peut r\u00e9aliser un audit de site pour analyser si le site est suffisamment solide pour se positionner sur les th\u00e9matiques d\u00e9tect\u00e9es. Pour cela, sont \u00e9tudi\u00e9s :<\/p>\n\n\n\n<ul class=\"wp-block-list\">\n<li>s\u00e9mantique,<\/li>\n\n\n\n<li>un classement par th\u00e8me.<\/li>\n<\/ul>\n\n\n\n<h2 class=\"wp-block-heading\">Le robot s\u00e9mantique<\/h2>\n\n\n\n<p>C&rsquo;est l&rsquo;une des nouveaut\u00e9s 2019 qui a r\u00e9volutionn\u00e9 la prise de d\u00e9cision des experts en strat\u00e9gie SEO, avec sa capacit\u00e9 \u00e0 analyser un grand volume de donn\u00e9es. C&rsquo;est simple, cette fonctionnalit\u00e9 n&rsquo;existait pas avant.<\/p>\n\n\n\n<p>En seulement 3 clics, l&rsquo;outil r\u00e9alise un audit s\u00e9mantique pr\u00e9cis du site et de mani\u00e8re autonome :<\/p>\n\n\n\n<ul class=\"wp-block-list\">\n<li>Analyse du contenu de chaque page du site jusqu&rsquo;\u00e0 5 000 URL (sur la version b\u00eata).<\/li>\n\n\n\n<li>Analyse des ancres de liens, mais aussi de la page source et de la page cible ! L&rsquo;outil sera \u00e9galement en mesure de juger si l&rsquo;ancre est pertinente pour la page cible.<\/li>\n\n\n\n<li>Analyser tous les liens internes : d\u00e9tecte s&rsquo;il s&rsquo;agit de liens dans l&rsquo;en-t\u00eate, dans le pied de page, et s&rsquo;il s&rsquo;agit de liens de navigation ou contextuels.<\/li>\n\n\n\n<li>Analyse du maillage interne. L&rsquo;outil vous propose m\u00eame de lier vos pages puisqu&rsquo;il est capable de comprendre leur proximit\u00e9 s\u00e9mantique.<\/li>\n\n\n\n<li>D\u00e9tectez les contenus \u00e0 forte valeur ajout\u00e9e et ceux \u00e0 plus faible potentiel.<\/li>\n\n\n\n<li>Indiquez si le contenu est dupliqu\u00e9, si les pages sont orphelines ou cannibalis\u00e9es.<\/li>\n\n\n\n<li>Indiquez des am\u00e9liorations techniques : balises de titre, m\u00e9tadescriptions, plan du site, etc.<\/li>\n<\/ul>\n\n\n\n<p>Am\u00e9liorez le courrier interne du site en calculant le PageRank interne (PRi), avec visualisation des liens contextuels et de la valeur du PRi de chaque page. Une fonctionnalit\u00e9 in\u00e9dite !<\/p>\n\n\n\n<p>Bref, cette nouveaut\u00e9 fait toute la diff\u00e9rence. C&rsquo;est le moyen le plus s\u00fbr d&rsquo;obtenir une liste compl\u00e8te des recommandations de maillage s\u00e9mantique et interne.<\/p>\n\n\n\n<p>De plus, la plupart des donn\u00e9es peuvent \u00eatre export\u00e9es au format CSV afin de ne pas bousculer les bonnes habitudes des experts SEO. Une v\u00e9ritable aide pour d\u00e9velopper des audits plus efficaces et am\u00e9liorer les sites de vos clients.<\/p>\n","protected":false},"excerpt":{"rendered":"<p>SEOQuantum est un outil essentiel pour devancer vos concurrents gr\u00e2ce \u00e0 une approche innovante de l&rsquo;optimisation de contenu. Concr\u00e8tement, SEOQuantum vous permet d&rsquo;optimiser vos pages, la structure de votre site et votre contenu. La double analyse technique\/s\u00e9mantique est vraiment un plus pour cr\u00e9er du contenu \u00e0 fort potentiel SEO. Avantages de SEOQuantum \u200b\u200bPoints faibles Les [&hellip;]<\/p>\n","protected":false},"author":1,"featured_media":0,"parent":0,"menu_order":0,"comment_status":"closed","ping_status":"closed","template":"page-templates\/review-page.php","meta":{"_acf_changed":false,"_sitemap_exclude":false,"_sitemap_priority":"","_sitemap_frequency":"","footnotes":""},"class_list":["post-2535","page","type-page","status-publish","hentry"],"acf":[],"yoast_head":"<!-- This site is optimized with the Yoast SEO plugin v26.6 - https:\/\/yoast.com\/wordpress\/plugins\/seo\/ -->\n<title>Avis sur SEOQuantum 2024 \u1409 Top10seosoftware.com<\/title>\n<meta name=\"description\" content=\"Vous cherchez une r\u00e9vision honn\u00eate d\u2019outil SEO Seoquantum ? Nous examinons les fonctionnalit\u00e9s de cet instrument comme le suivi du classement, l\u2019audit de site web, la recherche concurrentielle, le v\u00e9rificateur de liens retours ainsi que le prix de chaque forfait et ses avantages.\" \/>\n<meta name=\"robots\" content=\"index, follow, max-snippet:-1, max-image-preview:large, max-video-preview:-1\" \/>\n<link rel=\"canonical\" href=\"https:\/\/top10seosoftware.com\/fr\/avis-sur-seoqunatum\/\" \/>\n<meta property=\"og:locale\" content=\"fr_FR\" \/>\n<meta property=\"og:type\" content=\"article\" \/>\n<meta property=\"og:title\" content=\"Avis sur SEOQuantum 2024 \u1409 Top10seosoftware.com\" \/>\n<meta property=\"og:description\" content=\"Vous cherchez une r\u00e9vision honn\u00eate d\u2019outil SEO Seoquantum ? Nous examinons les fonctionnalit\u00e9s de cet instrument comme le suivi du classement, l\u2019audit de site web, la recherche concurrentielle, le v\u00e9rificateur de liens retours ainsi que le prix de chaque forfait et ses avantages.\" \/>\n<meta property=\"og:url\" content=\"https:\/\/top10seosoftware.com\/fr\/avis-sur-seoqunatum\/\" \/>\n<meta property=\"og:site_name\" content=\"Top10seosoftware.com\" \/>\n<meta property=\"article:modified_time\" content=\"2024-04-11T13:56:42+00:00\" \/>\n<meta name=\"twitter:card\" content=\"summary_large_image\" \/>\n<meta name=\"twitter:label1\" content=\"Dur\u00e9e de lecture estim\u00e9e\" \/>\n\t<meta name=\"twitter:data1\" content=\"5 minutes\" \/>\n<!-- \/ Yoast SEO plugin. -->","yoast_head_json":{"title":"Avis sur SEOQuantum 2024 \u1409 Top10seosoftware.com","description":"Vous cherchez une r\u00e9vision honn\u00eate d\u2019outil SEO Seoquantum ? Nous examinons les fonctionnalit\u00e9s de cet instrument comme le suivi du classement, l\u2019audit de site web, la recherche concurrentielle, le v\u00e9rificateur de liens retours ainsi que le prix de chaque forfait et ses avantages.","robots":{"index":"index","follow":"follow","max-snippet":"max-snippet:-1","max-image-preview":"max-image-preview:large","max-video-preview":"max-video-preview:-1"},"canonical":"https:\/\/top10seosoftware.com\/fr\/avis-sur-seoqunatum\/","og_locale":"fr_FR","og_type":"article","og_title":"Avis sur SEOQuantum 2024 \u1409 Top10seosoftware.com","og_description":"Vous cherchez une r\u00e9vision honn\u00eate d\u2019outil SEO Seoquantum ? Nous examinons les fonctionnalit\u00e9s de cet instrument comme le suivi du classement, l\u2019audit de site web, la recherche concurrentielle, le v\u00e9rificateur de liens retours ainsi que le prix de chaque forfait et ses avantages.","og_url":"https:\/\/top10seosoftware.com\/fr\/avis-sur-seoqunatum\/","og_site_name":"Top10seosoftware.com","article_modified_time":"2024-04-11T13:56:42+00:00","twitter_card":"summary_large_image","twitter_misc":{"Dur\u00e9e de lecture estim\u00e9e":"5 minutes"},"schema":{"@context":"https:\/\/schema.org","@graph":[{"@type":"WebPage","@id":"https:\/\/top10seosoftware.com\/fr\/avis-sur-seoqunatum\/","url":"https:\/\/top10seosoftware.com\/fr\/avis-sur-seoqunatum\/","name":"Avis sur SEOQuantum 2024 \u1409 Top10seosoftware.com","isPartOf":{"@id":"https:\/\/top10seosoftware.com\/#website"},"primaryImageOfPage":{"@id":"https:\/\/top10seosoftware.com\/fr\/avis-sur-seoqunatum\/#primaryimage"},"image":{"@id":"https:\/\/top10seosoftware.com\/fr\/avis-sur-seoqunatum\/#primaryimage"},"thumbnailUrl":"https:\/\/top10seosoftware.com\/wp-content\/uploads\/2021\/11\/image1-min-5-1024x425.png","datePublished":"2021-11-10T10:07:51+00:00","dateModified":"2024-04-11T13:56:42+00:00","description":"Vous cherchez une r\u00e9vision honn\u00eate d\u2019outil SEO Seoquantum ? Nous examinons les fonctionnalit\u00e9s de cet instrument comme le suivi du classement, l\u2019audit de site web, la recherche concurrentielle, le v\u00e9rificateur de liens retours ainsi que le prix de chaque forfait et ses avantages.","breadcrumb":{"@id":"https:\/\/top10seosoftware.com\/fr\/avis-sur-seoqunatum\/#breadcrumb"},"inLanguage":"fr-FR","potentialAction":[{"@type":"ReadAction","target":["https:\/\/top10seosoftware.com\/fr\/avis-sur-seoqunatum\/"]}]},{"@type":"ImageObject","inLanguage":"fr-FR","@id":"https:\/\/top10seosoftware.com\/fr\/avis-sur-seoqunatum\/#primaryimage","url":"https:\/\/top10seosoftware.com\/wp-content\/uploads\/2021\/11\/image1-min-5-1024x425.png","contentUrl":"https:\/\/top10seosoftware.com\/wp-content\/uploads\/2021\/11\/image1-min-5-1024x425.png"},{"@type":"BreadcrumbList","@id":"https:\/\/top10seosoftware.com\/fr\/avis-sur-seoqunatum\/#breadcrumb","itemListElement":[{"@type":"ListItem","position":1,"name":"Home","item":"https:\/\/top10seosoftware.com\/fr\/"},{"@type":"ListItem","position":2,"name":"Avis sur SEOQuantum"}]},{"@type":"WebSite","@id":"https:\/\/top10seosoftware.com\/#website","url":"https:\/\/top10seosoftware.com\/","name":"Top10seosoftware.com","description":"Top 10 SEO Software","publisher":{"@id":"https:\/\/top10seosoftware.com\/#organization"},"potentialAction":[{"@type":"SearchAction","target":{"@type":"EntryPoint","urlTemplate":"https:\/\/top10seosoftware.com\/?s={search_term_string}"},"query-input":{"@type":"PropertyValueSpecification","valueRequired":true,"valueName":"search_term_string"}}],"inLanguage":"fr-FR"},{"@type":"Organization","@id":"https:\/\/top10seosoftware.com\/#organization","name":"Top10seosoftware.com","url":"https:\/\/top10seosoftware.com\/","logo":{"@type":"ImageObject","inLanguage":"fr-FR","@id":"https:\/\/top10seosoftware.com\/#\/schema\/logo\/image\/","url":"https:\/\/top10seosoftware.com\/wp-content\/uploads\/2021\/10\/logo.svg","contentUrl":"https:\/\/top10seosoftware.com\/wp-content\/uploads\/2021\/10\/logo.svg","width":1,"height":1,"caption":"Top10seosoftware.com"},"image":{"@id":"https:\/\/top10seosoftware.com\/#\/schema\/logo\/image\/"}}]}},"_links":{"self":[{"href":"https:\/\/top10seosoftware.com\/fr\/wp-json\/wp\/v2\/pages\/2535","targetHints":{"allow":["GET"]}}],"collection":[{"href":"https:\/\/top10seosoftware.com\/fr\/wp-json\/wp\/v2\/pages"}],"about":[{"href":"https:\/\/top10seosoftware.com\/fr\/wp-json\/wp\/v2\/types\/page"}],"author":[{"embeddable":true,"href":"https:\/\/top10seosoftware.com\/fr\/wp-json\/wp\/v2\/users\/1"}],"replies":[{"embeddable":true,"href":"https:\/\/top10seosoftware.com\/fr\/wp-json\/wp\/v2\/comments?post=2535"}],"version-history":[{"count":0,"href":"https:\/\/top10seosoftware.com\/fr\/wp-json\/wp\/v2\/pages\/2535\/revisions"}],"wp:attachment":[{"href":"https:\/\/top10seosoftware.com\/fr\/wp-json\/wp\/v2\/media?parent=2535"}],"curies":[{"name":"wp","href":"https:\/\/api.w.org\/{rel}","templated":true}]}}