{"id":2808,"date":"2021-11-10T13:07:52","date_gmt":"2021-11-10T10:07:52","guid":{"rendered":"https:\/\/top10seosoftware.com\/?page_id=2808"},"modified":"2021-11-10T13:07:52","modified_gmt":"2021-11-10T10:07:52","slug":"divulgation-daffiliation","status":"publish","type":"page","link":"https:\/\/top10seosoftware.com\/fr\/divulgation-daffiliation\/","title":{"rendered":"Divulgation d&rsquo;affiliation"},"content":{"rendered":"\n<p>TOP10 SEO SOFTWARE PEUT RECEVOIR UNE COMMISSION, DES FRAIS ET\/OU UNE AUTRE R\u00c9MUN\u00c9RATION SUR CERTAINS CLICS OU ACHATS EFFECTU\u00c9S SUR, PAR OU LI\u00c9S \u00c0 PARTIR DES SERVICES.<\/p>\n\n\n\n<p>CELA SIGNIFIE QUE LE LOGICIEL DE SEO TOP10 PEUT RECEVOIR UNE FORME DE R\u00c9MUN\u00c9RATION PAR UN ARRANGEMENT AVEC UN TIERS SI VOUS (i) CLIQUEZ SUR CERTAINS LIENS SUR NOTRE SITE WEB, E-MAILS OU NEWSLETTERS, OU (ii) ACHETEZ UN PRODUIT OU SERVICE APR\u00c8S AVOIR CLIQU\u00c9 SUR UN LIEN .<\/p>\n\n\n\n<p>Top10 SEO Software ne repr\u00e9sente ni n&rsquo;approuve l&rsquo;exactitude ou la fiabilit\u00e9 de tout contenu ou autre mat\u00e9riel publi\u00e9 sur une zone interactive ou ailleurs sur le site Web et vous reconnaissez que toute confiance en ce contenu ou autre mat\u00e9riel sera \u00e0 vos risques et p\u00e9rils. Tout Contenu ou autre mat\u00e9riel plac\u00e9 sur une zone interactive par les utilisateurs repr\u00e9sente le point de vue de l&rsquo;utilisateur publiant la d\u00e9claration et ne repr\u00e9sente pas le point de vue de Top10 SEO Software.<\/p>\n\n\n\n<p>Le site Web peut contenir des liens vers des sites Internet d\u00e9tenus et exploit\u00e9s par des tiers. Vous reconnaissez que Top10 SEO Software n&rsquo;est pas responsable de la disponibilit\u00e9 ou du contenu situ\u00e9 sur ou via un site externe, et que votre utilisation de ces sites externes peut \u00eatre soumise aux conditions g\u00e9n\u00e9rales et\/ou \u00e0 la politique de confidentialit\u00e9 d&rsquo;un tiers. Tout contenu tiers ou un lien vers un site tiers ne constitue pas une approbation de ce contenu ou de ce site tiers. Vous devez contacter l&rsquo;administrateur du site ou le webmaster de ces sites externes si vous avez des inqui\u00e9tudes concernant ces liens ou le contenu situ\u00e9 sur ces sites externes.<\/p>\n\n\n\n<p>En r\u00e8gle g\u00e9n\u00e9rale, nous ne vendons, ne revendons ni ne conc\u00e9dons sous licence aucun des produits ou services que nous examinons, r\u00e9pertorions ou annon\u00e7ons sur nos sites, et nous d\u00e9clinons toute responsabilit\u00e9 ou obligation y aff\u00e9rente. Votre correspondance ou vos activit\u00e9s connexes avec des tiers, y compris les transactions de paiement et les transactions de livraison de marchandises, sont uniquement entre vous et ce tiers. Toutes les informations sur les produits et les offres, telles que les remises, les prix et la disponibilit\u00e9, sont consid\u00e9r\u00e9es comme exactes au moment de la publication et sont susceptibles d&rsquo;\u00eatre modifi\u00e9es. Veuillez v\u00e9rifier ces d\u00e9tails avec le site marchand et v\u00e9rifier les conditions g\u00e9n\u00e9rales du marchand avant d&rsquo;acheter. Vous acceptez que nous ne serons pas responsables de toute perte ou dommage de quelque nature que ce soit r\u00e9sultant de l&rsquo;une de vos transactions avec des tiers. Toute question, plainte ou r\u00e9clamation li\u00e9e \u00e0 un produit ou service doit \u00eatre adress\u00e9e au fournisseur appropri\u00e9. Cependant, dans le cas o\u00f9 nous vendons, revendons ou conc\u00e9dons sous licence des produits ou services, tous les termes et conditions li\u00e9s \u00e0 votre achat ou licence de ces produits et services aupr\u00e8s de nous ou de nos soci\u00e9t\u00e9s affili\u00e9es seront accessibles sur la page du site applicable.<\/p>\n","protected":false},"excerpt":{"rendered":"<p>TOP10 SEO SOFTWARE PEUT RECEVOIR UNE COMMISSION, DES FRAIS ET\/OU UNE AUTRE R\u00c9MUN\u00c9RATION SUR CERTAINS CLICS OU ACHATS EFFECTU\u00c9S SUR, PAR OU LI\u00c9S \u00c0 PARTIR DES SERVICES. CELA SIGNIFIE QUE LE LOGICIEL DE SEO TOP10 PEUT RECEVOIR UNE FORME DE R\u00c9MUN\u00c9RATION PAR UN ARRANGEMENT AVEC UN TIERS SI VOUS (i) CLIQUEZ SUR CERTAINS LIENS SUR [&hellip;]<\/p>\n","protected":false},"author":1,"featured_media":0,"parent":0,"menu_order":0,"comment_status":"closed","ping_status":"closed","template":"page-templates\/affiliate.php","meta":{"_acf_changed":false,"_sitemap_exclude":false,"_sitemap_priority":"","_sitemap_frequency":"","footnotes":""},"class_list":["post-2808","page","type-page","status-publish","hentry"],"acf":[],"yoast_head":"<!-- This site is optimized with the Yoast SEO plugin v26.6 - https:\/\/yoast.com\/wordpress\/plugins\/seo\/ -->\n<title>Divulgation d&#039;affiliation - Top10seosoftware.com<\/title>\n<meta name=\"robots\" content=\"index, follow, max-snippet:-1, max-image-preview:large, max-video-preview:-1\" \/>\n<link rel=\"canonical\" href=\"https:\/\/top10seosoftware.com\/fr\/divulgation-daffiliation\/\" \/>\n<meta property=\"og:locale\" content=\"fr_FR\" \/>\n<meta property=\"og:type\" content=\"article\" \/>\n<meta property=\"og:title\" content=\"Divulgation d&#039;affiliation - Top10seosoftware.com\" \/>\n<meta property=\"og:description\" content=\"TOP10 SEO SOFTWARE PEUT RECEVOIR UNE COMMISSION, DES FRAIS ET\/OU UNE AUTRE R\u00c9MUN\u00c9RATION SUR CERTAINS CLICS OU ACHATS EFFECTU\u00c9S SUR, PAR OU LI\u00c9S \u00c0 PARTIR DES SERVICES. CELA SIGNIFIE QUE LE LOGICIEL DE SEO TOP10 PEUT RECEVOIR UNE FORME DE R\u00c9MUN\u00c9RATION PAR UN ARRANGEMENT AVEC UN TIERS SI VOUS (i) CLIQUEZ SUR CERTAINS LIENS SUR [&hellip;]\" \/>\n<meta property=\"og:url\" content=\"https:\/\/top10seosoftware.com\/fr\/divulgation-daffiliation\/\" \/>\n<meta property=\"og:site_name\" content=\"Top10seosoftware.com\" \/>\n<meta name=\"twitter:card\" content=\"summary_large_image\" \/>\n<meta name=\"twitter:label1\" content=\"Dur\u00e9e de lecture estim\u00e9e\" \/>\n\t<meta name=\"twitter:data1\" content=\"3 minutes\" \/>\n<!-- \/ Yoast SEO plugin. -->","yoast_head_json":{"title":"Divulgation d'affiliation - Top10seosoftware.com","robots":{"index":"index","follow":"follow","max-snippet":"max-snippet:-1","max-image-preview":"max-image-preview:large","max-video-preview":"max-video-preview:-1"},"canonical":"https:\/\/top10seosoftware.com\/fr\/divulgation-daffiliation\/","og_locale":"fr_FR","og_type":"article","og_title":"Divulgation d'affiliation - Top10seosoftware.com","og_description":"TOP10 SEO SOFTWARE PEUT RECEVOIR UNE COMMISSION, DES FRAIS ET\/OU UNE AUTRE R\u00c9MUN\u00c9RATION SUR CERTAINS CLICS OU ACHATS EFFECTU\u00c9S SUR, PAR OU LI\u00c9S \u00c0 PARTIR DES SERVICES. CELA SIGNIFIE QUE LE LOGICIEL DE SEO TOP10 PEUT RECEVOIR UNE FORME DE R\u00c9MUN\u00c9RATION PAR UN ARRANGEMENT AVEC UN TIERS SI VOUS (i) CLIQUEZ SUR CERTAINS LIENS SUR [&hellip;]","og_url":"https:\/\/top10seosoftware.com\/fr\/divulgation-daffiliation\/","og_site_name":"Top10seosoftware.com","twitter_card":"summary_large_image","twitter_misc":{"Dur\u00e9e de lecture estim\u00e9e":"3 minutes"},"schema":{"@context":"https:\/\/schema.org","@graph":[{"@type":"WebPage","@id":"https:\/\/top10seosoftware.com\/fr\/divulgation-daffiliation\/","url":"https:\/\/top10seosoftware.com\/fr\/divulgation-daffiliation\/","name":"Divulgation d'affiliation - Top10seosoftware.com","isPartOf":{"@id":"https:\/\/top10seosoftware.com\/#website"},"datePublished":"2021-11-10T10:07:52+00:00","breadcrumb":{"@id":"https:\/\/top10seosoftware.com\/fr\/divulgation-daffiliation\/#breadcrumb"},"inLanguage":"fr-FR","potentialAction":[{"@type":"ReadAction","target":["https:\/\/top10seosoftware.com\/fr\/divulgation-daffiliation\/"]}]},{"@type":"BreadcrumbList","@id":"https:\/\/top10seosoftware.com\/fr\/divulgation-daffiliation\/#breadcrumb","itemListElement":[{"@type":"ListItem","position":1,"name":"Home","item":"https:\/\/top10seosoftware.com\/fr\/"},{"@type":"ListItem","position":2,"name":"Divulgation d&rsquo;affiliation"}]},{"@type":"WebSite","@id":"https:\/\/top10seosoftware.com\/#website","url":"https:\/\/top10seosoftware.com\/","name":"Top10seosoftware.com","description":"Top 10 SEO Software","publisher":{"@id":"https:\/\/top10seosoftware.com\/#organization"},"potentialAction":[{"@type":"SearchAction","target":{"@type":"EntryPoint","urlTemplate":"https:\/\/top10seosoftware.com\/?s={search_term_string}"},"query-input":{"@type":"PropertyValueSpecification","valueRequired":true,"valueName":"search_term_string"}}],"inLanguage":"fr-FR"},{"@type":"Organization","@id":"https:\/\/top10seosoftware.com\/#organization","name":"Top10seosoftware.com","url":"https:\/\/top10seosoftware.com\/","logo":{"@type":"ImageObject","inLanguage":"fr-FR","@id":"https:\/\/top10seosoftware.com\/#\/schema\/logo\/image\/","url":"https:\/\/top10seosoftware.com\/wp-content\/uploads\/2021\/10\/logo.svg","contentUrl":"https:\/\/top10seosoftware.com\/wp-content\/uploads\/2021\/10\/logo.svg","width":1,"height":1,"caption":"Top10seosoftware.com"},"image":{"@id":"https:\/\/top10seosoftware.com\/#\/schema\/logo\/image\/"}}]}},"_links":{"self":[{"href":"https:\/\/top10seosoftware.com\/fr\/wp-json\/wp\/v2\/pages\/2808","targetHints":{"allow":["GET"]}}],"collection":[{"href":"https:\/\/top10seosoftware.com\/fr\/wp-json\/wp\/v2\/pages"}],"about":[{"href":"https:\/\/top10seosoftware.com\/fr\/wp-json\/wp\/v2\/types\/page"}],"author":[{"embeddable":true,"href":"https:\/\/top10seosoftware.com\/fr\/wp-json\/wp\/v2\/users\/1"}],"replies":[{"embeddable":true,"href":"https:\/\/top10seosoftware.com\/fr\/wp-json\/wp\/v2\/comments?post=2808"}],"version-history":[{"count":0,"href":"https:\/\/top10seosoftware.com\/fr\/wp-json\/wp\/v2\/pages\/2808\/revisions"}],"wp:attachment":[{"href":"https:\/\/top10seosoftware.com\/fr\/wp-json\/wp\/v2\/media?parent=2808"}],"curies":[{"name":"wp","href":"https:\/\/api.w.org\/{rel}","templated":true}]}}