{"id":4889,"date":"2021-11-10T14:43:20","date_gmt":"2021-11-10T11:43:20","guid":{"rendered":"https:\/\/top10seosoftware.com\/?page_id=4889"},"modified":"2026-03-10T07:33:34","modified_gmt":"2026-03-10T04:33:34","slug":"qui-sommes-nous","status":"publish","type":"page","link":"https:\/\/top10seosoftware.com\/fr\/qui-sommes-nous\/","title":{"rendered":"\u00c9nonc\u00e9 de mission de Top10 SEO Software"},"content":{"rendered":"\n<div class=\"wp-block-image\"><figure class=\"aligncenter size-full\"><img decoding=\"async\" src=\"https:\/\/top10seosoftware.com\/wp-content\/uploads\/2021\/10\/b-1.svg\" alt=\"\" class=\"wp-image-330\"\/><\/figure><\/div>\n\n\n\n<h2 class=\"wp-block-heading\"><strong>Notre mission<\/strong><\/h2>\n\n\n\n<p>Top10 SEO Software s&rsquo;engage \u00e0 \u00e9laborer&nbsp; du mat\u00e9riel de haute qualit\u00e9 bas\u00e9 sur notre exp\u00e9rience concernant les outils de r\u00e9f\u00e9rencement. Les donn\u00e9es publi\u00e9es sur notre site Web sont cr\u00e9\u00e9es gr\u00e2ce \u00e0 des recherches et des tests rigoureux dans le domaine du marketing num\u00e9rique et de l&rsquo;optimisation des moteurs de recherche.<\/p>\n\n\n\n<p>Chaque analyse est bas\u00e9e sur les r\u00e9sultats d&rsquo;un test qui a des crit\u00e8res sp\u00e9cifiques et est coh\u00e9rent pour tous les produits de r\u00e9f\u00e9rencement \u00e9valu\u00e9s. Nos m\u00e9thodologies visent \u00e0 fournir des r\u00e9sultats objectifs, pr\u00e9cis et impartiaux. Nous nous effor\u00e7ons toujours de trouver de nouveaux produits et crit\u00e8res \u00e0 tester pour vous fournir uniquement des donn\u00e9es pertinentes et r\u00e9elles.<\/p>\n\n\n\n<div class=\"wp-block-image\"><figure class=\"aligncenter size-full\"><img decoding=\"async\" src=\"https:\/\/top10seosoftware.com\/wp-content\/uploads\/2021\/10\/b-2.svg\" alt=\"\" class=\"wp-image-334\"\/><\/figure><\/div>\n\n\n\n<h2 class=\"wp-block-heading\"><strong>Nos valeurs<\/strong><\/h2>\n\n\n\n<p>Ici chez Top10 SEO Software, nous appr\u00e9cions avant tout l&rsquo;ind\u00e9pendance et l&rsquo;impartialit\u00e9. Notre contenu est produit uniquement pour votre b\u00e9n\u00e9fice pour que vous puissiez avoir plus d\u2019information sur les th\u00e8mes qui vous int\u00e9ressent. Cependant, nous pouvons gagner des commissions d&rsquo;affiliation en achetant des liens, ce qui aide \u00e0 son tour \u00e0 soutenir nos tests.<\/p>\n\n\n\n<p>Les points de vue et les opinions exprim\u00e9s sur ce site&nbsp; sont les opinions de l&rsquo;\u00e9quipe \u00e9ditoriale. Ils ne sont pas destin\u00e9s \u00e0 calomnier une organisation, une entreprise ou un individu.<\/p>\n\n\n\n<div class=\"wp-block-image\"><figure class=\"aligncenter size-full\"><img decoding=\"async\" src=\"https:\/\/top10seosoftware.com\/wp-content\/uploads\/2021\/10\/b-3.svg\" alt=\"\" class=\"wp-image-339\"\/><\/figure><\/div>\n\n\n\n<h2 class=\"wp-block-heading\"><strong>Notre vision<\/strong><\/h2>\n\n\n\n<p>Notre \u00e9quipe fait tout possible pour bien expliquer aux lecteurs les avantages de chaque produit analys\u00e9 pour qu\u2019ils puissent faire une bonne d\u00e9cision sans avoir investi beaucoup du temps aux tests des outils diff\u00e9rents<\/p>\n\n\n\n<p>Chaque produit analys\u00e9 a la possibilit\u00e9 de discuter les points faibles trouv\u00e9s. Quand m\u00eame, c\u2019est nous qui prenons la d\u00e9cision finale.<\/p>\n","protected":false},"excerpt":{"rendered":"<p>Notre mission Top10 SEO Software s&rsquo;engage \u00e0 \u00e9laborer&nbsp; du mat\u00e9riel de haute qualit\u00e9 bas\u00e9 sur notre exp\u00e9rience concernant les outils de r\u00e9f\u00e9rencement. Les donn\u00e9es publi\u00e9es sur notre site Web sont cr\u00e9\u00e9es gr\u00e2ce \u00e0 des recherches et des tests rigoureux dans le domaine du marketing num\u00e9rique et de l&rsquo;optimisation des moteurs de recherche. Chaque analyse est [&hellip;]<\/p>\n","protected":false},"author":1,"featured_media":0,"parent":0,"menu_order":0,"comment_status":"closed","ping_status":"closed","template":"page-templates\/about-us.php","meta":{"_acf_changed":false,"_sitemap_exclude":false,"_sitemap_priority":"","_sitemap_frequency":"","footnotes":""},"class_list":["post-4889","page","type-page","status-publish","hentry"],"acf":[],"yoast_head":"<!-- This site is optimized with the Yoast SEO plugin v26.6 - https:\/\/yoast.com\/wordpress\/plugins\/seo\/ -->\n<title>A propos | Top 10 SEO software<\/title>\n<meta name=\"description\" content=\"Top 10 SEO software vous rends un avis ind\u00e9pendant sur les plateformes SEO diff\u00e9rents. Cette analyse comparative est men\u00e9e par notre \u00e9quipe pour que vous puissiez profiter des conseils pratiques et faire une d\u00e9cision juste qui correspond \u00e0 vos besoins professionnels.\" \/>\n<meta name=\"robots\" content=\"index, follow, max-snippet:-1, max-image-preview:large, max-video-preview:-1\" \/>\n<link rel=\"canonical\" href=\"https:\/\/top10seosoftware.com\/fr\/qui-sommes-nous\/\" \/>\n<meta property=\"og:locale\" content=\"fr_FR\" \/>\n<meta property=\"og:type\" content=\"article\" \/>\n<meta property=\"og:title\" content=\"A propos | Top 10 SEO software\" \/>\n<meta property=\"og:description\" content=\"Top 10 SEO software vous rends un avis ind\u00e9pendant sur les plateformes SEO diff\u00e9rents. Cette analyse comparative est men\u00e9e par notre \u00e9quipe pour que vous puissiez profiter des conseils pratiques et faire une d\u00e9cision juste qui correspond \u00e0 vos besoins professionnels.\" \/>\n<meta property=\"og:url\" content=\"https:\/\/top10seosoftware.com\/fr\/qui-sommes-nous\/\" \/>\n<meta property=\"og:site_name\" content=\"Top10seosoftware.com\" \/>\n<meta property=\"article:modified_time\" content=\"2026-03-10T04:33:34+00:00\" \/>\n<meta name=\"twitter:card\" content=\"summary_large_image\" \/>\n<meta name=\"twitter:label1\" content=\"Dur\u00e9e de lecture estim\u00e9e\" \/>\n\t<meta name=\"twitter:data1\" content=\"2 minutes\" \/>\n<!-- \/ Yoast SEO plugin. -->","yoast_head_json":{"title":"A propos | Top 10 SEO software","description":"Top 10 SEO software vous rends un avis ind\u00e9pendant sur les plateformes SEO diff\u00e9rents. Cette analyse comparative est men\u00e9e par notre \u00e9quipe pour que vous puissiez profiter des conseils pratiques et faire une d\u00e9cision juste qui correspond \u00e0 vos besoins professionnels.","robots":{"index":"index","follow":"follow","max-snippet":"max-snippet:-1","max-image-preview":"max-image-preview:large","max-video-preview":"max-video-preview:-1"},"canonical":"https:\/\/top10seosoftware.com\/fr\/qui-sommes-nous\/","og_locale":"fr_FR","og_type":"article","og_title":"A propos | Top 10 SEO software","og_description":"Top 10 SEO software vous rends un avis ind\u00e9pendant sur les plateformes SEO diff\u00e9rents. Cette analyse comparative est men\u00e9e par notre \u00e9quipe pour que vous puissiez profiter des conseils pratiques et faire une d\u00e9cision juste qui correspond \u00e0 vos besoins professionnels.","og_url":"https:\/\/top10seosoftware.com\/fr\/qui-sommes-nous\/","og_site_name":"Top10seosoftware.com","article_modified_time":"2026-03-10T04:33:34+00:00","twitter_card":"summary_large_image","twitter_misc":{"Dur\u00e9e de lecture estim\u00e9e":"2 minutes"},"schema":{"@context":"https:\/\/schema.org","@graph":[{"@type":"WebPage","@id":"https:\/\/top10seosoftware.com\/fr\/qui-sommes-nous\/","url":"https:\/\/top10seosoftware.com\/fr\/qui-sommes-nous\/","name":"A propos | Top 10 SEO software","isPartOf":{"@id":"https:\/\/top10seosoftware.com\/#website"},"primaryImageOfPage":{"@id":"https:\/\/top10seosoftware.com\/fr\/qui-sommes-nous\/#primaryimage"},"image":{"@id":"https:\/\/top10seosoftware.com\/fr\/qui-sommes-nous\/#primaryimage"},"thumbnailUrl":"https:\/\/top10seosoftware.com\/wp-content\/uploads\/2021\/10\/b-1.svg","datePublished":"2021-11-10T11:43:20+00:00","dateModified":"2026-03-10T04:33:34+00:00","description":"Top 10 SEO software vous rends un avis ind\u00e9pendant sur les plateformes SEO diff\u00e9rents. Cette analyse comparative est men\u00e9e par notre \u00e9quipe pour que vous puissiez profiter des conseils pratiques et faire une d\u00e9cision juste qui correspond \u00e0 vos besoins professionnels.","breadcrumb":{"@id":"https:\/\/top10seosoftware.com\/fr\/qui-sommes-nous\/#breadcrumb"},"inLanguage":"fr-FR","potentialAction":[{"@type":"ReadAction","target":["https:\/\/top10seosoftware.com\/fr\/qui-sommes-nous\/"]}]},{"@type":"ImageObject","inLanguage":"fr-FR","@id":"https:\/\/top10seosoftware.com\/fr\/qui-sommes-nous\/#primaryimage","url":"https:\/\/top10seosoftware.com\/wp-content\/uploads\/2021\/10\/b-1.svg","contentUrl":"https:\/\/top10seosoftware.com\/wp-content\/uploads\/2021\/10\/b-1.svg"},{"@type":"BreadcrumbList","@id":"https:\/\/top10seosoftware.com\/fr\/qui-sommes-nous\/#breadcrumb","itemListElement":[{"@type":"ListItem","position":1,"name":"Home","item":"https:\/\/top10seosoftware.com\/fr\/"},{"@type":"ListItem","position":2,"name":"\u00c9nonc\u00e9 de mission de Top10 SEO Software"}]},{"@type":"WebSite","@id":"https:\/\/top10seosoftware.com\/#website","url":"https:\/\/top10seosoftware.com\/","name":"Top10seosoftware.com","description":"Top 10 SEO Software","publisher":{"@id":"https:\/\/top10seosoftware.com\/#organization"},"potentialAction":[{"@type":"SearchAction","target":{"@type":"EntryPoint","urlTemplate":"https:\/\/top10seosoftware.com\/?s={search_term_string}"},"query-input":{"@type":"PropertyValueSpecification","valueRequired":true,"valueName":"search_term_string"}}],"inLanguage":"fr-FR"},{"@type":"Organization","@id":"https:\/\/top10seosoftware.com\/#organization","name":"Top10seosoftware.com","url":"https:\/\/top10seosoftware.com\/","logo":{"@type":"ImageObject","inLanguage":"fr-FR","@id":"https:\/\/top10seosoftware.com\/#\/schema\/logo\/image\/","url":"https:\/\/top10seosoftware.com\/wp-content\/uploads\/2021\/10\/logo.svg","contentUrl":"https:\/\/top10seosoftware.com\/wp-content\/uploads\/2021\/10\/logo.svg","width":1,"height":1,"caption":"Top10seosoftware.com"},"image":{"@id":"https:\/\/top10seosoftware.com\/#\/schema\/logo\/image\/"}}]}},"_links":{"self":[{"href":"https:\/\/top10seosoftware.com\/fr\/wp-json\/wp\/v2\/pages\/4889","targetHints":{"allow":["GET"]}}],"collection":[{"href":"https:\/\/top10seosoftware.com\/fr\/wp-json\/wp\/v2\/pages"}],"about":[{"href":"https:\/\/top10seosoftware.com\/fr\/wp-json\/wp\/v2\/types\/page"}],"author":[{"embeddable":true,"href":"https:\/\/top10seosoftware.com\/fr\/wp-json\/wp\/v2\/users\/1"}],"replies":[{"embeddable":true,"href":"https:\/\/top10seosoftware.com\/fr\/wp-json\/wp\/v2\/comments?post=4889"}],"version-history":[{"count":1,"href":"https:\/\/top10seosoftware.com\/fr\/wp-json\/wp\/v2\/pages\/4889\/revisions"}],"predecessor-version":[{"id":25081,"href":"https:\/\/top10seosoftware.com\/fr\/wp-json\/wp\/v2\/pages\/4889\/revisions\/25081"}],"wp:attachment":[{"href":"https:\/\/top10seosoftware.com\/fr\/wp-json\/wp\/v2\/media?parent=4889"}],"curies":[{"name":"wp","href":"https:\/\/api.w.org\/{rel}","templated":true}]}}