{"id":19116,"date":"2024-05-23T18:56:06","date_gmt":"2024-05-23T15:56:06","guid":{"rendered":"https:\/\/top10seosoftware.com\/?page_id=19116"},"modified":"2024-05-28T17:21:30","modified_gmt":"2024-05-28T14:21:30","slug":"top-10-narzedzi-seo","status":"publish","type":"page","link":"https:\/\/top10seosoftware.com\/pl\/","title":{"rendered":"TOP 10 NARZ\u0118DZI SEO"},"content":{"rendered":"\n<h2 class=\"wp-block-heading\">Dlaczego warto zaufa\u0107 Top10seosoftware.com?<\/h2>\n\n\n\n<p><strong>\ud83d\udfe5 Wiedza i kompetencje: <\/strong>Zas\u0142ugujesz na us\u0142ugi SEO najwy\u017cszej jako\u015bci. Nasz wykwalifikowany zesp\u00f3\u0142 dok\u0142adnie analizuje wszystkie cechy ka\u017cdego narz\u0119dzia, aby dostarczy\u0107 Ci kompleksowy przegl\u0105d oprogramowania SEO. Co wi\u0119cej, nieustannie doskonalimy umiej\u0119tno\u015bci naszych ekspert\u00f3w, \u015bledz\u0105c najnowsze trendy SEO, aby zapewni\u0107 Ci zawsze aktualne porady.<\/p>\n\n\n\n<p><strong>\ud83d\udfe5 Niezale\u017cno\u015b\u0107:<\/strong> Zapomnij o podejrzanych, stronniczych recenzjach pisanych wy\u0142\u0105cznie w celu nak\u0142onienia Ci\u0119 do kupna wybranego narz\u0119dzia. Nie jeste\u015bmy powi\u0105zani z dostawc\u0105 \u017cadnego z opisywanych rozwi\u0105za\u0144, co oznacza, \u017ce nasze recenzje, por\u00f3wnania i sugestie s\u0105 obiektywne i skupione wy\u0142\u0105cznie na tym, aby pom\u00f3c Ci w dokonaniu najlepszego wyboru.<\/p>\n\n\n\n<p><strong>\ud83d\udfe5 Kompleksowo\u015b\u0107:<\/strong> Zag\u0142\u0119biamy si\u0119 w \u015bwiat oprogramowania SEO, dostarczaj\u0105c cennych spostrze\u017ce\u0144 i rekomenduj\u0105c najlepsze z dost\u0119pnych rozwi\u0105za\u0144. Cz\u0119sto prosimy o opinie, aby ulepszy\u0107 nasze rekomendacje, upewniaj\u0105c si\u0119, \u017ce s\u0105 one idealnie dopasowane do potrzeb naszych czytelnik\u00f3w.<\/p>\n\n\n\n<h2 class=\"wp-block-heading\">Oto, co znajdziesz na naszej stronie:<\/h2>\n\n\n\n<h3 class=\"wp-block-heading\">\ud83d\udd3b Recenzje: Analiza najlepszych narz\u0119dzi SEO<\/h3>\n\n\n\n<p>Zanurz si\u0119 w dog\u0142\u0119bnych analizach najlepszych program\u00f3w SEO, zawieraj\u0105cych kompleksowy wgl\u0105d w najwi\u0119ksze wady i zalety omawianego oprogramowania. Wszystko to podparte kompleksowymi testami i praktycznym do\u015bwiadczeniem naszych recenzent\u00f3w.<\/p>\n\n\n\n        <section                 class=\"category-table\">\n                        <div class=\"category-table__items \">\n                                            <div class=\"category-table__item\">\n                                <div class=\"category-table__item-wrapper\">\n                                                                        <div class=\"category-table__images\">\n                                        <div class=\"category-table__image\"\n                                             style=\"background-image: url(https:\/\/top10seosoftware.com\/wp-content\/uploads\/2024\/03\/SE-Ranking-1.png)\">\n                                                                                    <\/div>\n                                                                            <\/div>\n                                    <a class=\"category-table__text                                     \"\n                                       href=\"https:\/\/top10seosoftware.com\/pl\/recenzje\/seranking\/\"                                         >\n                                        SE Ranking                                    <\/a>\n                                <\/div>\n                            <\/div>\n                                                                        <div class=\"category-table__item\">\n                                <div class=\"category-table__item-wrapper\">\n                                                                        <div class=\"category-table__images\">\n                                        <div class=\"category-table__image\"\n                                             style=\"background-image: url(https:\/\/top10seosoftware.com\/wp-content\/uploads\/2024\/05\/senuto_logo-1.png)\">\n                                                                                    <\/div>\n                                                                            <\/div>\n                                    <a class=\"category-table__text                                     \"\n                                       href=\"https:\/\/top10seosoftware.com\/pl\/recenzje\/senuto\/\"                                         >\n                                        Senuto                                    <\/a>\n                                <\/div>\n                            <\/div>\n                                                                        <div class=\"category-table__item\">\n                                <div class=\"category-table__item-wrapper\">\n                                                                        <div class=\"category-table__images\">\n                                        <div class=\"category-table__image\"\n                                             style=\"background-image: url(https:\/\/top10seosoftware.com\/wp-content\/uploads\/2024\/03\/u_folder-1.png)\">\n                                                                                    <\/div>\n                                                                            <\/div>\n                                    <a class=\"category-table__text                                     \"\n                                       href=\"https:\/\/top10seosoftware.com\/pl\/recenzje\/\"                                         >\n                                        Wszystkie recenzje                                    <\/a>\n                                <\/div>\n                            <\/div>\n                                                                        <\/div>\n                    <\/section>\n    \n\n\n<h3 class=\"wp-block-heading\">\ud83d\udd3b Kolekcje: Narz\u0119dzia SEO podzielone wed\u0142ug funkcji<\/h3>\n\n\n\n<p>R\u00f3\u017cne zadania wymagaj\u0105 r\u00f3\u017cnych narz\u0119dzi. Niezale\u017cnie od tego, czy chodzi o badanie s\u0142\u00f3w kluczowych, budowanie link\u00f3w zwrotnych czy audyty stron internetowych, nasze dedykowane listy pomog\u0105 Ci znale\u017a\u0107 najlepiej dopasowane rozwi\u0105zanie dla ka\u017cdej konkretnej potrzeby. Zapoznaj si\u0119 z mo\u017cliwo\u015bciami tych narz\u0119dzi w kontek\u015bcie ich u\u017cyteczno\u015bci i mo\u017cliwo\u015bci integracji, aby zapewni\u0107 p\u0142ynne w\u0142\u0105czenie ich do istniej\u0105cych przep\u0142yw\u00f3w pracy w Twojej organizacji.<\/p>\n\n\n\n        <section                 class=\"category-table\">\n                        <div class=\"category-table__items \">\n                                            <div class=\"category-table__item\">\n                                <div class=\"category-table__item-wrapper\">\n                                                                        <div class=\"category-table__images\">\n                                        <div class=\"category-table__image\"\n                                             style=\"background-image: url(https:\/\/top10seosoftware.com\/wp-content\/uploads\/2024\/03\/fi_bar-chart-1.png)\">\n                                                                                    <\/div>\n                                                                            <\/div>\n                                    <a class=\"category-table__text                                     \"\n                                       href=\"https:\/\/top10seosoftware.com\/pl\/kolekcje\/narzedzia-do-monitoringu-pozycji\/\"                                         >\n                                        Narz\u0119dzia do monitoringu pozycji                                    <\/a>\n                                <\/div>\n                            <\/div>\n                                                                        <div class=\"category-table__item\">\n                                <div class=\"category-table__item-wrapper\">\n                                                                        <div class=\"category-table__images\">\n                                        <div class=\"category-table__image\"\n                                             style=\"background-image: url(https:\/\/top10seosoftware.com\/wp-content\/uploads\/2024\/03\/fi_tool-1.png)\">\n                                                                                    <\/div>\n                                                                            <\/div>\n                                    <a class=\"category-table__text                                     \"\n                                       href=\"https:\/\/top10seosoftware.com\/pl\/kolekcje\/najlepsze-narzedzia-seo-platne-darmowe\/\"                                         >\n                                        Najlepsze narz\u0119dzia SEO (p\u0142atne i darmowe)                                    <\/a>\n                                <\/div>\n                            <\/div>\n                                                                        <div class=\"category-table__item\">\n                                <div class=\"category-table__item-wrapper\">\n                                                                        <div class=\"category-table__images\">\n                                        <div class=\"category-table__image\"\n                                             style=\"background-image: url(https:\/\/top10seosoftware.com\/wp-content\/uploads\/2024\/03\/u_folder-1.png)\">\n                                                                                    <\/div>\n                                                                            <\/div>\n                                    <a class=\"category-table__text                                     \"\n                                       href=\"https:\/\/top10seosoftware.com\/pl\/kolekcje\/\"                                         >\n                                        Wszystkie kolekcje                                    <\/a>\n                                <\/div>\n                            <\/div>\n                                                                        <\/div>\n                    <\/section>\n    \n\n\n<h3 class=\"wp-block-heading\">\ud83d\udd3b Por\u00f3wnania: Zestawienie wiod\u0105cych narz\u0119dzi SEO z ich najwi\u0119kszymi konkurentami<\/h3>\n\n\n\n<p>Skorzystaj z okazji, aby por\u00f3wna\u0107 ze sob\u0105 najlepsze rozwi\u0105zania SEO, analizuj\u0105c dok\u0142adnie ich zalety i wady. Naszym celem jest wskazanie us\u0142ugi, kt\u00f3ra najlepiej spe\u0142nia potrzeby Twojej firmy, bior\u0105c pod uwag\u0119 zar\u00f3wno opinie u\u017cytkownik\u00f3w, jak i og\u00f3ln\u0105 renom\u0119 w bran\u017cy.<\/p>\n\n\n\n<h3 class=\"wp-block-heading\">\ud83d\udd3b Alternatywy: Najlepsze podobne oprogramowania SEO<\/h3>\n\n\n\n<p>Odkryj wachlarz ciekawych opcji, poszerzaj\u0105c sw\u00f3j pierwotny wyb\u00f3r o kilka najlepszych alternatyw dla danego oprogramowania SEO. Odkryj wyj\u0105tkowe, czasem nieoczywiste rozwi\u0105zania lub znajd\u017a narz\u0119dzia, kt\u00f3re by\u0107 mo\u017ce nawet lepiej odpowiadaj\u0105 Twoim potrzebom, poprawiaj\u0105c tym samym swoje wyniki i strategi\u0119 SEO.<\/p>\n\n\n\n<h3 class=\"wp-block-heading\">\ud83d\udd3b Plany cenowe: Dok\u0142adnie przeanalizowane cenniki najlepszych narz\u0119dzi SEO<\/h3>\n\n\n\n<p>Pieni\u0105dze odgrywaj\u0105 kluczow\u0105 rol\u0119 w podejmowaniu decyzji biznesowych. Pomagamy przeanalizowa\u0107 plany cenowe wiod\u0105cych us\u0142ug SEO, aby uzyska\u0107 najwy\u017csz\u0105 warto\u015b\u0107 w stosunku do poniesionych koszt\u00f3w. Szczerze informujemy r\u00f3wnie\u017c o wszelkich ukrytych op\u0142atach lub prawdopodobnych oszcz\u0119dno\u015bciach, zapewniaj\u0105c wnikliwe informacje, pomagaj\u0105ce podj\u0105\u0107 ostateczn\u0105 decyzj\u0119 o skorzystaniu z danego rozwi\u0105zania.<\/p>\n\n\n\n<h2 class=\"wp-block-heading\">Dlaczego warto wybra\u0107 w\u0142a\u015bnie Top10seosoftware.com?<\/h2>\n\n\n\n<p>W Top10seosoftware.com pracuje zesp\u00f3\u0142 najlepszych ekspert\u00f3w SEO, kt\u00f3rych celem jest dostarczanie wiarygodnych, dok\u0142adnych i aktualnych informacji. Nasze porady pozbawione s\u0105 og\u00f3lnik\u00f3w &#8211; opieraj\u0105 si\u0119 na dog\u0142\u0119bnych badaniach i praktycznym do\u015bwiadczeniu z najlepszymi programami SEO.&nbsp;<\/p>\n\n\n\n<p>Zaspokajamy potrzeby wszystkich u\u017cytkownik\u00f3w &#8211; od nowicjuszy po do\u015bwiadczonych specjalist\u00f3w, zapewniaj\u0105c, \u017ce ka\u017cdy znajdzie cenne spostrze\u017cenia na temat najlepszego oprogramowania SEO. Nasz\u0105 misj\u0105 jest wyposa\u017cenie Ci\u0119 w odpowiednie narz\u0119dzia i wiedz\u0119, aby\u015b m\u00f3g\u0142 odnie\u015b\u0107 bezkonkurencyjny sukces online dzi\u0119ki najlepszemu narz\u0119dziu SEO.&nbsp;<\/p>\n\n\n\n<p>Top10seosoftware.com nie jest tylko stron\u0105 internetow\u0105 &#8211; jeste\u015bmy Twoim zaufanym przewodnikiem w podr\u00f3\u017cy SEO.<\/p>\n\n\n\n<h3 class=\"wp-block-heading\">O\u015bwiadczenie dotycz\u0105ce wydawanych opinii<\/h3>\n\n\n\n<p>Zesp\u00f3\u0142 Top10seosoftware.com niezale\u017cnie wybiera oprogramowanie SEO do recenzji. Mo\u017cemy otrzymywa\u0107 prowizje z link\u00f3w afiliacyjnych, kt\u00f3re pomagaj\u0105 wspiera\u0107 nasze testy.<\/p>\n","protected":false},"excerpt":{"rendered":"<p>Dlaczego warto zaufa\u0107 Top10seosoftware.com? \ud83d\udfe5 Wiedza i kompetencje: Zas\u0142ugujesz na us\u0142ugi SEO najwy\u017cszej jako\u015bci. Nasz wykwalifikowany zesp\u00f3\u0142 dok\u0142adnie analizuje wszystkie cechy ka\u017cdego narz\u0119dzia, aby dostarczy\u0107 Ci kompleksowy przegl\u0105d oprogramowania SEO. Co wi\u0119cej, nieustannie doskonalimy umiej\u0119tno\u015bci naszych ekspert\u00f3w, \u015bledz\u0105c najnowsze trendy SEO, aby zapewni\u0107 Ci zawsze aktualne porady. \ud83d\udfe5 Niezale\u017cno\u015b\u0107: Zapomnij o podejrzanych, stronniczych recenzjach pisanych [&hellip;]<\/p>\n","protected":false},"author":20,"featured_media":0,"parent":0,"menu_order":0,"comment_status":"closed","ping_status":"closed","template":"front-page.php","meta":{"_acf_changed":false,"_sitemap_exclude":false,"_sitemap_priority":"","_sitemap_frequency":"","footnotes":""},"class_list":["post-19116","page","type-page","status-publish","hentry"],"acf":[],"yoast_head":"<!-- This site is optimized with the Yoast SEO plugin v26.6 - https:\/\/yoast.com\/wordpress\/plugins\/seo\/ -->\n<title>Przegl\u0105d najlepszego oprogramowania SEO roku 2024<\/title>\n<meta name=\"description\" content=\"Przejrzyj g\u0142\u00f3wne cechy i funkcjonalno\u015bci platform SEO, aby znale\u017a\u0107 oprogramowanie, kt\u00f3re najlepiej odpowiada Twoim potrzebom.\" \/>\n<meta name=\"robots\" content=\"index, follow, max-snippet:-1, max-image-preview:large, max-video-preview:-1\" \/>\n<link rel=\"canonical\" href=\"https:\/\/top10seosoftware.com\/pl\/\" \/>\n<meta property=\"og:locale\" content=\"pl_PL\" \/>\n<meta property=\"og:type\" content=\"article\" \/>\n<meta property=\"og:title\" content=\"Przegl\u0105d najlepszego oprogramowania SEO roku 2024\" \/>\n<meta property=\"og:description\" content=\"Przejrzyj g\u0142\u00f3wne cechy i funkcjonalno\u015bci platform SEO, aby znale\u017a\u0107 oprogramowanie, kt\u00f3re najlepiej odpowiada Twoim potrzebom.\" \/>\n<meta property=\"og:url\" content=\"https:\/\/top10seosoftware.com\/pl\/\" \/>\n<meta property=\"og:site_name\" content=\"Top10seosoftware.com\" \/>\n<meta property=\"article:modified_time\" content=\"2024-05-28T14:21:30+00:00\" \/>\n<meta name=\"twitter:card\" content=\"summary_large_image\" \/>\n<meta name=\"twitter:label1\" content=\"Szacowany czas czytania\" \/>\n\t<meta name=\"twitter:data1\" content=\"3 minuty\" \/>\n<!-- \/ Yoast SEO plugin. -->","yoast_head_json":{"title":"Przegl\u0105d najlepszego oprogramowania SEO roku 2024","description":"Przejrzyj g\u0142\u00f3wne cechy i funkcjonalno\u015bci platform SEO, aby znale\u017a\u0107 oprogramowanie, kt\u00f3re najlepiej odpowiada Twoim potrzebom.","robots":{"index":"index","follow":"follow","max-snippet":"max-snippet:-1","max-image-preview":"max-image-preview:large","max-video-preview":"max-video-preview:-1"},"canonical":"https:\/\/top10seosoftware.com\/pl\/","og_locale":"pl_PL","og_type":"article","og_title":"Przegl\u0105d najlepszego oprogramowania SEO roku 2024","og_description":"Przejrzyj g\u0142\u00f3wne cechy i funkcjonalno\u015bci platform SEO, aby znale\u017a\u0107 oprogramowanie, kt\u00f3re najlepiej odpowiada Twoim potrzebom.","og_url":"https:\/\/top10seosoftware.com\/pl\/","og_site_name":"Top10seosoftware.com","article_modified_time":"2024-05-28T14:21:30+00:00","twitter_card":"summary_large_image","twitter_misc":{"Szacowany czas czytania":"3 minuty"},"schema":{"@context":"https:\/\/schema.org","@graph":[{"@type":"WebPage","@id":"https:\/\/top10seosoftware.com\/pl\/","url":"https:\/\/top10seosoftware.com\/pl\/","name":"Przegl\u0105d najlepszego oprogramowania SEO roku 2024","isPartOf":{"@id":"https:\/\/top10seosoftware.com\/#website"},"datePublished":"2024-05-23T15:56:06+00:00","dateModified":"2024-05-28T14:21:30+00:00","description":"Przejrzyj g\u0142\u00f3wne cechy i funkcjonalno\u015bci platform SEO, aby znale\u017a\u0107 oprogramowanie, kt\u00f3re najlepiej odpowiada Twoim potrzebom.","breadcrumb":{"@id":"https:\/\/top10seosoftware.com\/pl\/#breadcrumb"},"inLanguage":"pl-PL","potentialAction":[{"@type":"ReadAction","target":["https:\/\/top10seosoftware.com\/pl\/"]}]},{"@type":"BreadcrumbList","@id":"https:\/\/top10seosoftware.com\/pl\/#breadcrumb","itemListElement":[{"@type":"ListItem","position":1,"name":"Home","item":"https:\/\/top10seosoftware.com\/pl\/"},{"@type":"ListItem","position":2,"name":"TOP 10 NARZ\u0118DZI SEO"}]},{"@type":"WebSite","@id":"https:\/\/top10seosoftware.com\/#website","url":"https:\/\/top10seosoftware.com\/","name":"Top10seosoftware.com","description":"Top 10 SEO Software","publisher":{"@id":"https:\/\/top10seosoftware.com\/#organization"},"potentialAction":[{"@type":"SearchAction","target":{"@type":"EntryPoint","urlTemplate":"https:\/\/top10seosoftware.com\/?s={search_term_string}"},"query-input":{"@type":"PropertyValueSpecification","valueRequired":true,"valueName":"search_term_string"}}],"inLanguage":"pl-PL"},{"@type":"Organization","@id":"https:\/\/top10seosoftware.com\/#organization","name":"Top10seosoftware.com","url":"https:\/\/top10seosoftware.com\/","logo":{"@type":"ImageObject","inLanguage":"pl-PL","@id":"https:\/\/top10seosoftware.com\/#\/schema\/logo\/image\/","url":"https:\/\/top10seosoftware.com\/wp-content\/uploads\/2021\/10\/logo.svg","contentUrl":"https:\/\/top10seosoftware.com\/wp-content\/uploads\/2021\/10\/logo.svg","width":1,"height":1,"caption":"Top10seosoftware.com"},"image":{"@id":"https:\/\/top10seosoftware.com\/#\/schema\/logo\/image\/"}}]}},"_links":{"self":[{"href":"https:\/\/top10seosoftware.com\/pl\/wp-json\/wp\/v2\/pages\/19116","targetHints":{"allow":["GET"]}}],"collection":[{"href":"https:\/\/top10seosoftware.com\/pl\/wp-json\/wp\/v2\/pages"}],"about":[{"href":"https:\/\/top10seosoftware.com\/pl\/wp-json\/wp\/v2\/types\/page"}],"author":[{"embeddable":true,"href":"https:\/\/top10seosoftware.com\/pl\/wp-json\/wp\/v2\/users\/20"}],"replies":[{"embeddable":true,"href":"https:\/\/top10seosoftware.com\/pl\/wp-json\/wp\/v2\/comments?post=19116"}],"version-history":[{"count":0,"href":"https:\/\/top10seosoftware.com\/pl\/wp-json\/wp\/v2\/pages\/19116\/revisions"}],"wp:attachment":[{"href":"https:\/\/top10seosoftware.com\/pl\/wp-json\/wp\/v2\/media?parent=19116"}],"curies":[{"name":"wp","href":"https:\/\/api.w.org\/{rel}","templated":true}]}}