{"id":19122,"date":"2024-05-24T19:15:43","date_gmt":"2024-05-24T16:15:43","guid":{"rendered":"https:\/\/top10seosoftware.com\/?page_id=19122"},"modified":"2024-05-25T14:51:49","modified_gmt":"2024-05-25T11:51:49","slug":"recenzje","status":"publish","type":"page","link":"https:\/\/top10seosoftware.com\/pl\/recenzje\/","title":{"rendered":"Recenzje narz\u0119dzi SEO"},"content":{"rendered":"\n        <section                 class=\"category-table\">\n                        <div class=\"category-table__items \">\n                                            <div class=\"category-table__item\">\n                                <div class=\"category-table__item-wrapper\">\n                                                                        <div class=\"category-table__images\">\n                                        <div class=\"category-table__image\"\n                                             style=\"background-image: url(https:\/\/top10seosoftware.com\/wp-content\/uploads\/2024\/03\/SE-Ranking-1.png)\">\n                                                                                    <\/div>\n                                                                            <\/div>\n                                    <a class=\"category-table__text                                     \"\n                                       href=\"https:\/\/top10seosoftware.com\/pl\/recenzje\/seranking\/\"                                         >\n                                        SE Ranking                                    <\/a>\n                                <\/div>\n                            <\/div>\n                                                                        <div class=\"category-table__item\">\n                                <div class=\"category-table__item-wrapper\">\n                                                                        <div class=\"category-table__images\">\n                                        <div class=\"category-table__image\"\n                                             style=\"background-image: url(https:\/\/top10seosoftware.com\/wp-content\/uploads\/2024\/05\/senuto_logo-1.png)\">\n                                                                                    <\/div>\n                                                                            <\/div>\n                                    <a class=\"category-table__text                                     \"\n                                       href=\"https:\/\/top10seosoftware.com\/pl\/recenzje\/senuto\/\"                                         >\n                                        Senuto                                    <\/a>\n                                <\/div>\n                            <\/div>\n                                                                                            <\/div>\n                    <\/section>\n    \n\n\n<p>W Top10seosoftware.com po\u015bwi\u0119camy sw\u00f3j czas aby dok\u0142adnie przetestowa\u0107 i zrozumie\u0107 najlepsze narz\u0119dzia SEO na rynku. Ka\u017cda z naszych wnikliwych i bezstronnych recenzji analizuje szereg czynnik\u00f3w, takich jak \u0142atwo\u015b\u0107 obs\u0142ugi interfejsu u\u017cytkownika, oferowane funkcje czy wszelkie potencjalne ograniczenia.\u00a0<\/p>\n\n\n\n<p>Uzyskaj pe\u0142ne zrozumienie tego, co oferuje ka\u017cde narz\u0119dzie, aby dokona\u0107 najlepszego wyboru.<\/p>\n\n\n\n<p>W Top10seosoftware.com po\u015bwi\u0119camy sw\u00f3j czas aby dok\u0142adnie przetestowa\u0107 i zrozumie\u0107 najlepsze oprogramowania SEO na rynku. Ka\u017cda z naszych wnikliwych i bezstronnych recenzji analizuje r\u00f3\u017cne aspekty, od \u0142atwo\u015bci obs\u0142ugi interfejsu u\u017cytkownika, po zaawansowane funkcje i wszelkie ograniczenia. Uzyskaj pe\u0142ne zrozumienie tego, co oferuje ka\u017cde narz\u0119dzie.<\/p>\n\n\n\n<h2 class=\"wp-block-heading\">Nasz unikalny proces oceny 360\u00b0<\/h2>\n\n\n\n<p>Dok\u0142adne badanie i ocena. Dok\u0142adnie testujemy ka\u017cd\u0105 us\u0142ug\u0119 SEO w r\u00f3\u017cnych codziennych sytuacjach, aby oceni\u0107 jej wydajno\u015b\u0107. Nasz zesp\u00f3\u0142 pasjonat\u00f3w SEO zapewnia, \u017ce recenzje s\u0105 w pe\u0142ni wiarygodne i maj\u0105 zastosowanie do Twoich konkretnych potrzeb.&nbsp;<\/p>\n\n\n\n<p><strong>\u2705 Szczeg\u00f3\u0142owe badanie i ocena:<\/strong> Dok\u0142adnie testujemy ka\u017cde narz\u0119dzie SEO w r\u00f3\u017cnych sytuacjach, aby oceni\u0107 jego wydajno\u015b\u0107. Nasz zesp\u00f3\u0142 pasjonat\u00f3w SEO zapewnia, \u017ce recenzje s\u0105 w pe\u0142ni wiarygodne i spe\u0142niaj\u0105 wymagania Twoich konkretnych potrzeb.&nbsp;<\/p>\n\n\n\n<p><strong>\u2705 Szybko\u015b\u0107 i wydajno\u015b\u0107: <\/strong>W SEO liczy si\u0119 ka\u017cda sekunda. Skupiamy si\u0119 na tym, jak szybkie i wydajne s\u0105 dane programy w r\u00f3\u017cnych warunkach.<\/p>\n\n\n\n<p><strong>\u2705 Plany cenowe<\/strong>: Koszty narz\u0119dzi SEO mog\u0105 si\u0119 znacznie r\u00f3\u017cni\u0107. Pomo\u017cemy Ci zrozumie\u0107, ile powiniene\u015b zap\u0142aci\u0107 i co dok\u0142adnie otrzymasz w zamian za zainwestowane pieni\u0105dze.&nbsp;<\/p>\n\n\n\n<p><strong>\u2705 \u0141atwo\u015b\u0107 u\u017cytkowania:<\/strong> Nasze recenzje szczeg\u00f3\u0142owo opisuj\u0105 wra\u017cenia u\u017cytkownik\u00f3w z korzystania z ka\u017cdego oprogramowania. Sprawdzamy, czy mo\u017cna si\u0119 nimi \u0142atwo pos\u0142ugiwa\u0107, nawigowa\u0107 po funkcjach i integrowa\u0107 je z w\u0142asnym przep\u0142ywem pracy.&nbsp;<\/p>\n\n\n\n<p><strong>\u2705 Pomoc i wskaz\u00f3wki: <\/strong>Oceniamy jako\u015b\u0107 i dost\u0119pno\u015b\u0107 obs\u0142ugi klienta ka\u017cdego recenzowanego narz\u0119dzia. Analizujemy tak\u017ce zasoby do nauki i fora skupiaj\u0105ce spo\u0142eczno\u015b\u0107 danego oprogramowania.&nbsp;<\/p>\n\n\n\n<p><strong>\u2705 Potencjalne problemy<\/strong>: \u017badne narz\u0119dzie nie jest idealne. Badamy potencjalne ograniczenia, takie jak limity dotycz\u0105ce wybranych funkcji i zale\u017cno\u015b\u0107 od okre\u015blonych wska\u017anik\u00f3w.<\/p>\n\n\n\n<h2 class=\"wp-block-heading\">Dlaczego warto wybra\u0107 Top10seosoftware.com?&nbsp;<\/h2>\n\n\n\n<p>Wysokiej klasy narz\u0119dzia SEO mog\u0105 by\u0107 prze\u0142omem, kt\u00f3ry sprawi, \u017ce osi\u0105gniesz sukces online. Nasza dog\u0142\u0119bna analiza mo\u017ce pom\u00f3c w wyborze najlepszych oprogramowa\u0144 SEO, kt\u00f3re wyr\u00f3\u017cniaj\u0105 si\u0119 funkcjonalno\u015bci\u0105, wydajno\u015bci\u0105 i og\u00f3ln\u0105 warto\u015bci\u0105.&nbsp;<\/p>\n\n\n\n<p>Stworzyli\u015bmy szczeg\u00f3\u0142owe recenzje, aby poprowadzi\u0107 Ci\u0119 przez proces wyboru najlepszej mo\u017cliwej opcji na rynku. Zapewniaj\u0105 one szczeg\u00f3\u0142owe informacje i wskaz\u00f3wki oparte na rygorystycznych testach i w\u0142asnym do\u015bwiadczeniu z wybranymi narz\u0119dziami. W Top10seosoftware.com naszym celem jest pomoc w zrozumieniu zawi\u0142ego \u015bwiata oprogramowania SEO, co pozwoli Ci znale\u017a\u0107 narz\u0119dzie, kt\u00f3re nie tylko spe\u0142ni, ale by\u0107 mo\u017ce nawet przekroczy Twoje oczekiwania, zapewniaj\u0105c Ci sukces, kt\u00f3rego szukasz.<\/p>\n","protected":false},"excerpt":{"rendered":"<p>W Top10seosoftware.com po\u015bwi\u0119camy sw\u00f3j czas aby dok\u0142adnie przetestowa\u0107 i zrozumie\u0107 najlepsze narz\u0119dzia SEO na rynku. Ka\u017cda z naszych wnikliwych i bezstronnych recenzji analizuje szereg czynnik\u00f3w, takich jak \u0142atwo\u015b\u0107 obs\u0142ugi interfejsu u\u017cytkownika, oferowane funkcje czy wszelkie potencjalne ograniczenia.\u00a0 Uzyskaj pe\u0142ne zrozumienie tego, co oferuje ka\u017cde narz\u0119dzie, aby dokona\u0107 najlepszego wyboru. W Top10seosoftware.com po\u015bwi\u0119camy sw\u00f3j czas aby [&hellip;]<\/p>\n","protected":false},"author":20,"featured_media":19124,"parent":0,"menu_order":0,"comment_status":"closed","ping_status":"closed","template":"page-templates\/affiliate.php","meta":{"_acf_changed":false,"_sitemap_exclude":false,"_sitemap_priority":"","_sitemap_frequency":"","footnotes":""},"class_list":["post-19122","page","type-page","status-publish","has-post-thumbnail","hentry"],"acf":[],"yoast_head":"<!-- This site is optimized with the Yoast SEO plugin v26.6 - https:\/\/yoast.com\/wordpress\/plugins\/seo\/ -->\n<title>Recenzje wiod\u0105cych us\u0142ug SEO \u1409 Top10seosoftware.com<\/title>\n<meta name=\"description\" content=\"Zaufaj naszym do\u015bwiadczonym specjalistom SEO, kt\u00f3rzy pomog\u0105 Ci podejmowa\u0107 \u015bwiadome decyzje dzi\u0119ki naszym szczeg\u00f3\u0142owym recenzjom narz\u0119dzi SEO. Ju\u017c dzi\u015b znajd\u017a idealne rozwi\u0105zanie dla swojej strategii SEO!\" \/>\n<meta name=\"robots\" content=\"index, follow, max-snippet:-1, max-image-preview:large, max-video-preview:-1\" \/>\n<link rel=\"canonical\" href=\"https:\/\/top10seosoftware.com\/pl\/recenzje\/\" \/>\n<meta property=\"og:locale\" content=\"pl_PL\" \/>\n<meta property=\"og:type\" content=\"article\" \/>\n<meta property=\"og:title\" content=\"Recenzje wiod\u0105cych us\u0142ug SEO \u1409 Top10seosoftware.com\" \/>\n<meta property=\"og:description\" content=\"Zaufaj naszym do\u015bwiadczonym specjalistom SEO, kt\u00f3rzy pomog\u0105 Ci podejmowa\u0107 \u015bwiadome decyzje dzi\u0119ki naszym szczeg\u00f3\u0142owym recenzjom narz\u0119dzi SEO. Ju\u017c dzi\u015b znajd\u017a idealne rozwi\u0105zanie dla swojej strategii SEO!\" \/>\n<meta property=\"og:url\" content=\"https:\/\/top10seosoftware.com\/pl\/recenzje\/\" \/>\n<meta property=\"og:site_name\" content=\"Top10seosoftware.com\" \/>\n<meta property=\"article:modified_time\" content=\"2024-05-25T11:51:49+00:00\" \/>\n<meta name=\"twitter:card\" content=\"summary_large_image\" \/>\n<meta name=\"twitter:label1\" content=\"Szacowany czas czytania\" \/>\n\t<meta name=\"twitter:data1\" content=\"2 minuty\" \/>\n<!-- \/ Yoast SEO plugin. -->","yoast_head_json":{"title":"Recenzje wiod\u0105cych us\u0142ug SEO \u1409 Top10seosoftware.com","description":"Zaufaj naszym do\u015bwiadczonym specjalistom SEO, kt\u00f3rzy pomog\u0105 Ci podejmowa\u0107 \u015bwiadome decyzje dzi\u0119ki naszym szczeg\u00f3\u0142owym recenzjom narz\u0119dzi SEO. Ju\u017c dzi\u015b znajd\u017a idealne rozwi\u0105zanie dla swojej strategii SEO!","robots":{"index":"index","follow":"follow","max-snippet":"max-snippet:-1","max-image-preview":"max-image-preview:large","max-video-preview":"max-video-preview:-1"},"canonical":"https:\/\/top10seosoftware.com\/pl\/recenzje\/","og_locale":"pl_PL","og_type":"article","og_title":"Recenzje wiod\u0105cych us\u0142ug SEO \u1409 Top10seosoftware.com","og_description":"Zaufaj naszym do\u015bwiadczonym specjalistom SEO, kt\u00f3rzy pomog\u0105 Ci podejmowa\u0107 \u015bwiadome decyzje dzi\u0119ki naszym szczeg\u00f3\u0142owym recenzjom narz\u0119dzi SEO. Ju\u017c dzi\u015b znajd\u017a idealne rozwi\u0105zanie dla swojej strategii SEO!","og_url":"https:\/\/top10seosoftware.com\/pl\/recenzje\/","og_site_name":"Top10seosoftware.com","article_modified_time":"2024-05-25T11:51:49+00:00","twitter_card":"summary_large_image","twitter_misc":{"Szacowany czas czytania":"2 minuty"},"schema":{"@context":"https:\/\/schema.org","@graph":[{"@type":"WebPage","@id":"https:\/\/top10seosoftware.com\/pl\/recenzje\/","url":"https:\/\/top10seosoftware.com\/pl\/recenzje\/","name":"Recenzje wiod\u0105cych us\u0142ug SEO \u1409 Top10seosoftware.com","isPartOf":{"@id":"https:\/\/top10seosoftware.com\/#website"},"primaryImageOfPage":{"@id":"https:\/\/top10seosoftware.com\/pl\/recenzje\/#primaryimage"},"image":{"@id":"https:\/\/top10seosoftware.com\/pl\/recenzje\/#primaryimage"},"thumbnailUrl":"https:\/\/top10seosoftware.com\/wp-content\/uploads\/2023\/10\/6.png","datePublished":"2024-05-24T16:15:43+00:00","dateModified":"2024-05-25T11:51:49+00:00","description":"Zaufaj naszym do\u015bwiadczonym specjalistom SEO, kt\u00f3rzy pomog\u0105 Ci podejmowa\u0107 \u015bwiadome decyzje dzi\u0119ki naszym szczeg\u00f3\u0142owym recenzjom narz\u0119dzi SEO. Ju\u017c dzi\u015b znajd\u017a idealne rozwi\u0105zanie dla swojej strategii SEO!","breadcrumb":{"@id":"https:\/\/top10seosoftware.com\/pl\/recenzje\/#breadcrumb"},"inLanguage":"pl-PL","potentialAction":[{"@type":"ReadAction","target":["https:\/\/top10seosoftware.com\/pl\/recenzje\/"]}]},{"@type":"ImageObject","inLanguage":"pl-PL","@id":"https:\/\/top10seosoftware.com\/pl\/recenzje\/#primaryimage","url":"https:\/\/top10seosoftware.com\/wp-content\/uploads\/2023\/10\/6.png","contentUrl":"https:\/\/top10seosoftware.com\/wp-content\/uploads\/2023\/10\/6.png","width":1867,"height":694},{"@type":"BreadcrumbList","@id":"https:\/\/top10seosoftware.com\/pl\/recenzje\/#breadcrumb","itemListElement":[{"@type":"ListItem","position":1,"name":"Home","item":"https:\/\/top10seosoftware.com\/pl\/"},{"@type":"ListItem","position":2,"name":"Recenzje narz\u0119dzi SEO"}]},{"@type":"WebSite","@id":"https:\/\/top10seosoftware.com\/#website","url":"https:\/\/top10seosoftware.com\/","name":"Top10seosoftware.com","description":"Top 10 SEO Software","publisher":{"@id":"https:\/\/top10seosoftware.com\/#organization"},"potentialAction":[{"@type":"SearchAction","target":{"@type":"EntryPoint","urlTemplate":"https:\/\/top10seosoftware.com\/?s={search_term_string}"},"query-input":{"@type":"PropertyValueSpecification","valueRequired":true,"valueName":"search_term_string"}}],"inLanguage":"pl-PL"},{"@type":"Organization","@id":"https:\/\/top10seosoftware.com\/#organization","name":"Top10seosoftware.com","url":"https:\/\/top10seosoftware.com\/","logo":{"@type":"ImageObject","inLanguage":"pl-PL","@id":"https:\/\/top10seosoftware.com\/#\/schema\/logo\/image\/","url":"https:\/\/top10seosoftware.com\/wp-content\/uploads\/2021\/10\/logo.svg","contentUrl":"https:\/\/top10seosoftware.com\/wp-content\/uploads\/2021\/10\/logo.svg","width":1,"height":1,"caption":"Top10seosoftware.com"},"image":{"@id":"https:\/\/top10seosoftware.com\/#\/schema\/logo\/image\/"}}]}},"_links":{"self":[{"href":"https:\/\/top10seosoftware.com\/pl\/wp-json\/wp\/v2\/pages\/19122","targetHints":{"allow":["GET"]}}],"collection":[{"href":"https:\/\/top10seosoftware.com\/pl\/wp-json\/wp\/v2\/pages"}],"about":[{"href":"https:\/\/top10seosoftware.com\/pl\/wp-json\/wp\/v2\/types\/page"}],"author":[{"embeddable":true,"href":"https:\/\/top10seosoftware.com\/pl\/wp-json\/wp\/v2\/users\/20"}],"replies":[{"embeddable":true,"href":"https:\/\/top10seosoftware.com\/pl\/wp-json\/wp\/v2\/comments?post=19122"}],"version-history":[{"count":0,"href":"https:\/\/top10seosoftware.com\/pl\/wp-json\/wp\/v2\/pages\/19122\/revisions"}],"wp:featuredmedia":[{"embeddable":true,"href":"https:\/\/top10seosoftware.com\/pl\/wp-json\/wp\/v2\/media\/19124"}],"wp:attachment":[{"href":"https:\/\/top10seosoftware.com\/pl\/wp-json\/wp\/v2\/media?parent=19122"}],"curies":[{"name":"wp","href":"https:\/\/api.w.org\/{rel}","templated":true}]}}