{"id":19125,"date":"2024-05-24T19:18:56","date_gmt":"2024-05-24T16:18:56","guid":{"rendered":"https:\/\/top10seosoftware.com\/?page_id=19125"},"modified":"2024-05-28T17:22:11","modified_gmt":"2024-05-28T14:22:11","slug":"kolekcje","status":"publish","type":"page","link":"https:\/\/top10seosoftware.com\/pl\/kolekcje\/","title":{"rendered":"Kolekcje narz\u0119dzi SEO"},"content":{"rendered":"\n        <section                 class=\"category-table\">\n                        <div class=\"category-table__items \">\n                                            <div class=\"category-table__item\">\n                                <div class=\"category-table__item-wrapper\">\n                                                                        <div class=\"category-table__images\">\n                                        <div class=\"category-table__image\"\n                                             style=\"background-image: url(https:\/\/top10seosoftware.com\/wp-content\/uploads\/2024\/03\/fi_bar-chart-1.png)\">\n                                                                                    <\/div>\n                                                                            <\/div>\n                                    <a class=\"category-table__text                                     \"\n                                       href=\"https:\/\/top10seosoftware.com\/pl\/kolekcje\/narzedzia-do-monitoringu-pozycji\/\"                                         >\n                                        Narz\u0119dzia do monitoringu pozycji                                    <\/a>\n                                <\/div>\n                            <\/div>\n                                                                        <div class=\"category-table__item\">\n                                <div class=\"category-table__item-wrapper\">\n                                                                        <div class=\"category-table__images\">\n                                        <div class=\"category-table__image\"\n                                             style=\"background-image: url(https:\/\/top10seosoftware.com\/wp-content\/uploads\/2024\/03\/fi_tool-1.png)\">\n                                                                                    <\/div>\n                                                                            <\/div>\n                                    <a class=\"category-table__text                                     \"\n                                       href=\"https:\/\/top10seosoftware.com\/pl\/kolekcje\/najlepsze-narzedzia-seo-platne-darmowe\/\"                                         >\n                                        Najlepsze narz\u0119dzia SEO (p\u0142atne i darmowe)                                    <\/a>\n                                <\/div>\n                            <\/div>\n                                                                        <\/div>\n                    <\/section>\n    \n\n\n<p>W Top10seosoftware.com analizujemy dost\u0119pne rozwi\u0105zania SEO, aby zapewni\u0107 Ci przemy\u015blany wyb\u00f3r najskuteczniejszych us\u0142ug. Nie tylko oferujemy r\u00f3\u017cne opcje, ale tak\u017ce pomagamy wybra\u0107 najlepsze narz\u0119dzia SEO. Nasze sugestie s\u0105 oparte na dok\u0142adnych badaniach i do\u015bwiadczeniu z pierwszej r\u0119ki.<\/p>\n\n\n\n<h2 class=\"wp-block-heading\">Dlaczego warto odkrywa\u0107 kolekcje SEO?<\/h2>\n\n\n\n<p>Znalezienie odpowiedniego narz\u0119dzia SEO w\u015br\u00f3d masy dost\u0119pnych opcji mo\u017ce by\u0107 trudnym zadaniem. Nasze kolekcje usprawniaj\u0105 ten proces, prezentuj\u0105c idealnie dopasowane rozwi\u0105zanie, kt\u00f3re nie tylko usprawni Twoj\u0105 strategi\u0119 SEO, ale te\u017c zmie\u015bci si\u0119 w Twoim bud\u017cecie.&nbsp;<\/p>\n\n\n\n<p><strong>\u2705 Prosty wyb\u00f3r: <\/strong>Ogromna liczba dost\u0119pnych narz\u0119dzi SEO mo\u017ce utrudnia\u0107 wyb\u00f3r. Nasze kolekcje pomagaj\u0105 rozwik\u0142a\u0107 t\u0119 z\u0142o\u017cono\u015b\u0107, prezentuj\u0105c starannie wyselekcjonowany zestaw najlepszych opcji, upraszczaj\u0105c proces podejmowania decyzji.&nbsp;<\/p>\n\n\n\n<p><strong>\u2705 Spersonalizowane rekomendacje:<\/strong> Niezale\u017cnie od wielko\u015bci firmy lub cel\u00f3w SEO, nasze kolekcje zaspokajaj\u0105 konkretne potrzeby. Wskazuj\u0105c narz\u0119dzia idealnie dopasowane do Twoich wymaga\u0144, umo\u017cliwiaj\u0105 one zwi\u0119kszenie skuteczno\u015bci SEO.&nbsp;<\/p>\n\n\n\n<p><strong>\u2705 Kusz\u0105ce okazje:<\/strong> Wiele z naszych kolekcji zawiera atrakcyjne oferty i rabaty, kt\u00f3re pozwalaj\u0105 zaoszcz\u0119dzi\u0107 pieni\u0105dze, a jednocze\u015bnie uzyska\u0107 dost\u0119p do us\u0142ug i funkcji premium.<\/p>\n\n\n\n<h2 class=\"wp-block-heading\">Jak wybieramy najlepsze kolekcje dla Ciebie?<\/h2>\n\n\n\n<p><strong>\u2705 Dok\u0142adne badania: <\/strong>Wnikliwie poszukujemy najlepszych dost\u0119pnych narz\u0119dzi SEO.&nbsp;<\/p>\n\n\n\n<p><strong>\u2705 Informacje z pierwszej r\u0119ki<\/strong>: Samodzielnie testujemy ka\u017cde narz\u0119dzie, co daje nam mo\u017cliwo\u015b\u0107 tworzenia recenzji na podstawie w\u0142asnych do\u015bwiadcze\u0144.<\/p>\n\n\n\n<p><strong>\u2705 Opinie u\u017cytkownik\u00f3w:<\/strong> S\u0142uchamy, co u\u017cytkownicy m\u00f3wi\u0105 o ka\u017cdym narz\u0119dziu, analizuj\u0105c zar\u00f3wno jego wady, jak i zalety.&nbsp;<\/p>\n\n\n\n<p><strong>\u2705 Spersonalizowane propozycje:<\/strong> Nasze kolekcje tworzone s\u0105 tak, aby zaspokoi\u0107 r\u00f3\u017cnorodne potrzeby u\u017cytkownik\u00f3w, dzi\u0119ki czemu ka\u017cdy znajdzie co\u015b dla siebie.<\/p>\n\n\n\n<h2 class=\"wp-block-heading\">Dlaczego warto wybra\u0107 Top10seosoftware.com?<\/h2>\n\n\n\n<p><strong>\u2705 Do\u015bwiadczenie:<\/strong> Nasz zesp\u00f3\u0142 sk\u0142ada si\u0119 z do\u015bwiadczonych specjalist\u00f3w SEO, kt\u00f3rzy ch\u0119tnie wymieniaj\u0105 si\u0119 mi\u0119dzy sob\u0105 wiedz\u0105 zdobyt\u0105 w r\u00f3\u017cnorodnych organizacjach.<\/p>\n\n\n\n<p><strong>\u2705&nbsp; Przejrzysto\u015b\u0107: <\/strong>Nasze porady s\u0105 jasne i bezstronne, a ich celem jest oferowanie najlepszych rozwi\u0105za\u0144 dla naszych u\u017cytkownik\u00f3w.&nbsp;<\/p>\n\n\n\n<p><strong>\u2705&nbsp; Niezawodno\u015b\u0107:<\/strong> Skupiamy si\u0119 na niezawodno\u015bci i wydajno\u015bci naszych kolekcji, upewniaj\u0105c si\u0119, \u017ce ka\u017cde sugerowane narz\u0119dzie spe\u0142nia najwy\u017csze standardy jako\u015bci.&nbsp;<\/p>\n\n\n\n<p><strong>\u2705 Regularne aktualizacje:<\/strong> Stale aktualizujemy nasze kolekcje o najnowsze i najbardziej popularne narz\u0119dzia SEO.&nbsp;<\/p>\n\n\n\n<p>Kolekcje tworzone przez Top10seosoftware.com u\u0142atwiaj\u0105 znalezienie najlepszych narz\u0119dzi SEO dla konkretnych potrzeb. Zaufaj naszemu do\u015bwiadczeniu, rzetelno\u015bci i gwarancji, \u017ce dostarczymy Ci najskuteczniejsze narz\u0119dzia w pe\u0142ni dopasowane do Twojej strategii SEO.<\/p>\n","protected":false},"excerpt":{"rendered":"<p>W Top10seosoftware.com analizujemy dost\u0119pne rozwi\u0105zania SEO, aby zapewni\u0107 Ci przemy\u015blany wyb\u00f3r najskuteczniejszych us\u0142ug. Nie tylko oferujemy r\u00f3\u017cne opcje, ale tak\u017ce pomagamy wybra\u0107 najlepsze narz\u0119dzia SEO. Nasze sugestie s\u0105 oparte na dok\u0142adnych badaniach i do\u015bwiadczeniu z pierwszej r\u0119ki. Dlaczego warto odkrywa\u0107 kolekcje SEO? Znalezienie odpowiedniego narz\u0119dzia SEO w\u015br\u00f3d masy dost\u0119pnych opcji mo\u017ce by\u0107 trudnym zadaniem. Nasze [&hellip;]<\/p>\n","protected":false},"author":20,"featured_media":0,"parent":0,"menu_order":0,"comment_status":"closed","ping_status":"closed","template":"page-templates\/affiliate.php","meta":{"_acf_changed":false,"_sitemap_exclude":false,"_sitemap_priority":"","_sitemap_frequency":"","footnotes":""},"class_list":["post-19125","page","type-page","status-publish","hentry"],"acf":[],"yoast_head":"<!-- This site is optimized with the Yoast SEO plugin v26.6 - https:\/\/yoast.com\/wordpress\/plugins\/seo\/ -->\n<title>Kolekcje narz\u0119dzi SEO \u1409 Top10seosoftware.com<\/title>\n<meta name=\"description\" content=\"Kompleksowe zbiory us\u0142ug SEO, starannie dobrane, aby wzmocni\u0107 Twoj\u0105 obecno\u015b\u0107 w Internecie.\" \/>\n<meta name=\"robots\" content=\"index, follow, max-snippet:-1, max-image-preview:large, max-video-preview:-1\" \/>\n<link rel=\"canonical\" href=\"https:\/\/top10seosoftware.com\/pl\/kolekcje\/\" \/>\n<meta property=\"og:locale\" content=\"pl_PL\" \/>\n<meta property=\"og:type\" content=\"article\" \/>\n<meta property=\"og:title\" content=\"Kolekcje narz\u0119dzi SEO \u1409 Top10seosoftware.com\" \/>\n<meta property=\"og:description\" content=\"Kompleksowe zbiory us\u0142ug SEO, starannie dobrane, aby wzmocni\u0107 Twoj\u0105 obecno\u015b\u0107 w Internecie.\" \/>\n<meta property=\"og:url\" content=\"https:\/\/top10seosoftware.com\/pl\/kolekcje\/\" \/>\n<meta property=\"og:site_name\" content=\"Top10seosoftware.com\" \/>\n<meta property=\"article:modified_time\" content=\"2024-05-28T14:22:11+00:00\" \/>\n<meta name=\"twitter:card\" content=\"summary_large_image\" \/>\n<meta name=\"twitter:label1\" content=\"Szacowany czas czytania\" \/>\n\t<meta name=\"twitter:data1\" content=\"2 minuty\" \/>\n<!-- \/ Yoast SEO plugin. -->","yoast_head_json":{"title":"Kolekcje narz\u0119dzi SEO \u1409 Top10seosoftware.com","description":"Kompleksowe zbiory us\u0142ug SEO, starannie dobrane, aby wzmocni\u0107 Twoj\u0105 obecno\u015b\u0107 w Internecie.","robots":{"index":"index","follow":"follow","max-snippet":"max-snippet:-1","max-image-preview":"max-image-preview:large","max-video-preview":"max-video-preview:-1"},"canonical":"https:\/\/top10seosoftware.com\/pl\/kolekcje\/","og_locale":"pl_PL","og_type":"article","og_title":"Kolekcje narz\u0119dzi SEO \u1409 Top10seosoftware.com","og_description":"Kompleksowe zbiory us\u0142ug SEO, starannie dobrane, aby wzmocni\u0107 Twoj\u0105 obecno\u015b\u0107 w Internecie.","og_url":"https:\/\/top10seosoftware.com\/pl\/kolekcje\/","og_site_name":"Top10seosoftware.com","article_modified_time":"2024-05-28T14:22:11+00:00","twitter_card":"summary_large_image","twitter_misc":{"Szacowany czas czytania":"2 minuty"},"schema":{"@context":"https:\/\/schema.org","@graph":[{"@type":"WebPage","@id":"https:\/\/top10seosoftware.com\/pl\/kolekcje\/","url":"https:\/\/top10seosoftware.com\/pl\/kolekcje\/","name":"Kolekcje narz\u0119dzi SEO \u1409 Top10seosoftware.com","isPartOf":{"@id":"https:\/\/top10seosoftware.com\/#website"},"datePublished":"2024-05-24T16:18:56+00:00","dateModified":"2024-05-28T14:22:11+00:00","description":"Kompleksowe zbiory us\u0142ug SEO, starannie dobrane, aby wzmocni\u0107 Twoj\u0105 obecno\u015b\u0107 w Internecie.","breadcrumb":{"@id":"https:\/\/top10seosoftware.com\/pl\/kolekcje\/#breadcrumb"},"inLanguage":"pl-PL","potentialAction":[{"@type":"ReadAction","target":["https:\/\/top10seosoftware.com\/pl\/kolekcje\/"]}]},{"@type":"BreadcrumbList","@id":"https:\/\/top10seosoftware.com\/pl\/kolekcje\/#breadcrumb","itemListElement":[{"@type":"ListItem","position":1,"name":"Home","item":"https:\/\/top10seosoftware.com\/pl\/"},{"@type":"ListItem","position":2,"name":"Kolekcje narz\u0119dzi SEO"}]},{"@type":"WebSite","@id":"https:\/\/top10seosoftware.com\/#website","url":"https:\/\/top10seosoftware.com\/","name":"Top10seosoftware.com","description":"Top 10 SEO Software","publisher":{"@id":"https:\/\/top10seosoftware.com\/#organization"},"potentialAction":[{"@type":"SearchAction","target":{"@type":"EntryPoint","urlTemplate":"https:\/\/top10seosoftware.com\/?s={search_term_string}"},"query-input":{"@type":"PropertyValueSpecification","valueRequired":true,"valueName":"search_term_string"}}],"inLanguage":"pl-PL"},{"@type":"Organization","@id":"https:\/\/top10seosoftware.com\/#organization","name":"Top10seosoftware.com","url":"https:\/\/top10seosoftware.com\/","logo":{"@type":"ImageObject","inLanguage":"pl-PL","@id":"https:\/\/top10seosoftware.com\/#\/schema\/logo\/image\/","url":"https:\/\/top10seosoftware.com\/wp-content\/uploads\/2021\/10\/logo.svg","contentUrl":"https:\/\/top10seosoftware.com\/wp-content\/uploads\/2021\/10\/logo.svg","width":1,"height":1,"caption":"Top10seosoftware.com"},"image":{"@id":"https:\/\/top10seosoftware.com\/#\/schema\/logo\/image\/"}}]}},"_links":{"self":[{"href":"https:\/\/top10seosoftware.com\/pl\/wp-json\/wp\/v2\/pages\/19125","targetHints":{"allow":["GET"]}}],"collection":[{"href":"https:\/\/top10seosoftware.com\/pl\/wp-json\/wp\/v2\/pages"}],"about":[{"href":"https:\/\/top10seosoftware.com\/pl\/wp-json\/wp\/v2\/types\/page"}],"author":[{"embeddable":true,"href":"https:\/\/top10seosoftware.com\/pl\/wp-json\/wp\/v2\/users\/20"}],"replies":[{"embeddable":true,"href":"https:\/\/top10seosoftware.com\/pl\/wp-json\/wp\/v2\/comments?post=19125"}],"version-history":[{"count":0,"href":"https:\/\/top10seosoftware.com\/pl\/wp-json\/wp\/v2\/pages\/19125\/revisions"}],"wp:attachment":[{"href":"https:\/\/top10seosoftware.com\/pl\/wp-json\/wp\/v2\/media?parent=19125"}],"curies":[{"name":"wp","href":"https:\/\/api.w.org\/{rel}","templated":true}]}}