{"id":1572,"date":"2021-10-28T16:42:12","date_gmt":"2021-10-28T13:42:12","guid":{"rendered":"https:\/\/test.top10seosoftware.com\/?page_id=1572"},"modified":"2024-01-10T03:45:16","modified_gmt":"2024-01-10T00:45:16","slug":"111-2","status":"publish","type":"page","link":"https:\/\/top10seosoftware.com\/pt\/","title":{"rendered":"10 MELHORES SOFTWARE DE SEO"},"content":{"rendered":"\n<h3 class=\"wp-block-heading\">Isen\u00e7\u00e3o de responsabilidade de opini\u00e3o<\/h3>\n\n\n\n<p>A equipe da Top10 SEO Software seleciona solu\u00e7\u00f5es de software de SEO para an\u00e1lise independente. Podemos ganhar comiss\u00f5es de afiliados pela compra de links, o que ajuda a apoiar nossos testes.<br><a href=\"\/pt\/aviso-de-afiliado\/\">Saber mais<\/a><\/p>\n\n\n\n<h3 class=\"wp-block-heading\">O que \u00e9 Search Engine Optimization (SEO)?<\/h3>\n\n\n\n<p>Search Engine Optimization (SEO) \u00e9 o processo de maximizar o volume de tr\u00e1fego que chega a um determinado site, realizando todas as etapas necess\u00e1rias dentro e fora da p\u00e1gina para garantir que o site apare\u00e7a no topo das p\u00e1ginas de resultados do mecanismo de pesquisa (SERPs).<\/p>\n\n\n\n<p>Como o Google faz mudan\u00e7as regulares em seu algoritmo, todos no jogo de SEO precisam estar atentos para acompanh\u00e1-lo. A boa not\u00edcia \u00e9 que uma parte do SEO ainda n\u00e3o mudou. Refiro-me ao fato de que este processo envolve atividades de otimiza\u00e7\u00e3o na p\u00e1gina e fora da p\u00e1gina.<\/p>\n\n\n\n<h3 class=\"wp-block-heading\">O que \u00e9 SEO na p\u00e1gina e fora da p\u00e1gina?<\/h3>\n\n\n\n<p>O processo de Search Engine Optimization envolve duas partes principais &#8211; On Page Optimization e Off Page Optimization (No seu website, e fora dele).<\/p>\n\n\n\n<p>SEO na p\u00e1gina \u00e9, em termos leigos, a pr\u00e1tica de otimizar o conte\u00fado da p\u00e1gina da web, tanto para mecanismos de pesquisa quanto para visitantes. Como regra geral, envolve o processo de usar naturalmente palavras-chave espec\u00edficas no corpo principal do conte\u00fado da p\u00e1gina, bem como em sua tag de t\u00edtulo, meta descri\u00e7\u00e3o, cabe\u00e7alhos, textos alternativos e assim por diante. Al\u00e9m disso, requer a otimiza\u00e7\u00e3o da velocidade de carregamento da p\u00e1gina, o uso de bot\u00f5es de compartilhamento social, estrutura de p\u00e1gina clara, formata\u00e7\u00e3o de URL e muito mais.<\/p>\n\n\n\n<p>O SEO fora da p\u00e1gina, por outro lado, trata da constru\u00e7\u00e3o de um perfil de backlink de alta qualidade, alcan\u00e7ando sites importantes e autorizados e pedindo-lhes que liguem de volta para voc\u00ea tamb\u00e9m. Al\u00e9m disso, os sinais de compartilhamento social tamb\u00e9m desempenham um grande papel aqui. Pense no SEO off-page como uma rede com outros sites na vida real com o objetivo de construir relacionamentos fortes, o que, por sua vez, far\u00e1 com que os motores de busca tenham maior confian\u00e7a no seu neg\u00f3cio.<\/p>\n\n\n\n<h3 class=\"wp-block-heading\">Quais recursos de software de SEO s\u00e3o essenciais?<\/h3>\n\n\n\n<p>Agora que sabemos o que \u00e9 SEO e quais s\u00e3o seus componentes principais, vamos dar uma olhada em algumas ferramentas de SEO obrigat\u00f3rias que fazem parte de qualquer software de qualidade. Conhec\u00ea-los e entend\u00ea-los ajudar\u00e1 voc\u00ea a descobrir suas necessidades de neg\u00f3cios e, como resultado, determinar a solu\u00e7\u00e3o de SEO que \u00e9 perfeita para voc\u00ea.<\/p>\n\n\n\n<h4 class=\"wp-block-heading\">Auditoria detalhada de sites<\/h4>\n\n\n\n<p>Uma auditoria abrangente de SEO examina cada p\u00e1gina da web de um site e avalia o qu\u00e3o otimizados seus elementos dentro e fora da p\u00e1gina s\u00e3o para os motores de busca e visitantes humanos. Em suma, ao percorrer as p\u00e1ginas, a auditoria segue um checklist com o objetivo de encontrar problemas t\u00e9cnicos que est\u00e3o atrapalhando o desempenho do mecanismo de busca do site e, portanto, que devem ser resolvidos.<\/p>\n\n\n\n<p>Com uma auditoria completa e detalhada, voc\u00ea pode comparar seu site com seus principais concorrentes para, em \u00faltima an\u00e1lise, mudar sua estrat\u00e9gia e super\u00e1-los, descobrir o que deve ser melhorado e como, al\u00e9m de obter uma compreens\u00e3o geral de como seu site \u00e9 eficiente em termos de SEO aos olhos dos motores de busca.<\/p>\n\n\n\n<h4 class=\"wp-block-heading\">An\u00e1lise de Perfil de Backlink<\/h4>\n\n\n\n<p>A realiza\u00e7\u00e3o de uma an\u00e1lise de seu perfil de backlink mostrar\u00e1 uma lista de todos os sites vinculados ao seu site e deixar\u00e1 claro como seu perfil de backlink est\u00e1 aumentando suas chances de classifica\u00e7\u00e3o elevada em SERPs.<\/p>\n\n\n\n<p>Al\u00e9m disso, a an\u00e1lise de backlink geralmente destaca backlinks de baixa qualidade tamb\u00e9m, como aqueles que n\u00e3o s\u00e3o naturais, t\u00eam links de sites com spam e podem ser penalizados pelo Google. Voc\u00ea deve rejeitar esses backlinks para manter a reputa\u00e7\u00e3o do seu site limpa e intacta. Mas n\u00e3o olhe apenas para o seu pr\u00f3prio site. Analise seus principais concorrentes diretos para descobrir como ser\u00e1 dif\u00edcil super\u00e1-los na pesquisa. Al\u00e9m disso, procure oportunidades adicionais para construir seu pr\u00f3prio perfil de backlink analisando backlinks de concorrentes.<\/p>\n\n\n\n<h4 class=\"wp-block-heading\">Keyword Research<\/h4>\n\n\n\n<p>Ao realizar uma pesquisa completa de palavras-chave, voc\u00ea obter\u00e1 um melhor entendimento de seu p\u00fablico-alvo e descobrir\u00e1 quais termos as pessoas inserem na pesquisa para encontrar sua oferta. Isso permitir\u00e1 que voc\u00ea otimize o conte\u00fado criado para promover esses termos de pesquisa.<\/p>\n\n\n\n<p>Com o poder dos dados que voc\u00ea pode obter da pesquisa de palavras-chave, voc\u00ea ser\u00e1 capaz de responder a perguntas como: O que meu mercado-alvo est\u00e1 procurando? Quantas pessoas fazem uma pesquisa espec\u00edfica a cada m\u00eas? Que tipo de conte\u00fado \u00e9 melhor para um determinado termo de pesquisa?<\/p>\n\n\n\n<p>Saber como as pessoas procuram seus produtos ou servi\u00e7os tornar\u00e1 muito mais f\u00e1cil para voc\u00ea conceber uma estrat\u00e9gia de promo\u00e7\u00e3o de conte\u00fado SEO impar\u00e1vel.<\/p>\n\n\n\n<h4 class=\"wp-block-heading\">Rastreamento de classifica\u00e7\u00e3o de palavras-chave<\/h4>\n\n\n\n<p>Acompanhar as classifica\u00e7\u00f5es de palavras-chave permite que voc\u00ea esteja ciente do desempenho das palavras-chave que voc\u00ea usa para promover as p\u00e1ginas do seu site nas pesquisas. Isso ajudar\u00e1 voc\u00ea a descobrir se suas p\u00e1ginas est\u00e3o classificadas na p\u00e1gina 1 do Google para uma palavra-chave espec\u00edfica, voc\u00ea poder\u00e1 ver se aparece na imagem do Google, na pesquisa de v\u00eddeo ou no pacote de classifica\u00e7\u00e3o local.<\/p>\n\n\n\n<p>Com esses dados, voc\u00ea pode descobrir onde precisa trabalhar mais para manter sua campanha de SEO no caminho certo. Mas verificar todas as classifica\u00e7\u00f5es de suas palavras-chave \u00e9 algo que voc\u00ea deve fazer regularmente.<\/p>\n\n\n\n<p>Para inicializar, voc\u00ea geralmente precisa saber como se classifica em diferentes locais ao redor do globo. Portanto, certifique-se de que a ferramenta de SEO que voc\u00ea escolher permite rastrear classifica\u00e7\u00f5es de palavras-chave em v\u00e1rios locais separados com grande precis\u00e3o.<\/p>\n\n\n\n<h4 class=\"wp-block-heading\">Analise competitiva<\/h4>\n\n\n\n<p>Uma grande parte do seu sucesso online depende da realiza\u00e7\u00e3o de uma an\u00e1lise aprofundada dos dom\u00ednios dos seus principais concorrentes. Isso o ajudar\u00e1 a encontrar dados que o ajudar\u00e3o a moldar e melhorar o desempenho do mecanismo de pesquisa de seu pr\u00f3prio dom\u00ednio com base nos pontos fortes e fracos dos concorrentes.<\/p>\n\n\n\n<p>Com a ferramenta certa, voc\u00ea poder\u00e1 determinar seus concorrentes diretos, descobrir exatamente o que eles fazem online na pesquisa org\u00e2nica e paga, bem como como e por qu\u00ea.<\/p>\n\n\n\n<h2 class=\"wp-block-heading\">Qual software de SEO \u00e9 o melhor para suas necessidades<\/h2>\n\n\n\n<h3 class=\"wp-block-heading\">Quais s\u00e3o as necessidades do seu neg\u00f3cio?<\/h3>\n\n\n\n<p>Antes de fazer qualquer outra coisa, voc\u00ea simplesmente deve identificar o que exatamente sua empresa precisa. Basta dar uma olhada em seus objetivos-alvo, supondo que voc\u00ea os tenha todos definidos, e avalie as ferramentas de SEO que podem ajud\u00e1-lo a fazer isso acontecer. Naturalmente, voc\u00ea n\u00e3o pode evitar olhar para as limita\u00e7\u00f5es t\u00e9cnicas de cada ferramenta e ver quanto custar\u00e1 do seu or\u00e7amento mensal.<\/p>\n\n\n\n<p>Dependendo do seu p\u00fablico-alvo, voc\u00ea ter\u00e1 abordagens muito diferentes para implementar suas necessidades. Se voc\u00ea est\u00e1 atr\u00e1s de convers\u00f5es, alguns dos recursos listados acima ter\u00e3o um papel mais importante em sua estrat\u00e9gia. O resultado final \u00e9 que voc\u00ea simplesmente n\u00e3o ser\u00e1 capaz de entender qual ferramenta de SEO \u00e9 a certa para voc\u00ea se n\u00e3o tiver um conhecimento completo de suas necessidades.<\/p>\n\n\n\n<h3 class=\"wp-block-heading\">Fa\u00e7a uso de avalia\u00e7\u00f5es gratuitas e avalia\u00e7\u00f5es de clientes<\/h3>\n\n\n\n<p>Isso \u00e9 algo que todo mundo faz automaticamente hoje em dia, mas voc\u00ea tem que dar um test drive a cada ferramenta antes de fazer a chamada final. Al\u00e9m disso, a Internet est\u00e1 repleta de avalia\u00e7\u00f5es honestas de clientes que podem ajud\u00e1-lo a tomar a decis\u00e3o certa para sua empresa. N\u00e3o fa\u00e7a nenhuma escolha at\u00e9 que voc\u00ea possa obter uma demonstra\u00e7\u00e3o de cada ferramenta em a\u00e7\u00e3o em um ambiente familiar. Se voc\u00ea n\u00e3o vir uma op\u00e7\u00e3o para iniciar uma avalia\u00e7\u00e3o gratuita, entre em contato e pergunte. Muitas empresas o encontrar\u00e3o no meio do caminho.<\/p>\n\n\n\n<p>Resumindo, independentemente de onde voc\u00ea trabalha &#8211; como um SEO interno ou para uma ag\u00eancia &#8211; use as informa\u00e7\u00f5es fornecidas acima para tomar uma decis\u00e3o informada sobre as ferramentas de SEO certas para voc\u00ea. Agora, analise cada ferramenta, compare-as e veja qual oferece exatamente o que voc\u00ea precisa.<\/p>\n","protected":false},"excerpt":{"rendered":"<p>Isen\u00e7\u00e3o de responsabilidade de opini\u00e3o A equipe da Top10 SEO Software seleciona solu\u00e7\u00f5es de software de SEO para an\u00e1lise independente. Podemos ganhar comiss\u00f5es de afiliados pela compra de links, o que ajuda a apoiar nossos testes.Saber mais O que \u00e9 Search Engine Optimization (SEO)? Search Engine Optimization (SEO) \u00e9 o processo de maximizar o volume [&hellip;]<\/p>\n","protected":false},"author":1,"featured_media":0,"parent":0,"menu_order":0,"comment_status":"closed","ping_status":"closed","template":"front-page.php","meta":{"_acf_changed":false,"_sitemap_exclude":false,"_sitemap_priority":"","_sitemap_frequency":"","footnotes":""},"class_list":["post-1572","page","type-page","status-publish","hentry"],"acf":[],"yoast_head":"<!-- This site is optimized with the Yoast SEO plugin v26.6 - https:\/\/yoast.com\/wordpress\/plugins\/seo\/ -->\n<title>An\u00e1lise do Melhor Software de SEO em 2024 \u1409 Top10seosoftware<\/title>\n<meta name=\"description\" content=\"Veja as principais funcionalidades e caracter\u00edsticas das principais plataformas de SEO para encontrar o Software mais indicado para si.\" \/>\n<meta name=\"robots\" content=\"index, follow, max-snippet:-1, max-image-preview:large, max-video-preview:-1\" \/>\n<link rel=\"canonical\" href=\"https:\/\/top10seosoftware.com\/pt\/\" \/>\n<meta property=\"og:locale\" content=\"pt_PT\" \/>\n<meta property=\"og:type\" content=\"article\" \/>\n<meta property=\"og:title\" content=\"An\u00e1lise do Melhor Software de SEO em 2024 \u1409 Top10seosoftware\" \/>\n<meta property=\"og:description\" content=\"Veja as principais funcionalidades e caracter\u00edsticas das principais plataformas de SEO para encontrar o Software mais indicado para si.\" \/>\n<meta property=\"og:url\" content=\"https:\/\/top10seosoftware.com\/pt\/\" \/>\n<meta property=\"og:site_name\" content=\"Top10seosoftware.com\" \/>\n<meta property=\"article:modified_time\" content=\"2024-01-10T00:45:16+00:00\" \/>\n<meta name=\"twitter:card\" content=\"summary_large_image\" \/>\n<meta name=\"twitter:label1\" content=\"Est. reading time\" \/>\n\t<meta name=\"twitter:data1\" content=\"6 minutes\" \/>\n<!-- \/ Yoast SEO plugin. -->","yoast_head_json":{"title":"An\u00e1lise do Melhor Software de SEO em 2024 \u1409 Top10seosoftware","description":"Veja as principais funcionalidades e caracter\u00edsticas das principais plataformas de SEO para encontrar o Software mais indicado para si.","robots":{"index":"index","follow":"follow","max-snippet":"max-snippet:-1","max-image-preview":"max-image-preview:large","max-video-preview":"max-video-preview:-1"},"canonical":"https:\/\/top10seosoftware.com\/pt\/","og_locale":"pt_PT","og_type":"article","og_title":"An\u00e1lise do Melhor Software de SEO em 2024 \u1409 Top10seosoftware","og_description":"Veja as principais funcionalidades e caracter\u00edsticas das principais plataformas de SEO para encontrar o Software mais indicado para si.","og_url":"https:\/\/top10seosoftware.com\/pt\/","og_site_name":"Top10seosoftware.com","article_modified_time":"2024-01-10T00:45:16+00:00","twitter_card":"summary_large_image","twitter_misc":{"Est. reading time":"6 minutes"},"schema":{"@context":"https:\/\/schema.org","@graph":[{"@type":"WebPage","@id":"https:\/\/top10seosoftware.com\/pt\/","url":"https:\/\/top10seosoftware.com\/pt\/","name":"An\u00e1lise do Melhor Software de SEO em 2024 \u1409 Top10seosoftware","isPartOf":{"@id":"https:\/\/top10seosoftware.com\/#website"},"datePublished":"2021-10-28T13:42:12+00:00","dateModified":"2024-01-10T00:45:16+00:00","description":"Veja as principais funcionalidades e caracter\u00edsticas das principais plataformas de SEO para encontrar o Software mais indicado para si.","breadcrumb":{"@id":"https:\/\/top10seosoftware.com\/pt\/#breadcrumb"},"inLanguage":"pt","potentialAction":[{"@type":"ReadAction","target":["https:\/\/top10seosoftware.com\/pt\/"]}]},{"@type":"BreadcrumbList","@id":"https:\/\/top10seosoftware.com\/pt\/#breadcrumb","itemListElement":[{"@type":"ListItem","position":1,"name":"Home","item":"https:\/\/top10seosoftware.com\/pt\/"},{"@type":"ListItem","position":2,"name":"10 MELHORES SOFTWARE DE SEO"}]},{"@type":"WebSite","@id":"https:\/\/top10seosoftware.com\/#website","url":"https:\/\/top10seosoftware.com\/","name":"Top10seosoftware.com","description":"Top 10 SEO Software","publisher":{"@id":"https:\/\/top10seosoftware.com\/#organization"},"potentialAction":[{"@type":"SearchAction","target":{"@type":"EntryPoint","urlTemplate":"https:\/\/top10seosoftware.com\/?s={search_term_string}"},"query-input":{"@type":"PropertyValueSpecification","valueRequired":true,"valueName":"search_term_string"}}],"inLanguage":"pt"},{"@type":"Organization","@id":"https:\/\/top10seosoftware.com\/#organization","name":"Top10seosoftware.com","url":"https:\/\/top10seosoftware.com\/","logo":{"@type":"ImageObject","inLanguage":"pt","@id":"https:\/\/top10seosoftware.com\/#\/schema\/logo\/image\/","url":"https:\/\/top10seosoftware.com\/wp-content\/uploads\/2021\/10\/logo.svg","contentUrl":"https:\/\/top10seosoftware.com\/wp-content\/uploads\/2021\/10\/logo.svg","width":1,"height":1,"caption":"Top10seosoftware.com"},"image":{"@id":"https:\/\/top10seosoftware.com\/#\/schema\/logo\/image\/"}}]}},"_links":{"self":[{"href":"https:\/\/top10seosoftware.com\/pt\/wp-json\/wp\/v2\/pages\/1572","targetHints":{"allow":["GET"]}}],"collection":[{"href":"https:\/\/top10seosoftware.com\/pt\/wp-json\/wp\/v2\/pages"}],"about":[{"href":"https:\/\/top10seosoftware.com\/pt\/wp-json\/wp\/v2\/types\/page"}],"author":[{"embeddable":true,"href":"https:\/\/top10seosoftware.com\/pt\/wp-json\/wp\/v2\/users\/1"}],"replies":[{"embeddable":true,"href":"https:\/\/top10seosoftware.com\/pt\/wp-json\/wp\/v2\/comments?post=1572"}],"version-history":[{"count":0,"href":"https:\/\/top10seosoftware.com\/pt\/wp-json\/wp\/v2\/pages\/1572\/revisions"}],"wp:attachment":[{"href":"https:\/\/top10seosoftware.com\/pt\/wp-json\/wp\/v2\/media?parent=1572"}],"curies":[{"name":"wp","href":"https:\/\/api.w.org\/{rel}","templated":true}]}}