{"id":1613,"date":"2021-10-28T17:50:01","date_gmt":"2021-10-28T14:50:01","guid":{"rendered":"https:\/\/test.top10seosoftware.com\/?page_id=1613"},"modified":"2024-01-10T04:10:17","modified_gmt":"2024-01-10T01:10:17","slug":"avaliacao-do-majestic","status":"publish","type":"page","link":"https:\/\/top10seosoftware.com\/pt\/avaliacao-do-majestic\/","title":{"rendered":"Avalia\u00e7\u00e3o do Majestic"},"content":{"rendered":"\n<h2 class=\"wp-block-heading\">Vis\u00e3o Geral<\/h2>\n\n\n\n<p>Qualquer pessoa ou ag\u00eancia empenhada no crescimento do seu website vai confirmar que o Majestic \u00e9 um site que efetivamente entrega todo na ponta das nossas m\u00e3os, e que permite manter uma abordagem r\u00e1pida ao estado do nosso site. Da mesma forma que pode tamb\u00e9m pormenorizar de forma detalhada a forma como visualizamos o sucesso do site.<\/p>\n\n\n\n<p>Os planos de pagamento come\u00e7am com valores baixos e permitem a abordagem a um conjunto de ferramentas incr\u00edveis e algumas exclusivas do Majestic, podendo fazer o pagamento com os servi\u00e7os de pagamento mais comuns como PayPal e v\u00e1rios tipos de cart\u00f5es.<\/p>\n\n\n\n<h3 class=\"wp-block-heading\">Vantagens&nbsp;<\/h3>\n\n\n\n<ul class=\"wp-block-list\">\n<li>Ele mede a confian\u00e7a e a autoridade de forma muito eficaz.<\/li>\n\n\n\n<li>Possui rastreamento de perfil de backlink preciso.<\/li>\n\n\n\n<li>\u00c9 bastante amig\u00e1vel.<\/li>\n<\/ul>\n\n\n\n<h3 class=\"wp-block-heading\">Desvantagens<\/h3>\n\n\n\n<ul class=\"wp-block-list\">\n<li>N\u00e3o \u00e9 muito eficaz na pesquisa de palavras-chave.<\/li>\n\n\n\n<li>Menos poderoso do que certos concorrentes.<\/li>\n\n\n\n<li>Dif\u00edcil de gerar relat\u00f3rios.<\/li>\n<\/ul>\n\n\n\n<figure class=\"wp-block-image size-large\"><img loading=\"lazy\" decoding=\"async\" width=\"1024\" height=\"536\" src=\"https:\/\/top10seosoftware.com\/wp-content\/uploads\/2021\/11\/image1-1024x536.png\" alt=\"\" class=\"wp-image-4927\" srcset=\"https:\/\/top10seosoftware.com\/wp-content\/uploads\/2021\/11\/image1-1024x536.png 1024w, https:\/\/top10seosoftware.com\/wp-content\/uploads\/2021\/11\/image1-300x157.png 300w, https:\/\/top10seosoftware.com\/wp-content\/uploads\/2021\/11\/image1-768x402.png 768w, https:\/\/top10seosoftware.com\/wp-content\/uploads\/2021\/11\/image1-1536x804.png 1536w, https:\/\/top10seosoftware.com\/wp-content\/uploads\/2021\/11\/image1.png 1999w\" sizes=\"auto, (max-width: 1024px) 100vw, 1024px\" \/><\/figure>\n\n\n\n<p>As ferramentas de gest\u00e3o de websites apresentam-se hoje em dia em v\u00e1rias categorias. Mas existem poucas empresas que o fazem de forma transversal. \u00c9 por isso que o Majestic \u00e9 uma plataforma com bastantes anos de experi\u00eancia que oferece v\u00e1rias funcionalidades para gerir os seus sites e saber qual \u00e9 a qualidade e a posi\u00e7\u00e3o que estes desempenham na web. A import\u00e2ncia desta an\u00e1lise \u00e9 vital, pois pode mostrar-lhe a qualidade do seu site em v\u00e1rias \u00e1reas como o posicionamento do site, qualidade dos links,contexto dos links, n\u00famero total de links, etc.<br>O Majestic \u00e9 uma poderosa ferramenta que cria um \u201cmapa\u201d da Internet em busca de conte\u00fados. Em seguida, associa esses conte\u00fados aos seus clientes, e apresenta dados sobre o seu link ou site. Desta forma, conseguem-se obter v\u00e1rias informa\u00e7\u00f5es sobre o seu site e tamb\u00e9m sobre a concorr\u00eancia, para que possa analisar onde de que forma \u00e9 que o seu site \u00e9 citado na&nbsp;<\/p>\n\n\n\n<p>Internet. Da mesma forma que ao adicionar os sites dos seus concorrentes estar\u00e1 tamb\u00e9m a ver a mesma informa\u00e7\u00e3o do seu concorrente, isto \u00e9, pode aperceber-se de alguma tend\u00eancia do seu concorrente e at\u00e9 explorar outro tipo de estrat\u00e9gias. Existe uma grande diferen\u00e7a entre qualidade e quantidade, e o Majestic diferencia isso nos seus relat\u00f3rios para que possa saber a qualidade do trabalho que est\u00e1 a ter em popular a internet com os seus links. Isto porque quantos mais e melhores links de qualidade mais o seu site \u00e9 notado nos motores de busca e consegue alcan\u00e7ar uma das primeiras posi\u00e7\u00f5es.<\/p>\n\n\n\n<h3 class=\"wp-block-heading\">PRE\u00c7OS E PLANOS<\/h3>\n\n\n\n<p>Com m\u00e9todos de pagamento por cart\u00e3o de cr\u00e9dito, cart\u00e3o de d\u00e9bito e PayPal, o Majestic oferece uma plataforma a baixo custo para quem est\u00e1 a iniciar o processo de an\u00e1lise do seu site. Por\u00e9m, oferece tamb\u00e9m ferramentas API (para programadores) para quem pretende fazer programa\u00e7\u00e3o e interagir com o seu pr\u00f3prio dashboard de an\u00e1lise de sites. O pre\u00e7o mais econ\u00f3mico come\u00e7a nos $49,99 mensais para o Plano Lite, que possibilita acesso a todas as ferramentas mais comuns como o Fresh Index, Site Explorer, Keyword Generator, os Gr\u00e1ficos de link, sites relacionados, Fluxo de Confian\u00e7a, Trust Flow T\u00f3pico, etc. Em seguida, o plano Pro \u00e9 ideal para quem pretende uma gest\u00e3o mais profissional, ou seja, por \u20ac94,99 por m\u00eas tem acesso a todas as op\u00e7\u00f5es do lite e a fun\u00e7\u00f5es profissionais como Relat\u00f3rios customizados, compara\u00e7\u00e3o de sites, Hist\u00f3rico do Flow Metric, Hist\u00f3rico de Backlink, etc. A diferente do plano Lite para o Pro tamb\u00e9m est\u00e1 no n\u00famero de unidades de an\u00e1lise, no Lite o limite \u00e9 1.000.000 e no Pro \u00e9 de 20.000.000. Para iniciar uma conta no Majestic \u00e9 muito f\u00e1cil, ap\u00f3s o registo e a confirma\u00e7\u00e3o do e-mail os dados do seu site ficam imediatamente dispon\u00edveis na plataforma para a sua consulta.<\/p>\n\n\n\n<figure class=\"wp-block-image size-large\"><a href=\"https:\/\/top10seosoftware.com\/wp-content\/uploads\/2021\/10\/Planos-e-Prec\u0327os-Majestic-min.png\" target=\"_blank\" rel=\"noopener\"><img loading=\"lazy\" decoding=\"async\" width=\"1024\" height=\"577\" src=\"https:\/\/top10seosoftware.com\/wp-content\/uploads\/2021\/10\/Planos-e-Prec\u0327os-Majestic-min-1024x577.png\" alt=\"\" class=\"wp-image-1627\" srcset=\"https:\/\/top10seosoftware.com\/wp-content\/uploads\/2021\/10\/Planos-e-Prec\u0327os-Majestic-min-1024x577.png 1024w, https:\/\/top10seosoftware.com\/wp-content\/uploads\/2021\/10\/Planos-e-Prec\u0327os-Majestic-min-300x169.png 300w, https:\/\/top10seosoftware.com\/wp-content\/uploads\/2021\/10\/Planos-e-Prec\u0327os-Majestic-min-768x432.png 768w, https:\/\/top10seosoftware.com\/wp-content\/uploads\/2021\/10\/Planos-e-Prec\u0327os-Majestic-min-1536x865.png 1536w, https:\/\/top10seosoftware.com\/wp-content\/uploads\/2021\/10\/Planos-e-Prec\u0327os-Majestic-min-2048x1153.png 2048w\" sizes=\"auto, (max-width: 1024px) 100vw, 1024px\" \/><\/a><\/figure>\n\n\n<div class=\"review-table\" data-current-company=\"majestic\" data-reviewed-company=\"seranking\" data-content-url=\"https:\/\/top10seosoftware.com\/wp-content\/themes\/top10seo\/assets\/data\/pt\/pricing_comparison.json\"><\/div>\n\n\n\n<h2 class=\"wp-block-heading\">AUDITORIA DE WEBSITE<\/h2>\n\n\n\n<p>Existem v\u00e1rias ferramentas que fazem do Majestic um servi\u00e7o \u00fanico. Atrav\u00e9s da sua intera\u00e7\u00e3o com a web e tamb\u00e9m da forma como o servi\u00e7o \u00e9 apresentado consegue proporcionar um servi\u00e7o de relev\u00e2ncia no mundo da Internet para os v\u00e1rios webmasters e marketers que utilizam as ferramentas.<\/p>\n\n\n\n<p>No entanto, alguns dos servi\u00e7os s\u00e3o servi\u00e7os que merecem ser mencionados como diferenciadores dentro da plataforma.<\/p>\n\n\n\n<h3 class=\"wp-block-heading\">Link Context<\/h3>\n\n\n\n<p>Este servi\u00e7o, que se pode traduzir para Portugu\u00eas como \u201cconte\u00fado do link\u201d significa que cada link \u00e9 auditado em busca da sua relev\u00e2ncia na Internet. Por exemplo, para um terminado link \u00e9 poss\u00edvel saber se faz parte de uma publica\u00e7\u00e3o num blog WordPress ou de um diret\u00f3rio onde existem v\u00e1rios links. Se for esta \u00faltima hip\u00f3tese, o Link Context atribuir\u00e1 menos relev\u00e2ncia a esse link. Isto \u00e9 uma forma de mostrar se o servi\u00e7o de link building. Existem tamb\u00e9m outras dete\u00e7\u00f5es como a posi\u00e7\u00e3o do link, a percentagem da&nbsp; p\u00e1gina onde o link est\u00e1 (mais em cima ou mais em baixo), etc.<\/p>\n\n\n\n<figure class=\"wp-block-image size-large\"><a href=\"https:\/\/top10seosoftware.com\/wp-content\/uploads\/2021\/10\/Site-Explorer-findingada.com-Contexto-Majestic-min.png\" target=\"_blank\" rel=\"noopener\"><img loading=\"lazy\" decoding=\"async\" width=\"1024\" height=\"609\" src=\"https:\/\/top10seosoftware.com\/wp-content\/uploads\/2021\/10\/Site-Explorer-findingada.com-Contexto-Majestic-min-1024x609.png\" alt=\"\" class=\"wp-image-1638\" srcset=\"https:\/\/top10seosoftware.com\/wp-content\/uploads\/2021\/10\/Site-Explorer-findingada.com-Contexto-Majestic-min-1024x609.png 1024w, https:\/\/top10seosoftware.com\/wp-content\/uploads\/2021\/10\/Site-Explorer-findingada.com-Contexto-Majestic-min-300x178.png 300w, https:\/\/top10seosoftware.com\/wp-content\/uploads\/2021\/10\/Site-Explorer-findingada.com-Contexto-Majestic-min-768x457.png 768w, https:\/\/top10seosoftware.com\/wp-content\/uploads\/2021\/10\/Site-Explorer-findingada.com-Contexto-Majestic-min-1536x913.png 1536w, https:\/\/top10seosoftware.com\/wp-content\/uploads\/2021\/10\/Site-Explorer-findingada.com-Contexto-Majestic-min-2048x1217.png 2048w\" sizes=\"auto, (max-width: 1024px) 100vw, 1024px\" \/><\/a><\/figure>\n\n\n\n<h3 class=\"wp-block-heading\">Citation flow<\/h3>\n\n\n\n<p>Este servi\u00e7o permite saber uma informa\u00e7\u00e3o diferente do Link Context, ou seja, consegue saber quantos s\u00e3o os links que est\u00e3o a linkar ao seu site, n\u00e3o se importando da boa ou m\u00e1 qualidade.<\/p>\n\n\n\n<p>Existem diferentes estrat\u00e9gias de marketing para diferentes objetivos, por isso este servi\u00e7o pode tamb\u00e9m ser utilizado neste sentido.<\/p>\n\n\n\n<h3 class=\"wp-block-heading\">Pontua\u00e7\u00e3o Flow metric<\/h3>\n\n\n\n<p>Esta pontua\u00e7\u00e3o \u00e9 a soma de v\u00e1rios servi\u00e7os Majestic num s\u00f3, ou seja, incorpora o Citation Flow, Trust Flow, Topical Trust Flow, Visibility Flow e Search Flow e cria uma pontua\u00e7\u00e3o \u00fanica para o site. Este processo \u00e9 criado especificamente no Majestic e permite afirmar ao longo do tempo se um site est\u00e1 ou n\u00e3o a evoluir, somando todas estas m\u00e9tricas.<\/p>\n\n\n\n<p>Desta forma, evita os c\u00e1lculos manuais e consegue de forma mais objetiva saber se o que est\u00e1 a fazer no seu site est\u00e1 a dar resultados.<\/p>\n\n\n\n<figure class=\"wp-block-image size-large\"><a href=\"https:\/\/top10seosoftware.com\/wp-content\/uploads\/2021\/10\/Site-Explorer-findingada.com-Resumo-Majestic-min.png\" target=\"_blank\" rel=\"noopener\"><img loading=\"lazy\" decoding=\"async\" width=\"1024\" height=\"639\" src=\"https:\/\/top10seosoftware.com\/wp-content\/uploads\/2021\/10\/Site-Explorer-findingada.com-Resumo-Majestic-min-1024x639.png\" alt=\"\" class=\"wp-image-1643\" srcset=\"https:\/\/top10seosoftware.com\/wp-content\/uploads\/2021\/10\/Site-Explorer-findingada.com-Resumo-Majestic-min-1024x639.png 1024w, https:\/\/top10seosoftware.com\/wp-content\/uploads\/2021\/10\/Site-Explorer-findingada.com-Resumo-Majestic-min-300x187.png 300w, https:\/\/top10seosoftware.com\/wp-content\/uploads\/2021\/10\/Site-Explorer-findingada.com-Resumo-Majestic-min-768x479.png 768w, https:\/\/top10seosoftware.com\/wp-content\/uploads\/2021\/10\/Site-Explorer-findingada.com-Resumo-Majestic-min-1536x958.png 1536w, https:\/\/top10seosoftware.com\/wp-content\/uploads\/2021\/10\/Site-Explorer-findingada.com-Resumo-Majestic-min-2048x1277.png 2048w\" sizes=\"auto, (max-width: 1024px) 100vw, 1024px\" \/><\/a><\/figure>\n\n\n<div class=\"review-table\" data-current-company=\"majestic\" data-reviewed-company=\"seranking\" data-content-url=\"https:\/\/top10seosoftware.com\/wp-content\/themes\/top10seo\/assets\/data\/pt\/site_audit.json\"><\/div>\n\n\n\n<h2 class=\"wp-block-heading\">AN\u00c1LISE DE CONCORRENTES<\/h2>\n\n\n\n<p>Se pretende comparar um concorrente seu diretamente, pode na ferramenta Comparar dom\u00ednios, pode colocar os dois sites e \u00e9 mostrada uma compara\u00e7\u00e3o de v\u00e1rios \u00e2ngulos como a relev\u00e2ncia do dom\u00ednio, os backlinks fora do site, os URLs indexados, etc. E com isso, poder\u00e1 verificar qual \u00e9 o \u201cmelhor\u201d site analisando estas v\u00e1rias m\u00e9tricas. Esta fun\u00e7\u00e3o especificamente est\u00e1 dispon\u00edvel para pessoas que n\u00e3o est\u00e3o registadas na plataforma, \u00e9 uma ferramenta completamente gr\u00e1tis.<\/p>\n\n\n<div class=\"review-table\" data-current-company=\"majestic\" data-reviewed-company=\"seranking\" data-content-url=\"https:\/\/top10seosoftware.com\/wp-content\/themes\/top10seo\/assets\/data\/pt\/competitive_research.json\"><\/div>\n\n\n\n<h2 class=\"wp-block-heading\">AN\u00c1LISE DE BACKLINKS&nbsp;<\/h2>\n\n\n\n<p>O backlink tracking e os reports s\u00e3o ferramentas essenciais. Por exemplo, se comprou um link num determinado site, poder\u00e1 enviar at\u00e9 400 sites num \u00fanico ficheiro e confirmar se o seu link ainda est\u00e1 presente no referido site. Por outro lado, existem gr\u00e1ficos que nos podem ajudar no entendimento dos links e se os mesmos est\u00e3o ainda funcionais.<\/p>\n\n\n\n<figure class=\"wp-block-image size-large\"><a href=\"https:\/\/top10seosoftware.com\/wp-content\/uploads\/2021\/10\/Site-Explorer-findingada.com-Backlinks-Majestic-min-1.png\" target=\"_blank\" rel=\"noopener\"><img loading=\"lazy\" decoding=\"async\" width=\"1024\" height=\"644\" src=\"https:\/\/top10seosoftware.com\/wp-content\/uploads\/2021\/10\/Site-Explorer-findingada.com-Backlinks-Majestic-min-1-1024x644.png\" alt=\"\" class=\"wp-image-1648\" srcset=\"https:\/\/top10seosoftware.com\/wp-content\/uploads\/2021\/10\/Site-Explorer-findingada.com-Backlinks-Majestic-min-1-1024x644.png 1024w, https:\/\/top10seosoftware.com\/wp-content\/uploads\/2021\/10\/Site-Explorer-findingada.com-Backlinks-Majestic-min-1-300x189.png 300w, https:\/\/top10seosoftware.com\/wp-content\/uploads\/2021\/10\/Site-Explorer-findingada.com-Backlinks-Majestic-min-1-768x483.png 768w, https:\/\/top10seosoftware.com\/wp-content\/uploads\/2021\/10\/Site-Explorer-findingada.com-Backlinks-Majestic-min-1-1536x966.png 1536w, https:\/\/top10seosoftware.com\/wp-content\/uploads\/2021\/10\/Site-Explorer-findingada.com-Backlinks-Majestic-min-1-2048x1288.png 2048w\" sizes=\"auto, (max-width: 1024px) 100vw, 1024px\" \/><\/a><\/figure>\n\n\n<div class=\"review-table\" data-current-company=\"majestic\" data-reviewed-company=\"seranking\" data-content-url=\"https:\/\/top10seosoftware.com\/wp-content\/themes\/top10seo\/assets\/data\/pt\/backlink_research.json\"><\/div>\n","protected":false},"excerpt":{"rendered":"<p>Vis\u00e3o Geral Qualquer pessoa ou ag\u00eancia empenhada no crescimento do seu website vai confirmar que o Majestic \u00e9 um site que efetivamente entrega todo na ponta das nossas m\u00e3os, e que permite manter uma abordagem r\u00e1pida ao estado do nosso site. Da mesma forma que pode tamb\u00e9m pormenorizar de forma detalhada a forma como visualizamos [&hellip;]<\/p>\n","protected":false},"author":1,"featured_media":0,"parent":0,"menu_order":0,"comment_status":"closed","ping_status":"closed","template":"page-templates\/review-page.php","meta":{"_acf_changed":false,"_sitemap_exclude":false,"_sitemap_priority":"","_sitemap_frequency":"","footnotes":""},"class_list":["post-1613","page","type-page","status-publish","hentry"],"acf":[],"yoast_head":"<!-- This site is optimized with the Yoast SEO plugin v26.6 - https:\/\/yoast.com\/wordpress\/plugins\/seo\/ -->\n<title>Avalia\u00e7\u00e3o de SEO do Majestic 2024<\/title>\n<meta name=\"description\" content=\"Quer uma revis\u00e3o honesta da ferramenta completa de SEO do Majestic? Mergulhamos nas funcionalidades desta ferramenta, incluindo monitoramento de classifica\u00e7\u00f5es, auditoria do website, an\u00e1lise competitiva, pesquisa de backlink e quanto custa cada pacote do Majestic e o que ele inclui.\" \/>\n<meta name=\"robots\" content=\"index, follow, max-snippet:-1, max-image-preview:large, max-video-preview:-1\" \/>\n<link rel=\"canonical\" href=\"https:\/\/top10seosoftware.com\/pt\/avaliacao-do-majestic\/\" \/>\n<meta property=\"og:locale\" content=\"pt_PT\" \/>\n<meta property=\"og:type\" content=\"article\" \/>\n<meta property=\"og:title\" content=\"Avalia\u00e7\u00e3o de SEO do Majestic 2024\" \/>\n<meta property=\"og:description\" content=\"Quer uma revis\u00e3o honesta da ferramenta completa de SEO do Majestic? Mergulhamos nas funcionalidades desta ferramenta, incluindo monitoramento de classifica\u00e7\u00f5es, auditoria do website, an\u00e1lise competitiva, pesquisa de backlink e quanto custa cada pacote do Majestic e o que ele inclui.\" \/>\n<meta property=\"og:url\" content=\"https:\/\/top10seosoftware.com\/pt\/avaliacao-do-majestic\/\" \/>\n<meta property=\"og:site_name\" content=\"Top10seosoftware.com\" \/>\n<meta property=\"article:modified_time\" content=\"2024-01-10T01:10:17+00:00\" \/>\n<meta name=\"twitter:card\" content=\"summary_large_image\" \/>\n<meta name=\"twitter:label1\" content=\"Est. reading time\" \/>\n\t<meta name=\"twitter:data1\" content=\"6 minutes\" \/>\n<!-- \/ Yoast SEO plugin. -->","yoast_head_json":{"title":"Avalia\u00e7\u00e3o de SEO do Majestic 2024","description":"Quer uma revis\u00e3o honesta da ferramenta completa de SEO do Majestic? Mergulhamos nas funcionalidades desta ferramenta, incluindo monitoramento de classifica\u00e7\u00f5es, auditoria do website, an\u00e1lise competitiva, pesquisa de backlink e quanto custa cada pacote do Majestic e o que ele inclui.","robots":{"index":"index","follow":"follow","max-snippet":"max-snippet:-1","max-image-preview":"max-image-preview:large","max-video-preview":"max-video-preview:-1"},"canonical":"https:\/\/top10seosoftware.com\/pt\/avaliacao-do-majestic\/","og_locale":"pt_PT","og_type":"article","og_title":"Avalia\u00e7\u00e3o de SEO do Majestic 2024","og_description":"Quer uma revis\u00e3o honesta da ferramenta completa de SEO do Majestic? Mergulhamos nas funcionalidades desta ferramenta, incluindo monitoramento de classifica\u00e7\u00f5es, auditoria do website, an\u00e1lise competitiva, pesquisa de backlink e quanto custa cada pacote do Majestic e o que ele inclui.","og_url":"https:\/\/top10seosoftware.com\/pt\/avaliacao-do-majestic\/","og_site_name":"Top10seosoftware.com","article_modified_time":"2024-01-10T01:10:17+00:00","twitter_card":"summary_large_image","twitter_misc":{"Est. reading time":"6 minutes"},"schema":{"@context":"https:\/\/schema.org","@graph":[{"@type":"WebPage","@id":"https:\/\/top10seosoftware.com\/pt\/avaliacao-do-majestic\/","url":"https:\/\/top10seosoftware.com\/pt\/avaliacao-do-majestic\/","name":"Avalia\u00e7\u00e3o de SEO do Majestic 2024","isPartOf":{"@id":"https:\/\/top10seosoftware.com\/#website"},"primaryImageOfPage":{"@id":"https:\/\/top10seosoftware.com\/pt\/avaliacao-do-majestic\/#primaryimage"},"image":{"@id":"https:\/\/top10seosoftware.com\/pt\/avaliacao-do-majestic\/#primaryimage"},"thumbnailUrl":"https:\/\/top10seosoftware.com\/wp-content\/uploads\/2021\/11\/image1-1024x536.png","datePublished":"2021-10-28T14:50:01+00:00","dateModified":"2024-01-10T01:10:17+00:00","description":"Quer uma revis\u00e3o honesta da ferramenta completa de SEO do Majestic? Mergulhamos nas funcionalidades desta ferramenta, incluindo monitoramento de classifica\u00e7\u00f5es, auditoria do website, an\u00e1lise competitiva, pesquisa de backlink e quanto custa cada pacote do Majestic e o que ele inclui.","breadcrumb":{"@id":"https:\/\/top10seosoftware.com\/pt\/avaliacao-do-majestic\/#breadcrumb"},"inLanguage":"pt","potentialAction":[{"@type":"ReadAction","target":["https:\/\/top10seosoftware.com\/pt\/avaliacao-do-majestic\/"]}]},{"@type":"ImageObject","inLanguage":"pt","@id":"https:\/\/top10seosoftware.com\/pt\/avaliacao-do-majestic\/#primaryimage","url":"https:\/\/top10seosoftware.com\/wp-content\/uploads\/2021\/11\/image1-1024x536.png","contentUrl":"https:\/\/top10seosoftware.com\/wp-content\/uploads\/2021\/11\/image1-1024x536.png"},{"@type":"BreadcrumbList","@id":"https:\/\/top10seosoftware.com\/pt\/avaliacao-do-majestic\/#breadcrumb","itemListElement":[{"@type":"ListItem","position":1,"name":"Home","item":"https:\/\/top10seosoftware.com\/pt\/"},{"@type":"ListItem","position":2,"name":"Avalia\u00e7\u00e3o do Majestic"}]},{"@type":"WebSite","@id":"https:\/\/top10seosoftware.com\/#website","url":"https:\/\/top10seosoftware.com\/","name":"Top10seosoftware.com","description":"Top 10 SEO Software","publisher":{"@id":"https:\/\/top10seosoftware.com\/#organization"},"potentialAction":[{"@type":"SearchAction","target":{"@type":"EntryPoint","urlTemplate":"https:\/\/top10seosoftware.com\/?s={search_term_string}"},"query-input":{"@type":"PropertyValueSpecification","valueRequired":true,"valueName":"search_term_string"}}],"inLanguage":"pt"},{"@type":"Organization","@id":"https:\/\/top10seosoftware.com\/#organization","name":"Top10seosoftware.com","url":"https:\/\/top10seosoftware.com\/","logo":{"@type":"ImageObject","inLanguage":"pt","@id":"https:\/\/top10seosoftware.com\/#\/schema\/logo\/image\/","url":"https:\/\/top10seosoftware.com\/wp-content\/uploads\/2021\/10\/logo.svg","contentUrl":"https:\/\/top10seosoftware.com\/wp-content\/uploads\/2021\/10\/logo.svg","width":1,"height":1,"caption":"Top10seosoftware.com"},"image":{"@id":"https:\/\/top10seosoftware.com\/#\/schema\/logo\/image\/"}}]}},"_links":{"self":[{"href":"https:\/\/top10seosoftware.com\/pt\/wp-json\/wp\/v2\/pages\/1613","targetHints":{"allow":["GET"]}}],"collection":[{"href":"https:\/\/top10seosoftware.com\/pt\/wp-json\/wp\/v2\/pages"}],"about":[{"href":"https:\/\/top10seosoftware.com\/pt\/wp-json\/wp\/v2\/types\/page"}],"author":[{"embeddable":true,"href":"https:\/\/top10seosoftware.com\/pt\/wp-json\/wp\/v2\/users\/1"}],"replies":[{"embeddable":true,"href":"https:\/\/top10seosoftware.com\/pt\/wp-json\/wp\/v2\/comments?post=1613"}],"version-history":[{"count":0,"href":"https:\/\/top10seosoftware.com\/pt\/wp-json\/wp\/v2\/pages\/1613\/revisions"}],"wp:attachment":[{"href":"https:\/\/top10seosoftware.com\/pt\/wp-json\/wp\/v2\/media?parent=1613"}],"curies":[{"name":"wp","href":"https:\/\/api.w.org\/{rel}","templated":true}]}}