{"id":2822,"date":"2021-11-08T15:29:19","date_gmt":"2021-11-08T12:29:19","guid":{"rendered":"https:\/\/top10seosoftware.com\/?page_id=2822"},"modified":"2021-11-08T15:29:20","modified_gmt":"2021-11-08T12:29:20","slug":"aviso-de-afiliado","status":"publish","type":"page","link":"https:\/\/top10seosoftware.com\/pt\/aviso-de-afiliado\/","title":{"rendered":"Aviso de Afiliado"},"content":{"rendered":"\n<p>O TOP10 SEO SOFTWARE PODE RECEBER COMISS\u00c3O, TAXA E \/ OU OUTRA COMPENSA\u00c7\u00c3O EM ALGUNS CLIQUES OU COMPRAS FEITAS, ATRAV\u00c9S DE OU VINCULADAS AOS SERVI\u00c7OS.<\/p>\n\n\n\n<p>ISTO SIGNIFICA QUE O TOP10 SEO SOFTWARE PODE RECEBER ALGUMA FORMA DE COMPENSA\u00c7\u00c3O ATRAV\u00c9S DE UM ACORDO QUE TENHA COM TERCEIROS SE VOC\u00ca (i) CLICAR EM ALGUNS LINKS EM NOSSO SITE, E-MAILS OU NEWSLETTER, OU (ii) COMPRAR UM PRODUTO OU SERVI\u00c7O AP\u00d3S CLICAR EM UM LINK .<\/p>\n\n\n\n<p>Top10 SEO Software n\u00e3o representa ou endossa a precis\u00e3o ou confiabilidade de qualquer Conte\u00fado ou outro material postado em qualquer \u00e1rea interativa ou em outro lugar no site e voc\u00ea reconhece que qualquer confian\u00e7a em tal conte\u00fado ou outro material ser\u00e1 por sua conta e risco. Qualquer conte\u00fado ou outro material colocado em qualquer \u00e1rea interativa pelos usu\u00e1rios representa as opini\u00f5es do usu\u00e1rio que postou a declara\u00e7\u00e3o, e n\u00e3o representa as opini\u00f5es do Top10 SEO Software.<\/p>\n\n\n\n<p>O site pode conter links para sites na Internet que pertencem e s\u00e3o operados por terceiros. Voc\u00ea reconhece que o Top10 SEO Software n\u00e3o \u00e9 respons\u00e1vel pela disponibilidade ou pelo conte\u00fado localizado em ou atrav\u00e9s de qualquer site externo, e que o uso de tais sites externos pode estar sujeito aos termos e condi\u00e7\u00f5es e \/ ou pol\u00edtica de privacidade de terceiros. Qualquer conte\u00fado de terceiros ou um link para um site de terceiros n\u00e3o \u00e9 um endosso desse conte\u00fado ou site de terceiros. Voc\u00ea deve entrar em contato com o administrador do site ou webmaster desses sites externos se tiver alguma d\u00favida em rela\u00e7\u00e3o a esses links ou ao conte\u00fado localizado em tais sites externos.<\/p>\n\n\n\n<p>Normalmente, n\u00e3o vendemos, revendemos ou licenciamos diretamente qualquer um dos produtos ou servi\u00e7os que analisamos, listamos ou anunciamos em nossos sites e nos isentamos de qualquer responsabilidade ou obriga\u00e7\u00e3o relacionada a eles. Sua correspond\u00eancia ou atividades relacionadas com terceiros, incluindo transa\u00e7\u00f5es de pagamento e transa\u00e7\u00f5es de entrega de mercadorias, s\u00e3o exclusivamente entre voc\u00ea e esse terceiro. Todas as informa\u00e7\u00f5es sobre produtos e neg\u00f3cios, como desconto, pre\u00e7o e disponibilidade, s\u00e3o consideradas precisas no momento da publica\u00e7\u00e3o e est\u00e3o sujeitas a altera\u00e7\u00f5es. Verifique esses detalhes com o site do comerciante e verifique os termos e condi\u00e7\u00f5es do comerciante antes de comprar. Voc\u00ea concorda que n\u00e3o seremos respons\u00e1veis \u200b\u200bpor qualquer perda ou dano de qualquer tipo incorrido como resultado de qualquer uma de suas transa\u00e7\u00f5es com terceiros. Quaisquer d\u00favidas, reclama\u00e7\u00f5es ou reclama\u00e7\u00f5es relacionadas a qualquer produto ou servi\u00e7o devem ser direcionadas ao fornecedor apropriado. No entanto, no caso de vendermos, revendermos ou licenciarmos produtos ou servi\u00e7os, quaisquer termos e condi\u00e7\u00f5es relacionados \u00e0 sua compra ou licen\u00e7a de tais produtos e servi\u00e7os de n\u00f3s ou de quaisquer afiliados estar\u00e3o acess\u00edveis na p\u00e1gina do site aplic\u00e1vel.<\/p>\n","protected":false},"excerpt":{"rendered":"<p>O TOP10 SEO SOFTWARE PODE RECEBER COMISS\u00c3O, TAXA E \/ OU OUTRA COMPENSA\u00c7\u00c3O EM ALGUNS CLIQUES OU COMPRAS FEITAS, ATRAV\u00c9S DE OU VINCULADAS AOS SERVI\u00c7OS. ISTO SIGNIFICA QUE O TOP10 SEO SOFTWARE PODE RECEBER ALGUMA FORMA DE COMPENSA\u00c7\u00c3O ATRAV\u00c9S DE UM ACORDO QUE TENHA COM TERCEIROS SE VOC\u00ca (i) CLICAR EM ALGUNS LINKS EM NOSSO [&hellip;]<\/p>\n","protected":false},"author":1,"featured_media":0,"parent":0,"menu_order":0,"comment_status":"closed","ping_status":"closed","template":"page-templates\/affiliate.php","meta":{"_acf_changed":false,"_sitemap_exclude":false,"_sitemap_priority":"","_sitemap_frequency":"","footnotes":""},"class_list":["post-2822","page","type-page","status-publish","hentry"],"acf":[],"yoast_head":"<!-- This site is optimized with the Yoast SEO plugin v26.6 - https:\/\/yoast.com\/wordpress\/plugins\/seo\/ -->\n<title>Divulga\u00e7\u00e3o de Afilia\u00e7\u00e3o | Top10 SEO Software<\/title>\n<meta name=\"description\" content=\"TOP10 SEO Software pode receber uma comiss\u00e3o, um montante ou outra compensa\u00e7\u00e3o em alguns cliques feitos, ou vendas feitas atrav\u00e9s da nossa opini\u00e3o e conte\u00fado.\" \/>\n<meta name=\"robots\" content=\"index, follow, max-snippet:-1, max-image-preview:large, max-video-preview:-1\" \/>\n<link rel=\"canonical\" href=\"https:\/\/top10seosoftware.com\/affiliate-disclosure\/\" \/>\n<meta property=\"og:locale\" content=\"pt_PT\" \/>\n<meta property=\"og:type\" content=\"article\" \/>\n<meta property=\"og:title\" content=\"Divulga\u00e7\u00e3o de Afilia\u00e7\u00e3o | Top10 SEO Software\" \/>\n<meta property=\"og:description\" content=\"TOP10 SEO Software pode receber uma comiss\u00e3o, um montante ou outra compensa\u00e7\u00e3o em alguns cliques feitos, ou vendas feitas atrav\u00e9s da nossa opini\u00e3o e conte\u00fado.\" \/>\n<meta property=\"og:url\" content=\"https:\/\/top10seosoftware.com\/affiliate-disclosure\/\" \/>\n<meta property=\"og:site_name\" content=\"Top10seosoftware.com\" \/>\n<meta property=\"article:modified_time\" content=\"2021-11-08T12:29:20+00:00\" \/>\n<meta name=\"twitter:card\" content=\"summary_large_image\" \/>\n<meta name=\"twitter:label1\" content=\"Est. reading time\" \/>\n\t<meta name=\"twitter:data1\" content=\"3 minutes\" \/>\n<!-- \/ Yoast SEO plugin. -->","yoast_head_json":{"title":"Divulga\u00e7\u00e3o de Afilia\u00e7\u00e3o | Top10 SEO Software","description":"TOP10 SEO Software pode receber uma comiss\u00e3o, um montante ou outra compensa\u00e7\u00e3o em alguns cliques feitos, ou vendas feitas atrav\u00e9s da nossa opini\u00e3o e conte\u00fado.","robots":{"index":"index","follow":"follow","max-snippet":"max-snippet:-1","max-image-preview":"max-image-preview:large","max-video-preview":"max-video-preview:-1"},"canonical":"https:\/\/top10seosoftware.com\/affiliate-disclosure\/","og_locale":"pt_PT","og_type":"article","og_title":"Divulga\u00e7\u00e3o de Afilia\u00e7\u00e3o | Top10 SEO Software","og_description":"TOP10 SEO Software pode receber uma comiss\u00e3o, um montante ou outra compensa\u00e7\u00e3o em alguns cliques feitos, ou vendas feitas atrav\u00e9s da nossa opini\u00e3o e conte\u00fado.","og_url":"https:\/\/top10seosoftware.com\/affiliate-disclosure\/","og_site_name":"Top10seosoftware.com","article_modified_time":"2021-11-08T12:29:20+00:00","twitter_card":"summary_large_image","twitter_misc":{"Est. reading time":"3 minutes"},"schema":{"@context":"https:\/\/schema.org","@graph":[{"@type":"WebPage","@id":"https:\/\/top10seosoftware.com\/affiliate-disclosure\/","url":"https:\/\/top10seosoftware.com\/affiliate-disclosure\/","name":"Divulga\u00e7\u00e3o de Afilia\u00e7\u00e3o | Top10 SEO Software","isPartOf":{"@id":"https:\/\/top10seosoftware.com\/#website"},"datePublished":"2021-11-08T12:29:19+00:00","dateModified":"2021-11-08T12:29:20+00:00","description":"TOP10 SEO Software pode receber uma comiss\u00e3o, um montante ou outra compensa\u00e7\u00e3o em alguns cliques feitos, ou vendas feitas atrav\u00e9s da nossa opini\u00e3o e conte\u00fado.","breadcrumb":{"@id":"https:\/\/top10seosoftware.com\/affiliate-disclosure\/#breadcrumb"},"inLanguage":"pt","potentialAction":[{"@type":"ReadAction","target":["https:\/\/top10seosoftware.com\/affiliate-disclosure\/"]}]},{"@type":"BreadcrumbList","@id":"https:\/\/top10seosoftware.com\/affiliate-disclosure\/#breadcrumb","itemListElement":[{"@type":"ListItem","position":1,"name":"Home","item":"https:\/\/top10seosoftware.com\/pt\/"},{"@type":"ListItem","position":2,"name":"Aviso de Afiliado"}]},{"@type":"WebSite","@id":"https:\/\/top10seosoftware.com\/#website","url":"https:\/\/top10seosoftware.com\/","name":"Top10seosoftware.com","description":"Top 10 SEO Software","publisher":{"@id":"https:\/\/top10seosoftware.com\/#organization"},"potentialAction":[{"@type":"SearchAction","target":{"@type":"EntryPoint","urlTemplate":"https:\/\/top10seosoftware.com\/?s={search_term_string}"},"query-input":{"@type":"PropertyValueSpecification","valueRequired":true,"valueName":"search_term_string"}}],"inLanguage":"pt"},{"@type":"Organization","@id":"https:\/\/top10seosoftware.com\/#organization","name":"Top10seosoftware.com","url":"https:\/\/top10seosoftware.com\/","logo":{"@type":"ImageObject","inLanguage":"pt","@id":"https:\/\/top10seosoftware.com\/#\/schema\/logo\/image\/","url":"https:\/\/top10seosoftware.com\/wp-content\/uploads\/2021\/10\/logo.svg","contentUrl":"https:\/\/top10seosoftware.com\/wp-content\/uploads\/2021\/10\/logo.svg","width":1,"height":1,"caption":"Top10seosoftware.com"},"image":{"@id":"https:\/\/top10seosoftware.com\/#\/schema\/logo\/image\/"}}]}},"_links":{"self":[{"href":"https:\/\/top10seosoftware.com\/pt\/wp-json\/wp\/v2\/pages\/2822","targetHints":{"allow":["GET"]}}],"collection":[{"href":"https:\/\/top10seosoftware.com\/pt\/wp-json\/wp\/v2\/pages"}],"about":[{"href":"https:\/\/top10seosoftware.com\/pt\/wp-json\/wp\/v2\/types\/page"}],"author":[{"embeddable":true,"href":"https:\/\/top10seosoftware.com\/pt\/wp-json\/wp\/v2\/users\/1"}],"replies":[{"embeddable":true,"href":"https:\/\/top10seosoftware.com\/pt\/wp-json\/wp\/v2\/comments?post=2822"}],"version-history":[{"count":0,"href":"https:\/\/top10seosoftware.com\/pt\/wp-json\/wp\/v2\/pages\/2822\/revisions"}],"wp:attachment":[{"href":"https:\/\/top10seosoftware.com\/pt\/wp-json\/wp\/v2\/media?parent=2822"}],"curies":[{"name":"wp","href":"https:\/\/api.w.org\/{rel}","templated":true}]}}