{"id":2827,"date":"2021-11-08T16:02:11","date_gmt":"2021-11-08T13:02:11","guid":{"rendered":"https:\/\/top10seosoftware.com\/?page_id=2827"},"modified":"2026-03-10T07:33:55","modified_gmt":"2026-03-10T04:33:55","slug":"sobre-nos","status":"publish","type":"page","link":"https:\/\/top10seosoftware.com\/pt\/sobre-nos\/","title":{"rendered":"Declara\u00e7\u00e3o de miss\u00e3o do Top10 SEO Software"},"content":{"rendered":"\n<div class=\"wp-block-image\"><figure class=\"aligncenter size-full\"><img decoding=\"async\" src=\"https:\/\/top10seosoftware.com\/wp-content\/uploads\/2021\/10\/b-1.svg\" alt=\"\" class=\"wp-image-330\"\/><\/figure><\/div>\n\n\n\n<h2 class=\"wp-block-heading\">Nossa miss\u00e3o<\/h2>\n\n\n\n<p>O Top10 SEO Software tem o compromisso de produzir material de primeira linha em ferramentas de SEO com base em nossas pr\u00f3prias experi\u00eancias. Os dados fornecidos em nosso site sobre ferramentas de SEO s\u00e3o desenvolvidos por meio de pesquisas e testes rigorosos e s\u00e3o respaldados por experi\u00eancia na \u00e1rea de marketing digital e otimiza\u00e7\u00e3o de mecanismos de busca.<\/p>\n\n\n\n<p>Cada revis\u00e3o \u00e9 baseada nos resultados de um teste que possui crit\u00e9rios espec\u00edficos e \u00e9 consistente em todos os produtos de SEO revisados. Nossas metodologias visam fornecer resultados precisos, imparciais e objetivos. Estamos sempre empenhados em encontrar novos produtos e crit\u00e9rios para testar e fornecer apenas dados reais e relevantes.<\/p>\n\n\n\n<div class=\"wp-block-image\"><figure class=\"aligncenter size-full\"><img decoding=\"async\" src=\"https:\/\/top10seosoftware.com\/wp-content\/uploads\/2021\/10\/b-2.svg\" alt=\"\" class=\"wp-image-334\"\/><\/figure><\/div>\n\n\n\n<h2 class=\"wp-block-heading\">Nossos valores<\/h2>\n\n\n\n<p>No Top10 SEO Software, valorizamos a independ\u00eancia e a imparcialidade, em primeiro lugar. Todo o conte\u00fado \u00e9 produzido exclusivamente para o benef\u00edcio de voc\u00ea, leitor. No entanto, podemos ganhar comiss\u00f5es de afiliados pela compra de links, o que ajuda a apoiar nossos testes.<\/p>\n\n\n\n<p>As vis\u00f5es e opini\u00f5es expressas neste site s\u00e3o da equipe editorial e n\u00e3o t\u00eam a inten\u00e7\u00e3o de difamar qualquer organiza\u00e7\u00e3o, empresa ou indiv\u00edduo.<\/p>\n\n\n\n<div class=\"wp-block-image\"><figure class=\"aligncenter size-full\"><img decoding=\"async\" src=\"https:\/\/top10seosoftware.com\/wp-content\/uploads\/2021\/10\/b-3.svg\" alt=\"\" class=\"wp-image-339\"\/><\/figure><\/div>\n\n\n\n<h2 class=\"wp-block-heading\">Nossa vis\u00e3o<\/h2>\n\n\n\n<p>A equipe da Top10 SEO Software trabalha para deixar claro aos leitores quais s\u00e3o os benef\u00edcios de cada produto analisado individualmente, para que possam tomar uma decis\u00e3o informada sem investir seu valioso tempo e recursos para testar cada ferramenta por conta pr\u00f3pria.<\/p>\n\n\n\n<p>Damos a cada empresa cujo produto analisamos a oportunidade de abordar quaisquer defici\u00eancias encontradas com as quais eles n\u00e3o concordem. No entanto, cabe \u00e0 nossa equipe tomar a decis\u00e3o final.<\/p>\n","protected":false},"excerpt":{"rendered":"<p>Nossa miss\u00e3o O Top10 SEO Software tem o compromisso de produzir material de primeira linha em ferramentas de SEO com base em nossas pr\u00f3prias experi\u00eancias. Os dados fornecidos em nosso site sobre ferramentas de SEO s\u00e3o desenvolvidos por meio de pesquisas e testes rigorosos e s\u00e3o respaldados por experi\u00eancia na \u00e1rea de marketing digital e [&hellip;]<\/p>\n","protected":false},"author":1,"featured_media":0,"parent":0,"menu_order":0,"comment_status":"closed","ping_status":"closed","template":"page-templates\/about-us.php","meta":{"_acf_changed":false,"_sitemap_exclude":false,"_sitemap_priority":"","_sitemap_frequency":"","footnotes":""},"class_list":["post-2827","page","type-page","status-publish","hentry"],"acf":[],"yoast_head":"<!-- This site is optimized with the Yoast SEO plugin v26.6 - https:\/\/yoast.com\/wordpress\/plugins\/seo\/ -->\n<title>Sobre N\u00f3s | Top10 SEO Software<\/title>\n<meta name=\"description\" content=\"O Top10 SEO Software entrega avalia\u00e7\u00f5es independentes de ferramentas e plataformas de SEO. A an\u00e1lise comparativa conduzida pela nossa equipe traz-lhe conselhos pr\u00e1ticos para que possa tomar uma decis\u00e3o mais informada na hora de contratar a solu\u00e7\u00e3o que mais se indica ao que procura.\" \/>\n<meta name=\"robots\" content=\"index, follow, max-snippet:-1, max-image-preview:large, max-video-preview:-1\" \/>\n<link rel=\"canonical\" href=\"https:\/\/top10seosoftware.com\/pt\/sobre-nos\/\" \/>\n<meta property=\"og:locale\" content=\"pt_PT\" \/>\n<meta property=\"og:type\" content=\"article\" \/>\n<meta property=\"og:title\" content=\"Sobre N\u00f3s | Top10 SEO Software\" \/>\n<meta property=\"og:description\" content=\"O Top10 SEO Software entrega avalia\u00e7\u00f5es independentes de ferramentas e plataformas de SEO. A an\u00e1lise comparativa conduzida pela nossa equipe traz-lhe conselhos pr\u00e1ticos para que possa tomar uma decis\u00e3o mais informada na hora de contratar a solu\u00e7\u00e3o que mais se indica ao que procura.\" \/>\n<meta property=\"og:url\" content=\"https:\/\/top10seosoftware.com\/pt\/sobre-nos\/\" \/>\n<meta property=\"og:site_name\" content=\"Top10seosoftware.com\" \/>\n<meta property=\"article:modified_time\" content=\"2026-03-10T04:33:55+00:00\" \/>\n<meta name=\"twitter:card\" content=\"summary_large_image\" \/>\n<meta name=\"twitter:label1\" content=\"Est. reading time\" \/>\n\t<meta name=\"twitter:data1\" content=\"2 minutes\" \/>\n<!-- \/ Yoast SEO plugin. -->","yoast_head_json":{"title":"Sobre N\u00f3s | Top10 SEO Software","description":"O Top10 SEO Software entrega avalia\u00e7\u00f5es independentes de ferramentas e plataformas de SEO. A an\u00e1lise comparativa conduzida pela nossa equipe traz-lhe conselhos pr\u00e1ticos para que possa tomar uma decis\u00e3o mais informada na hora de contratar a solu\u00e7\u00e3o que mais se indica ao que procura.","robots":{"index":"index","follow":"follow","max-snippet":"max-snippet:-1","max-image-preview":"max-image-preview:large","max-video-preview":"max-video-preview:-1"},"canonical":"https:\/\/top10seosoftware.com\/pt\/sobre-nos\/","og_locale":"pt_PT","og_type":"article","og_title":"Sobre N\u00f3s | Top10 SEO Software","og_description":"O Top10 SEO Software entrega avalia\u00e7\u00f5es independentes de ferramentas e plataformas de SEO. A an\u00e1lise comparativa conduzida pela nossa equipe traz-lhe conselhos pr\u00e1ticos para que possa tomar uma decis\u00e3o mais informada na hora de contratar a solu\u00e7\u00e3o que mais se indica ao que procura.","og_url":"https:\/\/top10seosoftware.com\/pt\/sobre-nos\/","og_site_name":"Top10seosoftware.com","article_modified_time":"2026-03-10T04:33:55+00:00","twitter_card":"summary_large_image","twitter_misc":{"Est. reading time":"2 minutes"},"schema":{"@context":"https:\/\/schema.org","@graph":[{"@type":"WebPage","@id":"https:\/\/top10seosoftware.com\/pt\/sobre-nos\/","url":"https:\/\/top10seosoftware.com\/pt\/sobre-nos\/","name":"Sobre N\u00f3s | Top10 SEO Software","isPartOf":{"@id":"https:\/\/top10seosoftware.com\/#website"},"primaryImageOfPage":{"@id":"https:\/\/top10seosoftware.com\/pt\/sobre-nos\/#primaryimage"},"image":{"@id":"https:\/\/top10seosoftware.com\/pt\/sobre-nos\/#primaryimage"},"thumbnailUrl":"https:\/\/top10seosoftware.com\/wp-content\/uploads\/2021\/10\/b-1.svg","datePublished":"2021-11-08T13:02:11+00:00","dateModified":"2026-03-10T04:33:55+00:00","description":"O Top10 SEO Software entrega avalia\u00e7\u00f5es independentes de ferramentas e plataformas de SEO. A an\u00e1lise comparativa conduzida pela nossa equipe traz-lhe conselhos pr\u00e1ticos para que possa tomar uma decis\u00e3o mais informada na hora de contratar a solu\u00e7\u00e3o que mais se indica ao que procura.","breadcrumb":{"@id":"https:\/\/top10seosoftware.com\/pt\/sobre-nos\/#breadcrumb"},"inLanguage":"pt","potentialAction":[{"@type":"ReadAction","target":["https:\/\/top10seosoftware.com\/pt\/sobre-nos\/"]}]},{"@type":"ImageObject","inLanguage":"pt","@id":"https:\/\/top10seosoftware.com\/pt\/sobre-nos\/#primaryimage","url":"https:\/\/top10seosoftware.com\/wp-content\/uploads\/2021\/10\/b-1.svg","contentUrl":"https:\/\/top10seosoftware.com\/wp-content\/uploads\/2021\/10\/b-1.svg"},{"@type":"BreadcrumbList","@id":"https:\/\/top10seosoftware.com\/pt\/sobre-nos\/#breadcrumb","itemListElement":[{"@type":"ListItem","position":1,"name":"Home","item":"https:\/\/top10seosoftware.com\/pt\/"},{"@type":"ListItem","position":2,"name":"Declara\u00e7\u00e3o de miss\u00e3o do Top10 SEO Software"}]},{"@type":"WebSite","@id":"https:\/\/top10seosoftware.com\/#website","url":"https:\/\/top10seosoftware.com\/","name":"Top10seosoftware.com","description":"Top 10 SEO Software","publisher":{"@id":"https:\/\/top10seosoftware.com\/#organization"},"potentialAction":[{"@type":"SearchAction","target":{"@type":"EntryPoint","urlTemplate":"https:\/\/top10seosoftware.com\/?s={search_term_string}"},"query-input":{"@type":"PropertyValueSpecification","valueRequired":true,"valueName":"search_term_string"}}],"inLanguage":"pt"},{"@type":"Organization","@id":"https:\/\/top10seosoftware.com\/#organization","name":"Top10seosoftware.com","url":"https:\/\/top10seosoftware.com\/","logo":{"@type":"ImageObject","inLanguage":"pt","@id":"https:\/\/top10seosoftware.com\/#\/schema\/logo\/image\/","url":"https:\/\/top10seosoftware.com\/wp-content\/uploads\/2021\/10\/logo.svg","contentUrl":"https:\/\/top10seosoftware.com\/wp-content\/uploads\/2021\/10\/logo.svg","width":1,"height":1,"caption":"Top10seosoftware.com"},"image":{"@id":"https:\/\/top10seosoftware.com\/#\/schema\/logo\/image\/"}}]}},"_links":{"self":[{"href":"https:\/\/top10seosoftware.com\/pt\/wp-json\/wp\/v2\/pages\/2827","targetHints":{"allow":["GET"]}}],"collection":[{"href":"https:\/\/top10seosoftware.com\/pt\/wp-json\/wp\/v2\/pages"}],"about":[{"href":"https:\/\/top10seosoftware.com\/pt\/wp-json\/wp\/v2\/types\/page"}],"author":[{"embeddable":true,"href":"https:\/\/top10seosoftware.com\/pt\/wp-json\/wp\/v2\/users\/1"}],"replies":[{"embeddable":true,"href":"https:\/\/top10seosoftware.com\/pt\/wp-json\/wp\/v2\/comments?post=2827"}],"version-history":[{"count":1,"href":"https:\/\/top10seosoftware.com\/pt\/wp-json\/wp\/v2\/pages\/2827\/revisions"}],"predecessor-version":[{"id":25084,"href":"https:\/\/top10seosoftware.com\/pt\/wp-json\/wp\/v2\/pages\/2827\/revisions\/25084"}],"wp:attachment":[{"href":"https:\/\/top10seosoftware.com\/pt\/wp-json\/wp\/v2\/media?parent=2827"}],"curies":[{"name":"wp","href":"https:\/\/api.w.org\/{rel}","templated":true}]}}