{"id":4948,"date":"2021-11-15T10:48:17","date_gmt":"2021-11-15T07:48:17","guid":{"rendered":"https:\/\/top10seosoftware.com\/?page_id=4948"},"modified":"2024-01-10T04:10:08","modified_gmt":"2024-01-10T01:10:08","slug":"avaliacao-do-rankingcoach","status":"publish","type":"page","link":"https:\/\/top10seosoftware.com\/pt\/avaliacao-do-rankingcoach\/","title":{"rendered":"Avalia\u00e7\u00e3o do rankingCoach"},"content":{"rendered":"\n<h2 class=\"wp-block-heading\">O VEREDITO FINAL<\/h2>\n\n\n\n<p>O RankingCoach tem o que precisa para que o SEO do seu Website chegue a um n\u00edvel mais alto. N\u00e3o tem, no entanto, as melhores solu\u00e7\u00f5es do mercado a n\u00edvel de monitoramento de classifica\u00e7\u00f5es ou de pesquisa de palavras-chave. Mas se est\u00e1 \u00e0 procura de uma solu\u00e7\u00e3o para dar os primeiros passos, o Ranking Coach pode ser um bom ponto de partido para o seu website.&nbsp;<\/p>\n\n\n\n<p>O rankingCoach \u00e9 um excelente produto para o pre\u00e7o que \u00e9 praticado. \u00c9 uma ferramenta que pode ser completada com outras que t\u00eam funcionalidades de monitoramento de classifica\u00e7\u00f5es, gest\u00e3o de backlinks, ou auditorias de sites. No entanto, as funcionalidades mencionadas n\u00e3o existem por si s\u00f3 no Ranking Coach. Ou seja, voc\u00ea vai precisar de contratar 2 ferramentas para cumprir com suas necessidades nos seus neg\u00f3cios ou projetos.&nbsp;<\/p>\n\n\n\n<h3 class=\"wp-block-heading\">VANTAGENS<\/h3>\n\n\n\n<ul class=\"wp-block-list\">\n<li>Transpar\u00eancia nos planos e pre\u00e7os<\/li>\n\n\n\n<li>Valores justos e em conta com o resto do mercado<\/li>\n\n\n\n<li>Ferramenta intuitiva<\/li>\n\n\n\n<li>Gest\u00e3o de reputa\u00e7\u00e3o da sua empresa<\/li>\n\n\n\n<li>Boa ferramenta para Google Ads<\/li>\n<\/ul>\n\n\n\n<h3 class=\"wp-block-heading\">DESVANTAGENS<\/h3>\n\n\n\n<ul class=\"wp-block-list\">\n<li>Menos capacidade de monitoriza\u00e7\u00e3o de classifica\u00e7\u00f5es que alguns concorrentes<\/li>\n\n\n\n<li>Faltam algumas funcionalidades essenciais<\/li>\n\n\n\n<li>N\u00e3o \u00e9 o melhor da sua categoria em nenhum dos pontos<\/li>\n<\/ul>\n\n\n\n<h2 class=\"wp-block-heading\">PRE\u00c7OS E PLANOS<\/h2>\n\n\n\n<p>Para pequenas e m\u00e9dias empresas, ou para ag\u00eancias, o rankingCoach tem a solu\u00e7\u00e3o para si.<\/p>\n\n\n\n<p>Existe um plano gr\u00e1tis que pode mostrar-lhe o tipo de ferramentas que o rankingCoach pode trazer e que tem um custo de 0$ por m\u00eas, para sempre. Sim, \u00e9 mesmo gr\u00e1tis. Pode ser notificado de avalia\u00e7\u00f5es em tempo real, saber quais os an\u00fancios da sua concorr\u00eancia, saber de locais onde \u00e9 mencionado o seu neg\u00f3cio online, fazer a gest\u00e3o das suas redes socias em termos de n\u00fameros, e muito mais.<\/p>\n\n\n\n<p>Com o plano rankingCoach 360, onde pode ter 7 dias gr\u00e1tis de teste, pode fazer tudo o que o plano gr\u00e1tis tem, e ainda pesquisar a sua marca na web, fazer a publica\u00e7\u00e3o autom\u00e1tica do seu site em v\u00e1rios diret\u00f3rios locais com 1 clique apenas, acompanhar o desempenho nas redes sociais e criar an\u00fancios de Google Ads mais facilmente. Este plano custa 40$\/m\u00eas (R$220) se for pago ao ano, ou 60$\/m\u00eas (R$330) com pagamento mensal. Se optar pelo valor anual, ter\u00e1 um desconto associado e o plano fica mais econ\u00f4mico.<\/p>\n\n\n\n<p>Para ag\u00eancias existem planos personalizados, e pode contactar o rankingCoach para saber mais detalhes. O pre\u00e7o vai depender do que queira fazer, como a gest\u00e3o de tarefas com tempo, criar subcontas, relat\u00f3rios de marca branca para mostrar aos seus clientes, etc.<\/p>\n\n\n<div class=\"review-table\" data-current-company=\"rankingcoach\" data-reviewed-company=\"seranking\" data-content-url=\"https:\/\/top10seosoftware.com\/wp-content\/themes\/top10seo\/assets\/data\/pt\/pricing_comparison.json\"><\/div>\n\n\n\n<figure class=\"wp-block-image size-large\"><a href=\"https:\/\/top10seosoftware.com\/wp-content\/uploads\/2021\/11\/image2-min-8.png\" target=\"_blank\" rel=\"noopener\"><img loading=\"lazy\" decoding=\"async\" width=\"1024\" height=\"518\" src=\"https:\/\/top10seosoftware.com\/wp-content\/uploads\/2021\/11\/image2-min-8-1024x518.png\" alt=\"\" class=\"wp-image-4953\" srcset=\"https:\/\/top10seosoftware.com\/wp-content\/uploads\/2021\/11\/image2-min-8-1024x518.png 1024w, https:\/\/top10seosoftware.com\/wp-content\/uploads\/2021\/11\/image2-min-8-300x152.png 300w, https:\/\/top10seosoftware.com\/wp-content\/uploads\/2021\/11\/image2-min-8-768x388.png 768w, https:\/\/top10seosoftware.com\/wp-content\/uploads\/2021\/11\/image2-min-8-1536x777.png 1536w, https:\/\/top10seosoftware.com\/wp-content\/uploads\/2021\/11\/image2-min-8.png 1999w\" sizes=\"auto, (max-width: 1024px) 100vw, 1024px\" \/><\/a><\/figure>\n\n\n\n<p>Como pode verificar, com um pequeno valor consegue muita informa\u00e7\u00e3o. Costuma-se dizer que \u201cinforma\u00e7\u00e3o \u00e9 poder\u201d, e se voc\u00ea conseguir ter a informa\u00e7\u00e3o dispon\u00edvel, consegue mais poder para si. Concorda?<\/p>\n\n\n\n<p>O poder a que nos referimos \u00e9 o poder de monitorizar a sua estrutura \u00e0 volta do seu site, quer sejam as pessoas que falam dele, o SEO, ou os an\u00fancios.<\/p>\n\n\n\n<p>O rankingCoach j\u00e1 teve v\u00e1rios pr\u00e9mios atribu\u00eddos recentemente, como o Champions Awards 2020, o Global Search Software Tool ou o Best New Product or Service of the Year, que mostram a fiabilidade do produto revista por pessoas de fora.<\/p>\n\n\n\n<p>Das v\u00e1rias funcionalidades que o rankingCoach, destacamos algumas que v\u00e3o fazer a diferen\u00e7a na otimiza\u00e7\u00e3o do seu neg\u00f3cio.<\/p>\n\n\n<div class=\"review-table\" data-current-company=\"rankingcoach\" data-reviewed-company=\"seranking\" data-content-url=\"https:\/\/top10seosoftware.com\/wp-content\/themes\/top10seo\/assets\/data\/pt\/pricing_comparison.json\"><\/div>\n\n\n\n<h2 class=\"wp-block-heading\">MONITORAMENTO DE CLASSIFICA\u00c7\u00d5ES<\/h2>\n\n\n\n<p>O RankingCoach n\u00e3o tem algumas das mesmas funcionalidades que outros concorrentes t\u00eam, e a monitoriza\u00e7\u00e3o das classifica\u00e7\u00f5es \u00e9 uma delas. Ou seja, o RankingCoach fica atr\u00e1s de concorrentes como o SE Ranking, Semrush ou Ahrefs neste campo, sendo que tem, por outro lado, a vantagem de permitir monitorar o SEO local do seu neg\u00f3cio.<\/p>\n\n\n\n<p>O SEO local \u00e9 aquilo que permite que os seus clientes encontrem o seu neg\u00f3cio local, seja uma pizaria, uma loja de roupas ou um gabinete cont\u00e1bil. E o SEO local \u00e9 essencial, sobretudo para neg\u00f3cios f\u00edsicos, j\u00e1 que \u00e9 mais f\u00e1cil encontrar clientes que j\u00e1 passaram pela sua loja, ou sabem da sua exist\u00eancia.<\/p>\n\n\n\n<p>Ou seja, pessoas da sua zona ser\u00e3o uma convers\u00e3o muito mais simples e direta do que pessoas da outra ponta do pa\u00eds. Com isso, o Ranking Coach desenvolveu a ferramenta de SEO local, que lhe permite monitorar as classifica\u00e7\u00f5es do seu neg\u00f3cio, nos s\u00edtios onde seus clientes est\u00e3o \u00e0 procura de produtos ou servi\u00e7os que o seu neg\u00f3cio oferece.&nbsp;<\/p>\n\n\n\n<figure class=\"wp-block-image size-large\"><a href=\"https:\/\/top10seosoftware.com\/wp-content\/uploads\/2021\/11\/image4-min-9.png\" target=\"_blank\" rel=\"noopener\"><img loading=\"lazy\" decoding=\"async\" width=\"1024\" height=\"580\" src=\"https:\/\/top10seosoftware.com\/wp-content\/uploads\/2021\/11\/image4-min-9-1024x580.png\" alt=\"\" class=\"wp-image-4957\" srcset=\"https:\/\/top10seosoftware.com\/wp-content\/uploads\/2021\/11\/image4-min-9-1024x580.png 1024w, https:\/\/top10seosoftware.com\/wp-content\/uploads\/2021\/11\/image4-min-9-300x170.png 300w, https:\/\/top10seosoftware.com\/wp-content\/uploads\/2021\/11\/image4-min-9-768x435.png 768w, https:\/\/top10seosoftware.com\/wp-content\/uploads\/2021\/11\/image4-min-9.png 1440w\" sizes=\"auto, (max-width: 1024px) 100vw, 1024px\" \/><\/a><\/figure>\n\n\n<div class=\"review-table\" data-current-company=\"rankingcoach\" data-reviewed-company=\"seranking\" data-content-url=\"https:\/\/top10seosoftware.com\/wp-content\/themes\/top10seo\/assets\/data\/pt\/rank_tracking.json\"><\/div>\n\n\n\n<h2 class=\"wp-block-heading\">AUDITORIA AO WEBSITE<\/h2>\n\n\n\n<p>Assim como na monitoriza\u00e7\u00e3o de classifica\u00e7\u00f5es, o RankingCoach fica um pouco atr\u00e1s dos concorrentes no que toca a \u00e0 Auditoria ao Website. Enquanto que ferramentas como o SE Ranking t\u00eam uma auditoria ao website, e an\u00e1lise de SEO em P\u00e1gina e Fora de P\u00e1gina excelentes e que lhe permitem melhorar o seu website, o Ranking Coach n\u00e3o o tem.<\/p>\n\n\n\n<p>Por isso mencionamos, bem l\u00e1 no in\u00edcio, que comparar o Ranking Coach a outras ferramentas n\u00e3o faz muito sentido. As principais funcionalidades do Ranking Coach existem nas principais ferramentas, mas o contr\u00e1rio n\u00e3o acontece.<\/p>\n\n\n\n<p>O que sim existe \u00e9 uma ferramenta de otimiza\u00e7\u00e3o de conte\u00fados, que lhe permite levar o seu website, e os seus resultados, ao topo dos resultados de busca.<\/p>\n\n\n\n<figure class=\"wp-block-image size-large\"><a href=\"https:\/\/top10seosoftware.com\/wp-content\/uploads\/2021\/11\/image3-min-8.png\" target=\"_blank\" rel=\"noopener\"><img loading=\"lazy\" decoding=\"async\" width=\"1024\" height=\"567\" src=\"https:\/\/top10seosoftware.com\/wp-content\/uploads\/2021\/11\/image3-min-8-1024x567.png\" alt=\"\" class=\"wp-image-4961\" srcset=\"https:\/\/top10seosoftware.com\/wp-content\/uploads\/2021\/11\/image3-min-8-1024x567.png 1024w, https:\/\/top10seosoftware.com\/wp-content\/uploads\/2021\/11\/image3-min-8-300x166.png 300w, https:\/\/top10seosoftware.com\/wp-content\/uploads\/2021\/11\/image3-min-8-768x426.png 768w, https:\/\/top10seosoftware.com\/wp-content\/uploads\/2021\/11\/image3-min-8.png 1323w\" sizes=\"auto, (max-width: 1024px) 100vw, 1024px\" \/><\/a><\/figure>\n\n\n\n<p>A ferramenta conta com mais de 1.000 v\u00eddeos tutoriais que lhe permitem aprender mais sobre SEO, e como colocar o seu website numa posi\u00e7\u00e3o onde possa receber mais visitas, mais tr\u00e1fego, e gerar mais vendas online.<\/p>\n\n\n\n<p>\u00c9 quase como se estivesse a comprar um curso de SEO que tem uma ferramenta de SEO associada, em vez de ser ao contr\u00e1rio.<\/p>\n\n\n<div class=\"review-table\" data-current-company=\"rankingcoach\" data-reviewed-company=\"seranking\" data-content-url=\"https:\/\/top10seosoftware.com\/wp-content\/themes\/top10seo\/assets\/data\/pt\/site_audit.json\"><\/div>\n\n\n\n<h2 class=\"wp-block-heading\">AN\u00c1LISE DE CONCORRENTES<\/h2>\n\n\n\n<figure class=\"wp-block-image size-large\"><a href=\"https:\/\/top10seosoftware.com\/wp-content\/uploads\/2021\/11\/image1-min-9.png\" target=\"_blank\" rel=\"noopener\"><img loading=\"lazy\" decoding=\"async\" width=\"1024\" height=\"583\" src=\"https:\/\/top10seosoftware.com\/wp-content\/uploads\/2021\/11\/image1-min-9-1024x583.png\" alt=\"\" class=\"wp-image-4965\" srcset=\"https:\/\/top10seosoftware.com\/wp-content\/uploads\/2021\/11\/image1-min-9-1024x583.png 1024w, https:\/\/top10seosoftware.com\/wp-content\/uploads\/2021\/11\/image1-min-9-300x171.png 300w, https:\/\/top10seosoftware.com\/wp-content\/uploads\/2021\/11\/image1-min-9-768x438.png 768w, https:\/\/top10seosoftware.com\/wp-content\/uploads\/2021\/11\/image1-min-9-1536x875.png 1536w, https:\/\/top10seosoftware.com\/wp-content\/uploads\/2021\/11\/image1-min-9.png 1999w\" sizes=\"auto, (max-width: 1024px) 100vw, 1024px\" \/><\/a><\/figure>\n\n\n\n<p>A an\u00e1lise de concorr\u00eancia do RankingCoach \u00e9 inexistente. Tem, no entanto, algumas funcionalidades que outros concorrentes n\u00e3o t\u00eam, n\u00e3o na an\u00e1lise da concorr\u00eancia, mas sobretudo na monitoriza\u00e7\u00e3o da reputa\u00e7\u00e3o online da empresa.<\/p>\n\n\n\n<p>Ou seja, se tiver um neg\u00f3cio local, deve prestar aten\u00e7\u00e3o ao que os seus clientes, fornecedores ou concorrentes est\u00e3o dizendo sobre sua marca.<\/p>\n\n\n\n<p>Por isso, a ferramenta de gest\u00e3o de reputa\u00e7\u00e3o do RankingCoach pode ser um bom ponto de partida, j\u00e1 que permite centralizar as opini\u00f5es online sobre a sua empresa, neg\u00f3cio, ag\u00eancia ou projetos num mesmo s\u00edtio, e com isso estar mais perto de resolver problemas, ou perceber onde pode melhorar a oferta para seus clientes.<\/p>\n\n\n\n<figure class=\"wp-block-image size-large\"><a href=\"https:\/\/top10seosoftware.com\/wp-content\/uploads\/2021\/11\/image5-min-6.png\" target=\"_blank\" rel=\"noopener\"><img loading=\"lazy\" decoding=\"async\" width=\"1024\" height=\"531\" src=\"https:\/\/top10seosoftware.com\/wp-content\/uploads\/2021\/11\/image5-min-6-1024x531.png\" alt=\"\" class=\"wp-image-4969\" srcset=\"https:\/\/top10seosoftware.com\/wp-content\/uploads\/2021\/11\/image5-min-6-1024x531.png 1024w, https:\/\/top10seosoftware.com\/wp-content\/uploads\/2021\/11\/image5-min-6-300x156.png 300w, https:\/\/top10seosoftware.com\/wp-content\/uploads\/2021\/11\/image5-min-6-768x398.png 768w, https:\/\/top10seosoftware.com\/wp-content\/uploads\/2021\/11\/image5-min-6.png 1440w\" sizes=\"auto, (max-width: 1024px) 100vw, 1024px\" \/><\/a><\/figure>\n\n\n<div class=\"review-table\" data-current-company=\"rankingcoach\" data-reviewed-company=\"seranking\" data-content-url=\"https:\/\/top10seosoftware.com\/wp-content\/themes\/top10seo\/assets\/data\/pt\/competitive_research.json\"><\/div>\n\n\n\n<h2 class=\"wp-block-heading\">AN\u00c1LISE DE BACKLINKS<\/h2>\n\n\n\n<p>Esta \u00e9 mais uma das ferramentas que n\u00e3o vai encontrar no Ranking Coach. A An\u00e1lise de Backlinks. Como tal, o SE Ranking (que \u00e9 a melhor ferramenta na nossa opini\u00e3o), n\u00e3o tem no Ranking Coach um concorrente que possa competir com a ferramenta de An\u00e1lise de Backlinks, internos ou de concorrentes<\/p>\n\n\n\n<p>O que sim pode encontrar no Ranking Coach \u00e9 uma s\u00e9rie de funcionalidades que lhe permitem montitorar as men\u00e7oes a sua marca, comparar com os concorrentes, e com isso ter um ponto de partida da sua analise no que toca a concorrentes.<\/p>\n\n\n\n<p>Ou seja, pode come\u00e7ar por analisar os concorrentes, e a sua reputa\u00e7ao online, e com isso perceber o que pode fazer melhor que eles. Depois disso, tem as ferramentas de que precisa para os ultrapassar. Essa \u00e9 a forma mais direta de usar a Monitoriza\u00e7\u00e3o da Marca do RankingCoach.&nbsp;<\/p>\n\n\n<div class=\"review-table\" data-current-company=\"rankingcoach\" data-reviewed-company=\"seranking\" data-content-url=\"https:\/\/top10seosoftware.com\/wp-content\/themes\/top10seo\/assets\/data\/pt\/backlink_research.json\"><\/div>\n","protected":false},"excerpt":{"rendered":"<p>O VEREDITO FINAL O RankingCoach tem o que precisa para que o SEO do seu Website chegue a um n\u00edvel mais alto. N\u00e3o tem, no entanto, as melhores solu\u00e7\u00f5es do mercado a n\u00edvel de monitoramento de classifica\u00e7\u00f5es ou de pesquisa de palavras-chave. Mas se est\u00e1 \u00e0 procura de uma solu\u00e7\u00e3o para dar os primeiros passos, [&hellip;]<\/p>\n","protected":false},"author":1,"featured_media":0,"parent":0,"menu_order":0,"comment_status":"closed","ping_status":"closed","template":"page-templates\/review-page.php","meta":{"_acf_changed":false,"_sitemap_exclude":false,"_sitemap_priority":"","_sitemap_frequency":"","footnotes":""},"class_list":["post-4948","page","type-page","status-publish","hentry"],"acf":[],"yoast_head":"<!-- This site is optimized with the Yoast SEO plugin v26.6 - https:\/\/yoast.com\/wordpress\/plugins\/seo\/ -->\n<title>Avalia\u00e7\u00e3o de SEO do rankingCoach 2024<\/title>\n<meta name=\"description\" content=\"Quer uma revis\u00e3o honesta da ferramenta completa de SEO do rankingCoach? Mergulhamos nas funcionalidades desta ferramenta, incluindo monitoramento de classifica\u00e7\u00f5es, auditoria do website, an\u00e1lise competitiva, pesquisa de backlink e quanto custa cada pacote do rankingCoach e o que ele inclui.\" \/>\n<meta name=\"robots\" content=\"index, follow, max-snippet:-1, max-image-preview:large, max-video-preview:-1\" \/>\n<link rel=\"canonical\" href=\"https:\/\/top10seosoftware.com\/pt\/avaliacao-do-rankingcoach\/\" \/>\n<meta property=\"og:locale\" content=\"pt_PT\" \/>\n<meta property=\"og:type\" content=\"article\" \/>\n<meta property=\"og:title\" content=\"Avalia\u00e7\u00e3o de SEO do rankingCoach 2024\" \/>\n<meta property=\"og:description\" content=\"Quer uma revis\u00e3o honesta da ferramenta completa de SEO do rankingCoach? Mergulhamos nas funcionalidades desta ferramenta, incluindo monitoramento de classifica\u00e7\u00f5es, auditoria do website, an\u00e1lise competitiva, pesquisa de backlink e quanto custa cada pacote do rankingCoach e o que ele inclui.\" \/>\n<meta property=\"og:url\" content=\"https:\/\/top10seosoftware.com\/pt\/avaliacao-do-rankingcoach\/\" \/>\n<meta property=\"og:site_name\" content=\"Top10seosoftware.com\" \/>\n<meta property=\"article:modified_time\" content=\"2024-01-10T01:10:08+00:00\" \/>\n<meta name=\"twitter:card\" content=\"summary_large_image\" \/>\n<meta name=\"twitter:label1\" content=\"Est. reading time\" \/>\n\t<meta name=\"twitter:data1\" content=\"7 minutes\" \/>\n<!-- \/ Yoast SEO plugin. -->","yoast_head_json":{"title":"Avalia\u00e7\u00e3o de SEO do rankingCoach 2024","description":"Quer uma revis\u00e3o honesta da ferramenta completa de SEO do rankingCoach? Mergulhamos nas funcionalidades desta ferramenta, incluindo monitoramento de classifica\u00e7\u00f5es, auditoria do website, an\u00e1lise competitiva, pesquisa de backlink e quanto custa cada pacote do rankingCoach e o que ele inclui.","robots":{"index":"index","follow":"follow","max-snippet":"max-snippet:-1","max-image-preview":"max-image-preview:large","max-video-preview":"max-video-preview:-1"},"canonical":"https:\/\/top10seosoftware.com\/pt\/avaliacao-do-rankingcoach\/","og_locale":"pt_PT","og_type":"article","og_title":"Avalia\u00e7\u00e3o de SEO do rankingCoach 2024","og_description":"Quer uma revis\u00e3o honesta da ferramenta completa de SEO do rankingCoach? Mergulhamos nas funcionalidades desta ferramenta, incluindo monitoramento de classifica\u00e7\u00f5es, auditoria do website, an\u00e1lise competitiva, pesquisa de backlink e quanto custa cada pacote do rankingCoach e o que ele inclui.","og_url":"https:\/\/top10seosoftware.com\/pt\/avaliacao-do-rankingcoach\/","og_site_name":"Top10seosoftware.com","article_modified_time":"2024-01-10T01:10:08+00:00","twitter_card":"summary_large_image","twitter_misc":{"Est. reading time":"7 minutes"},"schema":{"@context":"https:\/\/schema.org","@graph":[{"@type":"WebPage","@id":"https:\/\/top10seosoftware.com\/pt\/avaliacao-do-rankingcoach\/","url":"https:\/\/top10seosoftware.com\/pt\/avaliacao-do-rankingcoach\/","name":"Avalia\u00e7\u00e3o de SEO do rankingCoach 2024","isPartOf":{"@id":"https:\/\/top10seosoftware.com\/#website"},"primaryImageOfPage":{"@id":"https:\/\/top10seosoftware.com\/pt\/avaliacao-do-rankingcoach\/#primaryimage"},"image":{"@id":"https:\/\/top10seosoftware.com\/pt\/avaliacao-do-rankingcoach\/#primaryimage"},"thumbnailUrl":"https:\/\/top10seosoftware.com\/wp-content\/uploads\/2021\/11\/image2-min-8-1024x518.png","datePublished":"2021-11-15T07:48:17+00:00","dateModified":"2024-01-10T01:10:08+00:00","description":"Quer uma revis\u00e3o honesta da ferramenta completa de SEO do rankingCoach? Mergulhamos nas funcionalidades desta ferramenta, incluindo monitoramento de classifica\u00e7\u00f5es, auditoria do website, an\u00e1lise competitiva, pesquisa de backlink e quanto custa cada pacote do rankingCoach e o que ele inclui.","breadcrumb":{"@id":"https:\/\/top10seosoftware.com\/pt\/avaliacao-do-rankingcoach\/#breadcrumb"},"inLanguage":"pt","potentialAction":[{"@type":"ReadAction","target":["https:\/\/top10seosoftware.com\/pt\/avaliacao-do-rankingcoach\/"]}]},{"@type":"ImageObject","inLanguage":"pt","@id":"https:\/\/top10seosoftware.com\/pt\/avaliacao-do-rankingcoach\/#primaryimage","url":"https:\/\/top10seosoftware.com\/wp-content\/uploads\/2021\/11\/image2-min-8-1024x518.png","contentUrl":"https:\/\/top10seosoftware.com\/wp-content\/uploads\/2021\/11\/image2-min-8-1024x518.png"},{"@type":"BreadcrumbList","@id":"https:\/\/top10seosoftware.com\/pt\/avaliacao-do-rankingcoach\/#breadcrumb","itemListElement":[{"@type":"ListItem","position":1,"name":"Home","item":"https:\/\/top10seosoftware.com\/pt\/"},{"@type":"ListItem","position":2,"name":"Avalia\u00e7\u00e3o do rankingCoach"}]},{"@type":"WebSite","@id":"https:\/\/top10seosoftware.com\/#website","url":"https:\/\/top10seosoftware.com\/","name":"Top10seosoftware.com","description":"Top 10 SEO Software","publisher":{"@id":"https:\/\/top10seosoftware.com\/#organization"},"potentialAction":[{"@type":"SearchAction","target":{"@type":"EntryPoint","urlTemplate":"https:\/\/top10seosoftware.com\/?s={search_term_string}"},"query-input":{"@type":"PropertyValueSpecification","valueRequired":true,"valueName":"search_term_string"}}],"inLanguage":"pt"},{"@type":"Organization","@id":"https:\/\/top10seosoftware.com\/#organization","name":"Top10seosoftware.com","url":"https:\/\/top10seosoftware.com\/","logo":{"@type":"ImageObject","inLanguage":"pt","@id":"https:\/\/top10seosoftware.com\/#\/schema\/logo\/image\/","url":"https:\/\/top10seosoftware.com\/wp-content\/uploads\/2021\/10\/logo.svg","contentUrl":"https:\/\/top10seosoftware.com\/wp-content\/uploads\/2021\/10\/logo.svg","width":1,"height":1,"caption":"Top10seosoftware.com"},"image":{"@id":"https:\/\/top10seosoftware.com\/#\/schema\/logo\/image\/"}}]}},"_links":{"self":[{"href":"https:\/\/top10seosoftware.com\/pt\/wp-json\/wp\/v2\/pages\/4948","targetHints":{"allow":["GET"]}}],"collection":[{"href":"https:\/\/top10seosoftware.com\/pt\/wp-json\/wp\/v2\/pages"}],"about":[{"href":"https:\/\/top10seosoftware.com\/pt\/wp-json\/wp\/v2\/types\/page"}],"author":[{"embeddable":true,"href":"https:\/\/top10seosoftware.com\/pt\/wp-json\/wp\/v2\/users\/1"}],"replies":[{"embeddable":true,"href":"https:\/\/top10seosoftware.com\/pt\/wp-json\/wp\/v2\/comments?post=4948"}],"version-history":[{"count":0,"href":"https:\/\/top10seosoftware.com\/pt\/wp-json\/wp\/v2\/pages\/4948\/revisions"}],"wp:attachment":[{"href":"https:\/\/top10seosoftware.com\/pt\/wp-json\/wp\/v2\/media?parent=4948"}],"curies":[{"name":"wp","href":"https:\/\/api.w.org\/{rel}","templated":true}]}}