{"id":17396,"date":"2024-03-11T00:38:40","date_gmt":"2024-03-10T21:38:40","guid":{"rendered":"https:\/\/top10seosoftware.com\/?page_id=17396"},"modified":"2024-03-11T00:49:30","modified_gmt":"2024-03-10T21:49:30","slug":"top-10-seo-software","status":"publish","type":"page","link":"https:\/\/top10seosoftware.com\/sv\/","title":{"rendered":"TOP 10 SEO SOFTWARE"},"content":{"rendered":"\n<h2 class=\"wp-block-heading\">Varf\u00f6r lita p\u00e5 Top10seosoftware?<\/h2>\n\n\n\n<div class=\"wp-block-group\"><div class=\"wp-block-group__inner-container is-layout-constrained wp-block-group-is-layout-constrained\">\n<h3 class=\"wp-block-heading\">\ud83d\udfe5 Oberoende och Kvalificerade<\/h3>\n\n\n\n<p>Du f\u00f6rtj\u00e4nar det b\u00e4sta n\u00e4r det g\u00e4ller SEO, och v\u00e5rt team av oberoende, h\u00f6gt kvalificerade specialister \u00e4r h\u00e4r f\u00f6r att s\u00e4kerst\u00e4lla just det. Vi \u00e4r inte bundna till n\u00e5gon specifik tj\u00e4nst, s\u00e5 v\u00e5ra recensioner, j\u00e4mf\u00f6relser och rekommendationer \u00e4r opartiska och fokuserar enbart p\u00e5 din framg\u00e5ng. Dessutom uppdaterar v\u00e5ra specialister kontinuerligt sina kunskaper f\u00f6r att ligga i framkant av de senaste SEO-trenderna, vilket s\u00e4kerst\u00e4ller att du alltid f\u00e5r aktuella r\u00e5d.<\/p>\n<\/div><\/div>\n\n\n\n<div class=\"wp-block-group\"><div class=\"wp-block-group__inner-container is-layout-constrained wp-block-group-is-layout-constrained\">\n<h3 class=\"wp-block-heading\">\ud83d\udfe5 Omfattande Insikter<\/h3>\n\n\n\n<p>Vi gr\u00e4ver djupt s\u00e5 att du inte beh\u00f6ver g\u00f6ra det, och erbjuder insikter i den b\u00e4sta programvaran f\u00f6r SEO. Med v\u00e5r v\u00e4gledning kommer du att navigera i SEO-v\u00e4rlden med f\u00f6rtroende och klarhet, med vetskapen om att du \u00e4r utrustad med den b\u00e4sta SEO-programvaran. Dessutom efterfr\u00e5gar vi regelbundet feedback f\u00f6r att finslipa v\u00e5rt tillv\u00e4gag\u00e5ngss\u00e4tt, f\u00f6r att s\u00e4kerst\u00e4lla att det st\u00e4mmer \u00f6verens med v\u00e5ra l\u00e4sares behov, och rekommenderar den b\u00e4sta SEO-programvaran som passar deras krav.<\/p>\n\n\n\n<h2 class=\"wp-block-heading\">Varf\u00f6r v\u00e4lja Top10seosoftware.com?<\/h2>\n\n\n\n<p>Med ett team av h\u00f6gt kvalificerade SEO-specialister \u00e4r vi dedikerade till att f\u00f6rse dig med opartisk, p\u00e5litlig och aktuell information. V\u00e5ra rekommendationer \u00e4r inte bara generiska r\u00e5d; de \u00e4r baserade p\u00e5 omfattande forskning och praktisk erfarenhet med topp SEO-programvara.<\/p>\n\n\n\n<p>Fr\u00e5n nyb\u00f6rjare till experter, v\u00e5rt inneh\u00e5ll tillgodoser alla, och s\u00e4kerst\u00e4ller att alla hittar v\u00e4rde i den b\u00e4sta SEO-programvaran. V\u00e5rt uppdrag \u00e4r att ge dig makt, och ge dig verktygen och kunskapen f\u00f6r att uppn\u00e5 o\u00f6vertr\u00e4ffad onlineframg\u00e5ng med den b\u00e4sta SEO-programvaran.<\/p>\n\n\n\n<p>P\u00e5 Top10seosoftware.com \u00e4r vi mer \u00e4n bara en webbplats; vi \u00e4r din p\u00e5litliga partner p\u00e5 SEO-resan.<\/p>\n\n\n\n<p><\/p>\n\n\n\n<h3 class=\"wp-block-heading\"><em>Ansvarsfriskrivning f\u00f6r \u00e5sikter<\/em><\/h3>\n\n\n\n<p>Teamet p\u00e5 Top10 SEO Software v\u00e4ljer SEO-programvarul\u00f6sningar f\u00f6r recension oberoende. Vi kan tj\u00e4na affiliate-kommissioner fr\u00e5n k\u00f6pl\u00e4nkar, vilket hj\u00e4lper till att st\u00f6dja v\u00e5rt testande. <\/p>\n<\/div><\/div>\n","protected":false},"excerpt":{"rendered":"<p>Varf\u00f6r lita p\u00e5 Top10seosoftware? \ud83d\udfe5 Oberoende och Kvalificerade Du f\u00f6rtj\u00e4nar det b\u00e4sta n\u00e4r det g\u00e4ller SEO, och v\u00e5rt team av oberoende, h\u00f6gt kvalificerade specialister \u00e4r h\u00e4r f\u00f6r att s\u00e4kerst\u00e4lla just det. Vi \u00e4r inte bundna till n\u00e5gon specifik tj\u00e4nst, s\u00e5 v\u00e5ra recensioner, j\u00e4mf\u00f6relser och rekommendationer \u00e4r opartiska och fokuserar enbart p\u00e5 din framg\u00e5ng. Dessutom uppdaterar [&hellip;]<\/p>\n","protected":false},"author":1,"featured_media":0,"parent":0,"menu_order":0,"comment_status":"closed","ping_status":"closed","template":"front-page.php","meta":{"_acf_changed":false,"_sitemap_exclude":false,"_sitemap_priority":"","_sitemap_frequency":"","footnotes":""},"class_list":["post-17396","page","type-page","status-publish","hentry"],"acf":[],"yoast_head":"<!-- This site is optimized with the Yoast SEO plugin v26.6 - https:\/\/yoast.com\/wordpress\/plugins\/seo\/ -->\n<title>TOP 10 SEO SOFTWARE - Top10seosoftware.com<\/title>\n<meta name=\"robots\" content=\"index, follow, max-snippet:-1, max-image-preview:large, max-video-preview:-1\" \/>\n<link rel=\"canonical\" href=\"https:\/\/top10seosoftware.com\/sv\/\" \/>\n<meta property=\"og:locale\" content=\"sv_SE\" \/>\n<meta property=\"og:type\" content=\"article\" \/>\n<meta property=\"og:title\" content=\"TOP 10 SEO SOFTWARE - Top10seosoftware.com\" \/>\n<meta property=\"og:description\" content=\"Varf\u00f6r lita p\u00e5 Top10seosoftware? \ud83d\udfe5 Oberoende och Kvalificerade Du f\u00f6rtj\u00e4nar det b\u00e4sta n\u00e4r det g\u00e4ller SEO, och v\u00e5rt team av oberoende, h\u00f6gt kvalificerade specialister \u00e4r h\u00e4r f\u00f6r att s\u00e4kerst\u00e4lla just det. Vi \u00e4r inte bundna till n\u00e5gon specifik tj\u00e4nst, s\u00e5 v\u00e5ra recensioner, j\u00e4mf\u00f6relser och rekommendationer \u00e4r opartiska och fokuserar enbart p\u00e5 din framg\u00e5ng. Dessutom uppdaterar [&hellip;]\" \/>\n<meta property=\"og:url\" content=\"https:\/\/top10seosoftware.com\/sv\/\" \/>\n<meta property=\"og:site_name\" content=\"Top10seosoftware.com\" \/>\n<meta property=\"article:modified_time\" content=\"2024-03-10T21:49:30+00:00\" \/>\n<meta name=\"twitter:card\" content=\"summary_large_image\" \/>\n<meta name=\"twitter:label1\" content=\"Ber\u00e4knad l\u00e4stid\" \/>\n\t<meta name=\"twitter:data1\" content=\"2 minuter\" \/>\n<!-- \/ Yoast SEO plugin. -->","yoast_head_json":{"title":"TOP 10 SEO SOFTWARE - Top10seosoftware.com","robots":{"index":"index","follow":"follow","max-snippet":"max-snippet:-1","max-image-preview":"max-image-preview:large","max-video-preview":"max-video-preview:-1"},"canonical":"https:\/\/top10seosoftware.com\/sv\/","og_locale":"sv_SE","og_type":"article","og_title":"TOP 10 SEO SOFTWARE - Top10seosoftware.com","og_description":"Varf\u00f6r lita p\u00e5 Top10seosoftware? \ud83d\udfe5 Oberoende och Kvalificerade Du f\u00f6rtj\u00e4nar det b\u00e4sta n\u00e4r det g\u00e4ller SEO, och v\u00e5rt team av oberoende, h\u00f6gt kvalificerade specialister \u00e4r h\u00e4r f\u00f6r att s\u00e4kerst\u00e4lla just det. Vi \u00e4r inte bundna till n\u00e5gon specifik tj\u00e4nst, s\u00e5 v\u00e5ra recensioner, j\u00e4mf\u00f6relser och rekommendationer \u00e4r opartiska och fokuserar enbart p\u00e5 din framg\u00e5ng. Dessutom uppdaterar [&hellip;]","og_url":"https:\/\/top10seosoftware.com\/sv\/","og_site_name":"Top10seosoftware.com","article_modified_time":"2024-03-10T21:49:30+00:00","twitter_card":"summary_large_image","twitter_misc":{"Ber\u00e4knad l\u00e4stid":"2 minuter"},"schema":{"@context":"https:\/\/schema.org","@graph":[{"@type":"WebPage","@id":"https:\/\/top10seosoftware.com\/sv\/","url":"https:\/\/top10seosoftware.com\/sv\/","name":"TOP 10 SEO SOFTWARE - Top10seosoftware.com","isPartOf":{"@id":"https:\/\/top10seosoftware.com\/#website"},"datePublished":"2024-03-10T21:38:40+00:00","dateModified":"2024-03-10T21:49:30+00:00","breadcrumb":{"@id":"https:\/\/top10seosoftware.com\/sv\/#breadcrumb"},"inLanguage":"sv-SE","potentialAction":[{"@type":"ReadAction","target":["https:\/\/top10seosoftware.com\/sv\/"]}]},{"@type":"BreadcrumbList","@id":"https:\/\/top10seosoftware.com\/sv\/#breadcrumb","itemListElement":[{"@type":"ListItem","position":1,"name":"Home","item":"https:\/\/top10seosoftware.com\/sv\/"},{"@type":"ListItem","position":2,"name":"TOP 10 SEO SOFTWARE"}]},{"@type":"WebSite","@id":"https:\/\/top10seosoftware.com\/#website","url":"https:\/\/top10seosoftware.com\/","name":"Top10seosoftware.com","description":"Top 10 SEO Software","publisher":{"@id":"https:\/\/top10seosoftware.com\/#organization"},"potentialAction":[{"@type":"SearchAction","target":{"@type":"EntryPoint","urlTemplate":"https:\/\/top10seosoftware.com\/?s={search_term_string}"},"query-input":{"@type":"PropertyValueSpecification","valueRequired":true,"valueName":"search_term_string"}}],"inLanguage":"sv-SE"},{"@type":"Organization","@id":"https:\/\/top10seosoftware.com\/#organization","name":"Top10seosoftware.com","url":"https:\/\/top10seosoftware.com\/","logo":{"@type":"ImageObject","inLanguage":"sv-SE","@id":"https:\/\/top10seosoftware.com\/#\/schema\/logo\/image\/","url":"https:\/\/top10seosoftware.com\/wp-content\/uploads\/2021\/10\/logo.svg","contentUrl":"https:\/\/top10seosoftware.com\/wp-content\/uploads\/2021\/10\/logo.svg","width":1,"height":1,"caption":"Top10seosoftware.com"},"image":{"@id":"https:\/\/top10seosoftware.com\/#\/schema\/logo\/image\/"}}]}},"_links":{"self":[{"href":"https:\/\/top10seosoftware.com\/sv\/wp-json\/wp\/v2\/pages\/17396","targetHints":{"allow":["GET"]}}],"collection":[{"href":"https:\/\/top10seosoftware.com\/sv\/wp-json\/wp\/v2\/pages"}],"about":[{"href":"https:\/\/top10seosoftware.com\/sv\/wp-json\/wp\/v2\/types\/page"}],"author":[{"embeddable":true,"href":"https:\/\/top10seosoftware.com\/sv\/wp-json\/wp\/v2\/users\/1"}],"replies":[{"embeddable":true,"href":"https:\/\/top10seosoftware.com\/sv\/wp-json\/wp\/v2\/comments?post=17396"}],"version-history":[{"count":0,"href":"https:\/\/top10seosoftware.com\/sv\/wp-json\/wp\/v2\/pages\/17396\/revisions"}],"wp:attachment":[{"href":"https:\/\/top10seosoftware.com\/sv\/wp-json\/wp\/v2\/media?parent=17396"}],"curies":[{"name":"wp","href":"https:\/\/api.w.org\/{rel}","templated":true}]}}